{"id":49245,"date":"2026-01-28T07:02:57","date_gmt":"2026-01-28T07:02:57","guid":{"rendered":"https:\/\/nttgroup.com\/o-spolecnosti\/"},"modified":"2026-02-24T13:37:19","modified_gmt":"2026-02-24T13:37:19","slug":"o-spolecnosti","status":"publish","type":"page","link":"https:\/\/nttgroup.com\/cs\/o-spolecnosti\/","title":{"rendered":"O spole\u010dnosti"},"content":{"rendered":"<div class=\"wpb-content-wrapper\"><p>[vc_row full_width=&#8221;stretch_row&#8221; full_height=&#8221;yes&#8221; css=&#8221;.vc_custom_1707748147847{margin-top: -45px !important;margin-bottom: 60px !important;padding-top: 15% !important;padding-bottom: 10% !important;background-image: url(https:\/\/nttgroup.com\/wp-content\/uploads\/2017\/05\/NTT-kola-zebate-produkcja.png?id=13827) !important;background-position: center !important;background-repeat: no-repeat !important;background-size: cover !important;}&#8221;][vc_column][vc_custom_heading text=&#8221;<strong>\u0160v\u00e9dsk\u00fd z\u00e1\u017eitek<\/strong>&#8221; font_container=&#8221;tag:h1|font_size:68|text_align:center|color:%23ffffff|line_height:1&#8243; use_theme_fonts=&#8221;yes&#8221;][vc_custom_heading text=&#8221;<strong>ji\u017e od roku 1969<\/strong>&#8221; font_container=&#8221;tag:h1|font_size:68|text_align:center|color:%23ffffff|line_height:1&#8243; use_theme_fonts=&#8221;yes&#8221;][vc_column_text basel_color_scheme=&#8221;light&#8221;]<\/p>\n<p style=\"font-size: 18px; margin-bottom: 25px; color: rgba(255,255,255,0.9); text-align: center;\">NTT Group poskytuje \u0161irokou \u0161k\u00e1lu \u0159e\u0161en\u00ed pro mechanick\u00e9 p\u0159enosy v\u00fdkonu a op\u00edr\u00e1 se o jeden z nejv\u011bt\u0161\u00edch a nejmodern\u011bj\u0161\u00edch strojn\u00edch park\u016f v severn\u00ed Evrop\u011b.<\/p>\n<p>[\/vc_column_text][\/vc_column][\/vc_row][vc_row css=&#8221;.vc_custom_1451575485367{margin-bottom: 65px !important;}&#8221;][vc_column width=&#8221;1\/2&#8243; css=&#8221;.vc_custom_1451389567526{padding-right: 40px !important;}&#8221;][vc_single_image image=&#8221;13815&#8243; img_size=&#8221;full&#8221; alignment=&#8221;center&#8221; css_animation=&#8221;left-to-right&#8221;][\/vc_column][vc_column width=&#8221;1\/2&#8243;][vc_column_text css=&#8221;.vc_custom_1760606184778{margin-bottom: 30px !important;}&#8221; basel_color_scheme=&#8221;dark&#8221;]<\/p>\n<h1 style=\"margin-bottom: 15px;\"><strong>NEJ\u0160IR\u0160\u00cd SORTIMENT PRODUKT\u016e PRO MECHANICK\u00c9 P\u0158ENOSY V\u00ddKONU<\/strong><\/h1>\n<p><\/p>\n<p data-sourcepos=\"3:1-3:86\">Hn\u00e1na generacemi rodinn\u00e9 hrdosti a duchem severn\u00ed Evropy formuje skupina NTT Group pr\u016fmyslov\u00e9 prost\u0159ed\u00ed ji\u017e od roku 1969. Spole\u010dnost byla zalo\u017eena ve \u0160v\u00e9dsku a postupn\u011b vyrostla v rodinnou organizaci p\u016fsob\u00edc\u00ed ve \u0160v\u00e9dsku, Norsku, Finsku, D\u00e1nsku, Polsku a N\u011bmecku.<\/p>\n<p><\/p>\n<p data-sourcepos=\"5:1-5:91\">Na t\u011bchto trz\u00edch vystupujeme jako spolehliv\u00fd partner pro pr\u016fmyslov\u00e9 podniky a spole\u010dnosti, p\u0159edev\u0161\u00edm v oblasti OEM (Original Equipment Manufacturer) a \u00fadr\u017eby strojn\u00edch za\u0159\u00edzen\u00ed. Na\u0161i z\u00e1kazn\u00edci se spol\u00e9haj\u00ed na na\u0161e odborn\u00e9 znalosti a schopnost dod\u00e1vat \u0161pi\u010dkov\u00e9 komponenty pro p\u0159enos v\u00fdkonu.<\/p>\n<p><\/p>\n<p data-sourcepos=\"7:1-7:307\">Z\u00e1kladem t\u00e9to odbornosti je n\u00e1\u0161 siln\u00fd d\u016fraz na v\u00fdrobu. Provozujeme v\u00fdrobn\u00ed z\u00e1vody ve \u0160v\u00e9dsku a Polsku, kde s maxim\u00e1ln\u00ed preciznost\u00ed a odpov\u011bdnost\u00ed vyr\u00e1b\u00edme vysoce kvalitn\u00ed komponenty. V p\u0159\u00edpad\u011b pot\u0159eby z\u00e1rove\u0148 vyu\u017e\u00edv\u00e1me strategickou spolupr\u00e1ci s prov\u011b\u0159en\u00fdmi dodavateli, abychom zajistili kompletn\u00ed a konkurenceschopn\u00e9 produktov\u00e9 portfolio.<\/p>\n<p><\/p>\n<p data-sourcepos=\"9:1-9:52\">N\u00e1\u0161 \u00fasp\u011bch stoj\u00ed na n\u011bkolika kl\u00ed\u010dov\u00fdch hodnot\u00e1ch:<\/p>\n<ul data-sourcepos=\"11:1-11:86\">\n<li data-sourcepos=\"11:1-11:86\"><strong>Seversk\u00e9 d\u011bdictv\u00ed:<\/strong> Rozum\u00edme po\u017eadavk\u016fm a o\u010dek\u00e1v\u00e1n\u00edm pr\u016fmyslu severn\u00ed Evropy a dok\u00e1\u017eeme je prom\u011bnit ve spolehliv\u00e1 a efektivn\u00ed \u0159e\u0161en\u00ed.<\/li>\n<li data-sourcepos=\"12:1-12:131\"><strong>Rodinn\u00e9 hodnoty:<\/strong>Jedn\u00e1me s pocitem odpov\u011bdnosti a dlouhodob\u00e9ho z\u00e1vazku, p\u0159i\u010dem\u017e klademe d\u016fraz na kvalitu a spokojenost z\u00e1kazn\u00edk\u016f.<\/li>\n<li data-sourcepos=\"13:1-13:143\"><strong>Inovace:<\/strong> Pr\u016fb\u011b\u017en\u011b investujeme do modern\u00edch technologi\u00ed a v\u00fdrobn\u00edch proces\u016f, aby na\u0161e produkty z\u016fst\u00e1valy na \u0161pi\u010dce oboru.<\/li>\n<li data-sourcepos=\"14:1-15:0\"><strong>Partnerstv\u00ed:<\/strong> Budujeme pevn\u00e9 vztahy se z\u00e1kazn\u00edky, dodavateli i zam\u011bstnanci zalo\u017een\u00e9 na d\u016fv\u011b\u0159e a vz\u00e1jemn\u00e9m \u00fasp\u011bchu.<\/li>\n<\/ul>\n<p><\/p>\n<p data-sourcepos=\"16:1-16:247\">S v\u00fdhledem do budoucna z\u016fst\u00e1v\u00e1 NTT Group odhodl\u00e1na b\u00fdt jedn\u00edm z p\u0159edn\u00edch dodavatel\u016f komponent\u016f pro mechanick\u00e9 p\u0159enosy v\u00fdkonu v severn\u00ed Evrop\u011b. I nad\u00e1le budeme rozv\u00edjet na\u0161e siln\u00e9 z\u00e1klady \u2013 poh\u00e1n\u011bni inovacemi, seversk\u00fdmi hodnotami a rodinn\u00fdm p\u0159\u00edstupem.<\/p>\n<p>&nbsp;[\/vc_column_text][\/vc_column][\/vc_row][vc_row full_width=&#8221;stretch_row&#8221; css=&#8221;.vc_custom_1691438077588{margin-bottom: 45px !important;padding-top: 50px !important;padding-bottom: 70px !important;background-image: url(https:\/\/nttgroup.com\/wp-content\/uploads\/2017\/05\/NTT-listwy-zebate-produkcja-polska.png?id=13832) !important;background-position: center !important;background-repeat: no-repeat !important;background-size: cover !important;}&#8221;][vc_column basel_color_scheme=&#8221;light&#8221;][vc_row_inner css=&#8221;.vc_custom_1450023659115{margin-bottom: 60px !important;}&#8221;][vc_column_inner][vc_custom_heading text=&#8221;<strong>KVALITA \u2013 V\u017dDY NEJVY\u0160\u0160\u00cd PRIORITA<\/strong>&#8221; font_container=&#8221;tag:h2|font_size:52|text_align:center|color:%23ffffff|line_height:1.4&#8243; use_theme_fonts=&#8221;yes&#8221; css=&#8221;.vc_custom_1494268022640{margin-bottom: 20px !important;}&#8221;][\/vc_column_inner][\/vc_row_inner][vc_row_inner css=&#8221;.vc_custom_1450023674178{margin-bottom: 0px !important;}&#8221;][vc_column_inner width=&#8221;1\/4&#8243; css=&#8221;.vc_custom_1438783347292{margin-bottom: 40px !important;}&#8221;][vc_icon type=&#8221;linecons&#8221; icon_linecons=&#8221;vc_li vc_li-world&#8221; color=&#8221;custom&#8221; background_style=&#8221;rounded-outline&#8221; background_color=&#8221;white&#8221; size=&#8221;lg&#8221; align=&#8221;center&#8221; css=&#8221;.vc_custom_1494268059583{margin-bottom: 20px !important;}&#8221; custom_color=&#8221;#ffffff&#8221;]\t\t\t<div class=\"basel-counter  counter-default\">\n\t\t\t\t<span class=\"counter-value\" data-state=\"new\" data-final=\"9\">9<\/span>\n\t\t\t\t\t\t\t\t\t<span class=\"counter-label\">PRODUCTION PLANTS IN SWEDEN POLAND GERMANY<\/span>\n\t\t\t\t\t\t\t<\/div>\n\n\t\t[\/vc_column_inner][vc_column_inner width=&#8221;1\/4&#8243; css=&#8221;.vc_custom_1438783353284{margin-bottom: 40px !important;}&#8221;][vc_icon type=&#8221;linecons&#8221; icon_linecons=&#8221;vc_li vc_li-tag&#8221; color=&#8221;custom&#8221; background_style=&#8221;rounded-outline&#8221; background_color=&#8221;white&#8221; size=&#8221;lg&#8221; align=&#8221;center&#8221; css=&#8221;.vc_custom_1494268094805{margin-bottom: 20px !important;}&#8221; custom_color=&#8221;#ffffff&#8221;]\t\t\t<div class=\"basel-counter  counter-default\">\n\t\t\t\t<span class=\"counter-value\" data-state=\"new\" data-final=\"45000\">45000<\/span>\n\t\t\t\t\t\t\t\t\t<span class=\"counter-label\">PRODUCTS IN STOCK<\/span>\n\t\t\t\t\t\t\t<\/div>\n\n\t\t[\/vc_column_inner][vc_column_inner width=&#8221;1\/4&#8243; css=&#8221;.vc_custom_1438783357796{margin-bottom: 40px !important;}&#8221;][vc_icon type=&#8221;linecons&#8221; icon_linecons=&#8221;vc_li vc_li-settings&#8221; color=&#8221;custom&#8221; background_style=&#8221;rounded-outline&#8221; background_color=&#8221;white&#8221; size=&#8221;lg&#8221; align=&#8221;center&#8221; css=&#8221;.vc_custom_1450023589607{margin-bottom: 20px !important;}&#8221; custom_color=&#8221;#ffffff&#8221;]\t\t\t<div class=\"basel-counter  counter-default\">\n\t\t\t\t<span class=\"counter-value\" data-state=\"new\" data-final=\"100\">100<\/span>\n\t\t\t\t\t\t\t\t\t<span class=\"counter-label\">HIGH QUALITY MACHINES<\/span>\n\t\t\t\t\t\t\t<\/div>\n\n\t\t[\/vc_column_inner][vc_column_inner width=&#8221;1\/4&#8243; css=&#8221;.vc_custom_1438783362371{margin-bottom: 40px !important;}&#8221;][vc_icon type=&#8221;linecons&#8221; icon_linecons=&#8221;vc_li vc_li-user&#8221; color=&#8221;custom&#8221; background_style=&#8221;rounded-outline&#8221; background_color=&#8221;white&#8221; size=&#8221;lg&#8221; align=&#8221;center&#8221; css=&#8221;.vc_custom_1494268124889{margin-bottom: 20px !important;}&#8221; custom_color=&#8221;#ffffff&#8221;]\t\t\t<div class=\"basel-counter  counter-default\">\n\t\t\t\t<span class=\"counter-value\" data-state=\"new\" data-final=\"200\">200<\/span>\n\t\t\t\t\t\t\t\t\t<span class=\"counter-label\">PASSIONATE EMPLOYEES<\/span>\n\t\t\t\t\t\t\t<\/div>\n\n\t\t[\/vc_column_inner][\/vc_row_inner][\/vc_column][\/vc_row][vc_row content_placement=&#8221;middle&#8221; css=&#8221;.vc_custom_1451577043146{margin-bottom: 0px !important;}&#8221;][vc_column width=&#8221;1\/2&#8243; css=&#8221;.vc_custom_1438784954834{margin-bottom: 40px !important;}&#8221;][vc_column_text css=&#8221;&#8221; basel_color_scheme=&#8221;dark&#8221;]<\/p>\n<h2><strong>SPOLE\u010cNOSTI SKUPINY NTT<\/strong><\/h2>\n<p><\/p>\n<p class=\"Normal\">NTT GROUP SWEDEN AB (M\u00f6lndals Industriprodukter AB) (Sweden)<\/p>\n<p><\/p>\n<p class=\"Normal\">NTT Poland Sp. z o.o. (Poland)<\/p>\n<p><\/p>\n<p class=\"Normal\">NTT Germany\u00a0GmbH (Germany)<\/p>\n<p><\/p>\n<p class=\"Normal\"><a href=\"https:\/\/nttgroup.com\/cs\/ntt-finland-oy\/\">NTT Finland OY (Finland)<\/a><\/p>\n<p><\/p>\n<p class=\"Normal\">Kedjeexperten i Lingbo AB (Sweden)<\/p>\n<p><\/p>\n<p class=\"Normal\">Svenska Transmissionsprodukter AB (Sweden)<\/p>\n<p><\/p>\n<p class=\"Normal\">Conveyorteknik Sweden AB (Sweden)<\/p>\n<p><\/p>\n<p class=\"Normal\">Vittsj\u00f6 Mekaniska Verkstads AB (Sweden)<\/p>\n<p><\/p>\n<p class=\"Normal\">Sandarne Legomekan AB (Sweden)<\/p>\n<p><\/p>\n<p class=\"Normal\">SKS Nylund AB (Sweden)<\/p>\n<p><\/p>\n<p class=\"Normal\">Transtech i Borl\u00e4nge AB (Sweden)<\/p>\n<p><\/p>\n<p class=\"Normal\">M\u00f6lndals Industriprodukter Norge AS (Norway)<\/p>\n<p><\/p>\n<p class=\"Normal\">M\u00f6lndals Industriprodukter A\/S (Denmark)<\/p>\n<p>&nbsp;[\/vc_column_text][\/vc_column][vc_column width=&#8221;1\/2&#8243; css=&#8221;.vc_custom_1438784968106{margin-bottom: 40px !important;}&#8221;][vc_single_image image=&#8221;15580&#8243; img_size=&#8221;600&#215;600&#8243; alignment=&#8221;center&#8221; css_animation=&#8221;right-to-left&#8221;][\/vc_column][\/vc_row]<\/p>\n<\/div>","protected":false},"excerpt":{"rendered":"<p>[vc_row full_width=&#8221;stretch_row&#8221; full_height=&#8221;yes&#8221; css=&#8221;.vc_custom_1707748147847{margin-top: -45px !important;margin-bottom: 60px !important;padding-top: 15% !important;padding-bottom: 10% !important;background-image: url(https:\/\/nttgroup.com\/wp-content\/uploads\/2017\/05\/NTT-kola-zebate-produkcja.png?id=13827) !important;background-position: center !important;background-repeat: no-repeat !important;background-size: cover !important;}&#8221;][vc_column][vc_custom_heading<\/p>\n","protected":false},"author":3,"featured_media":0,"parent":0,"menu_order":0,"comment_status":"closed","ping_status":"closed","template":"","meta":{"footnotes":""},"class_list":["post-49245","page","type-page","status-publish","hentry"],"_links":{"self":[{"href":"https:\/\/nttgroup.com\/cs\/wp-json\/wp\/v2\/pages\/49245","targetHints":{"allow":["GET"]}}],"collection":[{"href":"https:\/\/nttgroup.com\/cs\/wp-json\/wp\/v2\/pages"}],"about":[{"href":"https:\/\/nttgroup.com\/cs\/wp-json\/wp\/v2\/types\/page"}],"author":[{"embeddable":true,"href":"https:\/\/nttgroup.com\/cs\/wp-json\/wp\/v2\/users\/3"}],"replies":[{"embeddable":true,"href":"https:\/\/nttgroup.com\/cs\/wp-json\/wp\/v2\/comments?post=49245"}],"version-history":[{"count":5,"href":"https:\/\/nttgroup.com\/cs\/wp-json\/wp\/v2\/pages\/49245\/revisions"}],"predecessor-version":[{"id":50777,"href":"https:\/\/nttgroup.com\/cs\/wp-json\/wp\/v2\/pages\/49245\/revisions\/50777"}],"wp:attachment":[{"href":"https:\/\/nttgroup.com\/cs\/wp-json\/wp\/v2\/media?parent=49245"}],"curies":[{"name":"wp","href":"https:\/\/api.w.org\/{rel}","templated":true}]}}