{"id":49913,"date":"2026-02-03T14:05:27","date_gmt":"2026-02-03T14:05:27","guid":{"rendered":"https:\/\/nttgroup.com\/kontrola-cmm\/"},"modified":"2026-04-25T09:55:00","modified_gmt":"2026-04-25T09:55:00","slug":"kontrola-cmm","status":"publish","type":"page","link":"https:\/\/nttgroup.com\/cs\/kontrola-cmm\/","title":{"rendered":"Kontrola CMM"},"content":{"rendered":"<div class=\"wpb-content-wrapper\"><p>[vc_section full_width=&#8221;stretch_row&#8221; css=&#8221;.vc_custom_1542025240624{background-color: #f9f9f9 !important;}&#8221;][vc_row css=&#8221;.vc_custom_1542025031874{background-color: #f9f9f9 !important;}&#8221;][vc_column width=&#8221;1\/6&#8243;][\/vc_column][vc_column width=&#8221;2\/3&#8243;][vc_column_text]<\/p>\n<h1 style=\"font-size: 42px; text-align: center;\"><span class=\"color-primary\">Kontrola CMM<\/span><\/h1>\n<p>[\/vc_column_text][vc_separator border_width=&#8221;2&#8243; css=&#8221;.vc_custom_1542025311822{margin-bottom: 20px !important;}&#8221;][\/vc_column][vc_column width=&#8221;1\/6&#8243;][\/vc_column][\/vc_row][vc_row css=&#8221;.vc_custom_1542025040822{background-color: #f9f9f9 !important;}&#8221;][vc_column width=&#8221;1\/3&#8243;]\t\t\t<div class=\" basel-info-box text-center icon-alignment-top box-style-base color-scheme-dark  with-animation \" onclick=\"\">\n\t\t\t\t\t\t\t\t<div class=\"info-box-content\">\n\t\t\t\t\t<div class=\"info-box-inner\">\n\t\t\t\t\t\t<\/p>\n<h2>Flexibilita<\/h2>\n<\/p>\n<p>D\u00edly a\u017e do 1000 mm<\/p>\n\t\t\t\t\t<\/div>\n\t\t\t\t<\/div>\n\t\t\t<\/div>\n\t\t[\/vc_column][vc_column width=&#8221;1\/3&#8243;]\t\t\t<div class=\" basel-info-box text-center icon-alignment-top box-style-base color-scheme-dark  with-animation \" onclick=\"\">\n\t\t\t\t\t\t\t\t<div class=\"info-box-content\">\n\t\t\t\t\t<div class=\"info-box-inner\">\n\t\t\t\t\t\t<\/p>\n<h2>Nejvy\u0161\u0161\u00ed kvalita<\/h2>\n<\/p>\n<p>Garantov\u00e1no spole\u010dnost\u00ed Wenzel<\/p>\n\t\t\t\t\t<\/div>\n\t\t\t\t<\/div>\n\t\t\t<\/div>\n\t\t[\/vc_column][vc_column width=&#8221;1\/3&#8243;]\t\t\t<div class=\" basel-info-box text-center icon-alignment-top box-style-base color-scheme-dark  with-animation \" onclick=\"\">\n\t\t\t\t\t\t\t\t<div class=\"info-box-content\">\n\t\t\t\t\t<div class=\"info-box-inner\">\n\t\t\t\t\t\t<\/p>\n<h2>Protokoly<\/h2>\n<\/p>\n<p>Kompletn\u00ed m\u011b\u0159ic\u00ed protokoly pro jak\u00fdkoli d\u00edl<\/p>\n\t\t\t\t\t<\/div>\n\t\t\t\t<\/div>\n\t\t\t<\/div>\n\t\t[\/vc_column][\/vc_row][\/vc_section][vc_row full_width=&#8221;stretch_row_content_no_spaces&#8221; content_placement=&#8221;top&#8221; css=&#8221;.vc_custom_1706509972045{margin-top: 40px !important;margin-bottom: 40px !important;}&#8221;][vc_column width=&#8221;1\/2&#8243; offset=&#8221;vc_col-md-6&#8243;][vc_single_image image=&#8221;15515&#8243; img_size=&#8221;500x&#8221; alignment=&#8221;center&#8221;][\/vc_column][vc_column width=&#8221;1\/2&#8243; css=&#8221;.vc_custom_1485009354843{margin-top: 25px !important;margin-bottom: 40px !important;padding-right: 10% !important;padding-left: 10% !important;}&#8221; offset=&#8221;vc_col-md-6&#8243;][vc_column_text css=&#8221;.vc_custom_1694516946522{margin-bottom: 30px !important;}&#8221;]<\/p>\n<p><\/p>\n<h1 class=\"font-title\" style=\"text-align: center; font-size: 42px; text-transform: capitalize;\"><span style=\"border-bottom: 1px solid #BDBDBD; padding-bottom: 4px;\">CMM<\/span><\/h1>\n<p><\/p>\n<h3 class=\"LC20lb\" style=\"text-align: center;\">1000x800x700<\/h3>\n<p><\/p>\n<p>[\/vc_column_text][vc_column_text css=&#8221;.vc_custom_1694516977714{padding-right: 30px !important;padding-left: 30px !important;}&#8221;]<\/p>\n<table border=\"0\" width=\"332\" cellspacing=\"0\" cellpadding=\"0\">\n<colgroup>\n<col width=\"196\" \/>\n<col width=\"136\" \/><\/colgroup>\n<tbody>\n<tr>\n<td class=\"xl65\" width=\"196\" height=\"28\"><strong>Strojn\u00ed za\u0159\u00edzen\u00ed<\/strong><\/td>\n<td class=\"xl65\" width=\"136\"><strong>Rozm\u011br<\/strong><\/td>\n<\/tr>\n<tr>\n<td height=\"20\">Wenzel Liberty XO87<\/td>\n<td>800x1000x700<\/td>\n<\/tr>\n<\/tbody>\n<\/table>\n<p>&nbsp;[\/vc_column_text][\/vc_column][\/vc_row][vc_row full_width=&#8221;stretch_row&#8221; css=&#8221;.vc_custom_1706509912284{background-color: #f9f9f9 !important;}&#8221;][vc_column width=&#8221;1\/6&#8243;][\/vc_column][vc_column width=&#8221;2\/3&#8243;][vc_column_text]<\/p>\n<h1 style=\"font-size: 42px; text-align: center;\"><span class=\"color-primary\"><\/span><\/h1>\n<p>&nbsp;[\/vc_column_text][vc_separator border_width=&#8221;2&#8243; css=&#8221;.vc_custom_1542025311822{margin-bottom: 20px !important;}&#8221;][\/vc_column][vc_column width=&#8221;1\/6&#8243;][\/vc_column][\/vc_row][vc_row full_width=&#8221;stretch_row&#8221; css=&#8221;.vc_custom_1706509934356{background-color: #f9f9f9 !important;}&#8221;][vc_column][vc_column_text css=&#8221;&#8221; basel_color_scheme=&#8221;dark&#8221;]Kontrola kvality je z\u00e1sadn\u00ed pro zaji\u0161t\u011bn\u00ed st\u00e1losti a spolehlivosti v\u00fdrobk\u016f. Jednou z efektivn\u00edch metod je kontrola pomoc\u00ed CMM (sou\u0159adnicov\u00e9ho m\u011b\u0159ic\u00edho stroje), kter\u00e1 vyu\u017e\u00edv\u00e1 pokro\u010dil\u00e9 techniky m\u011b\u0159en\u00ed ozuben\u00ed k dosa\u017een\u00ed p\u0159esn\u00fdch toleranc\u00ed v \u0159\u00e1du mikrometr\u016f. Tento proces kontroly se prov\u00e1d\u00ed na nejmodern\u011bj\u0161\u00edch stroj\u00edch a vy\u017eaduje kombinaci odborn\u00fdch znalost\u00ed a zku\u0161enost\u00ed pro p\u0159esn\u00e9 posouzen\u00ed kvality v\u00fdrobk\u016f.[\/vc_column_text][\/vc_column][\/vc_row]<\/p>\n<\/div>","protected":false},"excerpt":{"rendered":"<p>[vc_section full_width=&#8221;stretch_row&#8221; css=&#8221;.vc_custom_1542025240624{background-color: #f9f9f9 !important;}&#8221;][vc_row css=&#8221;.vc_custom_1542025031874{background-color: #f9f9f9 !important;}&#8221;][vc_column width=&#8221;1\/6&#8243;][\/vc_column][vc_column width=&#8221;2\/3&#8243;][vc_column_text] Kontrola CMM [\/vc_column_text][vc_separator border_width=&#8221;2&#8243; css=&#8221;.vc_custom_1542025311822{margin-bottom: 20px !important;}&#8221;][\/vc_column][vc_column width=&#8221;1\/6&#8243;][\/vc_column][\/vc_row][vc_row css=&#8221;.vc_custom_1542025040822{background-color: #f9f9f9<\/p>\n","protected":false},"author":3,"featured_media":0,"parent":0,"menu_order":0,"comment_status":"closed","ping_status":"closed","template":"","meta":{"footnotes":""},"class_list":["post-49913","page","type-page","status-publish","hentry"],"_links":{"self":[{"href":"https:\/\/nttgroup.com\/cs\/wp-json\/wp\/v2\/pages\/49913","targetHints":{"allow":["GET"]}}],"collection":[{"href":"https:\/\/nttgroup.com\/cs\/wp-json\/wp\/v2\/pages"}],"about":[{"href":"https:\/\/nttgroup.com\/cs\/wp-json\/wp\/v2\/types\/page"}],"author":[{"embeddable":true,"href":"https:\/\/nttgroup.com\/cs\/wp-json\/wp\/v2\/users\/3"}],"replies":[{"embeddable":true,"href":"https:\/\/nttgroup.com\/cs\/wp-json\/wp\/v2\/comments?post=49913"}],"version-history":[{"count":5,"href":"https:\/\/nttgroup.com\/cs\/wp-json\/wp\/v2\/pages\/49913\/revisions"}],"predecessor-version":[{"id":53514,"href":"https:\/\/nttgroup.com\/cs\/wp-json\/wp\/v2\/pages\/49913\/revisions\/53514"}],"wp:attachment":[{"href":"https:\/\/nttgroup.com\/cs\/wp-json\/wp\/v2\/media?parent=49913"}],"curies":[{"name":"wp","href":"https:\/\/api.w.org\/{rel}","templated":true}]}}