{"id":50413,"date":"2026-02-04T08:04:00","date_gmt":"2026-02-04T08:04:00","guid":{"rendered":"https:\/\/nttgroup.com\/cnc-brouseni-ozubeni\/"},"modified":"2026-02-24T14:57:01","modified_gmt":"2026-02-24T14:57:01","slug":"cnc-brouseni-ozubeni","status":"publish","type":"page","link":"https:\/\/nttgroup.com\/cs\/cnc-brouseni-ozubeni\/","title":{"rendered":"CNC brou\u0161en\u00ed ozuben\u00ed"},"content":{"rendered":"<div class=\"wpb-content-wrapper\"><p>[vc_section full_width=&#8221;stretch_row&#8221; css=&#8221;.vc_custom_1542025240624{background-color: #f9f9f9 !important;}&#8221;][vc_row css=&#8221;.vc_custom_1542025031874{background-color: #f9f9f9 !important;}&#8221;][vc_column width=&#8221;1\/6&#8243;][\/vc_column][vc_column width=&#8221;2\/3&#8243;][vc_column_text]<\/p>\n<h4 style=\"font-size: 42px; text-align: center;\">CNC brou\u0161en\u00ed ozuben\u00ed\u00a0<span class=\"color-primary\">CNC<\/span><\/h4>\n<p>[\/vc_column_text][vc_separator border_width=&#8221;2&#8243; css=&#8221;.vc_custom_1542025311822{margin-bottom: 20px !important;}&#8221;][\/vc_column][vc_column width=&#8221;1\/6&#8243;][\/vc_column][\/vc_row][vc_row css=&#8221;.vc_custom_1542025040822{background-color: #f9f9f9 !important;}&#8221;][vc_column width=&#8221;1\/3&#8243;]\t\t\t<div class=\" basel-info-box text-center icon-alignment-top box-style-base color-scheme-dark  with-animation \" onclick=\"\">\n\t\t\t\t\t\t\t\t<div class=\"info-box-content\">\n\t\t\t\t\t<div class=\"info-box-inner\">\n\t\t\t\t\t\t<\/p>\n<h2>Vysok\u00e1 kvalita<\/h2>\n<p>Jsme schopni vyr\u00e1b\u011bt ozuben\u00e1 kola v kvalit\u011b DIN5 nebo lep\u0161\u00ed<\/p>\n\t\t\t\t\t<\/div>\n\t\t\t\t<\/div>\n\t\t\t<\/div>\n\t\t[\/vc_column][vc_column width=&#8221;1\/3&#8243;]\t\t\t<div class=\" basel-info-box text-center icon-alignment-top box-style-base color-scheme-dark  with-animation \" onclick=\"\">\n\t\t\t\t\t\t\t\t<div class=\"info-box-content\">\n\t\t\t\t\t<div class=\"info-box-inner\">\n\t\t\t\t\t\t<\/p>\n<h2>Kr\u00e1tk\u00e9 v\u00fdrobn\u00ed cykly<\/h2>\n<p>Na\u0161e v\u00fdroba je n\u00e1kladov\u011b efektivn\u00ed d\u00edky velmi kr\u00e1tk\u00fdm v\u00fdrobn\u00edm \u010das\u016fm<\/p>\n\t\t\t\t\t<\/div>\n\t\t\t\t<\/div>\n\t\t\t<\/div>\n\t\t[\/vc_column][vc_column width=&#8221;1\/3&#8243;]\t\t\t<div class=\" basel-info-box text-center icon-alignment-top box-style-base color-scheme-dark  with-animation \" onclick=\"\">\n\t\t\t\t\t\t\t\t<div class=\"info-box-content\">\n\t\t\t\t\t<div class=\"info-box-inner\">\n\t\t\t\t\t\t<\/p>\n<h2>Modul<\/h2>\n<\/p>\n<p>Od modulu 0,5 do 7<\/p>\n\t\t\t\t\t<\/div>\n\t\t\t\t<\/div>\n\t\t\t<\/div>\n\t\t[\/vc_column][\/vc_row][\/vc_section][vc_row full_width=&#8221;stretch_row_content_no_spaces&#8221; content_placement=&#8221;top&#8221; css=&#8221;.vc_custom_1706592699168{margin-top: 40px !important;margin-bottom: 40px !important;}&#8221;][vc_column width=&#8221;1\/2&#8243; offset=&#8221;vc_col-md-6&#8243;][vc_single_image image=&#8221;14863&#8243; img_size=&#8221;500x&#8221; alignment=&#8221;center&#8221;][\/vc_column][vc_column width=&#8221;1\/2&#8243; css=&#8221;.vc_custom_1485009354843{margin-top: 25px !important;margin-bottom: 40px !important;padding-right: 10% !important;padding-left: 10% !important;}&#8221; offset=&#8221;vc_col-md-6&#8243;][vc_column_text css=&#8221;.vc_custom_1694515511227{margin-bottom: 30px !important;}&#8221;]<\/p>\n<h1 class=\"font-title\" style=\"text-align: center; font-size: 42px; text-transform: capitalize;\"><span style=\"border-bottom: 1px solid #BDBDBD; padding-bottom: 4px;\">CNC brou\u0161en\u00ed ozuben\u00ed<\/span><\/h1>\n<p><\/p>\n<h3 class=\"LC20lb\" style=\"text-align: center;\">\u00d8 370\u00a0mm x 400\u00a0mm | Modul\u00a07<\/h3>\n<p>&nbsp;[\/vc_column_text][vc_column_text css=&#8221;.vc_custom_1694515519652{padding-right: 30px !important;padding-left: 30px !important;}&#8221;]<\/p>\n<table border=\"0\" width=\"320\" cellspacing=\"0\" cellpadding=\"0\">\n<colgroup>\n<col width=\"97\" \/>\n<col width=\"136\" \/>\n<col width=\"87\" \/><\/colgroup>\n<tbody>\n<tr>\n<td class=\"xl65\" width=\"97\" height=\"28\"><strong>Stroj<\/strong><\/td>\n<td class=\"xl65\" width=\"136\"><strong>\u00d8 max [mm]<\/strong><\/td>\n<td class=\"xl65\" width=\"87\"><strong>Modul<\/strong><\/td>\n<\/tr>\n<tr>\n<td height=\"20\">Burri BZ370<\/td>\n<td align=\"right\">360<\/td>\n<td align=\"right\">7<\/td>\n<\/tr>\n<\/tbody>\n<\/table>\n<p>&nbsp;[\/vc_column_text][\/vc_column][\/vc_row][vc_row full_width=&#8221;stretch_row&#8221; css=&#8221;.vc_custom_1706509912284{background-color: #f9f9f9 !important;}&#8221;][vc_column width=&#8221;1\/6&#8243;][\/vc_column][vc_column width=&#8221;2\/3&#8243;][vc_column_text]<\/p>\n<p><\/p>\n<h1 style=\"font-size: 42px; text-align: center;\"><span class=\"color-primary\">brou\u0161en\u00ed ozuben\u00ed<\/span><\/h1>\n<p><\/p>\n<p>[\/vc_column_text][vc_separator border_width=&#8221;2&#8243; css=&#8221;.vc_custom_1542025311822{margin-bottom: 20px !important;}&#8221;][\/vc_column][vc_column width=&#8221;1\/6&#8243;][\/vc_column][\/vc_row][vc_row full_width=&#8221;stretch_row&#8221; css=&#8221;.vc_custom_1706509934356{background-color: #f9f9f9 !important;}&#8221;][vc_column][vc_column_text css=&#8221;&#8221; basel_color_scheme=&#8221;dark&#8221;]Brou\u0161en\u00ed ozuben\u00ed je \u0161pi\u010dkov\u00e9 \u0159e\u0161en\u00ed pro ty, kte\u0159\u00ed po\u017eaduj\u00ed p\u0159esn\u00e1 a vysoce kvalitn\u00ed brou\u0161en\u00e1 ozuben\u00e1 kola. D\u00edky na\u0161\u00ed modern\u00ed technologii a odborn\u00fdm znalostem zaji\u0161\u0165ujeme dokonal\u00e9 dokon\u010den\u00ed ka\u017ed\u00e9ho zubu, kter\u00e9 p\u0159ekon\u00e1v\u00e1 o\u010dek\u00e1v\u00e1n\u00ed.<\/p>\n<p>Proces brou\u0161en\u00ed ozuben\u00ed prov\u00e1d\u00edme s maxim\u00e1ln\u00ed pe\u010dlivost\u00ed, abychom dos\u00e1hli v\u00fdjime\u010dn\u00fdch v\u00fdsledk\u016f. Ka\u017ed\u00e9 ozuben\u00e9 kolo proch\u00e1z\u00ed p\u0159esn\u00fdm brou\u0161en\u00edm, kter\u00e9 zaji\u0161\u0165uje bezchybn\u00fd povrch zub\u016f. Zapome\u0148te na nedokonalosti a vyu\u017eijte maxim\u00e1ln\u011b hladk\u00fd chod p\u0159evod\u016f.<\/p>\n<p>Tajemstv\u00ed \u0161pi\u010dkov\u00e9 kvality na\u0161eho brou\u0161en\u00ed spo\u010d\u00edv\u00e1 v d\u016fsledn\u00e9m udr\u017eov\u00e1n\u00ed velmi n\u00edzk\u00e9 drsnosti povrchu. Tento d\u016fraz na detail zaji\u0161\u0165uje plynul\u00fd provoz, minimalizuje t\u0159en\u00ed a maximalizuje \u00fa\u010dinnost.<\/p>\n<p>Vyu\u017eijte v\u00fdhod na\u0161eho know-how v oblasti brou\u0161en\u00ed ozuben\u00ed. Na\u0161e brou\u0161en\u00e1 kola jsou zn\u00e1m\u00e1 vysokou kvalitou a p\u0159esnost\u00ed, d\u00edky \u010demu\u017e jsou ide\u00e1ln\u00ed pro \u0161irok\u00e9 spektrum pou\u017eit\u00ed. A\u0165 u\u017e p\u016fsob\u00edte v automobilov\u00e9m, leteck\u00e9m nebo pr\u016fmyslov\u00e9m odv\u011btv\u00ed, na\u0161e p\u0159esn\u00e9 brou\u0161en\u00ed spln\u00ed i p\u0159ekon\u00e1 va\u0161e po\u017eadavky.<\/p>\n<p>Investujte do brou\u0161en\u00ed ozuben\u00ed, kter\u00e9 p\u0159in\u00e1\u0161\u00ed bezkonkuren\u010dn\u00ed p\u0159esnost a kvalitu. Spolehn\u011bte se na na\u0161e zku\u0161enosti a vyu\u017eijte v\u00fdhod dokonale brou\u0161en\u00fdch zub\u016f.<\/p>\n<p>Hled\u00e1te standardn\u00ed \u0159e\u0161en\u00ed pro obr\u00e1b\u011bn\u00ed ozuben\u00ed?Pod\u00edvejte se na na\u0161i <a href=\"https:\/\/nttgroup.com\/cs\/odvalovaci-frezovani-obrabeni-ozubeni\/\">slu\u017ebu odvalovac\u00edho fr\u00e9zov\u00e1n\u00ed ozuben\u00ed.<\/a>[\/vc_column_text][\/vc_column][\/vc_row]<\/p>\n<\/div>","protected":false},"excerpt":{"rendered":"<p>[vc_section full_width=&#8221;stretch_row&#8221; css=&#8221;.vc_custom_1542025240624{background-color: #f9f9f9 !important;}&#8221;][vc_row css=&#8221;.vc_custom_1542025031874{background-color: #f9f9f9 !important;}&#8221;][vc_column width=&#8221;1\/6&#8243;][\/vc_column][vc_column width=&#8221;2\/3&#8243;][vc_column_text] CNC brou\u0161en\u00ed ozuben\u00ed\u00a0CNC [\/vc_column_text][vc_separator border_width=&#8221;2&#8243; css=&#8221;.vc_custom_1542025311822{margin-bottom: 20px !important;}&#8221;][\/vc_column][vc_column width=&#8221;1\/6&#8243;][\/vc_column][\/vc_row][vc_row css=&#8221;.vc_custom_1542025040822{background-color:<\/p>\n","protected":false},"author":3,"featured_media":0,"parent":0,"menu_order":0,"comment_status":"closed","ping_status":"closed","template":"","meta":{"footnotes":""},"class_list":["post-50413","page","type-page","status-publish","hentry"],"_links":{"self":[{"href":"https:\/\/nttgroup.com\/cs\/wp-json\/wp\/v2\/pages\/50413","targetHints":{"allow":["GET"]}}],"collection":[{"href":"https:\/\/nttgroup.com\/cs\/wp-json\/wp\/v2\/pages"}],"about":[{"href":"https:\/\/nttgroup.com\/cs\/wp-json\/wp\/v2\/types\/page"}],"author":[{"embeddable":true,"href":"https:\/\/nttgroup.com\/cs\/wp-json\/wp\/v2\/users\/3"}],"replies":[{"embeddable":true,"href":"https:\/\/nttgroup.com\/cs\/wp-json\/wp\/v2\/comments?post=50413"}],"version-history":[{"count":5,"href":"https:\/\/nttgroup.com\/cs\/wp-json\/wp\/v2\/pages\/50413\/revisions"}],"predecessor-version":[{"id":50861,"href":"https:\/\/nttgroup.com\/cs\/wp-json\/wp\/v2\/pages\/50413\/revisions\/50861"}],"wp:attachment":[{"href":"https:\/\/nttgroup.com\/cs\/wp-json\/wp\/v2\/media?parent=50413"}],"curies":[{"name":"wp","href":"https:\/\/api.w.org\/{rel}","templated":true}]}}