{"id":50470,"date":"2026-02-04T08:39:42","date_gmt":"2026-02-04T08:39:42","guid":{"rendered":"https:\/\/nttgroup.com\/ntt-mission-vision-core-values\/"},"modified":"2026-02-04T08:39:47","modified_gmt":"2026-02-04T08:39:47","slug":"ntt-mission-vision-core-values","status":"publish","type":"page","link":"https:\/\/nttgroup.com\/cs\/ntt-mission-vision-core-values\/","title":{"rendered":"NTT Mission, Vision &#038; Core Values"},"content":{"rendered":"<div class=\"wpb-content-wrapper\"><p>[vc_section full_width=&#8221;stretch_row&#8221; css=&#8221;.vc_custom_1542025240624{background-color: #f9f9f9 !important;}&#8221;][vc_row css=&#8221;.vc_custom_1542025031874{background-color: #f9f9f9 !important;}&#8221;][vc_column width=&#8221;1\/6&#8243;][\/vc_column][vc_column width=&#8221;2\/3&#8243;][vc_column_text]<\/p>\n<p><\/p>\n<h4 style=\"font-size: 42px; text-align: center;\">Na\u0161e hodnoty a c\u00edle<\/h4>\n<p><\/p>\n<p>[\/vc_column_text][vc_separator border_width=&#8221;2&#8243; css=&#8221;.vc_custom_1542025311822{margin-bottom: 20px !important;}&#8221;][\/vc_column][vc_column width=&#8221;1\/6&#8243;][\/vc_column][\/vc_row][vc_row css=&#8221;.vc_custom_1542025040822{background-color: #f9f9f9 !important;}&#8221;][vc_column width=&#8221;1\/3&#8243;]\t\t\t<div class=\" basel-info-box text-center icon-alignment-top box-style-base color-scheme-dark  with-animation \" onclick=\"\">\n\t\t\t\t\t\t\t\t<div class=\"info-box-content\">\n\t\t\t\t\t<div class=\"info-box-inner\">\n\t\t\t\t\t\t<\/p>\n<h2>Mise<\/h2>\n<\/p>\n<p class=\"Normal\">Nej\u0161ir\u0161\u00ed sortiment produkt\u016f na trhu a poskytov\u00e1n\u00ed slu\u017eeb v oblasti mechanick\u00fdch p\u0159evod\u016f.<\/p>\n<p>\n\t\t\t\t\t<\/div>\n\t\t\t\t<\/div>\n\t\t\t<\/div>\n\t\t[\/vc_column][vc_column width=&#8221;1\/3&#8243;]\t\t\t<div class=\" basel-info-box text-center icon-alignment-top box-style-base color-scheme-dark  with-animation \" onclick=\"\">\n\t\t\t\t\t\t\t\t<div class=\"info-box-content\">\n\t\t\t\t\t<div class=\"info-box-inner\">\n\t\t\t\t\t\t<\/p>\n<h2>Vize<\/h2>\n<\/p>\n<p class=\"Normal\">Nej\u017e\u00e1dan\u011bj\u0161\u00ed partner v oblasti mechanick\u00fdch p\u0159evod\u016f.<\/p>\n<\/p>\n<p>\n\t\t\t\t\t<\/div>\n\t\t\t\t<\/div>\n\t\t\t<\/div>\n\t\t[\/vc_column][vc_column width=&#8221;1\/3&#8243;]\t\t\t<div class=\" basel-info-box text-center icon-alignment-top box-style-base color-scheme-dark  with-animation \" onclick=\"\">\n\t\t\t\t\t\t\t\t<div class=\"info-box-content\">\n\t\t\t\t\t<div class=\"info-box-inner\">\n\t\t\t\t\t\t<\/p>\n<h2>Kl\u00ed\u010dov\u00e9 hodnoty<\/h2>\n<\/p>\n<p>Lid\u00e9, transparentnost a spolehlivost jsou na\u0161e z\u00e1kladn\u00ed hodnoty.<\/p>\n\t\t\t\t\t<\/div>\n\t\t\t\t<\/div>\n\t\t\t<\/div>\n\t\t[\/vc_column][\/vc_row][\/vc_section][vc_row full_width=&#8221;stretch_row&#8221; css=&#8221;.vc_custom_1694062051816{margin-top: 40px !important;margin-bottom: 45px !important;}&#8221;][vc_column width=&#8221;1\/2&#8243; el_class=&#8221;text-left&#8221;][vc_column_text css=&#8221;.vc_custom_1760606568806{margin-bottom: 30px !important;}&#8221; basel_color_scheme=&#8221;dark&#8221;]<\/p>\n<p><\/p>\n<div class=\"presented-response-container ng-tns-c4150723369-352\">\n<div class=\"response-container-content ng-tns-c4150723369-352\">\n<div class=\"response-content ng-trigger ng-trigger-responsePopulation ng-tns-c4150723369-352\">\n<div class=\"markdown markdown-main-panel ui-v2-enabled\" dir=\"ltr\">\n<p data-sourcepos=\"3:1-3:52\"><strong>Budujeme d\u016fv\u011bru: Z\u00e1klad spolehlivosti<\/strong><\/p>\n<p data-sourcepos=\"5:1-5:32\">Ve NTT Group je spolehlivost z\u00e1kladem v\u0161eho, co d\u011bl\u00e1me. V\u00edme, \u017ee se na n\u00e1s z\u00e1kazn\u00edci spol\u00e9haj\u00ed, \u017ee v\u017edy dod\u00e1me spr\u00e1vn\u00fd produkt. Proto v\u00fdznamn\u011b investujeme do modern\u00edch v\u00fdrobn\u00edch technologi\u00ed a za\u0159\u00edzen\u00ed, abychom zajistili konzistentn\u00ed a p\u0159esnou v\u00fdrobu. Nab\u00edz\u00edme nej\u0161ir\u0161\u00ed sortiment produkt\u016f na trhu, co\u017e v\u00e1m d\u00e1v\u00e1 maxim\u00e1ln\u00ed flexibilitu p\u0159i v\u00fdb\u011bru optim\u00e1ln\u00edho \u0159e\u0161en\u00ed. D\u00edky rozs\u00e1hl\u00fdm skladov\u00fdm z\u00e1sob\u00e1m garantujeme v\u010dasn\u00e9 dod\u00e1vky a \u0161pi\u010dkovou kvalitu.<\/p>\n<p data-sourcepos=\"7:1-7:283\">Spolehlivost ale nen\u00ed jen o technologi\u00edch. Je tak\u00e9 o d\u016fv\u011b\u0159e. Na\u0161i zam\u011bstnanci \u00fazce spolupracuj\u00ed a ka\u017ed\u00fd z nich p\u0159eb\u00edr\u00e1 odpov\u011bdnost za va\u0161i spokojenost. Podporujeme otev\u0159enou komunikaci a vz\u00e1jemn\u00fd respekt, \u010d\u00edm\u017e vytv\u00e1\u0159\u00edme stabiln\u00ed prost\u0159ed\u00ed, kde jsou va\u0161e pot\u0159eby v\u017edy na prvn\u00edm m\u00edst\u011b.<\/p>\n<p data-sourcepos=\"9:1-9:51\"><strong>V\u017edy dostupn\u00ed: P\u0159ekon\u00e1v\u00e1me bari\u00e9ry d\u00edky otev\u0159enosti<\/strong><\/p>\n<p data-sourcepos=\"11:1-11:59\">Zakl\u00e1d\u00e1me si na snadn\u00e9 dostupnosti pro na\u0161e z\u00e1kazn\u00edky. To znamen\u00e1 jasn\u00e9 a otev\u0159en\u00e9 komunika\u010dn\u00ed kan\u00e1ly a t\u00fdm, kter\u00fd je p\u0159ipraven odpov\u011bd\u011bt na va\u0161e dotazy a \u0159e\u0161it va\u0161e po\u017eadavky. Vyu\u017e\u00edv\u00e1me na\u0161e rozs\u00e1hl\u00e9 znalosti a zku\u0161enosti k nalezen\u00ed optim\u00e1ln\u00edho \u0159e\u0161en\u00ed i pro velmi specifick\u00e9 \u00fakoly. Aktivn\u011b hled\u00e1me nov\u00e9 mo\u017enosti a p\u0159edv\u00edd\u00e1me va\u0161e pot\u0159eby d\u0159\u00edve, ne\u017e vzniknou.<\/p>\n<p data-sourcepos=\"13:1-13:323\">Na\u0161e dostupnost nekon\u010d\u00ed rychlou reakc\u00ed. Aktivn\u011b naslouch\u00e1me a jedn\u00e1me s respektem, budujeme pevn\u00e9 vztahy se z\u00e1kazn\u00edky, dodavateli i zam\u011bstnanci. D\u011bl\u00e1me maximum pro \u0161pi\u010dkov\u00fd z\u00e1kaznick\u00fd servis, abyste se v ka\u017ed\u00e9 f\u00e1zi spolupr\u00e1ce c\u00edtili podporov\u00e1ni a oce\u0148ov\u00e1ni.<\/p>\n<p data-sourcepos=\"15:1-15:46\"><strong>Spojujeme s\u00edly: S\u00edla spolupr\u00e1ce<\/strong><\/p>\n<p data-sourcepos=\"17:1-17:312\">Ve skupin\u011b NTT vn\u00edm\u00e1me vztahy se z\u00e1kazn\u00edky jako skute\u010dn\u00e9 partnerstv\u00ed. Spolupracujeme s v\u00e1mi na dosa\u017een\u00ed va\u0161ich c\u00edl\u016f a realizaci va\u0161ich viz\u00ed. Znamen\u00e1 to pru\u017en\u011b reagovat na zm\u011bny va\u0161ich po\u017eadavk\u016f, p\u0159ich\u00e1zet s inovativn\u00edmi \u0159e\u0161en\u00edmi a p\u0159izp\u016fsobit se va\u0161im specifick\u00fdm pot\u0159eb\u00e1m.<\/p>\n<p data-sourcepos=\"19:1-19:146\">Tak\u00e9 intern\u011b je spolupr\u00e1ce na\u0161\u00ed kl\u00ed\u010dovou silou. N\u00e1\u0161 t\u00fdm pracuje jednotn\u011b a efektivn\u011b s jasn\u00fdm c\u00edlem: va\u0161\u00edm \u00fasp\u011bchem. D\u00edky tomu zaji\u0161\u0165ujeme plynulou komunikaci, efektivn\u00ed procesy a v\u00fdsledn\u00e9 produkty i slu\u017eby pln\u011b odpov\u00eddaj\u00edc\u00ed va\u0161im o\u010dek\u00e1v\u00e1n\u00edm.<\/p>\n<p data-sourcepos=\"21:1-21:234\">D\u00edky d\u016frazu na spolehlivost, dostupnost a spolupr\u00e1ci chce b\u00fdt NTT Group v\u00edc ne\u017e jen dodavatel \u2014 chce b\u00fdt va\u0161\u00edm d\u016fv\u011bryhodn\u00fdm partnerem pro dlouhodobou spolupr\u00e1ci zalo\u017eenou na respektu a spole\u010dn\u00e9m \u00fasp\u011bchu.<\/p>\n<\/div>\n<p><\/div>\n<p><\/div>\n<p><\/div>\n<p><\/p>\n<p>[\/vc_column_text][\/vc_column][vc_column width=&#8221;1\/2&#8243;][vc_single_image image=&#8221;15483&#8243; img_size=&#8221;full&#8221; alignment=&#8221;center&#8221; css_animation=&#8221;bottom-to-top&#8221;][\/vc_column][\/vc_row]<\/p>\n<\/div>","protected":false},"excerpt":{"rendered":"<p>[vc_section full_width=&#8221;stretch_row&#8221; css=&#8221;.vc_custom_1542025240624{background-color: #f9f9f9 !important;}&#8221;][vc_row css=&#8221;.vc_custom_1542025031874{background-color: #f9f9f9 !important;}&#8221;][vc_column width=&#8221;1\/6&#8243;][\/vc_column][vc_column width=&#8221;2\/3&#8243;][vc_column_text] Na\u0161e hodnoty a c\u00edle [\/vc_column_text][vc_separator border_width=&#8221;2&#8243; css=&#8221;.vc_custom_1542025311822{margin-bottom: 20px !important;}&#8221;][\/vc_column][vc_column width=&#8221;1\/6&#8243;][\/vc_column][\/vc_row][vc_row<\/p>\n","protected":false},"author":3,"featured_media":0,"parent":0,"menu_order":0,"comment_status":"closed","ping_status":"closed","template":"","meta":{"footnotes":""},"class_list":["post-50470","page","type-page","status-publish","hentry"],"_links":{"self":[{"href":"https:\/\/nttgroup.com\/cs\/wp-json\/wp\/v2\/pages\/50470","targetHints":{"allow":["GET"]}}],"collection":[{"href":"https:\/\/nttgroup.com\/cs\/wp-json\/wp\/v2\/pages"}],"about":[{"href":"https:\/\/nttgroup.com\/cs\/wp-json\/wp\/v2\/types\/page"}],"author":[{"embeddable":true,"href":"https:\/\/nttgroup.com\/cs\/wp-json\/wp\/v2\/users\/3"}],"replies":[{"embeddable":true,"href":"https:\/\/nttgroup.com\/cs\/wp-json\/wp\/v2\/comments?post=50470"}],"version-history":[{"count":5,"href":"https:\/\/nttgroup.com\/cs\/wp-json\/wp\/v2\/pages\/50470\/revisions"}],"predecessor-version":[{"id":50485,"href":"https:\/\/nttgroup.com\/cs\/wp-json\/wp\/v2\/pages\/50470\/revisions\/50485"}],"wp:attachment":[{"href":"https:\/\/nttgroup.com\/cs\/wp-json\/wp\/v2\/media?parent=50470"}],"curies":[{"name":"wp","href":"https:\/\/api.w.org\/{rel}","templated":true}]}}