{"id":50488,"date":"2026-02-04T09:37:13","date_gmt":"2026-02-04T09:37:13","guid":{"rendered":"https:\/\/nttgroup.com\/ntt-udrzitelnost\/"},"modified":"2026-04-24T14:28:24","modified_gmt":"2026-04-24T14:28:24","slug":"ntt-udrzitelnost","status":"publish","type":"page","link":"https:\/\/nttgroup.com\/cs\/ntt-udrzitelnost\/","title":{"rendered":"NTT Udr\u017eitelnost"},"content":{"rendered":"<div class=\"wpb-content-wrapper\"><p>[vc_section full_width=&#8221;stretch_row&#8221; css=&#8221;.vc_custom_1542025240624{background-color: #f9f9f9 !important;}&#8221;][vc_row css=&#8221;.vc_custom_1542025031874{background-color: #f9f9f9 !important;}&#8221;][vc_column width=&#8221;1\/6&#8243;][\/vc_column][vc_column width=&#8221;2\/3&#8243;][vc_column_text]<\/p>\n<h4 style=\"font-size: 42px; text-align: center;\">Udr\u017eitelnost<\/h4>\n<p>&nbsp;[\/vc_column_text][vc_separator border_width=&#8221;2&#8243; css=&#8221;.vc_custom_1542025311822{margin-bottom: 20px !important;}&#8221;][\/vc_column][vc_column width=&#8221;1\/6&#8243;][\/vc_column][\/vc_row][vc_row css=&#8221;.vc_custom_1542025040822{background-color: #f9f9f9 !important;}&#8221;][vc_column width=&#8221;1\/3&#8243;]\t\t\t<div class=\" basel-info-box text-center icon-alignment-top box-style-base color-scheme-dark  with-animation \" onclick=\"\">\n\t\t\t\t\t\t\t\t<div class=\"info-box-content\">\n\t\t\t\t\t<div class=\"info-box-inner\">\n\t\t\t\t\t\t<\/p>\n<h2>Standardy<\/h2>\n<\/p>\n<p class=\"Normal\">Dodr\u017eujeme \u0159adu mezin\u00e1rodn\u00edch hodnotic\u00edch a certifika\u010dn\u00edch program\u016f, nap\u0159\u00edklad EcoVadis.<\/p>\n<\/p>\n<p>\n\t\t\t\t\t<\/div>\n\t\t\t\t<\/div>\n\t\t\t<\/div>\n\t\t[\/vc_column][vc_column width=&#8221;1\/3&#8243;]\t\t\t<div class=\" basel-info-box text-center icon-alignment-top box-style-base color-scheme-dark  with-animation \" onclick=\"\">\n\t\t\t\t\t\t\t\t<div class=\"info-box-content\">\n\t\t\t\t\t<div class=\"info-box-inner\">\n\t\t\t\t\t\t<\/p>\n<h2>Ka\u017edodenn\u00ed praxe<\/h2>\n<\/p>\n<p class=\"Normal\">Ka\u017ed\u00fd den aktivn\u011b hled\u00e1me mo\u017enosti zlep\u0161ov\u00e1n\u00ed.<\/p>\n<\/p>\n<p>\n\t\t\t\t\t<\/div>\n\t\t\t\t<\/div>\n\t\t\t<\/div>\n\t\t[\/vc_column][vc_column width=&#8221;1\/3&#8243;]\t\t\t<div class=\" basel-info-box text-center icon-alignment-top box-style-base color-scheme-dark  with-animation \" onclick=\"\">\n\t\t\t\t\t\t\t\t<div class=\"info-box-content\">\n\t\t\t\t\t<div class=\"info-box-inner\">\n\t\t\t\t\t\t<\/p>\n<h2>-120,860T CO2<\/h2>\n<\/p>\n<p>D\u00edky zelen\u00e9 energii<\/p>\n\t\t\t\t\t<\/div>\n\t\t\t\t<\/div>\n\t\t\t<\/div>\n\t\t[\/vc_column][\/vc_row][\/vc_section][vc_row full_width=&#8221;stretch_row&#8221; css=&#8221;.vc_custom_1694612155645{margin-top: 60px !important;margin-bottom: 45px !important;}&#8221;][vc_column width=&#8221;1\/2&#8243; el_class=&#8221;text-left&#8221;][vc_column_text css=&#8221;.vc_custom_1760606597905{margin-bottom: 30px !important;}&#8221; basel_color_scheme=&#8221;dark&#8221;]<\/p>\n<div class=\"dxGrid\">\n<div class=\"dxGrid8 Main1\">\n<div class=\"presented-response-container ng-tns-c4150723369-374\">\n<div class=\"response-container-content ng-tns-c4150723369-374\">\n<div class=\"response-content ng-trigger ng-trigger-responsePopulation ng-tns-c4150723369-374\">\n<div class=\"markdown markdown-main-panel ui-v2-enabled\" dir=\"ltr\">\n<p><strong>Udr\u017eiteln\u00e1 \u0159e\u0161en\u00ed, dlouhodob\u00e9 v\u00fdsledky: V\u00fdroba s ohledem na \u017eivotn\u00ed prost\u0159ed\u00ed<\/strong><\/p>\n<p>Ve skupin\u011b NTT si uv\u011bdomujeme d\u016fle\u017eitost minimalizace dopadu na \u017eivotn\u00ed prost\u0159ed\u00ed. Dosahujeme toho systematick\u00fdm zav\u00e1d\u011bn\u00edm udr\u017eiteln\u00fdch postup\u016f, kter\u00e9 up\u0159ednost\u0148uj\u00ed co nejni\u017e\u0161\u00ed ekologickou z\u00e1t\u011b\u017e. Tento z\u00e1vazek prostupuje celou na\u0161\u00ed \u010dinnost\u00ed \u2014 od n\u00e1kupu surovin a v\u00fdrobn\u00edch proces\u016f a\u017e po nakl\u00e1d\u00e1n\u00ed s odpady.<\/p>\n<p><strong>Ochrana zdroj\u016f:<\/strong> V\u011b\u0159\u00edme v odpov\u011bdn\u00e9 vyu\u017e\u00edv\u00e1n\u00ed zdroj\u016f. Od sni\u017eov\u00e1n\u00ed spot\u0159eby energie v na\u0161ich provozech a\u017e po optimalizaci vyu\u017eit\u00ed materi\u00e1lu pomoc\u00ed inovativn\u00edch v\u00fdrobn\u00edch metod \u2014 usilujeme o co nejmen\u0161\u00ed ekologickou stopu ve v\u0161ech oblastech.<\/p>\n<p><strong>Optimalizace odpadov\u00e9ho hospod\u00e1\u0159stv\u00ed:<\/strong> Jsme dlouhodob\u011b zam\u011b\u0159eni na minimalizaci odpadu a \u0159\u00edd\u00edme se hierarchi\u00ed nakl\u00e1d\u00e1n\u00ed s odpady. Up\u0159ednost\u0148ujeme prevenci, sni\u017eov\u00e1n\u00ed, op\u011btovn\u00e9 pou\u017eit\u00ed a recyklaci p\u0159ed samotnou likvidac\u00ed. Dosahujeme toho efektivn\u00edmi v\u00fdrobn\u00edmi procesy a spoluprac\u00ed s certifikovan\u00fdmi recykla\u010dn\u00edmi spole\u010dnostmi, kter\u00e9 zaji\u0161\u0165uj\u00ed odpov\u011bdn\u00e9 zpracov\u00e1n\u00ed nevyhnuteln\u00e9ho odpadu.<\/p>\n<p>Aktivn\u00edm p\u0159\u00edstupem k udr\u017eitelnosti chceme nejen sni\u017eovat n\u00e1\u0161 dopad na \u017eivotn\u00ed prost\u0159ed\u00ed, ale tak\u00e9 inspirovat k odpov\u011bdn\u00e9mu p\u0159\u00edstupu v cel\u00e9m odv\u011btv\u00ed. V\u011b\u0159\u00edme, \u017ee udr\u017eiteln\u00e1 \u0159e\u0161en\u00ed p\u0159in\u00e1\u0161ej\u00ed trval\u00e9 v\u00fdsledky a pom\u00e1haj\u00ed zajistit zdrav\u00e9 \u017eivotn\u00ed prost\u0159ed\u00ed pro budouc\u00ed generace.<\/p>\n<\/div>\n<p><\/div>\n<p><\/div>\n<p><\/div>\n<p><\/p>\n<h1 class=\"Normal\"><span style=\"color: #333333; font-family: Georgia, 'Times New Roman', 'Bitstream Charter', Times, serif; font-size: 16px;\">NTT Group je \u010dlenem syst\u00e9mu pro sb\u011br a recyklaci obal\u016f a pap\u00edru \u2013 <\/span><a style=\"font-family: Georgia, &#039;Times New Roman&#039;, &#039;Bitstream Charter&#039;, Times, serif; font-size: 16px;\" title=\"Packaging and Newspaper Collection Service\" href=\"http:\/\/www.ftiab.se\/257.html\" target=\"_blank\" rel=\"noopener\">Packaging and Newspaper Collection Service<\/a><span style=\"color: #333333; font-family: Georgia, 'Times New Roman', 'Bitstream Charter', Times, serif; font-size: 16px;\">.<\/span><\/h1>\n<p><\/div>\n<p><\/div>\n<p><\/p>\n<div class=\"Footer dxGrid16\"><\/div>\n<p>[\/vc_column_text][\/vc_column][vc_column width=&#8221;1\/2&#8243;][vc_single_image image=&#8221;15624&#8243; img_size=&#8221;medium&#8221; alignment=&#8221;center&#8221; css_animation=&#8221;bottom-to-top&#8221;][\/vc_column][\/vc_row][vc_row full_width=&#8221;stretch_row&#8221; css=&#8221;.vc_custom_1694611561590{margin-top: 40px !important;margin-bottom: 45px !important;background-color: #f9f9f9 !important;}&#8221;][vc_column width=&#8221;1\/2&#8243; el_class=&#8221;text-left&#8221;][vc_single_image image=&#8221;15618&#8243; img_size=&#8221;large&#8221; alignment=&#8221;center&#8221;][vc_column_text css=&#8221;.vc_custom_1760606609208{margin-bottom: 30px !important;}&#8221; basel_color_scheme=&#8221;dark&#8221;]<\/p>\n<div class=\"dxGrid\">\n<div class=\"dxGrid8 Main1\">\n<h2 class=\"\" data-sourcepos=\"1:1-1:41\">NTT Group: Poh\u00e1n\u011bno obnovitelnou energi\u00ed v Polsku<\/h2>\n<p data-sourcepos=\"3:1-3:16\">Jako hrd\u00fd l\u00eddr v oblasti udr\u017eiteln\u00e9 v\u00fdroby provozuje NTT Group sv\u016fj z\u00e1vod v Polsku v\u00fdhradn\u011b na obnovitelnou energii. Tento krok potvrzuje n\u00e1\u0161 z\u00e1vazek sni\u017eovat ekologickou stopu a p\u0159isp\u00edvat k ekologi\u010dt\u011bj\u0161\u00ed budoucnosti.<\/p>\n<\/div>\n<p><\/div>\n<p>&nbsp;[\/vc_column_text][\/vc_column][vc_column width=&#8221;1\/2&#8243;][vc_single_image image=&#8221;15575&#8243; img_size=&#8221;large&#8221; alignment=&#8221;center&#8221; css_animation=&#8221;bottom-to-top&#8221;][\/vc_column][\/vc_row]<\/p>\n<\/div>","protected":false},"excerpt":{"rendered":"<p>[vc_section full_width=&#8221;stretch_row&#8221; css=&#8221;.vc_custom_1542025240624{background-color: #f9f9f9 !important;}&#8221;][vc_row css=&#8221;.vc_custom_1542025031874{background-color: #f9f9f9 !important;}&#8221;][vc_column width=&#8221;1\/6&#8243;][\/vc_column][vc_column width=&#8221;2\/3&#8243;][vc_column_text] Udr\u017eitelnost &nbsp;[\/vc_column_text][vc_separator border_width=&#8221;2&#8243; css=&#8221;.vc_custom_1542025311822{margin-bottom: 20px !important;}&#8221;][\/vc_column][vc_column width=&#8221;1\/6&#8243;][\/vc_column][\/vc_row][vc_row css=&#8221;.vc_custom_1542025040822{background-color: #f9f9f9 !important;}&#8221;][vc_column<\/p>\n","protected":false},"author":3,"featured_media":0,"parent":0,"menu_order":0,"comment_status":"closed","ping_status":"closed","template":"","meta":{"footnotes":""},"class_list":["post-50488","page","type-page","status-publish","hentry"],"_links":{"self":[{"href":"https:\/\/nttgroup.com\/cs\/wp-json\/wp\/v2\/pages\/50488","targetHints":{"allow":["GET"]}}],"collection":[{"href":"https:\/\/nttgroup.com\/cs\/wp-json\/wp\/v2\/pages"}],"about":[{"href":"https:\/\/nttgroup.com\/cs\/wp-json\/wp\/v2\/types\/page"}],"author":[{"embeddable":true,"href":"https:\/\/nttgroup.com\/cs\/wp-json\/wp\/v2\/users\/3"}],"replies":[{"embeddable":true,"href":"https:\/\/nttgroup.com\/cs\/wp-json\/wp\/v2\/comments?post=50488"}],"version-history":[{"count":5,"href":"https:\/\/nttgroup.com\/cs\/wp-json\/wp\/v2\/pages\/50488\/revisions"}],"predecessor-version":[{"id":53083,"href":"https:\/\/nttgroup.com\/cs\/wp-json\/wp\/v2\/pages\/50488\/revisions\/53083"}],"wp:attachment":[{"href":"https:\/\/nttgroup.com\/cs\/wp-json\/wp\/v2\/media?parent=50488"}],"curies":[{"name":"wp","href":"https:\/\/api.w.org\/{rel}","templated":true}]}}