{"id":50741,"date":"2026-02-24T13:25:18","date_gmt":"2026-02-24T13:25:18","guid":{"rendered":"https:\/\/nttgroup.com\/nase-spolecnost-polsko\/"},"modified":"2026-02-24T13:25:19","modified_gmt":"2026-02-24T13:25:19","slug":"nase-spolecnost-polsko","status":"publish","type":"page","link":"https:\/\/nttgroup.com\/cs\/nase-spolecnost-polsko\/","title":{"rendered":"Na\u0161e spole\u010dnost \u2013 Polsko"},"content":{"rendered":"<div class=\"wpb-content-wrapper\"><p>[vc_row full_width=&#8221;stretch_row&#8221; css=&#8221;.vc_custom_1706224878405{margin-bottom: 60px !important;padding-top: 15% !important;padding-bottom: 10% !important;background-image: url(https:\/\/nttgroup.com\/wp-content\/uploads\/2017\/01\/MG_9894_1.jpg?id=15329) !important;background-position: center !important;background-repeat: no-repeat !important;background-size: cover !important;}&#8221;][vc_column][vc_custom_heading text=&#8221;<strong>\u0160v\u00e9dsk\u00fd z\u00e1\u017eitek<\/strong>&#8221; font_container=&#8221;tag:h1|font_size:68|text_align:center|color:%23ffffff|line_height:1&#8243; use_theme_fonts=&#8221;yes&#8221;][vc_custom_heading text=&#8221;Vyrobeno v Polsku&#8221; font_container=&#8221;tag:h1|font_size:68|text_align:center|color:%23ffffff|line_height:1&#8243; use_theme_fonts=&#8221;yes&#8221;][vc_column_text basel_color_scheme=&#8221;light&#8221;]<\/p>\n<p style=\"font-size: 18px; margin-bottom: 25px; color: rgba(255,255,255,0.9); text-align: center;\">NTT Group nab\u00edz\u00ed nej\u0161ir\u0161\u00ed sortiment v\u00fdrobk\u016f pro mechanick\u00e9 p\u0159enosy v\u00fdkonu.<br \/>\nDisponujeme jedn\u00edm z nejv\u011bt\u0161\u00edch strojn\u00edch park\u016f v severn\u00ed Evrop\u011b.<\/p>\n<p>[\/vc_column_text][\/vc_column][\/vc_row][vc_row css=&#8221;.vc_custom_1451575485367{margin-bottom: 65px !important;}&#8221;][vc_column width=&#8221;1\/2&#8243; css=&#8221;.vc_custom_1451389567526{padding-right: 40px !important;}&#8221;][vc_single_image image=&#8221;15595&#8243; img_size=&#8221;full&#8221; alignment=&#8221;center&#8221; css_animation=&#8221;left-to-right&#8221;][\/vc_column][vc_column width=&#8221;1\/2&#8243;][vc_column_text css=&#8221;.vc_custom_1760606733487{margin-bottom: 30px !important;}&#8221; basel_color_scheme=&#8221;dark&#8221;]<\/p>\n<p><\/p>\n<h1 style=\"margin-bottom: 15px;\"><strong>NEJ\u0160IR\u0160\u00cd SORTIMENT V\u00ddROBK\u016e PRO MECHANICK\u00c9 P\u0158ENOSY V\u00ddKONU<\/strong><\/h1>\n<p><\/p>\n<p class=\"Normal\">NTT Group je \u0161v\u00e9dsk\u00e1 spole\u010dnost p\u016fsob\u00edc\u00ed v Polsku, Norsku, D\u00e1nsku, N\u011bmecku a \u0160v\u00e9dsku. NTT Group je zna\u010dkou spole\u010dnosti Nordisk Transmissionsteknik AB.<\/p>\n<p><\/p>\n<p class=\"Normal\">Na\u0161e v\u00fdrobky jsou vyr\u00e1b\u011bny ve \u0160v\u00e9dsku a Polsku v na\u0161ich vlastn\u00edch z\u00e1vodech nebo jsou p\u0159\u00edmo dov\u00e1\u017eeny od dodavatel\u016f z Evropy a Asie.<\/p>\n<p><\/p>\n<p class=\"Normal\">Hlavn\u00ed s\u00eddlo, hlavn\u00ed v\u00fdrobn\u00ed z\u00e1vod a centr\u00e1ln\u00ed sklad se nach\u00e1zej\u00ed ve m\u011bst\u011b M\u00f6lndal, ji\u017en\u011b od G\u00f6teborgu (\u0160v\u00e9dsko). V\u00fdrobn\u00ed z\u00e1vody ve \u0160v\u00e9dsku m\u00e1me tak\u00e9 v Lingbo, S\u00f6derhamn, Vittsj\u00f6, Broby a Sv\u00e4ngsta a d\u00e1le v Hamburku (N\u011bmecko).<\/p>\n<p><\/p>\n<p class=\"Normal\">Z\u00e1kazn\u00edky skupiny NTT jsou pr\u016fmyslov\u00e9 podniky a spole\u010dnosti, p\u0159edev\u0161\u00edm z oblasti OEM (Original Equipment Manufacturer) a dodavatel\u00e9 \u00fadr\u017eby strojn\u00edch za\u0159\u00edzen\u00ed v severn\u00ed Evrop\u011b.<\/p>\n<p><\/p>\n<p class=\"Normal\"><strong>Z\u00e1kladn\u00ed informace o spole\u010dnosti<\/strong><\/p>\n<p><\/p>\n<ul class=\"dxUl\">\n<li>\n<p class=\"Normal\">Vlastn\u00edk: Soukrom\u00fd<\/p>\n<\/li>\n<li>\n<p class=\"Normal\">Celkov\u00fd obrat skupiny: 464 mil. SEK (2022)<\/p>\n<\/li>\n<li>\n<p class=\"Normal\">Rok zalo\u017een\u00ed: 1969<\/p>\n<\/li>\n<\/ul>\n<p><\/p>\n<p>[\/vc_column_text][\/vc_column][\/vc_row][vc_row full_width=&#8221;stretch_row&#8221; css=&#8221;.vc_custom_1694610989270{margin-bottom: 45px !important;padding-top: 50px !important;padding-bottom: 70px !important;background-image: url(https:\/\/nttgroup.com\/wp-content\/uploads\/2017\/01\/IMG_7916-Large-freshblue.jpeg?id=15602) !important;background-position: center !important;background-repeat: no-repeat !important;background-size: cover !important;}&#8221;][vc_column basel_color_scheme=&#8221;light&#8221;][vc_row_inner css=&#8221;.vc_custom_1450023659115{margin-bottom: 60px !important;}&#8221;][vc_column_inner][vc_custom_heading text=&#8221;<strong>KVALITA \u2013 V\u017dDY NEJVY\u0160\u0160\u00cd PRIORITA<\/strong>&#8221; font_container=&#8221;tag:h2|font_size:52|text_align:center|color:%23ffffff|line_height:1.4&#8243; use_theme_fonts=&#8221;yes&#8221; css=&#8221;.vc_custom_1494268022640{margin-bottom: 20px !important;}&#8221;][\/vc_column_inner][\/vc_row_inner][vc_row_inner css=&#8221;.vc_custom_1450023674178{margin-bottom: 0px !important;}&#8221;][vc_column_inner width=&#8221;1\/4&#8243; css=&#8221;.vc_custom_1438783347292{margin-bottom: 40px !important;}&#8221;][vc_icon type=&#8221;linecons&#8221; icon_linecons=&#8221;vc_li vc_li-world&#8221; color=&#8221;custom&#8221; background_style=&#8221;rounded-outline&#8221; background_color=&#8221;white&#8221; size=&#8221;lg&#8221; align=&#8221;center&#8221; css=&#8221;.vc_custom_1494268059583{margin-bottom: 20px !important;}&#8221; custom_color=&#8221;#ffffff&#8221;]\t\t\t<div class=\"basel-counter  counter-default\">\n\t\t\t\t<span class=\"counter-value\" data-state=\"new\" data-final=\"9\">9<\/span>\n\t\t\t\t\t\t\t\t\t<span class=\"counter-label\">PRODUCTION PLANTS IN SWEDEN POLAND GERMANY<\/span>\n\t\t\t\t\t\t\t<\/div>\n\n\t\t[\/vc_column_inner][vc_column_inner width=&#8221;1\/4&#8243; css=&#8221;.vc_custom_1438783353284{margin-bottom: 40px !important;}&#8221;][vc_icon type=&#8221;linecons&#8221; icon_linecons=&#8221;vc_li vc_li-tag&#8221; color=&#8221;custom&#8221; background_style=&#8221;rounded-outline&#8221; background_color=&#8221;white&#8221; size=&#8221;lg&#8221; align=&#8221;center&#8221; css=&#8221;.vc_custom_1494268094805{margin-bottom: 20px !important;}&#8221; custom_color=&#8221;#ffffff&#8221;]\t\t\t<div class=\"basel-counter  counter-default\">\n\t\t\t\t<span class=\"counter-value\" data-state=\"new\" data-final=\"45000\">45000<\/span>\n\t\t\t\t\t\t\t\t\t<span class=\"counter-label\">PRODUCTS IN STOCK<\/span>\n\t\t\t\t\t\t\t<\/div>\n\n\t\t[\/vc_column_inner][vc_column_inner width=&#8221;1\/4&#8243; css=&#8221;.vc_custom_1438783357796{margin-bottom: 40px !important;}&#8221;][vc_icon type=&#8221;linecons&#8221; icon_linecons=&#8221;vc_li vc_li-settings&#8221; color=&#8221;custom&#8221; background_style=&#8221;rounded-outline&#8221; background_color=&#8221;white&#8221; size=&#8221;lg&#8221; align=&#8221;center&#8221; css=&#8221;.vc_custom_1450023589607{margin-bottom: 20px !important;}&#8221; custom_color=&#8221;#ffffff&#8221;]\t\t\t<div class=\"basel-counter  counter-default\">\n\t\t\t\t<span class=\"counter-value\" data-state=\"new\" data-final=\"100\">100<\/span>\n\t\t\t\t\t\t\t\t\t<span class=\"counter-label\">HIGH QUALITY MACHINES<\/span>\n\t\t\t\t\t\t\t<\/div>\n\n\t\t[\/vc_column_inner][vc_column_inner width=&#8221;1\/4&#8243; css=&#8221;.vc_custom_1438783362371{margin-bottom: 40px !important;}&#8221;][vc_icon type=&#8221;linecons&#8221; icon_linecons=&#8221;vc_li vc_li-user&#8221; color=&#8221;custom&#8221; background_style=&#8221;rounded-outline&#8221; background_color=&#8221;white&#8221; size=&#8221;lg&#8221; align=&#8221;center&#8221; css=&#8221;.vc_custom_1494268124889{margin-bottom: 20px !important;}&#8221; custom_color=&#8221;#ffffff&#8221;]\t\t\t<div class=\"basel-counter  counter-default\">\n\t\t\t\t<span class=\"counter-value\" data-state=\"new\" data-final=\"200\">200<\/span>\n\t\t\t\t\t\t\t\t\t<span class=\"counter-label\">PASSIONATE EMPLOYEES<\/span>\n\t\t\t\t\t\t\t<\/div>\n\n\t\t[\/vc_column_inner][\/vc_row_inner][\/vc_column][\/vc_row][vc_row content_placement=&#8221;middle&#8221; css=&#8221;.vc_custom_1451577043146{margin-bottom: 0px !important;}&#8221;][vc_column width=&#8221;1\/2&#8243; css=&#8221;.vc_custom_1438784954834{margin-bottom: 40px !important;}&#8221;][vc_column_text css=&#8221;&#8221; basel_color_scheme=&#8221;dark&#8221;]<\/p>\n<p><\/p>\n<h2><strong>SPOLE\u010cNOSTI SKUPINY NTT<\/strong><\/h2>\n<p><\/p>\n<p class=\"Normal\">M\u00f6lndals Industriprodukter AB (Sweden)<\/p>\n<p><\/p>\n<p class=\"Normal\">NTT Poland Sp. z o.o. (Poland)<\/p>\n<p><\/p>\n<p class=\"Normal\">NTT Germany&nbsp;GmbH (Germany)<\/p>\n<p><\/p>\n<p class=\"Normal\">M\u00f6lndals Industriprodukter Norge AS (Norway)<\/p>\n<p><\/p>\n<p class=\"Normal\">M\u00f6lndals Industriprodukter A\/S (Denmark)<\/p>\n<p><\/p>\n<p class=\"Normal\">Kedjeexperten i Lingbo AB (Sweden)<\/p>\n<p><\/p>\n<p class=\"Normal\">Svenska Transmissionsprodukter AB (Sweden)<\/p>\n<p><\/p>\n<p class=\"Normal\">Conveyorteknik Sweden AB (Sweden)<\/p>\n<p><\/p>\n<p class=\"Normal\">Vittsj\u00f6 Mekaniska Verkstads AB (Sweden)<\/p>\n<p><\/p>\n<p class=\"Normal\">Sandarne Legomekan AB (Sweden)<\/p>\n<p><\/p>\n<p class=\"Normal\">SKS Nylund AB (Sweden)<\/p>\n<p><\/p>\n<p class=\"Normal\">Transtech i Borl\u00e4nge AB (Sweden)<\/p>\n<p><\/p>\n<p class=\"Normal\">NTT Finland OY (Finland)<\/p>\n<p><\/p>\n<p>[\/vc_column_text][\/vc_column][vc_column width=&#8221;1\/2&#8243; css=&#8221;.vc_custom_1438784968106{margin-bottom: 40px !important;}&#8221;][vc_single_image image=&#8221;15580&#8243; img_size=&#8221;600&#215;600&#8243; alignment=&#8221;center&#8221; css_animation=&#8221;right-to-left&#8221;][\/vc_column][\/vc_row]<\/p>\n<\/div>","protected":false},"excerpt":{"rendered":"<p>[vc_row full_width=&#8221;stretch_row&#8221; css=&#8221;.vc_custom_1706224878405{margin-bottom: 60px !important;padding-top: 15% !important;padding-bottom: 10% !important;background-image: url(https:\/\/nttgroup.com\/wp-content\/uploads\/2017\/01\/MG_9894_1.jpg?id=15329) !important;background-position: center !important;background-repeat: no-repeat !important;background-size: cover !important;}&#8221;][vc_column][vc_custom_heading text=&#8221;\u0160v\u00e9dsk\u00fd z\u00e1\u017eitek&#8221; font_container=&#8221;tag:h1|font_size:68|text_align:center|color:%23ffffff|line_height:1&#8243;<\/p>\n","protected":false},"author":3,"featured_media":0,"parent":0,"menu_order":0,"comment_status":"closed","ping_status":"closed","template":"","meta":{"footnotes":""},"class_list":["post-50741","page","type-page","status-publish","hentry"],"_links":{"self":[{"href":"https:\/\/nttgroup.com\/cs\/wp-json\/wp\/v2\/pages\/50741","targetHints":{"allow":["GET"]}}],"collection":[{"href":"https:\/\/nttgroup.com\/cs\/wp-json\/wp\/v2\/pages"}],"about":[{"href":"https:\/\/nttgroup.com\/cs\/wp-json\/wp\/v2\/types\/page"}],"author":[{"embeddable":true,"href":"https:\/\/nttgroup.com\/cs\/wp-json\/wp\/v2\/users\/3"}],"replies":[{"embeddable":true,"href":"https:\/\/nttgroup.com\/cs\/wp-json\/wp\/v2\/comments?post=50741"}],"version-history":[{"count":2,"href":"https:\/\/nttgroup.com\/cs\/wp-json\/wp\/v2\/pages\/50741\/revisions"}],"predecessor-version":[{"id":50753,"href":"https:\/\/nttgroup.com\/cs\/wp-json\/wp\/v2\/pages\/50741\/revisions\/50753"}],"wp:attachment":[{"href":"https:\/\/nttgroup.com\/cs\/wp-json\/wp\/v2\/media?parent=50741"}],"curies":[{"name":"wp","href":"https:\/\/api.w.org\/{rel}","templated":true}]}}