{"id":50756,"date":"2026-02-24T13:37:16","date_gmt":"2026-02-24T13:37:16","guid":{"rendered":"https:\/\/nttgroup.com\/ntt-finland-oy\/"},"modified":"2026-02-24T13:37:25","modified_gmt":"2026-02-24T13:37:25","slug":"ntt-finland-oy","status":"publish","type":"page","link":"https:\/\/nttgroup.com\/cs\/ntt-finland-oy\/","title":{"rendered":"NTT Finland OY"},"content":{"rendered":"<div class=\"wpb-content-wrapper\"><p>[vc_section full_width=&#8221;stretch_row&#8221; css=&#8221;.vc_custom_1542025240624{background-color: #f9f9f9 !important;}&#8221;][vc_row css=&#8221;.vc_custom_1542025031874{background-color: #f9f9f9 !important;}&#8221;][vc_column width=&#8221;1\/6&#8243;][\/vc_column][vc_column width=&#8221;2\/3&#8243;][vc_column_text]<\/p>\n<p><\/p>\n<h4 style=\"font-size: 42px; text-align: center;\">NTT Finland <\/h4>\n<p><\/p>\n<p>[\/vc_column_text][vc_separator border_width=&#8221;2&#8243; css=&#8221;.vc_custom_1542025311822{margin-bottom: 20px !important;}&#8221;][\/vc_column][vc_column width=&#8221;1\/6&#8243;][\/vc_column][\/vc_row][vc_row css=&#8221;.vc_custom_1694629314441{margin-top: 20px !important;background-color: #f9f9f9 !important;}&#8221;][vc_column width=&#8221;1\/3&#8243;]\t\t\t<div class=\" basel-info-box text-center icon-alignment-top box-style-base color-scheme-dark  with-animation \" onclick=\"\">\n\t\t\t\t\t\t\t\t<div class=\"info-box-content\">\n\t\t\t\t\t<div class=\"info-box-inner\">\n\t\t\t\t\t\t<\/p>\n<h2>Zalo\u017een\u00ed<\/h2>\n<\/p>\n<p>Od roku 2023 p\u016fsob\u00edme na finsk\u00e9m trhu<\/p>\n\t\t\t\t\t<\/div>\n\t\t\t\t<\/div>\n\t\t\t<\/div>\n\t\t[\/vc_column][vc_column width=&#8221;1\/3&#8243;]\t\t\t<div class=\" basel-info-box text-center icon-alignment-top box-style-base color-scheme-dark  with-animation \" onclick=\"\">\n\t\t\t\t\t\t\t\t<div class=\"info-box-content\">\n\t\t\t\t\t<div class=\"info-box-inner\">\n\t\t\t\t\t\t<\/p>\n<h2>Zku\u0161enosti<\/h2>\n<\/p>\n<p>Zku\u0161en\u00ed a technicky kvalifikovan\u00ed zam\u011bstnanci.<\/p>\n<\/p>\n<h3 class=\"LC20lb\"><\/h3>\n<\/p>\n<p>\n\t\t\t\t\t<\/div>\n\t\t\t\t<\/div>\n\t\t\t<\/div>\n\t\t[\/vc_column][vc_column width=&#8221;1\/3&#8243;]\t\t\t<div class=\" basel-info-box text-center icon-alignment-top box-style-base color-scheme-dark  with-animation \" onclick=\"\">\n\t\t\t\t\t\t\t\t<div class=\"info-box-content\">\n\t\t\t\t\t<div class=\"info-box-inner\">\n\t\t\t\t\t\t<\/p>\n<h2>Sklad<\/h2>\n<\/p>\n<p>Standardn\u00ed polo\u017eky p\u0159ipraven\u00e9 k dod\u00e1n\u00ed do 24 hodin v r\u00e1mci Finska.<\/p>\n\t\t\t\t\t<\/div>\n\t\t\t\t<\/div>\n\t\t\t<\/div>\n\t\t[\/vc_column][\/vc_row][\/vc_section][vc_row full_width=&#8221;stretch_row&#8221; content_placement=&#8221;middle&#8221; css=&#8221;.vc_custom_1694629960488{margin-top: 40px !important;margin-bottom: -10px !important;}&#8221;][vc_column width=&#8221;1\/2&#8243; css=&#8221;.vc_custom_1438784954834{margin-bottom: 40px !important;}&#8221;][vc_column_text css=&#8221;&#8221; basel_color_scheme=&#8221;dark&#8221;]<\/p>\n<h1 style=\"font-weight: 400;\"><strong>TECHNICKY KVALIFIKOVAN\u00dd T\u00ddM<\/strong><\/h1>\n<p><\/p>\n<p style=\"font-weight: 400;\">NTT Finland Oy byla zalo\u017eena na ja\u0159e roku 2023 z iniciativy majitele spole\u010dnosti s c\u00edlem roz\u0161\u00ed\u0159it podnik\u00e1n\u00ed tak\u00e9 do Finska.<\/p>\n<p><\/p>\n<p style=\"font-weight: 400;\">K realizaci tohoto c\u00edle byl sestaven t\u00fdm p\u011bti zku\u0161en\u00fdch odborn\u00edk\u016f na mechanick\u00e9 p\u0159enosy v\u00fdkonu s celkovou prax\u00ed p\u0159esahuj\u00edc\u00ed 120 let.<\/p>\n<p><\/p>\n<p style=\"font-weight: 400;\">Krom\u011b standardn\u00edch komponent\u016f vyr\u00e1b\u00edme tak\u00e9 produkty podle v\u00fdkresov\u00e9 dokumentace z\u00e1kazn\u00edka v na\u0161ich z\u00e1vodech ve \u0160v\u00e9dsku a Polsku. D\u00edky tomu garantujeme vysokou kvalitu, konkurenceschopn\u00e9 ceny a kr\u00e1tk\u00e9 dodac\u00ed lh\u016fty i u n\u00e1ro\u010dn\u00fdch ozuben\u00fdch v\u00fdrobk\u016f..<\/p>\n<p><\/p>\n<p style=\"font-weight: 400;\">Na\u0161\u00edm c\u00edlem je poskytovat slu\u017eby jak mal\u00fdm, tak velk\u00fdm z\u00e1kazn\u00edk\u016fm \u2013 pro mal\u00e9 i velk\u00e9 ozuben\u00ed.<\/p>\n<p>&nbsp;[\/vc_column_text][\/vc_column][vc_column width=&#8221;1\/2&#8243; css=&#8221;.vc_custom_1438784968106{margin-bottom: 40px !important;}&#8221;][vc_single_image image=&#8221;15323&#8243; img_size=&#8221;large&#8221; alignment=&#8221;center&#8221; css_animation=&#8221;right-to-left&#8221;][\/vc_column][\/vc_row][vc_row full_width=&#8221;stretch_row&#8221; css=&#8221;.vc_custom_1694629949184{margin-top: 40px !important;margin-bottom: 20px !important;background-color: #f9f9f9 !important;}&#8221;][vc_column width=&#8221;1\/3&#8243; el_class=&#8221;text-right&#8221;][vc_column_text css=&#8221;.vc_custom_1760606811121{margin-bottom: 30px !important;}&#8221; basel_color_scheme=&#8221;dark&#8221;]<\/p>\n<h5><strong style=\"color: #1b1919; font-family: Karla, Arial, Helvetica, sans-serif;\">PODPORA KONSTRUKCE<\/strong><\/h5>\n<p><\/p>\n<h5 style=\"margin-bottom: 10px;\"><\/h5>\n<p>Nab\u00edz\u00edme podporu va\u0161emu konstruk\u010dn\u00edmu t\u00fdmu p\u0159i v\u00fdb\u011bru nejvhodn\u011bj\u0161\u00edch komponent\u016f.[\/vc_column_text][vc_column_text css=&#8221;.vc_custom_1760606817259{margin-bottom: 30px !important;}&#8221; basel_color_scheme=&#8221;dark&#8221;]<\/p>\n<h5><strong style=\"color: #1b1919; font-family: Karla, Arial, Helvetica, sans-serif;\">ZAM\u011a\u0158EN\u00cd NA Z\u00c1KAZN\u00cdKA<\/strong><\/h5>\n<p><\/p>\n<h5 style=\"margin-bottom: 10px;\"><\/h5>\n<p>Zp\u011btn\u00e1 vazba od z\u00e1kazn\u00edk\u016f je kl\u00ed\u010dov\u00fdm faktorem na\u0161\u00ed ka\u017edodenn\u00ed pr\u00e1ce.[\/vc_column_text][vc_column_text css=&#8221;.vc_custom_1760606823323{margin-bottom: 30px !important;}&#8221; basel_color_scheme=&#8221;dark&#8221;]<\/p>\n<h5><strong style=\"color: #1b1919; font-family: Karla, Arial, Helvetica, sans-serif;\">MAL\u00c9 \/ VELK\u00c9 ROZM\u011aRY<\/strong><\/h5>\n<p><\/p>\n<h5 style=\"margin-bottom: 10px;\"><\/h5>\n<p>Jsme schopni dod\u00e1vat komponenty jak v mal\u00fdch prototypov\u00fdch s\u00e9ri\u00edch, tak i ve velk\u00fdch ro\u010dn\u00edch objemech.[\/vc_column_text][\/vc_column][vc_column width=&#8221;1\/3&#8243;][vc_single_image image=&#8221;15647&#8243; img_size=&#8221;full&#8221; alignment=&#8221;center&#8221; css_animation=&#8221;bottom-to-top&#8221;][\/vc_column][vc_column width=&#8221;1\/3&#8243;][vc_column_text css=&#8221;.vc_custom_1760606831608{margin-bottom: 30px !important;}&#8221; basel_color_scheme=&#8221;dark&#8221;]<\/p>\n<h5>OEM TRH<\/h5>\n<p><\/p>\n<h5 style=\"margin-bottom: 10px;\"><\/h5>\n<p>Podporujeme z\u00e1kazn\u00edky dod\u00e1vkami d\u00edl\u016f pod jejich vlastn\u00ed zna\u010dkou z na\u0161ich evropsk\u00fdch v\u00fdrobn\u00edch z\u00e1vod\u016f.[\/vc_column_text][vc_column_text css=&#8221;.vc_custom_1760606839940{margin-bottom: 30px !important;}&#8221; basel_color_scheme=&#8221;dark&#8221;]<\/p>\n<h5>SPECI\u00c1LN\u00cd BALEN\u00cd<\/h5>\n<p><\/p>\n<h5 style=\"margin-bottom: 10px;\"><\/h5>\n<p>D\u00edly mohou b\u00fdt baleny podle specifikace z\u00e1kazn\u00edka v\u010detn\u011b ozna\u010den\u00ed atd.[\/vc_column_text][vc_column_text css=&#8221;.vc_custom_1760606849073{margin-bottom: 30px !important;}&#8221; basel_color_scheme=&#8221;dark&#8221;]<\/p>\n<p><\/p>\n<h5><strong style=\"color: #1b1919; font-family: Karla, Arial, Helvetica, sans-serif;\">MONT\u00c1\u017d<\/strong><\/h5>\n<p><\/p>\n<h5 style=\"margin-bottom: 10px;\"><\/h5>\n<p><\/p>\n<p>Mont\u00e1\u017e na\u0161ich d\u00edl\u016f spole\u010dn\u011b s va\u0161imi komponenty nebo komponenty t\u0159et\u00edch stran je mo\u017en\u00e1 v na\u0161ich z\u00e1vodech.[\/vc_column_text][\/vc_column][\/vc_row]<\/p>\n<\/div>","protected":false},"excerpt":{"rendered":"<p>[vc_section full_width=&#8221;stretch_row&#8221; css=&#8221;.vc_custom_1542025240624{background-color: #f9f9f9 !important;}&#8221;][vc_row css=&#8221;.vc_custom_1542025031874{background-color: #f9f9f9 !important;}&#8221;][vc_column width=&#8221;1\/6&#8243;][\/vc_column][vc_column width=&#8221;2\/3&#8243;][vc_column_text] NTT Finland [\/vc_column_text][vc_separator border_width=&#8221;2&#8243; css=&#8221;.vc_custom_1542025311822{margin-bottom: 20px !important;}&#8221;][\/vc_column][vc_column width=&#8221;1\/6&#8243;][\/vc_column][\/vc_row][vc_row css=&#8221;.vc_custom_1694629314441{margin-top: 20px<\/p>\n","protected":false},"author":3,"featured_media":0,"parent":0,"menu_order":0,"comment_status":"closed","ping_status":"closed","template":"","meta":{"footnotes":""},"class_list":["post-50756","page","type-page","status-publish","hentry"],"_links":{"self":[{"href":"https:\/\/nttgroup.com\/cs\/wp-json\/wp\/v2\/pages\/50756","targetHints":{"allow":["GET"]}}],"collection":[{"href":"https:\/\/nttgroup.com\/cs\/wp-json\/wp\/v2\/pages"}],"about":[{"href":"https:\/\/nttgroup.com\/cs\/wp-json\/wp\/v2\/types\/page"}],"author":[{"embeddable":true,"href":"https:\/\/nttgroup.com\/cs\/wp-json\/wp\/v2\/users\/3"}],"replies":[{"embeddable":true,"href":"https:\/\/nttgroup.com\/cs\/wp-json\/wp\/v2\/comments?post=50756"}],"version-history":[{"count":5,"href":"https:\/\/nttgroup.com\/cs\/wp-json\/wp\/v2\/pages\/50756\/revisions"}],"predecessor-version":[{"id":50786,"href":"https:\/\/nttgroup.com\/cs\/wp-json\/wp\/v2\/pages\/50756\/revisions\/50786"}],"wp:attachment":[{"href":"https:\/\/nttgroup.com\/cs\/wp-json\/wp\/v2\/media?parent=50756"}],"curies":[{"name":"wp","href":"https:\/\/api.w.org\/{rel}","templated":true}]}}