{"id":50789,"date":"2026-02-24T14:10:54","date_gmt":"2026-02-24T14:10:54","guid":{"rendered":"https:\/\/nttgroup.com\/remenice-pro-ozubene-remeny\/"},"modified":"2026-02-24T14:12:43","modified_gmt":"2026-02-24T14:12:43","slug":"remenice-pro-ozubene-remeny","status":"publish","type":"page","link":"https:\/\/nttgroup.com\/cs\/remenice-pro-ozubene-remeny\/","title":{"rendered":"\u0158emenice pro ozuben\u00e9  \u0159emeny"},"content":{"rendered":"<div class=\"wpb-content-wrapper\"><p>[vc_section full_width=&#8221;stretch_row&#8221; css=&#8221;.vc_custom_1542025240624{background-color: #f9f9f9 !important;}&#8221;][vc_row css=&#8221;.vc_custom_1542025031874{background-color: #f9f9f9 !important;}&#8221;][vc_column width=&#8221;1\/6&#8243;][\/vc_column][vc_column width=&#8221;2\/3&#8243;][vc_column_text]<\/p>\n<h4 style=\"font-size: 42px; text-align: center;\"><span class=\"color-primary\">\u0158emenice pro ozuben\u00e9 \u0159emeny \u2013 trap\u00e9zov\u00e9 profily<\/span><\/h4>\n<p>\n[\/vc_column_text][vc_separator border_width=&#8221;2&#8243; css=&#8221;.vc_custom_1542025311822{margin-bottom: 20px !important;}&#8221;][\/vc_column][vc_column width=&#8221;1\/6&#8243;][\/vc_column][\/vc_row][vc_row css=&#8221;.vc_custom_1574279340389{background-color: #f9f9f9 !important;}&#8221;][vc_column width=&#8221;1\/4&#8243;][vc_column_text css=&#8221;.vc_custom_1606234308607{padding-right: 30px !important;padding-left: 30px !important;}&#8221;]<\/p>\n<h5>Standardn\u00ed profily T<\/h5>\n<p><\/p>\n<ul>\n<li>T2.5<\/li>\n<li>T5<\/li>\n<li>T10<\/li>\n<li>T20<\/li>\n<\/ul>\n<p><\/p>\n<h5>Zero\u00a0&amp; reduced gap T profily<\/h5>\n<p><\/p>\n<ul>\n<li>T5-SE \/ T5-0<\/li>\n<li>T10-SE \/ T10-0<\/li>\n<\/ul>\n<p>\n[\/vc_column_text][\/vc_column][vc_column width=&#8221;1\/4&#8243;][vc_column_text css=&#8221;.vc_custom_1606234419537{padding-right: 30px !important;padding-left: 30px !important;}&#8221;]<\/p>\n<h5>Standardn\u00ed profily AT<\/h5>\n<p><\/p>\n<ul>\n<li>AT3<\/li>\n<li>AT5<\/li>\n<li>AT10<\/li>\n<li>AT20<\/li>\n<\/ul>\n<p><\/p>\n<h5>Zero &amp; reduced gap\u00a0AT profily<\/h5>\n<p><\/p>\n<ul>\n<li>AT5-SE \/ AT5-0<\/li>\n<li>AT10-SE \/ AT10-0<\/li>\n<\/ul>\n<p>\n[\/vc_column_text][\/vc_column][vc_column width=&#8221;1\/4&#8243;][vc_column_text css=&#8221;.vc_custom_1606234583183{padding-right: 30px !important;padding-left: 30px !important;}&#8221;]<\/p>\n<h5>Inch profily<\/h5>\n<p><\/p>\n<ul>\n<li>MXL (2\/25&#8243;)<\/li>\n<li>XL (1\/5&#8243;)<\/li>\n<li>L (3\/8&#8243;)<\/li>\n<li>H (1\/2&#8243;)<\/li>\n<li>XH (7\/8&#8243;)<\/li>\n<li>XXH (1 1\/4&#8243;)<\/li>\n<\/ul>\n<p>\n[\/vc_column_text][\/vc_column][vc_column width=&#8221;1\/4&#8243;][vc_single_image image=&#8221;15049&#8243; img_size=&#8221;medium&#8221; alignment=&#8221;center&#8221;][\/vc_column][\/vc_row][vc_row][\/vc_row][vc_row][\/vc_row][vc_row][vc_column][vc_column_text][\/vc_column_text][\/vc_column][\/vc_row][\/vc_section][vc_section full_width=&#8221;stretch_row&#8221; css=&#8221;.vc_custom_1574279620863{background-color: #ffffff !important;}&#8221;][vc_row][vc_column width=&#8221;1\/6&#8243;][\/vc_column][vc_column width=&#8221;2\/3&#8243;][vc_column_text]<\/p>\n<h4 style=\"font-size: 42px; text-align: center;\"><span class=\"color-primary\">Standard &amp; High Torque Drive<\/span><\/h4>\n<p>\n[\/vc_column_text][vc_separator border_width=&#8221;2&#8243; css=&#8221;.vc_custom_1542025311822{margin-bottom: 20px !important;}&#8221;][\/vc_column][vc_column width=&#8221;1\/6&#8243;][\/vc_column][\/vc_row][vc_row css=&#8221;.vc_custom_1574279649825{background-color: #ffffff !important;}&#8221;][vc_column width=&#8221;1\/4&#8243;][vc_single_image image=&#8221;15052&#8243; img_size=&#8221;medium&#8221; alignment=&#8221;center&#8221;][\/vc_column][vc_column width=&#8221;1\/4&#8243;][vc_column_text css=&#8221;.vc_custom_1606235998783{padding-right: 30px !important;padding-left: 30px !important;}&#8221;]<\/p>\n<h5>HTD<\/h5>\n<p><\/p>\n<ul>\n<li>3M HTD<\/li>\n<li>5M HTD<\/li>\n<li>8M HTD<\/li>\n<li>14M HTD<\/li>\n<li>20M HTD<\/li>\n<\/ul>\n<p><\/p>\n<h5>RPP<\/h5>\n<p><\/p>\n<ul>\n<li>5M\u00a0RPP<\/li>\n<li>8M\u00a0RPP<\/li>\n<li>14M\u00a0RPP<\/li>\n<li>20M\u00a0RPP<\/li>\n<\/ul>\n<p><\/p>\n<h5>CTD<\/h5>\n<p><\/p>\n<ul>\n<li>C8M\u00a0CTD<\/li>\n<li>C14M\u00a0CTD<\/li>\n<\/ul>\n<p>\n[\/vc_column_text][\/vc_column][vc_column width=&#8221;1\/4&#8243;][vc_column_text css=&#8221;.vc_custom_1606236683159{padding-right: 30px !important;padding-left: 30px !important;}&#8221;]<\/p>\n<h5>Gates Polychain GT\u00ae<\/h5>\n<p><\/p>\n<ul>\n<li>5M PCGT<\/li>\n<li>8M PCGT<\/li>\n<li>14M PCGT<\/li>\n<li>14M PCGT HTD<\/li>\n<\/ul>\n<p><\/p>\n<h5>Gates Polychain GT2\u00ae<\/h5>\n<p><\/p>\n<ul>\n<li>8M PCGT2<\/li>\n<li>14M PCGT2<\/li>\n<\/ul>\n<p><\/p>\n<h5>Gates PowerGrip GT2\u00ae<\/h5>\n<p><\/p>\n<ul>\n<li>2MR \/ PGGT2<\/li>\n<li>3MR \/ PGGT2<\/li>\n<li>5MR \/ PGGT2<\/li>\n<li>8M \/ PGGT2<\/li>\n<li>14M \/ PGGT2<\/li>\n<li>20M \/ PGGT2<\/li>\n<\/ul>\n<p>\n[\/vc_column_text][\/vc_column][vc_column width=&#8221;1\/4&#8243;][vc_column_text css=&#8221;.vc_custom_1606236874480{padding-right: 30px !important;padding-left: 30px !important;}&#8221;]<\/p>\n<h5>STD<\/h5>\n<p><\/p>\n<ul>\n<li>S2M<\/li>\n<li>S3M<\/li>\n<li>S4.5M<\/li>\n<li>S5M<\/li>\n<li>S8M<\/li>\n<li>S14M<\/li>\n<\/ul>\n<p><\/p>\n<h5>Nap\u00ednac\u00ed \/ vodic\u00ed kladky<\/h5>\n<p><\/p>\n<ul>\n<li>na vy\u017e\u00e1d\u00e1n\u00ed<\/li>\n<\/ul>\n<p><\/p>\n<h6><\/h6>\n<p><\/p>\n<h6>HTD &#8211; Hight Torque Drive<\/h6>\n<p><\/p>\n<h6>STD\u00a0&#8211; Super\u00a0Torque Drive<\/h6>\n<p><\/p>\n<h6>CTD &#8211; Conti Torque Drive (ContiTech\u00ae)<\/h6>\n<p><\/p>\n<h6>RPP\u00a0&#8211;\u00a0Reinforced Parabolic Profile<\/h6>\n<p>\n[\/vc_column_text][\/vc_column][\/vc_row][\/vc_section][vc_section full_width=&#8221;stretch_row&#8221; css=&#8221;.vc_custom_1542025240624{background-color: #f9f9f9 !important;}&#8221;][vc_row css=&#8221;.vc_custom_1542025031874{background-color: #f9f9f9 !important;}&#8221;][vc_column width=&#8221;1\/6&#8243;][\/vc_column][vc_column width=&#8221;2\/3&#8243;][vc_column_text]<\/p>\n<h4 style=\"font-size: 42px; text-align: center;\"><span class=\"color-primary\">V\u00fdroba na zak\u00e1zku<\/span><\/h4>\n<p>\n[\/vc_column_text][vc_separator border_width=&#8221;2&#8243; css=&#8221;.vc_custom_1542025311822{margin-bottom: 20px !important;}&#8221;][\/vc_column][vc_column width=&#8221;1\/6&#8243;][\/vc_column][\/vc_row][vc_row css=&#8221;.vc_custom_1574279340389{background-color: #f9f9f9 !important;}&#8221;][vc_column width=&#8221;1\/4&#8243;][vc_column_text css=&#8221;.vc_custom_1606239289341{padding-right: 30px !important;padding-left: 30px !important;}&#8221;]<\/p>\n<h5>Materi\u00e1ly<\/h5>\n<p><\/p>\n<ul>\n<li>hlin\u00edk<\/li>\n<li>legovan\u00e1 a uhl\u00edkov\u00e1 ocel (C45, 42CrMo4, 34CrNiMo6)<\/li>\n<li>nerezov\u00e1 ocel (304, 316L, AISI 420)<\/li>\n<li>plast (POM, PET, PA6G, PA6.6, PA12G, Nylon, Delrin)<\/li>\n<\/ul>\n<p><\/p>\n<h5>Povrchov\u00e9 \u00fapravy<\/h5>\n<p><\/p>\n<ul>\n<li>zinkov\u00e1n\u00ed b\u00edl\u00e9\/modr\u00e9, \u017elut\u00e9<\/li>\n<li>eloxov\u00e1n\u00ed, tvrd\u00e9 eloxov\u00e1n\u00ed<\/li>\n<li>zinkov\u00fd povlak<\/li>\n<li>\u010dern\u011bn\u00ed<\/li>\n<\/ul>\n<p>[\/vc_column_text][\/vc_column][vc_column width=&#8221;1\/4&#8243;][vc_column_text css=&#8221;.vc_custom_1606238246444{padding-right: 30px !important;padding-left: 30px !important;}&#8221;]<\/p>\n<h5>Ultra Durable Series -Extra dlouh\u00e1 \u017eivotnost<\/h5>\n<p><\/p>\n<ul>\n<li>ocel + tvrzen\u00e1 vrstva a\u017e do 1000 HV<\/li>\n<li>hlin\u00edk + tvrd\u00e9 eloxov\u00e1n\u00ed<\/li>\n<\/ul>\n<p>\n[\/vc_column_text][\/vc_column][vc_column width=&#8221;1\/4&#8243;][vc_column_text css=&#8221;.vc_custom_1606238427097{padding-right: 30px !important;padding-left: 30px !important;}&#8221;]<\/p>\n<h5>Speci\u00e1ln\u00ed proveden\u00ed<\/h5>\n<p><\/p>\n<ul>\n<li>otvor + dr\u00e1\u017eka pro pero<\/li>\n<li>otvory pro lo\u017eiskov\u00e9 ulo\u017een\u00ed (nap\u00ednac\u00ed kladky)<\/li>\n<li>d\u011blen\u00e1 \u0159emenice<\/li>\n<li>odleh\u010dovac\u00ed otvory<\/li>\n<li>v\u00edcen\u00e1sobn\u00e9 proveden\u00ed pro v\u00edce \u0159emen\u016f<\/li>\n<li>samost\u0159edic\u00ed dr\u00e1\u017eka<\/li>\n<li>h\u0159\u00eddelov\u00e9 proveden\u00ed<\/li>\n<li>ku\u017eelov\u00fd otvor Taper Lock<\/li>\n<li>ultralehk\u00e1 konstrukce<\/li>\n<\/ul>\n<p>\n[\/vc_column_text][\/vc_column][vc_column width=&#8221;1\/4&#8243;][vc_single_image image=&#8221;15056&#8243; img_size=&#8221;medium&#8221; alignment=&#8221;center&#8221;][\/vc_column][\/vc_row][\/vc_section]<\/p>\n<\/div>","protected":false},"excerpt":{"rendered":"<p>[vc_section full_width=&#8221;stretch_row&#8221; css=&#8221;.vc_custom_1542025240624{background-color: #f9f9f9 !important;}&#8221;][vc_row css=&#8221;.vc_custom_1542025031874{background-color: #f9f9f9 !important;}&#8221;][vc_column width=&#8221;1\/6&#8243;][\/vc_column][vc_column width=&#8221;2\/3&#8243;][vc_column_text] \u0158emenice pro ozuben\u00e9 \u0159emeny \u2013 trap\u00e9zov\u00e9 profily [\/vc_column_text][vc_separator border_width=&#8221;2&#8243; css=&#8221;.vc_custom_1542025311822{margin-bottom:<\/p>\n","protected":false},"author":3,"featured_media":0,"parent":0,"menu_order":0,"comment_status":"closed","ping_status":"open","template":"","meta":{"footnotes":""},"class_list":["post-50789","page","type-page","status-publish","hentry"],"_links":{"self":[{"href":"https:\/\/nttgroup.com\/cs\/wp-json\/wp\/v2\/pages\/50789","targetHints":{"allow":["GET"]}}],"collection":[{"href":"https:\/\/nttgroup.com\/cs\/wp-json\/wp\/v2\/pages"}],"about":[{"href":"https:\/\/nttgroup.com\/cs\/wp-json\/wp\/v2\/types\/page"}],"author":[{"embeddable":true,"href":"https:\/\/nttgroup.com\/cs\/wp-json\/wp\/v2\/users\/3"}],"replies":[{"embeddable":true,"href":"https:\/\/nttgroup.com\/cs\/wp-json\/wp\/v2\/comments?post=50789"}],"version-history":[{"count":5,"href":"https:\/\/nttgroup.com\/cs\/wp-json\/wp\/v2\/pages\/50789\/revisions"}],"predecessor-version":[{"id":50825,"href":"https:\/\/nttgroup.com\/cs\/wp-json\/wp\/v2\/pages\/50789\/revisions\/50825"}],"wp:attachment":[{"href":"https:\/\/nttgroup.com\/cs\/wp-json\/wp\/v2\/media?parent=50789"}],"curies":[{"name":"wp","href":"https:\/\/api.w.org\/{rel}","templated":true}]}}