{"id":50828,"date":"2026-02-24T14:30:20","date_gmt":"2026-02-24T14:30:20","guid":{"rendered":"https:\/\/nttgroup.com\/cnc-soustruzeni\/"},"modified":"2026-02-24T14:30:21","modified_gmt":"2026-02-24T14:30:21","slug":"cnc-soustruzeni","status":"publish","type":"page","link":"https:\/\/nttgroup.com\/cs\/cnc-soustruzeni\/","title":{"rendered":"CNC soustru\u017een\u00ed"},"content":{"rendered":"<div class=\"wpb-content-wrapper\"><p>[vc_section full_width=&#8221;stretch_row&#8221; css=&#8221;.vc_custom_1542025240624{background-color: #f9f9f9 !important;}&#8221;][vc_row css=&#8221;.vc_custom_1542025031874{background-color: #f9f9f9 !important;}&#8221;][vc_column width=&#8221;1\/6&#8243;][\/vc_column][vc_column width=&#8221;2\/3&#8243;][vc_column_text]<\/p>\n<p><\/p>\n<h4 style=\"font-size: 42px; text-align: center;\">Soustru\u017een\u00ed\u00a0<span class=\"color-primary\">CNC<\/span><\/h4>\n<p><\/p>\n<p>[\/vc_column_text][vc_separator border_width=&#8221;2&#8243; css=&#8221;.vc_custom_1542025311822{margin-bottom: 20px !important;}&#8221;][\/vc_column][vc_column width=&#8221;1\/6&#8243;][\/vc_column][\/vc_row][vc_row css=&#8221;.vc_custom_1542025040822{background-color: #f9f9f9 !important;}&#8221;][vc_column width=&#8221;1\/3&#8243;]\t\t\t<div class=\" basel-info-box text-center icon-alignment-top box-style-base color-scheme-dark  with-animation \" onclick=\"\">\n\t\t\t\t\t\t\t\t<div class=\"info-box-content\">\n\t\t\t\t\t<div class=\"info-box-inner\">\n\t\t\t\t\t\t<\/p>\n<h2>Robotick\u00e9 zakl\u00e1d\u00e1n\u00ed<\/h2>\n<\/p>\n<p>Automatick\u00e9 robotick\u00e9 zaklada\u010de zvy\u0161uj\u00ed na\u0161i produktivitu.<\/p>\n\t\t\t\t\t<\/div>\n\t\t\t\t<\/div>\n\t\t\t<\/div>\n\t\t[\/vc_column][vc_column width=&#8221;1\/3&#8243;]\t\t\t<div class=\" basel-info-box text-center icon-alignment-top box-style-base color-scheme-dark  with-animation \" onclick=\"\">\n\t\t\t\t\t\t\t\t<div class=\"info-box-content\">\n\t\t\t\t\t<div class=\"info-box-inner\">\n\t\t\t\t\t\t<\/p>\n<h2>Podava\u010de ty\u010d\u00ed<\/h2>\n<\/p>\n<p>Podava\u010de ty\u010d\u00ed do \u00d8 100 mm umo\u017e\u0148uj\u00ed velmi efektivn\u00ed velkos\u00e9riovou v\u00fdrobu.<\/p>\n<\/p>\n<h3 class=\"LC20lb\"><\/h3>\n<\/p>\n<p>\n\t\t\t\t\t<\/div>\n\t\t\t\t<\/div>\n\t\t\t<\/div>\n\t\t[\/vc_column][vc_column width=&#8221;1\/3&#8243;]\t\t\t<div class=\" basel-info-box text-center icon-alignment-top box-style-base color-scheme-dark  with-animation \" onclick=\"\">\n\t\t\t\t\t\t\t\t<div class=\"info-box-content\">\n\t\t\t\t\t<div class=\"info-box-inner\">\n\t\t\t\t\t\t<\/p>\n<h2>Auto Pick-Up<\/h2>\n<\/p>\n<p>Vertik\u00e1ln\u00ed soustru\u017enick\u00e9 stroje typu Pick-Up jsou ide\u00e1ln\u00ed pro p\u0159esn\u00e9 d\u00edly ve velk\u00fdch objemech.<\/p>\n\t\t\t\t\t<\/div>\n\t\t\t\t<\/div>\n\t\t\t<\/div>\n\t\t[\/vc_column][\/vc_row][\/vc_section][vc_row full_width=&#8221;stretch_row_content_no_spaces&#8221; content_placement=&#8221;top&#8221; css=&#8221;.vc_custom_1542028241205{margin-top: 40px !important;margin-bottom: -40px !important;}&#8221;][vc_column width=&#8221;1\/2&#8243; offset=&#8221;vc_col-md-6&#8243;][vc_single_image image=&#8221;14836&#8243; img_size=&#8221;full&#8221;][vc_single_image image=&#8221;14785&#8243; img_size=&#8221;full&#8221; alignment=&#8221;center&#8221; css=&#8221;.vc_custom_1542026696231{margin-bottom: 0px !important;}&#8221;][\/vc_column][vc_column width=&#8221;1\/2&#8243; css=&#8221;.vc_custom_1485009354843{margin-top: 25px !important;margin-bottom: 40px !important;padding-right: 10% !important;padding-left: 10% !important;}&#8221; offset=&#8221;vc_col-md-6&#8243;][vc_column_text css=&#8221;.vc_custom_1760610675793{margin-bottom: 30px !important;}&#8221; basel_color_scheme=&#8221;dark&#8221;]<\/p>\n<p><\/p>\n<h1 class=\"font-title\" style=\"text-align: center; font-size: 42px; text-transform: capitalize;\"><span style=\"border-bottom: 1px solid #BDBDBD; padding-bottom: 4px;\">CNC soustru\u017een\u00ed \u2013 horizont\u00e1ln\u00ed<\/span><\/h1>\n<p><\/p>\n<h3 class=\"LC20lb\" style=\"text-align: center;\">\u00d8 720 mm x 2100 mm<\/h3>\n<p><\/p>\n<p>[\/vc_column_text][vc_column_text css=&#8221;.vc_custom_1760610685714{padding-right: 30px !important;padding-left: 30px !important;}&#8221; basel_color_scheme=&#8221;dark&#8221;]Pou\u017e\u00edv\u00e1me modern\u00ed CNC soustruhy vybaven\u00e9 osou Y, protiv\u0159etenem a poh\u00e1n\u011bn\u00fdmi n\u00e1stroji.<br \/>N\u00e1\u0161 strojn\u00ed park zahrnuje stroje s poh\u00e1n\u011bn\u00fdmi n\u00e1stroji, protiv\u0159etenem a podava\u010dem ty\u010d\u00ed.:<\/p>\n<table width=\"714\">\n<tbody>\n<tr>\n<td width=\"188\">Stroj<\/td>\n<td width=\"116\"><strong>\u00d8 max [mm]<\/strong><\/td>\n<td width=\"119\"><strong>L max [mm]<\/strong><\/td>\n<td width=\"97\">Zakl\u00e1d\u00e1n\u00ed<\/td>\n<td width=\"107\"><\/td>\n<td width=\"87\">\u00a0<strong data-start=\"144\" data-end=\"153\">Po\u010det<\/strong><\/td>\n<\/tr>\n<tr>\n<td>Challenger BNC-1860<\/td>\n<td>240<\/td>\n<td>1500<\/td>\n<td><\/td>\n<td><\/td>\n<td>1<\/td>\n<\/tr>\n<tr>\n<td>Hyundai KIA HIT 250<\/td>\n<td>250<\/td>\n<td>500<\/td>\n<td><\/td>\n<td><\/td>\n<td>1<\/td>\n<\/tr>\n<tr>\n<td>Hyundai KIA HIT460<\/td>\n<td>700<\/td>\n<td>1500<\/td>\n<td><\/td>\n<td><\/td>\n<td>1<\/td>\n<\/tr>\n<tr>\n<td>Hyundai Kia SKT 300MS<\/td>\n<td>400<\/td>\n<td>500<\/td>\n<td><\/td>\n<td>Poh\u00e1n\u011bn\u00e9 n\u00e1stroje, Protiv\u0159eteno<\/td>\n<td>1<\/td>\n<\/tr>\n<tr>\n<td>Hyundai KIA SKT21LMS<\/td>\n<td>200<\/td>\n<td>500<\/td>\n<td>Podava\u010d ty\u010d\u00ed<\/td>\n<td>Poh\u00e1n\u011bn\u00e9 n\u00e1stroje, Protiv\u0159eteno<\/td>\n<td>2<\/td>\n<\/tr>\n<tr>\n<td>Hyundai KIA SKT21LMS<\/td>\n<td>200<\/td>\n<td>500<\/td>\n<td>robot<\/td>\n<td>Poh\u00e1n\u011bn\u00e9 n\u00e1stroje, Protiv\u0159eteno<\/td>\n<td>1<\/td>\n<\/tr>\n<tr>\n<td>Hyundai KIA SKT250<\/td>\n<td>300<\/td>\n<td>700<\/td>\n<td>Podava\u010d ty\u010d\u00ed<\/td>\n<td><\/td>\n<td>1<\/td>\n<\/tr>\n<tr>\n<td>Hyundai Wia L280L<\/td>\n<td>300<\/td>\n<td>1000<\/td>\n<td><\/td>\n<td><\/td>\n<td>1<\/td>\n<\/tr>\n<tr>\n<td>Hyundai Wia L280LM<\/td>\n<td>300<\/td>\n<td>1000<\/td>\n<td><\/td>\n<td>Poh\u00e1n\u011bn\u00e9 n\u00e1stroje<\/td>\n<td>1<\/td>\n<\/tr>\n<tr>\n<td>Hyundai Wia L300MC<\/td>\n<td>400<\/td>\n<td>700<\/td>\n<td><\/td>\n<td>Poh\u00e1n\u011bn\u00e9 n\u00e1stroje<\/td>\n<td>1<\/td>\n<\/tr>\n<tr>\n<td>Hyundai Wia L300MSC<\/td>\n<td>300<\/td>\n<td>500<\/td>\n<td>Podava\u010d ty\u010d\u00ed + cobot<\/td>\n<td>Poh\u00e1n\u011bn\u00e9 n\u00e1stroje, Protiv\u0159eteno<\/td>\n<td>3<\/td>\n<\/tr>\n<tr>\n<td>Hyundai Wia L400LMC<\/td>\n<td>600<\/td>\n<td>2100<\/td>\n<td><\/td>\n<td>Poh\u00e1n\u011bn\u00e9 n\u00e1stroje<\/td>\n<td>1<\/td>\n<\/tr>\n<tr>\n<td>Hyundai Wia L500LMA<\/td>\n<td>700<\/td>\n<td>2100<\/td>\n<td><\/td>\n<td>Poh\u00e1n\u011bn\u00e9 n\u00e1stroje<\/td>\n<td>1<\/td>\n<\/tr>\n<tr>\n<td>Hyundai Wia SE2200LSY<\/td>\n<td>200<\/td>\n<td>500<\/td>\n<td>Podava\u010d ty\u010d\u00ed + cobot<\/td>\n<td>Poh\u00e1n\u011bn\u00e9 n\u00e1stroje, Protiv\u0159eteno, Y-axis<\/td>\n<td>3<\/td>\n<\/tr>\n<tr>\n<td>Hyundai Wia SE2200LSY<\/td>\n<td>200<\/td>\n<td>500<\/td>\n<td><\/td>\n<td>Poh\u00e1n\u011bn\u00e9 n\u00e1stroje, Protiv\u0159eteno, Y-axis<\/td>\n<td>1<\/td>\n<\/tr>\n<tr>\n<td>Hyundai Wia HD3100SY<\/td>\n<td>400<\/td>\n<td>700<\/td>\n<td>Podava\u010d ty\u010d\u00ed + cobot<\/td>\n<td>Poh\u00e1n\u011bn\u00e9 n\u00e1stroje, Protiv\u0159eteno, Y-axis<\/td>\n<td>1<\/td>\n<\/tr>\n<tr>\n<td>SwedTurn ST200<\/td>\n<td>500<\/td>\n<td>1000<\/td>\n<td><\/td>\n<td><\/td>\n<td>1<\/td>\n<\/tr>\n<\/tbody>\n<\/table>\n<p>&nbsp;[\/vc_column_text][\/vc_column][\/vc_row][vc_row full_width=&#8221;stretch_row_content_no_spaces&#8221; content_placement=&#8221;middle&#8221; css=&#8221;.vc_custom_1542028265780{margin-top: -40px !important;margin-bottom: -40px !important;background-color: #f9f9f9 !important;}&#8221;][vc_column width=&#8221;1\/2&#8243; css=&#8221;.vc_custom_1485009354843{margin-top: 25px !important;margin-bottom: 40px !important;padding-right: 10% !important;padding-left: 10% !important;}&#8221; offset=&#8221;vc_col-md-6&#8243;][vc_column_text css=&#8221;.vc_custom_1542028331169{margin-bottom: 30px !important;}&#8221;]<\/p>\n<h1 class=\"font-title\" style=\"text-align: center; font-size: 42px; text-transform: capitalize;\">CNC soustru\u017een\u00ed \u2013 vertik\u00e1ln\u00ed<\/h1>\n<p><\/p>\n<h3 class=\"LC20lb\" style=\"text-align: center;\">Automatick\u00e9 laserov\u00e9 m\u011b\u0159en\u00ed<\/h3>\n<p>&nbsp;[\/vc_column_text][vc_column_text css=&#8221;.vc_custom_1760607122299{padding-right: 30px !important;padding-left: 30px !important;}&#8221; basel_color_scheme=&#8221;dark&#8221;]N\u00e1\u0161 park vertik\u00e1ln\u00edch soustruh\u016f zahrnuje stroje EMAG typu Pick-Up.<\/p>\n<table border=\"0\" width=\"582\" cellspacing=\"0\" cellpadding=\"0\">\n<colgroup>\n<col width=\"158\" \/>\n<col width=\"111\" \/>\n<col width=\"313\" \/><\/colgroup>\n<tbody>\n<tr>\n<td class=\"xl63\" width=\"158\" height=\"15\"><strong data-start=\"672\" data-end=\"688\">Zna\u010dka \/ typ<\/strong><\/td>\n<td class=\"xl63\" width=\"111\"><strong>\u00d8 max [mm]<\/strong><\/td>\n<td class=\"xl63\" width=\"313\"><strong>notes<\/strong><\/td>\n<\/tr>\n<tr>\n<td class=\"xl64\" height=\"15\">Emag VL-3<\/td>\n<td class=\"xl64\" align=\"right\">200<\/td>\n<td class=\"xl64\">2 kusy, pick-up zakl\u00e1d\u00e1n\u00ed, robotick\u00e9 zakl\u00e1d\u00e1n\u00ed, automatick\u00fd laserov\u00fd m\u011b\u0159ic\u00ed syst\u00e9m.<\/td>\n<\/tr>\n<\/tbody>\n<\/table>\n<p>&nbsp;[\/vc_column_text][\/vc_column][vc_column width=&#8221;1\/2&#8243; offset=&#8221;vc_col-md-6&#8243;][vc_single_image image=&#8221;13823&#8243; img_size=&#8221;full&#8221; alignment=&#8221;center&#8221; css=&#8221;.vc_custom_1542027476720{margin-bottom: 0px !important;}&#8221;][\/vc_column][\/vc_row][vc_row full_width=&#8221;stretch_row&#8221; content_placement=&#8221;middle&#8221; css=&#8221;.vc_custom_1708604969262{margin-top: 40px !important;margin-bottom: 0px !important;}&#8221;][vc_column width=&#8221;1\/2&#8243; css=&#8221;.vc_custom_1438784954834{margin-bottom: 40px !important;}&#8221;][vc_single_image image=&#8221;20341&#8243; img_size=&#8221;full&#8221; alignment=&#8221;center&#8221; css=&#8221;.vc_custom_1708604343250{margin-bottom: 0px !important;}&#8221;][\/vc_column][vc_column width=&#8221;1\/2&#8243; css=&#8221;.vc_custom_1438784968106{margin-bottom: 40px !important;}&#8221;][vc_column_text css=&#8221;&#8221; basel_color_scheme=&#8221;dark&#8221;]<\/p>\n<p><\/p>\n<div class=\"presented-response-container ng-tns-c4150723369-462\">\n<div class=\"response-container-content ng-tns-c4150723369-462\">\n<div class=\"response-content ng-trigger ng-trigger-responsePopulation ng-tns-c4150723369-462\">\n<div class=\"markdown markdown-main-panel ui-v2-enabled\" dir=\"ltr\">\n<h2 data-sourcepos=\"1:1-1:73\">\u0160pi\u010dkov\u00e9 CNC soustru\u017een\u00ed s modern\u00ed automatizac\u00ed<\/h2>\n<p data-sourcepos=\"3:1-3:63\">Ve NTT Group posouv\u00e1me hranice CNC soustru\u017een\u00ed kombinac\u00ed pokro\u010dil\u00fdch technologi\u00ed a odborn\u00fdch znalost\u00ed. Na\u0161e v\u00fdrobn\u00ed z\u00e1vody jsou vybaveny modern\u00edmi CNC soustruhy s nejnov\u011bj\u0161\u00edmi technologiemi, kter\u00e9 zaji\u0161\u0165uj\u00ed mimo\u0159\u00e1dnou p\u0159esnost, efektivitu a flexibilitu.<\/p>\n<p data-sourcepos=\"5:1-5:41\"><strong>Automatizace pro rychlost a spolehlivost:<\/strong><\/p>\n<ul data-sourcepos=\"7:1-7:62\">\n<li data-sourcepos=\"7:1-7:62\">Roboty a kolaborativn\u00ed roboty (coboty) jsou pln\u011b integrov\u00e1ny s na\u0161imi stroji, co\u017e umo\u017e\u0148uje rychl\u00e9 p\u0159ese\u0159\u00edzen\u00ed a nep\u0159etr\u017eit\u00fd provoz. Automatizace minimalizuje lidsk\u00e9 chyby a maximalizuje v\u00fdrobn\u00ed dostupnost, d\u00edky \u010demu\u017e dod\u00e1v\u00e1me stabiln\u00ed a vysoce kvalitn\u00ed komponenty.<\/li>\n<li data-sourcepos=\"8:1-8:158\"><strong>Podava\u010de ty\u010d\u00ed automatizuj\u00ed manipulaci s materi\u00e1lem, eliminuj\u00ed prostoje spojen\u00e9 s ru\u010dn\u00edm zakl\u00e1d\u00e1n\u00edm a vykl\u00e1d\u00e1n\u00edm a d\u00e1le zvy\u0161uj\u00ed produktivitu.<\/li>\n<li data-sourcepos=\"9:1-10:0\"><strong>Poh\u00e1n\u011bn\u00e9 n\u00e1stroje roz\u0161i\u0159uj\u00ed mo\u017enosti soustru\u017een\u00ed a umo\u017e\u0148uj\u00ed realizovat slo\u017eit\u00e9 obr\u00e1b\u011bc\u00ed operace v jednom upnut\u00ed, \u010d\u00edm\u017e zkracuj\u00ed dodac\u00ed lh\u016fty a minimalizuj\u00ed manipulaci s d\u00edly.<\/li>\n<\/ul>\n<p data-sourcepos=\"11:1-11:43\"><strong>Lidsk\u00fd faktor: spojen\u00ed zku\u0161enost\u00ed a technologi\u00ed<\/strong><\/p>\n<p data-sourcepos=\"13:1-13:70\">Navzdory vysok\u00e9 \u00farovni automatizace si pln\u011b uv\u011bdomujeme nezastupitelnou roli na\u0161ich kvalifikovan\u00fdch obr\u00e1b\u011b\u010d\u016f. Jejich odborn\u00e9 znalosti v oblasti programov\u00e1n\u00ed, nastavov\u00e1n\u00ed a volby n\u00e1stroj\u016f zaji\u0161\u0165uj\u00ed optim\u00e1ln\u00ed v\u00fdkon stroj\u016f a udr\u017een\u00ed nejvy\u0161\u0161\u00edch standard\u016f kvality.<\/p>\n<p data-sourcepos=\"15:1-15:308\">Strategick\u00fdm propojen\u00edm \u0161pi\u010dkov\u00e9 CNC technologie a lidsk\u00e9 odbornosti dod\u00e1v\u00e1 NTT Group maxim\u00e1ln\u00ed p\u0159esnost, efektivitu a spolehlivost v oblasti CNC soustru\u017een\u00ed. D\u00edky na\u0161emu d\u016frazu na inovace dok\u00e1\u017eeme napl\u0148ovat r\u016fznorod\u00e9 po\u017eadavky z\u00e1kazn\u00edk\u016f a p\u0159ekra\u010dovat o\u010dek\u00e1v\u00e1n\u00ed u ka\u017ed\u00e9ho vyroben\u00e9ho d\u00edlu.<\/p>\n<\/div>\n<p><\/div>\n<p><\/div>\n<p><\/div>\n<p><\/p>\n<p>[\/vc_column_text][\/vc_column][\/vc_row]<\/p>\n<\/div>","protected":false},"excerpt":{"rendered":"<p>[vc_section full_width=&#8221;stretch_row&#8221; css=&#8221;.vc_custom_1542025240624{background-color: #f9f9f9 !important;}&#8221;][vc_row css=&#8221;.vc_custom_1542025031874{background-color: #f9f9f9 !important;}&#8221;][vc_column width=&#8221;1\/6&#8243;][\/vc_column][vc_column width=&#8221;2\/3&#8243;][vc_column_text] Soustru\u017een\u00ed\u00a0CNC [\/vc_column_text][vc_separator border_width=&#8221;2&#8243; css=&#8221;.vc_custom_1542025311822{margin-bottom: 20px !important;}&#8221;][\/vc_column][vc_column width=&#8221;1\/6&#8243;][\/vc_column][\/vc_row][vc_row css=&#8221;.vc_custom_1542025040822{background-color: #f9f9f9 !important;}&#8221;][vc_column<\/p>\n","protected":false},"author":3,"featured_media":0,"parent":0,"menu_order":0,"comment_status":"closed","ping_status":"closed","template":"","meta":{"footnotes":""},"class_list":["post-50828","page","type-page","status-publish","hentry"],"_links":{"self":[{"href":"https:\/\/nttgroup.com\/cs\/wp-json\/wp\/v2\/pages\/50828","targetHints":{"allow":["GET"]}}],"collection":[{"href":"https:\/\/nttgroup.com\/cs\/wp-json\/wp\/v2\/pages"}],"about":[{"href":"https:\/\/nttgroup.com\/cs\/wp-json\/wp\/v2\/types\/page"}],"author":[{"embeddable":true,"href":"https:\/\/nttgroup.com\/cs\/wp-json\/wp\/v2\/users\/3"}],"replies":[{"embeddable":true,"href":"https:\/\/nttgroup.com\/cs\/wp-json\/wp\/v2\/comments?post=50828"}],"version-history":[{"count":2,"href":"https:\/\/nttgroup.com\/cs\/wp-json\/wp\/v2\/pages\/50828\/revisions"}],"predecessor-version":[{"id":50834,"href":"https:\/\/nttgroup.com\/cs\/wp-json\/wp\/v2\/pages\/50828\/revisions\/50834"}],"wp:attachment":[{"href":"https:\/\/nttgroup.com\/cs\/wp-json\/wp\/v2\/media?parent=50828"}],"curies":[{"name":"wp","href":"https:\/\/api.w.org\/{rel}","templated":true}]}}