{"id":50837,"date":"2026-02-24T14:44:32","date_gmt":"2026-02-24T14:44:32","guid":{"rendered":"https:\/\/nttgroup.com\/cnc-frezovani\/"},"modified":"2026-02-24T14:44:33","modified_gmt":"2026-02-24T14:44:33","slug":"cnc-frezovani","status":"publish","type":"page","link":"https:\/\/nttgroup.com\/cs\/cnc-frezovani\/","title":{"rendered":"CNC fr\u00e9zov\u00e1n\u00ed"},"content":{"rendered":"<div class=\"wpb-content-wrapper\"><p>[vc_section full_width=&#8221;stretch_row&#8221; css=&#8221;.vc_custom_1542025240624{background-color: #f9f9f9 !important;}&#8221;][vc_row css=&#8221;.vc_custom_1542025031874{background-color: #f9f9f9 !important;}&#8221;][vc_column width=&#8221;1\/6&#8243;][\/vc_column][vc_column width=&#8221;2\/3&#8243;][vc_column_text]<\/p>\n<h4 style=\"font-size: 42px; text-align: center;\">Fr\u00e9zov\u00e1n\u00ed\u00a0<span class=\"color-primary\">CNC<\/span><\/h4>\n<p>&nbsp;[\/vc_column_text][vc_separator border_width=&#8221;2&#8243; css=&#8221;.vc_custom_1542025311822{margin-bottom: 20px !important;}&#8221;][\/vc_column][vc_column width=&#8221;1\/6&#8243;][\/vc_column][\/vc_row][vc_row css=&#8221;.vc_custom_1542025040822{background-color: #f9f9f9 !important;}&#8221;][vc_column width=&#8221;1\/3&#8243;]\t\t\t<div class=\" basel-info-box text-center icon-alignment-top box-style-base color-scheme-dark  with-animation \" onclick=\"\">\n\t\t\t\t\t\t\t\t<div class=\"info-box-content\">\n\t\t\t\t\t<div class=\"info-box-inner\">\n\t\t\t\t\t\t<\/p>\n<h2>\u0158\u00edzen\u00ed<\/h2>\n<p>Pro n\u00e1ro\u010dn\u00e9 aplikace pou\u017e\u00edv\u00e1me stroje s \u0159\u00eddic\u00edmi syst\u00e9my Heidenhain.<\/p>\n\t\t\t\t\t<\/div>\n\t\t\t\t<\/div>\n\t\t\t<\/div>\n\t\t[\/vc_column][vc_column width=&#8221;1\/3&#8243;]\t\t\t<div class=\" basel-info-box text-center icon-alignment-top box-style-base color-scheme-dark  with-animation \" onclick=\"\">\n\t\t\t\t\t\t\t\t<div class=\"info-box-content\">\n\t\t\t\t\t<div class=\"info-box-inner\">\n\t\t\t\t\t\t<\/p>\n<h2>CAM<\/h2>\n<\/p>\n<p>Pro slo\u017eit\u00e9 fr\u00e9zovac\u00ed operace vyu\u017e\u00edv\u00e1me CAD &#038; CAM software.<\/p>\n\t\t\t\t\t<\/div>\n\t\t\t\t<\/div>\n\t\t\t<\/div>\n\t\t[\/vc_column][vc_column width=&#8221;1\/3&#8243;]\t\t\t<div class=\" basel-info-box text-center icon-alignment-top box-style-base color-scheme-dark  with-animation \" onclick=\"\">\n\t\t\t\t\t\t\t\t<div class=\"info-box-content\">\n\t\t\t\t\t<div class=\"info-box-inner\">\n\t\t\t\t\t\t<\/p>\n<h2>5th Axis<\/h2>\n<p>Sou\u010dasn\u00e9 dynamick\u00e9 5os\u00e9 fr\u00e9zov\u00e1n\u00ed v jednom upnut\u00ed.<\/p>\n\t\t\t\t\t<\/div>\n\t\t\t\t<\/div>\n\t\t\t<\/div>\n\t\t[\/vc_column][\/vc_row][\/vc_section][vc_row full_width=&#8221;stretch_row_content_no_spaces&#8221; content_placement=&#8221;top&#8221; css=&#8221;.vc_custom_1542028241205{margin-top: 40px !important;margin-bottom: -40px !important;}&#8221;][vc_column width=&#8221;1\/2&#8243; offset=&#8221;vc_col-md-6&#8243;][vc_single_image image=&#8221;14849&#8243; img_size=&#8221;full&#8221;][\/vc_column][vc_column width=&#8221;1\/2&#8243; css=&#8221;.vc_custom_1485009354843{margin-top: 25px !important;margin-bottom: 40px !important;padding-right: 10% !important;padding-left: 10% !important;}&#8221; offset=&#8221;vc_col-md-6&#8243;][vc_column_text css=&#8221;.vc_custom_1694192847025{margin-bottom: 30px !important;}&#8221;]<\/p>\n<p><\/p>\n<h1 class=\"font-title\" style=\"text-align: center; font-size: 42px; text-transform: capitalize;\"><span style=\"border-bottom: 1px solid #BDBDBD; padding-bottom: 4px;\">CNC fr\u00e9zov\u00e1n\u00ed \u2013 vertik\u00e1ln\u00ed<\/span><\/h1>\n<p><\/p>\n<h3 class=\"LC20lb\" style=\"text-align: center;\">2100\u00a0x 760\u00a0x 630 mm | up to 3000 kg<\/h3>\n<p><\/p>\n<p>[\/vc_column_text][vc_column_text css=&#8221;.vc_custom_1760608518825{padding-right: 30px !important;padding-left: 30px !important;}&#8221; basel_color_scheme=&#8221;dark&#8221;]N\u00e1\u0161 strojn\u00ed park zahrnuje modern\u00ed fr\u00e9zky mal\u00fdch i velk\u00fdch rozm\u011br\u016f. Pracujeme s \u0159\u00eddic\u00edmi syst\u00e9my Fanuc a Heidenhain.<\/p>\n<table border=\"0\" width=\"505\" cellspacing=\"0\" cellpadding=\"0\">\n<colgroup>\n<col width=\"197\" \/>\n<col width=\"124\" \/>\n<col span=\"2\" width=\"92\" \/><\/colgroup>\n<tbody>\n<tr>\n<td class=\"xl66\" width=\"197\" height=\"28\">Stroj<\/td>\n<td class=\"xl66\" width=\"124\"><strong>X\/Y\/Z<\/strong><\/td>\n<td class=\"xl66\" width=\"92\"><\/td>\n<td class=\"xl66\" width=\"92\">Po\u010det<\/td>\n<\/tr>\n<tr>\n<td class=\"xl65\" height=\"20\">Dahlih DMV-2000<\/td>\n<td>200\/700\/650<\/td>\n<td><\/td>\n<td align=\"right\">1<\/td>\n<\/tr>\n<tr>\n<td class=\"xl65\" height=\"20\">Dahlih MCV-1700<\/td>\n<td>1700\/800\/750<\/td>\n<td><\/td>\n<td align=\"right\">1<\/td>\n<\/tr>\n<tr>\n<td class=\"xl65\" height=\"20\">Hyundai Wia F400<\/td>\n<td>800\/460\/520<\/td>\n<td>3+1X<\/td>\n<td align=\"right\">1<\/td>\n<\/tr>\n<tr>\n<td class=\"xl69\" height=\"20\">Hyundai Wia F650PLUS<\/td>\n<td>1400\/660\/635<\/td>\n<td><\/td>\n<td align=\"right\">1<\/td>\n<\/tr>\n<tr>\n<td class=\"xl68\" height=\"20\">Hyundai Wia KF 5600<\/td>\n<td>1100\/560\/520<\/td>\n<td><\/td>\n<td align=\"right\">2<\/td>\n<\/tr>\n<tr>\n<td class=\"xl68\" height=\"20\">Hyundai Wia KF 5600C<\/td>\n<td>1100\/560\/635<\/td>\n<td><\/td>\n<td align=\"right\">1<\/td>\n<\/tr>\n<tr>\n<td class=\"xl67\" height=\"20\">Hyundai Wia KF7600L<\/td>\n<td>2100\/760\/635<\/td>\n<td>3+1X<\/td>\n<td align=\"right\">1<\/td>\n<\/tr>\n<tr>\n<td class=\"xl67\" height=\"20\">Hyundai Wia XF6300<\/td>\n<td>650\/765\/500<\/td>\n<td>5X<\/td>\n<td align=\"right\">1<\/td>\n<\/tr>\n<\/tbody>\n<\/table>\n<p>&nbsp;[\/vc_column_text][\/vc_column][\/vc_row][vc_row full_width=&#8221;stretch_row&#8221; content_placement=&#8221;middle&#8221; css=&#8221;.vc_custom_1707801645313{margin-bottom: 0px !important;background-color: #f9f9f9 !important;}&#8221;][vc_column width=&#8221;1\/2&#8243; css=&#8221;.vc_custom_1438784954834{margin-bottom: 40px !important;}&#8221;][vc_column_text css=&#8221;&#8221; basel_color_scheme=&#8221;dark&#8221;]<\/p>\n<hr data-start=\"602\" data-end=\"605\" \/>\n<h1 data-start=\"607\" data-end=\"662\">\u0160PI\u010cKOV\u00c9 OBR\u00c1B\u011aN\u00cd: POH\u00c1N\u011aN\u00c9 NEJMODERN\u011aJ\u0160\u00cd TECHNOLOGI\u00cd<\/h1>\n<p><\/p>\n<div class=\"dxGrid\">\n<div class=\"dxGrid8 Main1\">\n<p data-sourcepos=\"3:1-3:73\">Ve spole\u010dnosti NTT Group v\u00edme, \u017ee p\u0159esn\u00e1 v\u00fdroba ozuben\u00fdch kol vy\u017eaduje \u0161pi\u010dkov\u00e9 vybaven\u00ed. Proto v\u00fdznamn\u011b investujeme do na\u0161eho strojn\u00edho parku, kter\u00fd tvo\u0159\u00ed p\u0159edev\u0161\u00edm nov\u00e9, vysoce v\u00fdkonn\u00e9 CNC fr\u00e9zky Hyundai WIA. Tyto modern\u00ed stroje jsou vybaveny nejnov\u011bj\u0161\u00edmi CNC \u0159\u00eddic\u00edmi syst\u00e9my Heidenhain nebo Fanuc, kter\u00e9 pat\u0159\u00ed mezi sv\u011btovou \u0161pi\u010dku. Tato kombinace n\u00e1m p\u0159in\u00e1\u0161\u00ed n\u00e1sleduj\u00edc\u00ed v\u00fdhody:<\/p>\n<ul data-sourcepos=\"5:1-5:26\">\n<li data-sourcepos=\"5:1-5:26\"><strong>Bezkonkuren\u010dn\u00ed p\u0159esnost:<\/strong> Pokro\u010dil\u00e9 funkce a \u00fazk\u00e9 tolerance zaji\u0161\u0165uj\u00ed, \u017ee ka\u017ed\u00fd d\u00edl je obr\u00e1b\u011bn s mimo\u0159\u00e1dnou p\u0159esnost\u00ed a opakovatelnost\u00ed, a spl\u0148uje i ty nejn\u00e1ro\u010dn\u011bj\u0161\u00ed specifikace.<\/li>\n<li data-sourcepos=\"6:1-6:186\"><strong>Vy\u0161\u0161\u00ed efektivita<\/strong> : Modern\u00ed technologie znamen\u00e1 krat\u0161\u00ed \u010dasy obr\u00e1b\u011bn\u00ed a optimalizovan\u00e9 v\u00fdrobn\u00ed procesy, co\u017e p\u0159in\u00e1\u0161\u00ed n\u00e1kladov\u011b efektivn\u00ed \u0159e\u0161en\u00ed pro na\u0161e z\u00e1kazn\u00edky.<\/li>\n<li data-sourcepos=\"7:1-7:205\"><strong>Maxim\u00e1ln\u00ed kontrola:<\/strong>U\u017eivatelsky p\u0159\u00edv\u011btiv\u00e9 rozhran\u00ed a intuitivn\u00ed ovl\u00e1d\u00e1n\u00ed umo\u017e\u0148uj\u00ed na\u0161im zku\u0161en\u00fdm oper\u00e1tor\u016fm prov\u00e1d\u011bt p\u0159esn\u00e9 a slo\u017eit\u00e9 obr\u00e1b\u011bc\u00ed operace s konzistentn\u011b optim\u00e1ln\u00edmi v\u00fdsledky.<\/li>\n<li data-sourcepos=\"8:1-8:81\"><strong>Technologie p\u0159ipraven\u00e1 na budoucnost:<\/strong> Neust\u00e1l\u00e9 investice do nejmodern\u011bj\u0161\u00edch CNC stroj\u016f n\u00e1m umo\u017e\u0148uj\u00ed dr\u017eet krok s v\u00fdvojem technologi\u00ed a p\u0159ekra\u010dovat o\u010dek\u00e1v\u00e1n\u00ed z\u00e1kazn\u00edk\u016f.<\/li>\n<\/ul>\n<p data-sourcepos=\"10:1-10:279\">D\u00edky t\u00e9to pokro\u010dil\u00e9 technologii je ka\u017ed\u00e9 ozuben\u00e9 kolo NTT vyr\u00e1b\u011bno s maxim\u00e1ln\u00ed p\u0159esnost\u00ed, efektivitou a kvalitou. Na\u0161e investice do \u0161pi\u010dkov\u00e9ho vybaven\u00ed n\u00e1m umo\u017e\u0148uj\u00ed dod\u00e1vat spolehliv\u00e9 a vysoce v\u00fdkonn\u00e9 produkty, kter\u00e9 posouvaj\u00ed va\u0161e stroje vp\u0159ed.<\/p>\n<\/div>\n<p><\/div>\n<p>&nbsp;[\/vc_column_text][\/vc_column][vc_column width=&#8221;1\/2&#8243; css=&#8221;.vc_custom_1438784968106{margin-bottom: 40px !important;}&#8221;][vc_single_image image=&#8221;20226&#8243; img_size=&#8221;large&#8221; alignment=&#8221;center&#8221; css_animation=&#8221;right-to-left&#8221;][\/vc_column][\/vc_row][vc_row full_width=&#8221;stretch_row&#8221; content_placement=&#8221;middle&#8221; css=&#8221;.vc_custom_1707892189539{margin-bottom: 0px !important;}&#8221;][vc_column width=&#8221;1\/2&#8243; css=&#8221;.vc_custom_1438784954834{margin-bottom: 40px !important;}&#8221;][vc_single_image image=&#8221;20246&#8243; img_size=&#8221;large&#8221; alignment=&#8221;center&#8221; css_animation=&#8221;right-to-left&#8221;][\/vc_column][vc_column width=&#8221;1\/2&#8243; css=&#8221;.vc_custom_1438784968106{margin-bottom: 40px !important;}&#8221;][vc_column_text css=&#8221;&#8221; basel_color_scheme=&#8221;dark&#8221;]<\/p>\n<h2>NA\u0160E ODBORNOST V OBLASTI VELKOROZM\u011aROV\u00c9HO CNC FR\u00c9ZOV\u00c1N\u00cd<\/h2>\n<p><\/p>\n<div class=\"dxGrid\">\n<div class=\"dxGrid8 Main1\">\n<p data-sourcepos=\"3:1-3:176\">Pokud v\u00e1\u0161 projekt vy\u017eaduje velk\u00e1 ozuben\u00e1 kola nebo nadrozm\u011brn\u00e9 komponenty, CNC fr\u00e9zovac\u00ed odd\u011blen\u00ed NTT Group je spr\u00e1vnou volbou. Specializujeme se na obr\u00e1b\u011bn\u00ed velkorozm\u011brov\u00fdch d\u00edl\u016f se stejnou preciznost\u00ed a d\u016frazem na kvalitu jako u v\u0161ech na\u0161ich v\u00fdrobk\u016f.<\/p>\n<p data-sourcepos=\"5:1-5:25\">Co n\u00e1s odli\u0161uje u velk\u00fdch projekt\u016f:<\/p>\n<ul data-sourcepos=\"7:1-7:79\">\n<li data-sourcepos=\"7:1-7:79\"><strong>Velk\u00e1 kapacita:<\/strong>Na\u0161e CNC stroje disponuj\u00ed rozs\u00e1hl\u00fdm pracovn\u00edm prostorem, kter\u00fd umo\u017e\u0148uje obr\u00e1b\u011bn\u00ed d\u00edl\u016f v\u011bt\u0161\u00edch rozm\u011br\u016f, ne\u017e je b\u011b\u017en\u00fd standard. A\u0165 u\u017e se jedn\u00e1 o velk\u00e9 ozuben\u00e9 kolo pro pr\u016fmyslov\u00e9 za\u0159\u00edzen\u00ed nebo rozm\u011brn\u00fd komponent pro n\u00e1ro\u010dn\u00fd projekt, jsme p\u0159ipraveni.<\/li>\n<li data-sourcepos=\"8:1-8:242\"><strong>Neochv\u011bjn\u00e1 p\u0159esnost:<\/strong> P\u0159i velk\u00fdch rozm\u011brech zaji\u0161\u0165uj\u00ed na\u0161e modern\u00ed CNC technologie a kvalifikovan\u00ed oper\u00e1to\u0159i maxim\u00e1ln\u00ed p\u0159esnost. \u00dazk\u00e9 tolerance a d\u016fraz na detail garantuj\u00ed bezchybn\u00e9 obr\u00e1b\u011bn\u00ed i ve velk\u00e9m m\u011b\u0159\u00edtku.<\/li>\n<li data-sourcepos=\"9:1-9:159\"><strong>Plynul\u00fd pracovn\u00ed proces:<\/strong> N\u00e1\u0161 zku\u0161en\u00fd t\u00fdm rozum\u00ed specifik\u016fm manipulace s velk\u00fdmi d\u00edly. Zaji\u0161\u0165ujeme logistiku projektu, manipulaci s materi\u00e1lem i samotn\u00e9 obr\u00e1b\u011bn\u00ed tak, aby byla zaru\u010dena efektivita a v\u010dasn\u00e9 dod\u00e1n\u00ed.<\/li>\n<li data-sourcepos=\"10:1-11:0\"><strong>Kvalita, na kterou se m\u016f\u017eete spolehnout:<\/strong> N\u00e1\u0161 z\u00e1vazek ke kvalit\u011b se nem\u011bn\u00ed bez ohledu na velikost projektu. Dodr\u017eujeme p\u0159\u00edsn\u00e9 kontroln\u00ed postupy a mezin\u00e1rodn\u00ed normy u v\u0161ech zak\u00e1zek \u2013 mal\u00fdch i velk\u00fdch.<\/li>\n<\/ul>\n<p>NTT Group poskytuje vysoce p\u0159esn\u00e9 CNC fr\u00e9zov\u00e1n\u00ed ozuben\u00fdch kol a dal\u0161\u00edch komponent\u016f. Realizujeme velk\u00e9 projekty a nab\u00edz\u00edme konkurenceschopn\u00e9 ceny.<\/p>\n<\/div>\n<p><\/div>\n<p>&nbsp;[\/vc_column_text][\/vc_column][\/vc_row]<\/p>\n<\/div>","protected":false},"excerpt":{"rendered":"<p>[vc_section full_width=&#8221;stretch_row&#8221; css=&#8221;.vc_custom_1542025240624{background-color: #f9f9f9 !important;}&#8221;][vc_row css=&#8221;.vc_custom_1542025031874{background-color: #f9f9f9 !important;}&#8221;][vc_column width=&#8221;1\/6&#8243;][\/vc_column][vc_column width=&#8221;2\/3&#8243;][vc_column_text] Fr\u00e9zov\u00e1n\u00ed\u00a0CNC &nbsp;[\/vc_column_text][vc_separator border_width=&#8221;2&#8243; css=&#8221;.vc_custom_1542025311822{margin-bottom: 20px !important;}&#8221;][\/vc_column][vc_column width=&#8221;1\/6&#8243;][\/vc_column][\/vc_row][vc_row css=&#8221;.vc_custom_1542025040822{background-color: #f9f9f9 !important;}&#8221;][vc_column<\/p>\n","protected":false},"author":3,"featured_media":0,"parent":0,"menu_order":0,"comment_status":"closed","ping_status":"closed","template":"","meta":{"footnotes":""},"class_list":["post-50837","page","type-page","status-publish","hentry"],"_links":{"self":[{"href":"https:\/\/nttgroup.com\/cs\/wp-json\/wp\/v2\/pages\/50837","targetHints":{"allow":["GET"]}}],"collection":[{"href":"https:\/\/nttgroup.com\/cs\/wp-json\/wp\/v2\/pages"}],"about":[{"href":"https:\/\/nttgroup.com\/cs\/wp-json\/wp\/v2\/types\/page"}],"author":[{"embeddable":true,"href":"https:\/\/nttgroup.com\/cs\/wp-json\/wp\/v2\/users\/3"}],"replies":[{"embeddable":true,"href":"https:\/\/nttgroup.com\/cs\/wp-json\/wp\/v2\/comments?post=50837"}],"version-history":[{"count":2,"href":"https:\/\/nttgroup.com\/cs\/wp-json\/wp\/v2\/pages\/50837\/revisions"}],"predecessor-version":[{"id":50843,"href":"https:\/\/nttgroup.com\/cs\/wp-json\/wp\/v2\/pages\/50837\/revisions\/50843"}],"wp:attachment":[{"href":"https:\/\/nttgroup.com\/cs\/wp-json\/wp\/v2\/media?parent=50837"}],"curies":[{"name":"wp","href":"https:\/\/api.w.org\/{rel}","templated":true}]}}