{"id":50846,"date":"2026-02-24T14:56:56","date_gmt":"2026-02-24T14:56:56","guid":{"rendered":"https:\/\/nttgroup.com\/odvalovaci-frezovani-obrabeni-ozubeni\/"},"modified":"2026-02-24T14:57:00","modified_gmt":"2026-02-24T14:57:00","slug":"odvalovaci-frezovani-obrabeni-ozubeni","status":"publish","type":"page","link":"https:\/\/nttgroup.com\/cs\/odvalovaci-frezovani-obrabeni-ozubeni\/","title":{"rendered":"Odvalovac\u00ed fr\u00e9zov\u00e1n\u00ed \/ obr\u00e1b\u011bn\u00ed ozuben\u00ed"},"content":{"rendered":"<div class=\"wpb-content-wrapper\"><p>[vc_section full_width=&#8221;stretch_row&#8221; css=&#8221;.vc_custom_1542025240624{background-color: #f9f9f9 !important;}&#8221;][vc_row css=&#8221;.vc_custom_1542025031874{background-color: #f9f9f9 !important;}&#8221;][vc_column width=&#8221;1\/6&#8243;][\/vc_column][vc_column width=&#8221;2\/3&#8243;][vc_column_text]<\/p>\n<h4 style=\"font-size: 42px; text-align: center;\">CNC a manu\u00e1ln\u00ed odvalovac\u00ed fr\u00e9zov\u00e1n\u00ed ozuben\u00ed<\/h4>\n<p>&nbsp;[\/vc_column_text][vc_separator border_width=&#8221;2&#8243; css=&#8221;.vc_custom_1542025311822{margin-bottom: 20px !important;}&#8221;][\/vc_column][vc_column width=&#8221;1\/6&#8243;][\/vc_column][\/vc_row][vc_row css=&#8221;.vc_custom_1542025040822{background-color: #f9f9f9 !important;}&#8221;][vc_column width=&#8221;1\/3&#8243;]\t\t\t<div class=\" basel-info-box text-center icon-alignment-top box-style-base color-scheme-dark  with-animation \" onclick=\"\">\n\t\t\t\t\t\t\t\t<div class=\"info-box-content\">\n\t\t\t\t\t<div class=\"info-box-inner\">\n\t\t\t\t\t\t<\/p>\n<h2>Automatick\u00e9 zakl\u00e1d\u00e1n\u00ed<\/h2>\n<p>Zaklada\u010de d\u00edl\u016f zvy\u0161uj\u00ed na\u0161i produktivitu a\u017e do modulu 5.<\/p>\n\t\t\t\t\t<\/div>\n\t\t\t\t<\/div>\n\t\t\t<\/div>\n\t\t[\/vc_column][vc_column width=&#8221;1\/3&#8243;]\t\t\t<div class=\" basel-info-box text-center icon-alignment-top box-style-base color-scheme-dark  with-animation \" onclick=\"\">\n\t\t\t\t\t\t\t\t<div class=\"info-box-content\">\n\t\t\t\t\t<div class=\"info-box-inner\">\n\t\t\t\t\t\t<\/p>\n<h2>Kvalita 6<\/h2>\n<\/p>\n<p>D\u00edky technologii skiving dosahujeme \u00farovn\u011b kvality 6.<\/p>\n\t\t\t\t\t<\/div>\n\t\t\t\t<\/div>\n\t\t\t<\/div>\n\t\t[\/vc_column][vc_column width=&#8221;1\/3&#8243;]\t\t\t<div class=\" basel-info-box text-center icon-alignment-top box-style-base color-scheme-dark  with-animation \" onclick=\"\">\n\t\t\t\t\t\t\t\t<div class=\"info-box-content\">\n\t\t\t\t\t<div class=\"info-box-inner\">\n\t\t\t\t\t\t<\/p>\n<h2>V\u0161echny moduly<\/h2>\n<\/p>\n<p>Od modulu 0,3 a\u017e do 50.<\/p>\n\t\t\t\t\t<\/div>\n\t\t\t\t<\/div>\n\t\t\t<\/div>\n\t\t[\/vc_column][\/vc_row][\/vc_section][vc_row full_width=&#8221;stretch_row_content_no_spaces&#8221; content_placement=&#8221;top&#8221; css=&#8221;.vc_custom_1542028241205{margin-top: 40px !important;margin-bottom: -40px !important;}&#8221;][vc_column width=&#8221;1\/2&#8243; offset=&#8221;vc_col-md-6&#8243;][vc_single_image image=&#8221;14863&#8243; img_size=&#8221;500x&#8221; alignment=&#8221;center&#8221;][\/vc_column][vc_column width=&#8221;1\/2&#8243; css=&#8221;.vc_custom_1485009354843{margin-top: 25px !important;margin-bottom: 40px !important;padding-right: 10% !important;padding-left: 10% !important;}&#8221; offset=&#8221;vc_col-md-6&#8243;][vc_column_text css=&#8221;.vc_custom_1694195889774{margin-bottom: 30px !important;}&#8221;]<\/p>\n<h1 class=\"font-title\" style=\"text-align: center; font-size: 42px; text-transform: capitalize;\">CNC Odvalovac\u00ed fr\u00e9zov\u00e1n\u00ed ozuben\u00ed.<\/h1>\n<p><\/p>\n<h3 class=\"LC20lb\" style=\"text-align: center;\">\u00d8 1000 mm x 800 mm | Modul 12<\/h3>\n<p>&nbsp;[\/vc_column_text][vc_column_text css=&#8221;.vc_custom_1760610724157{padding-right: 30px !important;padding-left: 30px !important;}&#8221; basel_color_scheme=&#8221;dark&#8221;]CNC stroje EMAG s automatick\u00fdm zaklada\u010dem d\u00edl\u016f p\u0159edstavuj\u00ed ide\u00e1ln\u00ed \u0159e\u0161en\u00ed pro malou i velkos\u00e9riovou v\u00fdrobu. A\u017e 9 \u0159\u00edzen\u00fdch os!<\/p>\n<table border=\"0\" width=\"572\" cellspacing=\"0\" cellpadding=\"0\">\n<colgroup>\n<col width=\"189\" \/>\n<col width=\"113\" \/>\n<col width=\"87\" \/>\n<col width=\"96\" \/>\n<col width=\"87\" \/><\/colgroup>\n<tbody>\n<tr>\n<td class=\"xl66\" width=\"189\" height=\"28\"><strong>Stroj<\/strong><\/td>\n<td class=\"xl66\" width=\"113\"><strong>\u00d8 max [mm]<\/strong><\/td>\n<td class=\"xl66\" width=\"87\"><strong>Modul<\/strong><\/td>\n<td class=\"xl66\" width=\"96\"><strong>Zakl\u00e1d\u00e1n\u00ed<\/strong><\/td>\n<td class=\"xl66\" width=\"87\"><strong>Po\u010det<\/strong><\/td>\n<\/tr>\n<tr>\n<td class=\"xl65\" height=\"20\">EMAG Koepfer K160<\/td>\n<td align=\"right\">150<\/td>\n<td align=\"right\">3<\/td>\n<td>robot<\/td>\n<td align=\"right\">2<\/td>\n<\/tr>\n<tr>\n<td class=\"xl65\" height=\"20\">EMAG Koepfer K200<\/td>\n<td align=\"right\">200<\/td>\n<td align=\"right\">4<\/td>\n<td>robot<\/td>\n<td align=\"right\">3<\/td>\n<\/tr>\n<tr>\n<td class=\"xl65\" height=\"20\">EMAG Koepfer K300<\/td>\n<td align=\"right\">200<\/td>\n<td align=\"right\">6<\/td>\n<td>robot<\/td>\n<td align=\"right\">6<\/td>\n<\/tr>\n<tr>\n<td class=\"xl65\" height=\"20\">EMAG Koepfer K300<\/td>\n<td align=\"right\">200<\/td>\n<td align=\"right\">6<\/td>\n<td><\/td>\n<td align=\"right\">1<\/td>\n<\/tr>\n<tr>\n<td class=\"xl65\" height=\"20\">EMAG Richardon R200<\/td>\n<td align=\"right\">600<\/td>\n<td align=\"right\">10<\/td>\n<td><\/td>\n<td align=\"right\">1<\/td>\n<\/tr>\n<tr>\n<td class=\"xl65\" height=\"20\">EMAG Richardon R300<\/td>\n<td align=\"right\">800<\/td>\n<td align=\"right\">12<\/td>\n<td><\/td>\n<td align=\"right\">1<\/td>\n<\/tr>\n<tr>\n<td class=\"xl65\" height=\"20\">EMAG Richardon R500<\/td>\n<td align=\"right\">1000<\/td>\n<td align=\"right\">12<\/td>\n<td><\/td>\n<td align=\"right\">2<\/td>\n<\/tr>\n<\/tbody>\n<\/table>\n<p>&nbsp;[\/vc_column_text][\/vc_column][\/vc_row][vc_row full_width=&#8221;stretch_row_content_no_spaces&#8221; content_placement=&#8221;middle&#8221; css=&#8221;.vc_custom_1706594200932{margin-top: -40px !important;margin-bottom: 40px !important;background-color: #f9f9f9 !important;}&#8221;][vc_column width=&#8221;1\/2&#8243; css=&#8221;.vc_custom_1485009354843{margin-top: 25px !important;margin-bottom: 40px !important;padding-right: 10% !important;padding-left: 10% !important;}&#8221; offset=&#8221;vc_col-md-6&#8243;][vc_column_text css=&#8221;.vc_custom_1542047837349{margin-bottom: 30px !important;}&#8221;]<\/p>\n<h1 class=\"font-title\" style=\"text-align: center; font-size: 42px; text-transform: capitalize;\"><span style=\"border-bottom: 1px solid #BDBDBD; padding-bottom: 4px;\">Odvalovac\u00ed fr\u00e9zov\u00e1n\u00ed ozuben\u00ed \u2013 vertik\u00e1ln\u00ed<\/span><\/h1>\n<p><\/p>\n<h3 class=\"LC20lb\" style=\"text-align: center;\">\u00d8 3000\u00a0mm \u00a0| Module 30<\/h3>\n<p>&nbsp;[\/vc_column_text][vc_column_text css=&#8221;.vc_custom_1694195996571{padding-right: 30px !important;padding-left: 30px !important;}&#8221;]N\u00e1\u0161 park vertik\u00e1ln\u00edch odvalovac\u00edch fr\u00e9zek zahrnuje n\u00e1sleduj\u00edc\u00ed stroje.<\/p>\n<table border=\"0\" width=\"572\" cellspacing=\"0\" cellpadding=\"0\">\n<colgroup>\n<col width=\"189\" \/>\n<col width=\"113\" \/>\n<col width=\"87\" \/>\n<col width=\"96\" \/>\n<col width=\"87\" \/><\/colgroup>\n<tbody>\n<tr>\n<td class=\"xl66\" width=\"189\" height=\"28\"><strong>Stroj<\/strong><\/td>\n<td class=\"xl66\" width=\"113\"><strong>\u00d8 max [mm]<\/strong><\/td>\n<td class=\"xl66\" width=\"87\"><strong>Module<\/strong><\/td>\n<td class=\"xl66\" width=\"96\"><strong>Zakl\u00e1d\u00e1n\u00ed<\/strong><\/td>\n<td class=\"xl66\" width=\"87\"><strong>Po\u010det<\/strong><\/td>\n<\/tr>\n<tr>\n<td class=\"xl65\" height=\"20\">Modul ZFWZ 250<\/td>\n<td align=\"right\">250<\/td>\n<td align=\"right\">8<\/td>\n<td><\/td>\n<td align=\"right\">1<\/td>\n<\/tr>\n<tr>\n<td class=\"xl65\" height=\"20\">Modul ZFWZ 400<\/td>\n<td align=\"right\">400<\/td>\n<td align=\"right\">10<\/td>\n<td><\/td>\n<td align=\"right\">2<\/td>\n<\/tr>\n<tr>\n<td class=\"xl65\" height=\"20\">Module ZFWZ 800<\/td>\n<td align=\"right\">800<\/td>\n<td align=\"right\">16<\/td>\n<td><\/td>\n<td align=\"right\">1<\/td>\n<\/tr>\n<tr>\n<td class=\"xl67\" height=\"20\">Tos Fo16<\/td>\n<td align=\"right\">2000<\/td>\n<td align=\"right\">24<\/td>\n<td><\/td>\n<td align=\"right\">1<\/td>\n<\/tr>\n<tr>\n<td class=\"xl67\" height=\"20\">Tos Fo25<\/td>\n<td align=\"right\">3000<\/td>\n<td align=\"right\">30<\/td>\n<td><\/td>\n<td align=\"right\">1<\/td>\n<\/tr>\n<\/tbody>\n<\/table>\n<p>&nbsp;[\/vc_column_text][\/vc_column][vc_column width=&#8221;1\/2&#8243; offset=&#8221;vc_col-md-6&#8243;][vc_single_image image=&#8221;15595&#8243; img_size=&#8221;full&#8221; alignment=&#8221;center&#8221; css=&#8221;.vc_custom_1706595488865{margin-bottom: 0px !important;}&#8221;][\/vc_column][\/vc_row][vc_row full_width=&#8221;stretch_row&#8221;][vc_column width=&#8221;1\/6&#8243;][\/vc_column][vc_column width=&#8221;2\/3&#8243;][vc_column_text]<\/p>\n<h1 style=\"font-size: 42px; text-align: center;\">Odvalovac\u00ed fr\u00e9zov\u00e1n\u00ed ozuben\u00ed<\/h1>\n<p>&nbsp;[\/vc_column_text][vc_separator border_width=&#8221;2&#8243; css=&#8221;.vc_custom_1542025311822{margin-bottom: 20px !important;}&#8221;][\/vc_column][vc_column width=&#8221;1\/6&#8243;][\/vc_column][\/vc_row][vc_row full_width=&#8221;stretch_row&#8221;][vc_column css=&#8221;.vc_custom_1716832249394{margin-bottom: 30px !important;}&#8221;][vc_column_text css=&#8221;&#8221; basel_color_scheme=&#8221;dark&#8221;]<\/p>\n<h3 data-start=\"554\" data-end=\"632\">Vysoce kvalitn\u00ed \u0159e\u0161en\u00ed \u0159ez\u00e1n\u00ed ozuben\u00ed od NTT Group ve Skandin\u00e1vii a Polsku<\/h3>\n<p><\/p>\n<p data-start=\"634\" data-end=\"893\">P\u0159edstavujeme na\u0161e odvalovac\u00ed fr\u00e9zov\u00e1n\u00ed ozuben\u00ed \u2013 ide\u00e1ln\u00ed \u0159e\u0161en\u00ed pro p\u0159esn\u00e9 a efektivn\u00ed obr\u00e1b\u011bn\u00ed ozuben\u00fdch kol. D\u00edky kvalitn\u00edmu technologick\u00e9mu z\u00e1zem\u00ed a \u0161pi\u010dkov\u00e9mu servisu je tato technologie navr\u017eena tak, aby splnila v\u0161echny va\u0161e po\u017eadavky na v\u00fdrobu ozuben\u00ed.<\/p>\n<p><\/p>\n<p data-start=\"895\" data-end=\"1393\">Ozuben\u00e1 kola jsou kl\u00ed\u010dov\u00fdmi prvky mnoha mechanick\u00fdch syst\u00e9m\u016f. Zaji\u0161\u0165uj\u00ed p\u0159enos v\u00fdkonu a pohybu mezi rotuj\u00edc\u00edmi h\u0159\u00eddeli. Jednou z b\u011b\u017en\u00fdch metod v\u00fdroby je obr\u00e1b\u011bn\u00ed ozuben\u00ed, p\u0159i kter\u00e9m se odeb\u00edr\u00e1 materi\u00e1l pro dosa\u017een\u00ed po\u017eadovan\u00e9ho profilu zubu. Dal\u0161\u00ed roz\u0161\u00ed\u0159enou technologi\u00ed je odvalovac\u00ed fr\u00e9zov\u00e1n\u00ed (gear hobbing), p\u0159i kter\u00e9m se zuby vytv\u00e1\u0159ej\u00ed pomoc\u00ed odvalovac\u00ed fr\u00e9zy. Ob\u011b metody hraj\u00ed z\u00e1sadn\u00ed roli p\u0159i zaji\u0161t\u011bn\u00ed kvality a funk\u010dnosti ozuben\u00fdch kol a jsou nepostradateln\u00e9 v mnoha pr\u016fmyslov\u00fdch odv\u011btv\u00edch.<\/p>\n<p><\/p>\n<p data-start=\"1395\" data-end=\"1644\">Na\u0161e technologie je vybavena pokro\u010dil\u00fdmi syst\u00e9my, kter\u00e9 zaji\u0161\u0165uj\u00ed p\u0159esn\u00e9 obr\u00e1b\u011bn\u00ed zub\u016f a dod\u00e1vaj\u00ed ozuben\u00e1 kola \u0161pi\u010dkov\u00e9 kvality. A\u0165 u\u017e pot\u0159ebujete \u010deln\u00ed kola, \u0161ikm\u00e1 kola nebo jin\u00e9 typy ozuben\u00ed, na\u0161e \u0159e\u0161en\u00ed poskytuje konzistentn\u00ed a precizn\u00ed v\u00fdsledky.<\/p>\n<p><\/p>\n<p data-start=\"1646\" data-end=\"1820\">Robustn\u00ed konstrukce na\u0161ich stroj\u016f zaru\u010duje dlouhou \u017eivotnost a stabilitu. Precizn\u00ed technick\u00e9 proveden\u00ed umo\u017e\u0148uje dosahovat nejvy\u0161\u0161\u00ed kvality obr\u00e1b\u011bn\u00ed s maxim\u00e1ln\u00ed spolehlivost\u00ed.<\/p>\n<p><\/p>\n<p data-start=\"1822\" data-end=\"2030\">D\u00edky vysok\u00e9 efektivit\u011b optimalizujeme v\u00e1\u0161 v\u00fdrobn\u00ed proces. Technologie umo\u017e\u0148uje rychl\u00e9 a p\u0159esn\u00e9 obr\u00e1b\u011bn\u00ed zub\u016f, zkracuje v\u00fdrobn\u00ed \u010dasy a zvy\u0161uje produktivitu. Nahra\u010fte ru\u010dn\u00ed v\u00fdrobu modern\u00edm a efektivn\u00edm \u0159e\u0161en\u00edm.<\/p>\n<p><\/p>\n<p data-start=\"2032\" data-end=\"2227\">Krom\u011b \u0161pi\u010dkov\u00e9ho v\u00fdkonu nab\u00edz\u00edme tak\u00e9 profesion\u00e1ln\u00ed technickou podporu. N\u00e1\u0161 t\u00fdm odborn\u00edk\u016f je p\u0159ipraven poskytnout asistenci a poradenstv\u00ed, aby byl zaji\u0161t\u011bn plynul\u00fd provoz a maxim\u00e1ln\u00ed spokojenost.<\/p>\n<p><\/p>\n<p data-start=\"2229\" data-end=\"2406\">V\u00fdroba ozuben\u00fdch kol nikdy nebyla tak p\u0159esn\u00e1, efektivn\u00ed a spolehliv\u00e1. Investujte do na\u0161ich vysoce kvalitn\u00edch slu\u017eeb odvalovac\u00edho fr\u00e9zov\u00e1n\u00ed a posu\u0148te svou v\u00fdrobu na vy\u0161\u0161\u00ed \u00farove\u0148.<\/p>\n<p><\/p>\n<p data-start=\"2408\" data-end=\"2494\" data-is-last-node=\"\" data-is-only-node=\"\">Hled\u00e1te je\u0161t\u011b vy\u0161\u0161\u00ed kvalitu ozuben\u00ed? Vyu\u017eijte tak\u00e9 na\u0161i slu\u017ebu brou\u0161en\u00ed ozuben\u00fdch kol.<\/p>\n<p>[\/vc_column_text][\/vc_column][\/vc_row]<\/p>\n<\/div>","protected":false},"excerpt":{"rendered":"<p>[vc_section full_width=&#8221;stretch_row&#8221; css=&#8221;.vc_custom_1542025240624{background-color: #f9f9f9 !important;}&#8221;][vc_row css=&#8221;.vc_custom_1542025031874{background-color: #f9f9f9 !important;}&#8221;][vc_column width=&#8221;1\/6&#8243;][\/vc_column][vc_column width=&#8221;2\/3&#8243;][vc_column_text] CNC a manu\u00e1ln\u00ed odvalovac\u00ed fr\u00e9zov\u00e1n\u00ed ozuben\u00ed &nbsp;[\/vc_column_text][vc_separator border_width=&#8221;2&#8243; css=&#8221;.vc_custom_1542025311822{margin-bottom: 20px<\/p>\n","protected":false},"author":3,"featured_media":0,"parent":0,"menu_order":0,"comment_status":"closed","ping_status":"closed","template":"","meta":{"footnotes":""},"class_list":["post-50846","page","type-page","status-publish","hentry"],"_links":{"self":[{"href":"https:\/\/nttgroup.com\/cs\/wp-json\/wp\/v2\/pages\/50846","targetHints":{"allow":["GET"]}}],"collection":[{"href":"https:\/\/nttgroup.com\/cs\/wp-json\/wp\/v2\/pages"}],"about":[{"href":"https:\/\/nttgroup.com\/cs\/wp-json\/wp\/v2\/types\/page"}],"author":[{"embeddable":true,"href":"https:\/\/nttgroup.com\/cs\/wp-json\/wp\/v2\/users\/3"}],"replies":[{"embeddable":true,"href":"https:\/\/nttgroup.com\/cs\/wp-json\/wp\/v2\/comments?post=50846"}],"version-history":[{"count":4,"href":"https:\/\/nttgroup.com\/cs\/wp-json\/wp\/v2\/pages\/50846\/revisions"}],"predecessor-version":[{"id":50858,"href":"https:\/\/nttgroup.com\/cs\/wp-json\/wp\/v2\/pages\/50846\/revisions\/50858"}],"wp:attachment":[{"href":"https:\/\/nttgroup.com\/cs\/wp-json\/wp\/v2\/media?parent=50846"}],"curies":[{"name":"wp","href":"https:\/\/api.w.org\/{rel}","templated":true}]}}