{"id":50952,"date":"2026-02-25T08:48:01","date_gmt":"2026-02-25T08:48:01","guid":{"rendered":"https:\/\/nttgroup.com\/roboticke-svarovani\/"},"modified":"2026-02-25T08:48:02","modified_gmt":"2026-02-25T08:48:02","slug":"roboticke-svarovani","status":"publish","type":"page","link":"https:\/\/nttgroup.com\/cs\/roboticke-svarovani\/","title":{"rendered":"Robotick\u00e9 sva\u0159ov\u00e1n\u00ed"},"content":{"rendered":"<div class=\"wpb-content-wrapper\"><p>[vc_section full_width=&#8221;stretch_row&#8221; css=&#8221;.vc_custom_1542025240624{background-color: #f9f9f9 !important;}&#8221;][vc_row css=&#8221;.vc_custom_1542025031874{background-color: #f9f9f9 !important;}&#8221;][vc_column width=&#8221;1\/6&#8243;][\/vc_column][vc_column width=&#8221;2\/3&#8243;][vc_column_text]<\/p>\n<h4 style=\"font-size: 42px; text-align: center;\">Robotick\u00e9 sva\u0159ov\u00e1n\u00ed<\/h4>\n<p>&nbsp;[\/vc_column_text][vc_separator border_width=&#8221;2&#8243; css=&#8221;.vc_custom_1542025311822{margin-bottom: 20px !important;}&#8221;][\/vc_column][vc_column width=&#8221;1\/6&#8243;][\/vc_column][\/vc_row][vc_row css=&#8221;.vc_custom_1542025040822{background-color: #f9f9f9 !important;}&#8221;][vc_column width=&#8221;1\/3&#8243;]\t\t\t<div class=\" basel-info-box text-center icon-alignment-top box-style-base color-scheme-dark  with-animation \" onclick=\"\">\n\t\t\t\t\t\t\t\t<div class=\"info-box-content\">\n\t\t\t\t\t<div class=\"info-box-inner\">\n\t\t\t\t\t\t<\/p>\n<h2>Vysok\u00e1 kvalita<\/h2>\n<\/p>\n<p>Sva\u0159ovan\u00e9 spoje metodou MIG\/MAG jsou ve vysok\u00e9 kvalit\u011b.<\/p>\n\t\t\t\t\t<\/div>\n\t\t\t\t<\/div>\n\t\t\t<\/div>\n\t\t[\/vc_column][vc_column width=&#8221;1\/3&#8243;]\t\t\t<div class=\" basel-info-box text-center icon-alignment-top box-style-base color-scheme-dark  with-animation \" onclick=\"\">\n\t\t\t\t\t\t\t\t<div class=\"info-box-content\">\n\t\t\t\t\t<div class=\"info-box-inner\">\n\t\t\t\t\t\t<\/p>\n<h2>Velk\u00e9 d\u00edly<\/h2>\n<\/p>\n<p>D\u00edly a\u017e do \u00d8 1,5 m lze snadno sva\u0159ovat.<\/p>\n\t\t\t\t\t<\/div>\n\t\t\t\t<\/div>\n\t\t\t<\/div>\n\t\t[\/vc_column][vc_column width=&#8221;1\/3&#8243;]\t\t\t<div class=\" basel-info-box text-center icon-alignment-top box-style-base color-scheme-dark  with-animation \" onclick=\"\">\n\t\t\t\t\t\t\t\t<div class=\"info-box-content\">\n\t\t\t\t\t<div class=\"info-box-inner\">\n\t\t\t\t\t\t<\/p>\n<h2>Rychlost<\/h2>\n<\/p>\n<p>Kr\u00e1tk\u00e9 v\u00fdrobn\u00ed cykly pro kusovou i s\u00e9riovou v\u00fdrobu.<\/p>\n\t\t\t\t\t<\/div>\n\t\t\t\t<\/div>\n\t\t\t<\/div>\n\t\t[\/vc_column][\/vc_row][\/vc_section][vc_row full_width=&#8221;stretch_row_content_no_spaces&#8221; content_placement=&#8221;top&#8221; css=&#8221;.vc_custom_1542028241205{margin-top: 40px !important;margin-bottom: -40px !important;}&#8221;][vc_column width=&#8221;1\/2&#8243; offset=&#8221;vc_col-md-6&#8243;][vc_single_image image=&#8221;15510&#8243; img_size=&#8221;500x&#8221; alignment=&#8221;center&#8221;][\/vc_column][vc_column width=&#8221;1\/2&#8243; css=&#8221;.vc_custom_1485009354843{margin-top: 25px !important;margin-bottom: 40px !important;padding-right: 10% !important;padding-left: 10% !important;}&#8221; offset=&#8221;vc_col-md-6&#8243;][vc_column_text css=&#8221;.vc_custom_1694516324558{margin-bottom: 30px !important;}&#8221;]<\/p>\n<p><\/p>\n<h1 class=\"font-title\" style=\"text-align: center; font-size: 42px; text-transform: capitalize;\"><span style=\"border-bottom: 1px solid #BDBDBD; padding-bottom: 4px;\">Robotick\u00e9 sva\u0159ov\u00e1n\u00ed<\/span><\/h1>\n<p><\/p>\n<h3 class=\"LC20lb\" style=\"text-align: center;\">MIG\/MAG<\/h3>\n<p><\/p>\n<p>[\/vc_column_text][vc_column_text css=&#8221;.vc_custom_1694516428854{padding-right: 30px !important;padding-left: 30px !important;}&#8221;]<\/p>\n<table border=\"0\" width=\"512\" cellspacing=\"0\" cellpadding=\"0\">\n<colgroup>\n<col width=\"143\" \/>\n<col width=\"141\" \/>\n<col width=\"228\" \/><\/colgroup>\n<tbody>\n<tr>\n<td class=\"xl65\" width=\"143\" height=\"28\"><strong data-start=\"640\" data-end=\"649\">Stroj<\/strong> |<\/td>\n<td class=\"xl65\" width=\"141\">Sva\u0159ovac\u00ed zdroj<\/td>\n<td class=\"xl65\" width=\"228\">Pozn\u00e1mky<\/td>\n<\/tr>\n<tr>\n<td height=\"20\">Fanuc 120iC<\/td>\n<td>Fronius TPS 400i<\/td>\n<td>horizont\u00e1ln\u00ed a vertik\u00e1ln\u00ed oto\u010dn\u00e9 stoly<\/td>\n<\/tr>\n<\/tbody>\n<\/table>\n<p>&nbsp;[\/vc_column_text][\/vc_column][\/vc_row][vc_row full_width=&#8221;stretch_row&#8221; content_placement=&#8221;middle&#8221; css=&#8221;.vc_custom_1708612183404{margin-top: 40px !important;margin-bottom: 0px !important;background-color: #f9f9f9 !important;}&#8221;][vc_column width=&#8221;1\/2&#8243; css=&#8221;.vc_custom_1438784954834{margin-bottom: 40px !important;}&#8221;][vc_column_text css=&#8221;&#8221; basel_color_scheme=&#8221;dark&#8221;]<\/p>\n<div class=\"presented-response-container ng-tns-c4150723369-462\">\n<div class=\"response-container-content ng-tns-c4150723369-462\">\n<div class=\"response-content ng-trigger ng-trigger-responsePopulation ng-tns-c4150723369-462\">\n<div class=\"markdown markdown-main-panel ui-v2-enabled\" dir=\"ltr\">\n<div class=\"presented-response-container ng-tns-c4150723369-496\">\n<div class=\"response-container-content ng-tns-c4150723369-496\">\n<div class=\"response-content ng-trigger ng-trigger-responsePopulation ng-tns-c4150723369-496\">\n<div class=\"markdown markdown-main-panel ui-v2-enabled\" dir=\"ltr\">\n<h2 class=\"\" data-sourcepos=\"1:1-1:83\">Roboticky vytvo\u0159en\u00e1 dokonalost: Inovace sva\u0159ov\u00e1n\u00ed pro \u0161pi\u010dkov\u00e9 dopravn\u00edkov\u00e9 \u0159et\u011bzy<\/h2>\n<p data-start=\"857\" data-end=\"1155\">Ve spole\u010dnosti NTT Group zvy\u0161ujeme \u00farove\u0148 v\u00fdroby dopravn\u00edkov\u00fdch \u0159et\u011bz\u016f d\u00edky p\u0159esnosti a efektivit\u011b automatizovan\u00e9ho robotick\u00e9ho sva\u0159ov\u00e1n\u00ed. Na\u0161e pracovi\u0161t\u011b je vybaveno modern\u00edm robotem MAG 135 FANUC s vysoce kvalitn\u00edm sva\u0159ovac\u00edm za\u0159\u00edzen\u00edm Fronius, kter\u00e9 zaji\u0161\u0165uje v\u00fdjime\u010dn\u00e9 v\u00fdsledky ka\u017ed\u00e9ho svaru.<\/p>\n<p data-start=\"1157\" data-end=\"1333\">Tato pokro\u010dil\u00e1 technologie n\u00e1m umo\u017e\u0148uje vyr\u00e1b\u011bt \u0161pi\u010dkov\u00e9 sva\u0159ovan\u00e9 dopravn\u00edkov\u00e9 \u0159et\u011bzy s maxim\u00e1ln\u00ed kvalitou a konzistenc\u00ed. Integrac\u00ed robotiky do v\u00fdrobn\u00edho procesu dosahujeme:<\/p>\n<ul data-sourcepos=\"7:1-7:37\">\n<li data-sourcepos=\"7:1-7:37\"><strong>Maxim\u00e1ln\u00ed p\u0159esnosti:<\/strong> Robot eliminuje lidsk\u00e9 chyby a zaji\u0161\u0165uje konzistentn\u00ed, p\u0159esn\u00e9 a opakovateln\u00e9 svary i u slo\u017eit\u00fdch geometri\u00ed \u0159et\u011bz\u016f<\/li>\n<li data-sourcepos=\"8:1-8:129\"><strong>Vy\u0161\u0161\u00ed efektivity:<\/strong> Automatizace urychluje v\u00fdrobu, zvy\u0161uje kapacitu a sou\u010dasn\u011b minimalizuje dodac\u00ed lh\u016fty i v\u00fdrobn\u00ed n\u00e1klady.<\/li>\n<li data-sourcepos=\"9:1-9:166\"><strong>\u0160pi\u010dkov\u00e9 kvality svar\u016f:<\/strong> Technologie Fronius zaru\u010duje pevn\u00e9 a spolehliv\u00e9 svary spl\u0148uj\u00edc\u00ed nejvy\u0161\u0161\u00ed standardy kvality, co\u017e zaji\u0161\u0165uje pevnost a dlouhou \u017eivotnost \u0159et\u011bz\u016f.<\/li>\n<li data-sourcepos=\"10:1-10:73\"><strong>Maxim\u00e1ln\u00ed flexibility:<\/strong> TRobot zvl\u00e1d\u00e1 r\u016fzn\u00e9 sva\u0159ovac\u00ed operace \u2013 od p\u0159iva\u0159ov\u00e1n\u00ed speci\u00e1ln\u00edch prvk\u016f a\u017e po sva\u0159ov\u00e1n\u00ed \u0159et\u011bzov\u00fdch kol pro v\u00e1le\u010dkov\u00e9 a dopravn\u00edkov\u00e9 \u0159et\u011bzy \u2013 s mimo\u0159\u00e1dnou p\u0159esnost\u00ed.<\/li>\n<\/ul>\n<p data-sourcepos=\"12:1-12:350\">Robotick\u00e9 sva\u0159ov\u00e1n\u00ed n\u00e1m nav\u00edc umo\u017e\u0148uje realizovat inovativn\u00ed konstrukce \u0159et\u011bz\u016f se slo\u017eit\u00fdmi sva\u0159ovan\u00fdmi spoji a posouvat hranice mo\u017enost\u00ed ve v\u00fdrob\u011b dopravn\u00edkov\u00fdch \u0159et\u011bz\u016f. Tato neust\u00e1l\u00e1 orientace na inovace n\u00e1s \u0159ad\u00ed mezi l\u00eddry v oboru.<\/p>\n<\/div>\n<p><\/div>\n<p><\/div>\n<p><\/div>\n<p><\/div>\n<p><\/div>\n<p><\/div>\n<p><\/div>\n<p>&nbsp;[\/vc_column_text][\/vc_column][vc_column width=&#8221;1\/2&#8243; css=&#8221;.vc_custom_1438784968106{margin-bottom: 40px !important;}&#8221;][vc_video link=&#8221;https:\/\/youtu.be\/UjHtWgB1sf4&#8243;][\/vc_column][\/vc_row]<\/p>\n<\/div>","protected":false},"excerpt":{"rendered":"<p>[vc_section full_width=&#8221;stretch_row&#8221; css=&#8221;.vc_custom_1542025240624{background-color: #f9f9f9 !important;}&#8221;][vc_row css=&#8221;.vc_custom_1542025031874{background-color: #f9f9f9 !important;}&#8221;][vc_column width=&#8221;1\/6&#8243;][\/vc_column][vc_column width=&#8221;2\/3&#8243;][vc_column_text] Robotick\u00e9 sva\u0159ov\u00e1n\u00ed &nbsp;[\/vc_column_text][vc_separator border_width=&#8221;2&#8243; css=&#8221;.vc_custom_1542025311822{margin-bottom: 20px !important;}&#8221;][\/vc_column][vc_column width=&#8221;1\/6&#8243;][\/vc_column][\/vc_row][vc_row css=&#8221;.vc_custom_1542025040822{background-color: #f9f9f9<\/p>\n","protected":false},"author":3,"featured_media":0,"parent":0,"menu_order":0,"comment_status":"closed","ping_status":"closed","template":"","meta":{"footnotes":""},"class_list":["post-50952","page","type-page","status-publish","hentry"],"_links":{"self":[{"href":"https:\/\/nttgroup.com\/cs\/wp-json\/wp\/v2\/pages\/50952","targetHints":{"allow":["GET"]}}],"collection":[{"href":"https:\/\/nttgroup.com\/cs\/wp-json\/wp\/v2\/pages"}],"about":[{"href":"https:\/\/nttgroup.com\/cs\/wp-json\/wp\/v2\/types\/page"}],"author":[{"embeddable":true,"href":"https:\/\/nttgroup.com\/cs\/wp-json\/wp\/v2\/users\/3"}],"replies":[{"embeddable":true,"href":"https:\/\/nttgroup.com\/cs\/wp-json\/wp\/v2\/comments?post=50952"}],"version-history":[{"count":2,"href":"https:\/\/nttgroup.com\/cs\/wp-json\/wp\/v2\/pages\/50952\/revisions"}],"predecessor-version":[{"id":50958,"href":"https:\/\/nttgroup.com\/cs\/wp-json\/wp\/v2\/pages\/50952\/revisions\/50958"}],"wp:attachment":[{"href":"https:\/\/nttgroup.com\/cs\/wp-json\/wp\/v2\/media?parent=50952"}],"curies":[{"name":"wp","href":"https:\/\/api.w.org\/{rel}","templated":true}]}}