{"id":50961,"date":"2026-02-25T09:00:05","date_gmt":"2026-02-25T09:00:05","guid":{"rendered":"https:\/\/nttgroup.com\/zakazkove-vyrobky-ntt\/"},"modified":"2026-02-25T09:01:17","modified_gmt":"2026-02-25T09:01:17","slug":"zakazkove-vyrobky-ntt","status":"publish","type":"page","link":"https:\/\/nttgroup.com\/cs\/zakazkove-vyrobky-ntt\/","title":{"rendered":"Zak\u00e1zkov\u00e9 v\u00fdrobky NTT"},"content":{"rendered":"<div class=\"wpb-content-wrapper\"><p>[vc_section full_width=&#8221;stretch_row&#8221; css=&#8221;.vc_custom_1542025240624{background-color: #f9f9f9 !important;}&#8221;][vc_row css=&#8221;.vc_custom_1542025031874{background-color: #f9f9f9 !important;}&#8221;][vc_column width=&#8221;1\/6&#8243;][\/vc_column][vc_column width=&#8221;2\/3&#8243;][vc_column_text]<\/p>\n<p><\/p>\n<h4 style=\"font-size: 42px; text-align: center;\">Zak\u00e1zkov\u00e9 proveden\u00ed<\/h4>\n<p><\/p>\n<p>[\/vc_column_text][vc_separator border_width=&#8221;2&#8243; css=&#8221;.vc_custom_1542025311822{margin-bottom: 20px !important;}&#8221;][\/vc_column][vc_column width=&#8221;1\/6&#8243;][\/vc_column][\/vc_row][vc_row css=&#8221;.vc_custom_1542025040822{background-color: #f9f9f9 !important;}&#8221;][vc_column width=&#8221;1\/3&#8243;]\t\t\t<div class=\" basel-info-box text-center icon-alignment-top box-style-base color-scheme-dark  with-animation \" onclick=\"\">\n\t\t\t\t\t\t\t\t<div class=\"info-box-content\">\n\t\t\t\t\t<div class=\"info-box-inner\">\n\t\t\t\t\t\t<\/p>\n<h2>Rychl\u00e9 dod\u00e1n\u00ed<\/h2>\n<\/p>\n<p>D\u00edky velk\u00fdm skladov\u00fdm z\u00e1sob\u00e1m standardn\u00edch produkt\u016f.<\/p>\n\t\t\t\t\t<\/div>\n\t\t\t\t<\/div>\n\t\t\t<\/div>\n\t\t[\/vc_column][vc_column width=&#8221;1\/3&#8243;]\t\t\t<div class=\" basel-info-box text-center icon-alignment-top box-style-base color-scheme-dark  with-animation \" onclick=\"\">\n\t\t\t\t\t\t\t\t<div class=\"info-box-content\">\n\t\t\t\t\t<div class=\"info-box-inner\">\n\t\t\t\t\t\t<\/p>\n<h2>P\u0159ipraveno k mont\u00e1\u017ei<\/h2>\n<\/p>\n<p>V\u0161echny zak\u00e1zkov\u00e9 v\u00fdrobky spl\u0148uj\u00ed po\u017eadavky z\u00e1kazn\u00edka.<\/p>\n\t\t\t\t\t<\/div>\n\t\t\t\t<\/div>\n\t\t\t<\/div>\n\t\t[\/vc_column][vc_column width=&#8221;1\/3&#8243;]\t\t\t<div class=\" basel-info-box text-center icon-alignment-top box-style-base color-scheme-dark  with-animation \" onclick=\"\">\n\t\t\t\t\t\t\t\t<div class=\"info-box-content\">\n\t\t\t\t\t<div class=\"info-box-inner\">\n\t\t\t\t\t\t<\/p>\n<h2>Technick\u00e1 podpora<\/h2>\n<\/p>\n<p>Pom\u016f\u017eeme v\u00e1m naj\u00edt nejefektivn\u011bj\u0161\u00ed \u0159e\u0161en\u00ed.<\/p>\n\t\t\t\t\t<\/div>\n\t\t\t\t<\/div>\n\t\t\t<\/div>\n\t\t[\/vc_column][\/vc_row][\/vc_section][vc_row full_width=&#8221;stretch_row&#8221; css=&#8221;.vc_custom_1694062051816{margin-top: 40px !important;margin-bottom: 45px !important;}&#8221;][vc_column width=&#8221;1\/3&#8243; el_class=&#8221;text-right&#8221;][vc_column_text css=&#8221;.vc_custom_1760610994658{margin-bottom: 30px !important;}&#8221; basel_color_scheme=&#8221;dark&#8221;]<\/p>\n<h5><strong style=\"color: #1b1919; font-family: Karla, Arial, Helvetica, sans-serif;\">VRT\u00c1N\u00cd<\/strong><\/h5>\n<p><\/p>\n<h5 style=\"margin-bottom: 10px;\"><\/h5>\n<p>Ulo\u017een\u00ed pro lo\u017eisko.<br \/>P\u0159ipraveno pro ku\u017eelov\u00e9 pouzdro (Taper Bush).[\/vc_column_text][vc_column_text css=&#8221;.vc_custom_1760611008876{margin-bottom: 30px !important;}&#8221; basel_color_scheme=&#8221;dark&#8221;]<\/p>\n<h5><strong style=\"color: #1b1919; font-family: Karla, Arial, Helvetica, sans-serif;\">DR\u00c1\u017dKA PRO PERO (KEY-WAY)<\/strong><\/h5>\n<p><\/p>\n<h5 style=\"margin-bottom: 10px;\"><\/h5>\n<p>Jednoduch\u00e1 nebo dvojit\u00e1 dr\u00e1\u017eka.<br \/>Libovoln\u00e1 \u0161\u00ed\u0159ka od 2 do 100 mm.[\/vc_column_text][vc_column_text css=&#8221;.vc_custom_1760611021592{margin-bottom: 30px !important;}&#8221; basel_color_scheme=&#8221;dark&#8221;]<\/p>\n<h5><strong style=\"color: #1b1919; font-family: Karla, Arial, Helvetica, sans-serif;\">DR\u00c1\u017dKOV\u00c1N\u00cd<\/strong><\/h5>\n<p><\/p>\n<h5 style=\"margin-bottom: 10px;\"><\/h5>\n<p>Mo\u017enost v\u00fdroby podle DIN nebo jin\u00fdch standard\u016f.[\/vc_column_text][\/vc_column][vc_column width=&#8221;1\/3&#8243;][vc_single_image image=&#8221;13807&#8243; img_size=&#8221;full&#8221; alignment=&#8221;center&#8221; css_animation=&#8221;bottom-to-top&#8221;][\/vc_column][vc_column width=&#8221;1\/3&#8243;][vc_column_text css=&#8221;.vc_custom_1760611003043{margin-bottom: 30px !important;}&#8221; basel_color_scheme=&#8221;dark&#8221;]<\/p>\n<p><\/p>\n<h5><strong style=\"color: #1b1919; font-family: Karla, Arial, Helvetica, sans-serif;\">STAV\u011aC\u00cd \u0160ROUBY<\/strong><\/h5>\n<p><\/p>\n<h5 style=\"margin-bottom: 10px;\"><\/h5>\n<p><\/p>\n<p>Prov\u00e1d\u00edme z\u00e1vity pro stav\u011bc\u00ed \u0161rouby v n\u00e1boj\u00edch.[\/vc_column_text][vc_column_text css=&#8221;.vc_custom_1760611014726{margin-bottom: 30px !important;}&#8221; basel_color_scheme=&#8221;dark&#8221;]<\/p>\n<p><\/p>\n<h5><strong style=\"color: #1b1919; font-family: Karla, Arial, Helvetica, sans-serif;\">ODLEH\u010cEN\u00c9 OTVORY<\/strong><\/h5>\n<p><\/p>\n<h5 style=\"margin-bottom: 10px;\"><\/h5>\n<p><\/p>\n<p>Nab\u00edz\u00edme flexibiln\u00ed \u0159e\u0161en\u00ed pro sn\u00ed\u017een\u00ed hmotnosti.[\/vc_column_text][vc_column_text css=&#8221;.vc_custom_1760611030859{margin-bottom: 30px !important;}&#8221; basel_color_scheme=&#8221;dark&#8221;]<\/p>\n<p><\/p>\n<h5><strong style=\"color: #1b1919; font-family: Karla, Arial, Helvetica, sans-serif;\">D\u011aLEN\u00c9 PROVEDEN\u00cd<\/strong><\/h5>\n<p><\/p>\n<h5 style=\"margin-bottom: 10px;\"><\/h5>\n<p><\/p>\n<p>Jak\u00e9koli \u0159et\u011bzov\u00e9 kolo, \u0159emenici nebo ozuben\u00e9 kolo m\u016f\u017eeme vyrobit v d\u011blen\u00e9m proveden\u00ed.[\/vc_column_text][\/vc_column][\/vc_row][vc_row content_placement=&#8221;middle&#8221; css=&#8221;.vc_custom_1451577043146{margin-bottom: 0px !important;}&#8221;][vc_column width=&#8221;1\/2&#8243; css=&#8221;.vc_custom_1438784954834{margin-bottom: 40px !important;}&#8221;][vc_column_text css=&#8221;&#8221; basel_color_scheme=&#8221;dark&#8221;]<\/p>\n<h2><strong>NA\u0160E SKLADOV\u00c9 Z\u00c1SOBY<\/strong><\/h2>\n<p><\/p>\n<p data-sourcepos=\"3:1-3:150\">Ve spole\u010dnosti NTT Group v\u00edme, \u017ee prostoje jsou n\u00e1kladn\u00e9. Proto dr\u017e\u00edme rozs\u00e1hl\u00e9 skladov\u00e9 z\u00e1soby kl\u00ed\u010dov\u00fdch komponent\u016f pro mechanick\u00e9 p\u0159enosy v\u00fdkonu, p\u0159ipraven\u00e9 k okam\u017eit\u00e9 expedici. Ozuben\u00e1 kola, \u0159et\u011bzov\u00e1 kola, \u0159emenice, ozuben\u00e9 li\u0161ty \u2013 v\u0161e m\u00e1me k dispozici.<\/p>\n<p>&nbsp;[\/vc_column_text][vc_progress_bar values=&#8221;%5B%7B%22label%22%3A%22V%5Cu00e1le%5Cu010dkov%5Cu00e9%20%5Cu0159et%5Cu011bzy%22%2C%22value%22%3A%2290%22%2C%22customcolor%22%3A%22%23196767%22%7D%2C%7B%22label%22%3A%22%5Cu0158et%5Cu011bzov%5Cu00e1%20kola%22%2C%22value%22%3A%2295%22%2C%22customcolor%22%3A%22%23196767%22%7D%2C%7B%22label%22%3A%22Ozuben%5Cu00e1%20kola%20a%20ozuben%5Cu00e9%20li%5Cu0161ty%22%2C%22value%22%3A%2280%22%2C%22customcolor%22%3A%22%23196767%22%7D%2C%7B%22label%22%3A%22%5Cu0158emeny%20a%20%5Cu0159emenice%22%2C%22value%22%3A%2270%22%2C%22customcolor%22%3A%22%23196767%22%7D%2C%7B%22label%22%3A%22Dopravn%5Cu00edkov%5Cu00e9%20%5Cu0159et%5Cu011bzy%22%2C%22value%22%3A%2290%22%2C%22customcolor%22%3A%22%23196767%22%7D%2C%7B%22label%22%3A%22Dr%5Cu00e1%5Cu017ekovan%5Cu00e9%20h%5Cu0159%5Cu00eddele%20a%20n%5Cu00e1boje%22%2C%22value%22%3A%2270%22%7D%2C%7B%22label%22%3A%22Spojky%22%2C%22value%22%3A%2250%22%7D%5D&#8221; bgcolor=&#8221;custom&#8221; custombgcolor=&#8221;#1daaa3&#8243; customtxtcolor=&#8221;#ffffff&#8221;][\/vc_column][vc_column width=&#8221;1\/2&#8243; css=&#8221;.vc_custom_1438784968106{margin-bottom: 40px !important;}&#8221;][vc_single_image image=&#8221;20277&#8243; img_size=&#8221;614&#215;414&#8243; alignment=&#8221;center&#8221; css_animation=&#8221;right-to-left&#8221;][\/vc_column][\/vc_row]<\/p>\n<\/div>","protected":false},"excerpt":{"rendered":"<p>[vc_section full_width=&#8221;stretch_row&#8221; css=&#8221;.vc_custom_1542025240624{background-color: #f9f9f9 !important;}&#8221;][vc_row css=&#8221;.vc_custom_1542025031874{background-color: #f9f9f9 !important;}&#8221;][vc_column width=&#8221;1\/6&#8243;][\/vc_column][vc_column width=&#8221;2\/3&#8243;][vc_column_text] Zak\u00e1zkov\u00e9 proveden\u00ed [\/vc_column_text][vc_separator border_width=&#8221;2&#8243; css=&#8221;.vc_custom_1542025311822{margin-bottom: 20px !important;}&#8221;][\/vc_column][vc_column width=&#8221;1\/6&#8243;][\/vc_column][\/vc_row][vc_row css=&#8221;.vc_custom_1542025040822{background-color: #f9f9f9<\/p>\n","protected":false},"author":3,"featured_media":0,"parent":0,"menu_order":0,"comment_status":"closed","ping_status":"open","template":"","meta":{"footnotes":""},"class_list":["post-50961","page","type-page","status-publish","hentry"],"_links":{"self":[{"href":"https:\/\/nttgroup.com\/cs\/wp-json\/wp\/v2\/pages\/50961","targetHints":{"allow":["GET"]}}],"collection":[{"href":"https:\/\/nttgroup.com\/cs\/wp-json\/wp\/v2\/pages"}],"about":[{"href":"https:\/\/nttgroup.com\/cs\/wp-json\/wp\/v2\/types\/page"}],"author":[{"embeddable":true,"href":"https:\/\/nttgroup.com\/cs\/wp-json\/wp\/v2\/users\/3"}],"replies":[{"embeddable":true,"href":"https:\/\/nttgroup.com\/cs\/wp-json\/wp\/v2\/comments?post=50961"}],"version-history":[{"count":5,"href":"https:\/\/nttgroup.com\/cs\/wp-json\/wp\/v2\/pages\/50961\/revisions"}],"predecessor-version":[{"id":50976,"href":"https:\/\/nttgroup.com\/cs\/wp-json\/wp\/v2\/pages\/50961\/revisions\/50976"}],"wp:attachment":[{"href":"https:\/\/nttgroup.com\/cs\/wp-json\/wp\/v2\/media?parent=50961"}],"curies":[{"name":"wp","href":"https:\/\/api.w.org\/{rel}","templated":true}]}}