{"id":50979,"date":"2026-02-25T09:06:24","date_gmt":"2026-02-25T09:06:24","guid":{"rendered":"https:\/\/nttgroup.com\/sklad\/"},"modified":"2026-02-25T09:06:25","modified_gmt":"2026-02-25T09:06:25","slug":"sklad","status":"publish","type":"page","link":"https:\/\/nttgroup.com\/cs\/sklad\/","title":{"rendered":"Sklad"},"content":{"rendered":"<div class=\"wpb-content-wrapper\"><p>[vc_section full_width=&#8221;stretch_row&#8221; css=&#8221;.vc_custom_1694496734621{background-color: #f9f9f9 !important;}&#8221;][vc_row css=&#8221;.vc_custom_1542025031874{background-color: #f9f9f9 !important;}&#8221;][vc_column width=&#8221;1\/6&#8243;][\/vc_column][vc_column width=&#8221;2\/3&#8243;][vc_column_text]<\/p>\n<h4 style=\"font-size: 42px; text-align: center;\">Sklad<\/h4>\n<p>&nbsp;[\/vc_column_text][vc_separator border_width=&#8221;2&#8243; css=&#8221;.vc_custom_1542025311822{margin-bottom: 20px !important;}&#8221;][\/vc_column][vc_column width=&#8221;1\/6&#8243;][\/vc_column][\/vc_row][vc_row css=&#8221;.vc_custom_1542025040822{background-color: #f9f9f9 !important;}&#8221;][vc_column width=&#8221;1\/3&#8243;]\t\t\t<div class=\" basel-info-box text-center icon-alignment-top box-style-base color-scheme-dark  with-animation \" onclick=\"\">\n\t\t\t\t\t\t\t\t<div class=\"info-box-content\">\n\t\t\t\t\t<div class=\"info-box-inner\">\n\t\t\t\t\t\t<\/p>\n<h2>Mezin\u00e1rodn\u00ed<\/h2>\n<p>Na\u0161e sklady se nach\u00e1zej\u00ed ve \u0160v\u00e9dsku, N\u011bmecku, Polsku a Finsku.<\/p>\n\t\t\t\t\t<\/div>\n\t\t\t\t<\/div>\n\t\t\t<\/div>\n\t\t[\/vc_column][vc_column width=&#8221;1\/3&#8243;]\t\t\t<div class=\" basel-info-box text-center icon-alignment-top box-style-base color-scheme-dark  with-animation \" onclick=\"\">\n\t\t\t\t\t\t\t\t<div class=\"info-box-content\">\n\t\t\t\t\t<div class=\"info-box-inner\">\n\t\t\t\t\t\t<\/p>\n<h2>+100.000 d\u00edl\u016f<\/h2>\n<p>Skladem dr\u017e\u00edme v\u00edce ne\u017e 100 000 standardn\u00edch komponent\u016f pro p\u0159enos v\u00fdkonu.<\/p>\n<h3 class=\"LC20lb\"><\/h3>\n<p>\n\t\t\t\t\t<\/div>\n\t\t\t\t<\/div>\n\t\t\t<\/div>\n\t\t[\/vc_column][vc_column width=&#8221;1\/3&#8243;]\t\t\t<div class=\" basel-info-box text-center icon-alignment-top box-style-base color-scheme-dark  with-animation \" onclick=\"\">\n\t\t\t\t\t\t\t\t<div class=\"info-box-content\">\n\t\t\t\t\t<div class=\"info-box-inner\">\n\t\t\t\t\t\t<\/p>\n<h2>Flexibiln\u00ed dod\u00e1vky<\/h2>\n<p>Dod\u00e1n\u00ed ve stejn\u00fd den je mo\u017en\u00e9.<\/p>\n\t\t\t\t\t<\/div>\n\t\t\t\t<\/div>\n\t\t\t<\/div>\n\t\t[\/vc_column][\/vc_row][\/vc_section][vc_row full_width=&#8221;stretch_row&#8221; css=&#8221;.vc_custom_1694062051816{margin-top: 40px !important;margin-bottom: 45px !important;}&#8221;][vc_column width=&#8221;1\/3&#8243; el_class=&#8221;text-right&#8221;][vc_column_text css=&#8221;.vc_custom_1760610945973{margin-bottom: 30px !important;}&#8221; basel_color_scheme=&#8221;dark&#8221;]<\/p>\n<h5>V\u00c1LE\u010cKOV\u00c9 \u0158ET\u011aZY<\/h5>\n<p><\/p>\n<h5 style=\"margin-bottom: 10px;\"><\/h5>\n<p>V\u0161echny typy \u0159et\u011bz\u016f podle britsk\u00e9 a americk\u00e9 normy. Double Pitch, nerezov\u00e9 proveden\u00ed, pozinkovan\u00e9, zes\u00edlen\u00e9.[\/vc_column_text][vc_column_text css=&#8221;.vc_custom_1760610951525{margin-bottom: 30px !important;}&#8221; basel_color_scheme=&#8221;dark&#8221;]<\/p>\n<h5>DOPRAVN\u00cdKOV\u00c9 \u0158ET\u011aZY<\/h5>\n<p><\/p>\n<h5 style=\"margin-bottom: 10px;\"><\/h5>\n<p>Typ M ve standardn\u00edm i sva\u0159ovan\u00e9m proveden\u00ed.<br data-start=\"474\" data-end=\"477\" \/>Kovan\u00e9 \u010dl\u00e1nky (drop forged).<br data-start=\"505\" data-end=\"508\" \/>Speci\u00e1ln\u00ed dopravn\u00edkov\u00e9 \u0159et\u011bzy.[\/vc_column_text][vc_column_text css=&#8221;.vc_custom_1760610957110{margin-bottom: 30px !important;}&#8221; basel_color_scheme=&#8221;dark&#8221;]<\/p>\n<h5>\u0158ET\u011aZOV\u00c1 KOLA<\/h5>\n<p><\/p>\n<h5 style=\"margin-bottom: 10px;\"><\/h5>\n<p>Jedno-, dvou- a t\u0159\u00ed\u0159ad\u00e1 \u0159et\u011bzov\u00e1 kola a deskov\u00e1 kola s induk\u010dn\u011b kalen\u00fdmi zuby.<br data-start=\"639\" data-end=\"642\" \/>Nerezov\u00e9 proveden\u00ed, dvojit\u00e9 deskov\u00e9 kolo, speci\u00e1ln\u00ed proveden\u00ed.[\/vc_column_text][\/vc_column][vc_column width=&#8221;1\/3&#8243;][vc_single_image image=&#8221;15354&#8243; img_size=&#8221;full&#8221; alignment=&#8221;center&#8221; css_animation=&#8221;bottom-to-top&#8221; css=&#8221;.vc_custom_1694027075096{background-image: url(http:\/\/nttwooc.bmbox.net\/wp-content\/uploads\/2017\/02\/Iphone-company-1.jpg?id=803) !important;}&#8221;][\/vc_column][vc_column width=&#8221;1\/3&#8243;][vc_column_text css=&#8221;.vc_custom_1760610927925{margin-bottom: 30px !important;}&#8221; basel_color_scheme=&#8221;dark&#8221;]<\/p>\n<h5>OZUBEN\u00c1 KOLA A OZUBEN\u00c9 LI\u0160TY<\/h5>\n<p><\/p>\n<h5 style=\"margin-bottom: 10px;\"><\/h5>\n<p>Skladem moduly od M = 0,5 do M8.<br data-start=\"774\" data-end=\"777\" \/>Ozuben\u00e9 li\u0161ty ve \u010dtvercov\u00e9m i kulat\u00e9m proveden\u00ed.<br data-start=\"825\" data-end=\"828\" \/>\u010celn\u00ed kola z oceli, plastu a mosazi.[\/vc_column_text][vc_column_text css=&#8221;.vc_custom_1760610934075{margin-bottom: 30px !important;}&#8221; basel_color_scheme=&#8221;dark&#8221;]<\/p>\n<h5>H\u0158\u00cdDELE \/ \u0160ROUBY<\/h5>\n<p><\/p>\n<h5 style=\"margin-bottom: 10px;\"><\/h5>\n<p>Dr\u00e1\u017ekovan\u00e9 h\u0159\u00eddele a n\u00e1boje z r\u016fzn\u00fdch materi\u00e1l\u016f.<br data-start=\"938\" data-end=\"941\" \/>Trap\u00e9zov\u00e9 \u0161rouby a matice v prav\u00e9m i lev\u00e9m proveden\u00ed.<br data-start=\"994\" data-end=\"997\" \/>Polygon\u00e1ln\u00ed h\u0159\u00eddele.[\/vc_column_text][vc_column_text css=&#8221;.vc_custom_1760610939909{margin-bottom: 30px !important;}&#8221; basel_color_scheme=&#8221;dark&#8221;]<\/p>\n<h5>\u0158EMENOV\u00c9 P\u0158EVODY<\/h5>\n<p><\/p>\n<h5 style=\"margin-bottom: 10px;\"><\/h5>\n<p>Skladem v\u0161echny typy standardn\u00edch ozuben\u00fdch \u0159emen\u016f (kulat\u00e9, trap\u00e9zov\u00e9 profily) a kl\u00ednov\u00fdch \u0159emen\u016f.[\/vc_column_text][\/vc_column][\/vc_row][vc_row content_placement=&#8221;middle&#8221; css=&#8221;.vc_custom_1451577043146{margin-bottom: 0px !important;}&#8221;][vc_column width=&#8221;1\/2&#8243; css=&#8221;.vc_custom_1438784954834{margin-bottom: 40px !important;}&#8221;][vc_column_text css=&#8221;&#8221; basel_color_scheme=&#8221;dark&#8221;]<\/p>\n<h2>NA\u0160E SKLADOV\u00c9 Z\u00c1SOBY<\/h2>\n<p><\/p>\n<p data-sourcepos=\"3:1-3:150\">Ve spole\u010dnosti NTT Group v\u00edme, \u017ee prostoje jsou n\u00e1kladn\u00e9. Proto dr\u017e\u00edme rozs\u00e1hl\u00e9 z\u00e1soby kl\u00ed\u010dov\u00fdch komponent\u016f pro mechanick\u00fd p\u0159enos v\u00fdkonu, p\u0159ipraven\u00e9 k okam\u017eit\u00e9 expedici. Ozuben\u00e1 kola, \u0159et\u011bzov\u00e1 kola, \u0159emenice, ozuben\u00e9 li\u0161ty \u2013 v\u0161e m\u00e1me skladem.<\/p>\n<p>&nbsp;[\/vc_column_text][vc_progress_bar values=&#8221;%5B%7B%22label%22%3A%22V%5Cu00e1le%5Cu010dkov%5Cu00e9%20%5Cu0159et%5Cu011bzy%22%2C%22value%22%3A%2290%22%2C%22customcolor%22%3A%22%23196767%22%7D%2C%7B%22label%22%3A%22%5Cu0158et%5Cu011bzov%5Cu00e1%20kola%22%2C%22value%22%3A%2295%22%2C%22customcolor%22%3A%22%23196767%22%7D%2C%7B%22label%22%3A%22Ozuben%5Cu00e1%20kola%20a%20ozuben%5Cu00e9%20li%5Cu0161ty%22%2C%22value%22%3A%2280%22%2C%22customcolor%22%3A%22%23196767%22%7D%2C%7B%22label%22%3A%22%5Cu0158emeny%20a%20%5Cu0159emenice%22%2C%22value%22%3A%2270%22%2C%22customcolor%22%3A%22%23196767%22%7D%2C%7B%22label%22%3A%22Dopravn%5Cu00edkov%5Cu00e9%20%5Cu0159et%5Cu011bzy%22%2C%22value%22%3A%2290%22%2C%22customcolor%22%3A%22%23196767%22%7D%2C%7B%22label%22%3A%22Dr%5Cu00e1%5Cu017ekovan%5Cu00e9%20h%5Cu0159%5Cu00eddele%20a%20n%5Cu00e1boje%22%2C%22value%22%3A%2270%22%7D%2C%7B%22label%22%3A%22Spojky%22%2C%22value%22%3A%2250%22%7D%5D&#8221; bgcolor=&#8221;custom&#8221; custombgcolor=&#8221;#1daaa3&#8243; customtxtcolor=&#8221;#ffffff&#8221;][\/vc_column][vc_column width=&#8221;1\/2&#8243; css=&#8221;.vc_custom_1438784968106{margin-bottom: 40px !important;}&#8221;][vc_single_image image=&#8221;20277&#8243; img_size=&#8221;614&#215;414&#8243; alignment=&#8221;center&#8221; css_animation=&#8221;right-to-left&#8221;][\/vc_column][\/vc_row]<\/p>\n<\/div>","protected":false},"excerpt":{"rendered":"<p>[vc_section full_width=&#8221;stretch_row&#8221; css=&#8221;.vc_custom_1694496734621{background-color: #f9f9f9 !important;}&#8221;][vc_row css=&#8221;.vc_custom_1542025031874{background-color: #f9f9f9 !important;}&#8221;][vc_column width=&#8221;1\/6&#8243;][\/vc_column][vc_column width=&#8221;2\/3&#8243;][vc_column_text] Sklad &nbsp;[\/vc_column_text][vc_separator border_width=&#8221;2&#8243; css=&#8221;.vc_custom_1542025311822{margin-bottom: 20px !important;}&#8221;][\/vc_column][vc_column width=&#8221;1\/6&#8243;][\/vc_column][\/vc_row][vc_row css=&#8221;.vc_custom_1542025040822{background-color: #f9f9f9 !important;}&#8221;][vc_column<\/p>\n","protected":false},"author":3,"featured_media":0,"parent":0,"menu_order":0,"comment_status":"closed","ping_status":"open","template":"","meta":{"footnotes":""},"class_list":["post-50979","page","type-page","status-publish","hentry"],"_links":{"self":[{"href":"https:\/\/nttgroup.com\/cs\/wp-json\/wp\/v2\/pages\/50979","targetHints":{"allow":["GET"]}}],"collection":[{"href":"https:\/\/nttgroup.com\/cs\/wp-json\/wp\/v2\/pages"}],"about":[{"href":"https:\/\/nttgroup.com\/cs\/wp-json\/wp\/v2\/types\/page"}],"author":[{"embeddable":true,"href":"https:\/\/nttgroup.com\/cs\/wp-json\/wp\/v2\/users\/3"}],"replies":[{"embeddable":true,"href":"https:\/\/nttgroup.com\/cs\/wp-json\/wp\/v2\/comments?post=50979"}],"version-history":[{"count":2,"href":"https:\/\/nttgroup.com\/cs\/wp-json\/wp\/v2\/pages\/50979\/revisions"}],"predecessor-version":[{"id":50985,"href":"https:\/\/nttgroup.com\/cs\/wp-json\/wp\/v2\/pages\/50979\/revisions\/50985"}],"wp:attachment":[{"href":"https:\/\/nttgroup.com\/cs\/wp-json\/wp\/v2\/media?parent=50979"}],"curies":[{"name":"wp","href":"https:\/\/api.w.org\/{rel}","templated":true}]}}