{"id":50988,"date":"2026-02-25T09:13:09","date_gmt":"2026-02-25T09:13:09","guid":{"rendered":"https:\/\/nttgroup.com\/vyroba-na-zakazku\/"},"modified":"2026-02-25T09:13:10","modified_gmt":"2026-02-25T09:13:10","slug":"vyroba-na-zakazku","status":"publish","type":"page","link":"https:\/\/nttgroup.com\/cs\/vyroba-na-zakazku\/","title":{"rendered":"V\u00fdroba na zak\u00e1zku"},"content":{"rendered":"<div class=\"wpb-content-wrapper\"><p>[vc_section full_width=&#8221;stretch_row&#8221; css=&#8221;.vc_custom_1542025240624{background-color: #f9f9f9 !important;}&#8221;][vc_row css=&#8221;.vc_custom_1542025031874{background-color: #f9f9f9 !important;}&#8221;][vc_column width=&#8221;1\/6&#8243;][\/vc_column][vc_column width=&#8221;2\/3&#8243;][vc_column_text]<\/p>\n<p><\/p>\n<h4 style=\"font-size: 42px; text-align: center;\">V\u00fdroba na\u00a0<span class=\"color-primary\">zak\u00e1zku<\/span><\/h4>\n<p><\/p>\n<p>[\/vc_column_text][vc_separator border_width=&#8221;2&#8243; css=&#8221;.vc_custom_1542025311822{margin-bottom: 20px !important;}&#8221;][\/vc_column][vc_column width=&#8221;1\/6&#8243;][\/vc_column][\/vc_row][vc_row css=&#8221;.vc_custom_1542025040822{background-color: #f9f9f9 !important;}&#8221;][vc_column width=&#8221;1\/3&#8243;]\t\t\t<div class=\" basel-info-box text-center icon-alignment-top box-style-base color-scheme-dark  with-animation \" onclick=\"\">\n\t\t\t\t\t\t\t\t<div class=\"info-box-content\">\n\t\t\t\t\t<div class=\"info-box-inner\">\n\t\t\t\t\t\t<\/p>\n<h2>Star\u00fd d\u00edl<\/h2>\n<p>Nov\u00fd d\u00edl jsme schopni vyrobit na z\u00e1klad\u011b va\u0161eho p\u016fvodn\u00edho d\u00edlu.<\/p>\n\t\t\t\t\t<\/div>\n\t\t\t\t<\/div>\n\t\t\t<\/div>\n\t\t[\/vc_column][vc_column width=&#8221;1\/3&#8243;]\t\t\t<div class=\" basel-info-box text-center icon-alignment-top box-style-base color-scheme-dark  with-animation \" onclick=\"\">\n\t\t\t\t\t\t\t\t<div class=\"info-box-content\">\n\t\t\t\t\t<div class=\"info-box-inner\">\n\t\t\t\t\t\t<\/p>\n<h2>V\u00fdkresov\u00e1 dokumentace<\/h2>\n<p>Jak\u00e9koli ozuben\u00e9 kolo vyrob\u00edme podle z\u00e1kaznick\u00e9 dokumentace.<\/p>\n<h3 class=\"LC20lb\"><\/h3>\n<p>\n\t\t\t\t\t<\/div>\n\t\t\t\t<\/div>\n\t\t\t<\/div>\n\t\t[\/vc_column][vc_column width=&#8221;1\/3&#8243;]\t\t\t<div class=\" basel-info-box text-center icon-alignment-top box-style-base color-scheme-dark  with-animation \" onclick=\"\">\n\t\t\t\t\t\t\t\t<div class=\"info-box-content\">\n\t\t\t\t\t<div class=\"info-box-inner\">\n\t\t\t\t\t\t<\/p>\n<h2>Technick\u00e1 podpora<\/h2>\n<\/p>\n<p>Z\u00e1kazn\u00edk\u016fm poskytujeme bezplatnou podporu p\u0159i n\u00e1vrhu a tvorb\u011b v\u00fdkres\u016f.<\/p>\n\t\t\t\t\t<\/div>\n\t\t\t\t<\/div>\n\t\t\t<\/div>\n\t\t[\/vc_column][\/vc_row][\/vc_section][vc_row full_width=&#8221;stretch_row&#8221; css=&#8221;.vc_custom_1694062051816{margin-top: 40px !important;margin-bottom: 45px !important;}&#8221;][vc_column width=&#8221;1\/3&#8243; el_class=&#8221;text-right&#8221;][vc_column_text css=&#8221;.vc_custom_1760610843009{margin-bottom: 30px !important;}&#8221; basel_color_scheme=&#8221;dark&#8221;]<\/p>\n<h5>PROTOTYPOV\u00c1 V\u00ddROBA<\/h5>\n<p><\/p>\n<h5 style=\"margin-bottom: 10px;\"><\/h5>\n<p>Nab\u00edz\u00edme v\u00fdrobu jednotliv\u00fdch kus\u016f.<br data-start=\"360\" data-end=\"363\" \/>Prototypy a vzorky jsou samoz\u0159ejmost\u00ed.[\/vc_column_text][vc_column_text css=&#8221;.vc_custom_1760610849127{margin-bottom: 30px !important;}&#8221; basel_color_scheme=&#8221;dark&#8221;]<\/p>\n<h5>MAL\u00c9 S\u00c9RIE<\/h5>\n<p><\/p>\n<h5 style=\"margin-bottom: 10px;\"><\/h5>\n<p>Na\u0161e v\u00fdroba je flexibiln\u00ed a umo\u017e\u0148uje produkci komponent\u016f ozuben\u00ed v mal\u00fdch i st\u0159edn\u00edch s\u00e9ri\u00edch.[\/vc_column_text][vc_column_text css=&#8221;.vc_custom_1760610854410{margin-bottom: 30px !important;}&#8221; basel_color_scheme=&#8221;dark&#8221;]<\/p>\n<h5>VELKOS\u00c9RIOV\u00c1 V\u00ddROBA<\/h5>\n<p><\/p>\n<h5 style=\"margin-bottom: 10px;\"><\/h5>\n<p>V\u00fdroba velk\u00fdch s\u00e9ri\u00ed s mo\u017enost\u00ed flexibiln\u00edho skladov\u00e1n\u00ed dle ro\u010dn\u00ed pot\u0159eby.[\/vc_column_text][\/vc_column][vc_column width=&#8221;1\/3&#8243;][vc_single_image image=&#8221;15056&#8243; img_size=&#8221;full&#8221; alignment=&#8221;center&#8221; css_animation=&#8221;bottom-to-top&#8221;][\/vc_column][vc_column width=&#8221;1\/3&#8243;][vc_column_text css=&#8221;.vc_custom_1760610860473{margin-bottom: 30px !important;}&#8221; basel_color_scheme=&#8221;dark&#8221;]<\/p>\n<h5>OEM OZNA\u010cEN\u00cd<\/h5>\n<p><\/p>\n<h5 style=\"margin-bottom: 10px;\"><\/h5>\n<p>D\u00edly m\u016f\u017eeme ozna\u010dit laserem nebo mikrobodov\u00fdm zna\u010den\u00edm \/ grav\u00edrov\u00e1n\u00edm \u2013 v\u010detn\u011b loga z\u00e1kazn\u00edka, \u010d\u00edsla v\u00fdkresu apod.[\/vc_column_text][vc_column_text css=&#8221;.vc_custom_1760610866044{margin-bottom: 30px !important;}&#8221; basel_color_scheme=&#8221;dark&#8221;]<\/p>\n<h5>SPECI\u00c1LN\u00cd BALEN\u00cd<\/h5>\n<p><\/p>\n<h5 style=\"margin-bottom: 10px;\"><\/h5>\n<p>D\u00edly mohou b\u00fdt baleny podle specifikace z\u00e1kazn\u00edka v\u010detn\u011b ozna\u010den\u00ed a etiketov\u00e1n\u00ed.[\/vc_column_text][vc_column_text css=&#8221;.vc_custom_1760610873027{margin-bottom: 30px !important;}&#8221; basel_color_scheme=&#8221;dark&#8221;]<\/p>\n<h5>MONT\u00c1\u017d<\/h5>\n<p><\/p>\n<h5 style=\"margin-bottom: 10px;\"><\/h5>\n<p>V na\u0161ich z\u00e1vodech je mo\u017en\u00e1 mont\u00e1\u017e na\u0161ich d\u00edl\u016f spole\u010dn\u011b s va\u0161imi nebo s komponenty t\u0159et\u00edch stran.[\/vc_column_text][\/vc_column][\/vc_row][vc_row full_width=&#8221;stretch_row&#8221; content_placement=&#8221;middle&#8221; css=&#8221;.vc_custom_1694062097233{margin-bottom: 0px !important;background-color: #f9f9f9 !important;}&#8221;][vc_column width=&#8221;1\/2&#8243; css=&#8221;.vc_custom_1438784954834{margin-bottom: 40px !important;}&#8221;][vc_column_text css=&#8221;&#8221; basel_color_scheme=&#8221;dark&#8221;]<\/p>\n<h2>V\u00ddROBA<\/h2>\n<p>N\u00e1\u0161 modern\u00ed strojn\u00ed park s v\u00edce ne\u017e 100 CNC stroji v r\u016fzn\u00fdch lokalit\u00e1ch je p\u0159ipraven splnit va\u0161e po\u017eadavky na zak\u00e1zkovou v\u00fdrobu.<\/p>\n<p>Na\u0161e odborn\u00e9 znalosti pokr\u00fdvaj\u00ed n\u00e1sleduj\u00edc\u00ed sortiment:[\/vc_column_text][vc_progress_bar values=&#8221;%5B%7B%22label%22%3A%22V%5Cu00e1le%5Cu010dkov%5Cu00e9%20%5Cu0159et%5Cu011bzy%22%2C%22value%22%3A%2270%22%2C%22customcolor%22%3A%22%23196767%22%7D%2C%7B%22label%22%3A%22%5Cu0158et%5Cu011bzov%5Cu00e1%20kola%22%2C%22value%22%3A%22100%22%2C%22customcolor%22%3A%22%23196767%22%7D%2C%7B%22label%22%3A%22Ozuben%5Cu00e1%20kola%20a%20ozuben%5Cu00e9%20li%5Cu0161ty%22%2C%22value%22%3A%2290%22%2C%22customcolor%22%3A%22%23196767%22%7D%2C%7B%22label%22%3A%22%5Cu0158emeny%20a%20%5Cu0159emenice%22%2C%22value%22%3A%22100%22%2C%22customcolor%22%3A%22%23196767%22%7D%2C%7B%22label%22%3A%22Dopravn%5Cu00edkov%5Cu00e9%20%5Cu0159et%5Cu011bzy%22%2C%22value%22%3A%22100%22%2C%22customcolor%22%3A%22%23196767%22%7D%2C%7B%22label%22%3A%22Dr%5Cu00e1%5Cu017ekovan%5Cu00e9%20h%5Cu0159%5Cu00eddele%20a%20n%5Cu00e1boje%22%2C%22value%22%3A%2245%22%7D%2C%7B%22label%22%3A%22Spojky%22%2C%22value%22%3A%2240%22%7D%5D&#8221; bgcolor=&#8221;custom&#8221; custombgcolor=&#8221;#1daaa3&#8243; customtxtcolor=&#8221;#ffffff&#8221;][\/vc_column][vc_column width=&#8221;1\/2&#8243; css=&#8221;.vc_custom_1438784968106{margin-bottom: 40px !important;}&#8221;][vc_single_image image=&#8221;13792&#8243; img_size=&#8221;614&#215;414&#8243; alignment=&#8221;center&#8221; css_animation=&#8221;right-to-left&#8221;][\/vc_column][\/vc_row]<\/p>\n<\/div>","protected":false},"excerpt":{"rendered":"<p>[vc_section full_width=&#8221;stretch_row&#8221; css=&#8221;.vc_custom_1542025240624{background-color: #f9f9f9 !important;}&#8221;][vc_row css=&#8221;.vc_custom_1542025031874{background-color: #f9f9f9 !important;}&#8221;][vc_column width=&#8221;1\/6&#8243;][\/vc_column][vc_column width=&#8221;2\/3&#8243;][vc_column_text] V\u00fdroba na\u00a0zak\u00e1zku [\/vc_column_text][vc_separator border_width=&#8221;2&#8243; css=&#8221;.vc_custom_1542025311822{margin-bottom: 20px !important;}&#8221;][\/vc_column][vc_column width=&#8221;1\/6&#8243;][\/vc_column][\/vc_row][vc_row css=&#8221;.vc_custom_1542025040822{background-color: #f9f9f9<\/p>\n","protected":false},"author":3,"featured_media":0,"parent":0,"menu_order":0,"comment_status":"closed","ping_status":"open","template":"","meta":{"footnotes":""},"class_list":["post-50988","page","type-page","status-publish","hentry"],"_links":{"self":[{"href":"https:\/\/nttgroup.com\/cs\/wp-json\/wp\/v2\/pages\/50988","targetHints":{"allow":["GET"]}}],"collection":[{"href":"https:\/\/nttgroup.com\/cs\/wp-json\/wp\/v2\/pages"}],"about":[{"href":"https:\/\/nttgroup.com\/cs\/wp-json\/wp\/v2\/types\/page"}],"author":[{"embeddable":true,"href":"https:\/\/nttgroup.com\/cs\/wp-json\/wp\/v2\/users\/3"}],"replies":[{"embeddable":true,"href":"https:\/\/nttgroup.com\/cs\/wp-json\/wp\/v2\/comments?post=50988"}],"version-history":[{"count":2,"href":"https:\/\/nttgroup.com\/cs\/wp-json\/wp\/v2\/pages\/50988\/revisions"}],"predecessor-version":[{"id":50994,"href":"https:\/\/nttgroup.com\/cs\/wp-json\/wp\/v2\/pages\/50988\/revisions\/50994"}],"wp:attachment":[{"href":"https:\/\/nttgroup.com\/cs\/wp-json\/wp\/v2\/media?parent=50988"}],"curies":[{"name":"wp","href":"https:\/\/api.w.org\/{rel}","templated":true}]}}