{"id":50997,"date":"2026-02-25T09:16:32","date_gmt":"2026-02-25T09:16:32","guid":{"rendered":"https:\/\/nttgroup.com\/dodaci-podminky-ntt\/"},"modified":"2026-02-25T09:16:39","modified_gmt":"2026-02-25T09:16:39","slug":"dodaci-podminky-ntt","status":"publish","type":"page","link":"https:\/\/nttgroup.com\/cs\/dodaci-podminky-ntt\/","title":{"rendered":"Dodac\u00ed podm\u00ednky NTT"},"content":{"rendered":"<div class=\"wpb-content-wrapper\"><p>[vc_section full_width=&#8221;stretch_row&#8221; css=&#8221;.vc_custom_1542025240624{background-color: #f9f9f9 !important;}&#8221;][vc_row css=&#8221;.vc_custom_1542025031874{background-color: #f9f9f9 !important;}&#8221;][vc_column width=&#8221;1\/6&#8243;][\/vc_column][vc_column width=&#8221;2\/3&#8243;][vc_column_text]<\/p>\n<p><\/p>\n<h4 style=\"font-size: 42px; text-align: center;\">Dodac\u00ed podm\u00ednky NTT<\/h4>\n<p><\/p>\n<p>[\/vc_column_text][\/vc_column][vc_column width=&#8221;1\/6&#8243;][\/vc_column][\/vc_row][\/vc_section][vc_row full_width=&#8221;stretch_row&#8221; css=&#8221;.vc_custom_1694062051816{margin-top: 40px !important;margin-bottom: 45px !important;}&#8221;][vc_column width=&#8221;1\/2&#8243; el_class=&#8221;text-left&#8221;][vc_column_text css=&#8221;.vc_custom_1760610768340{margin-bottom: 30px !important;}&#8221; basel_color_scheme=&#8221;dark&#8221;]<\/p>\n<div class=\"dxGrid\">\n<div class=\"dxGrid8 Main1\">\n<p class=\"Normal\">Vyhrazujeme si pr\u00e1vo zprostit se odpov\u011bdnosti v p\u0159\u00edpad\u011b zv\u00fd\u0161en\u00ed cen surovin, nep\u0159edv\u00eddan\u00fdch dodate\u010dn\u00fdch n\u00e1klad\u016f, kurzov\u00fdch v\u00fdkyv\u016f, obt\u00ed\u017e\u00ed v distribuci a dal\u0161\u00edch okolnost\u00ed mimo na\u0161i kontrolu.<\/p>\n<p class=\"Normal\">Ve\u0161ker\u00e9 dod\u00e1vky spole\u010dnosti NTT Group jsou realizov\u00e1ny v souladu s \u201eAllm\u00e4nna leveransbest\u00e4mmelser NL 09\u201c.<\/p>\n<p class=\"Normal\">U zak\u00e1zkov\u00e9 v\u00fdroby si vyhrazujeme pr\u00e1vo dodat mno\u017estv\u00ed s toleranc\u00ed maxim\u00e1ln\u011b +10 %.<\/p>\n<p class=\"Normal\">Pro dod\u00e1vky od spole\u010dnosti Kedjeexperten plat\u00ed obchodn\u00ed podm\u00ednky dle <a title=\"SSG 9012\" href=\"https:\/\/www.ssg.se\/Produkter-och-tjanster\/SSG-Leveranskontrakt\/Utbildningsvideor\/Video---SSG-Allmanna-Bestammelser-90-12\/\" target=\"_blank\" rel=\"noopener\">SSG 9012<\/a>.<\/p>\n<\/div>\n<p><\/div>\n<p>&nbsp;[\/vc_column_text][\/vc_column][vc_column width=&#8221;1\/2&#8243;][vc_single_image image=&#8221;15354&#8243; img_size=&#8221;full&#8221; alignment=&#8221;center&#8221; css_animation=&#8221;bottom-to-top&#8221;][\/vc_column][\/vc_row]<\/p>\n<\/div>","protected":false},"excerpt":{"rendered":"<p>[vc_section full_width=&#8221;stretch_row&#8221; css=&#8221;.vc_custom_1542025240624{background-color: #f9f9f9 !important;}&#8221;][vc_row css=&#8221;.vc_custom_1542025031874{background-color: #f9f9f9 !important;}&#8221;][vc_column width=&#8221;1\/6&#8243;][\/vc_column][vc_column width=&#8221;2\/3&#8243;][vc_column_text] Dodac\u00ed podm\u00ednky NTT [\/vc_column_text][\/vc_column][vc_column width=&#8221;1\/6&#8243;][\/vc_column][\/vc_row][\/vc_section][vc_row full_width=&#8221;stretch_row&#8221; css=&#8221;.vc_custom_1694062051816{margin-top: 40px !important;margin-bottom: 45px<\/p>\n","protected":false},"author":3,"featured_media":0,"parent":0,"menu_order":0,"comment_status":"closed","ping_status":"closed","template":"","meta":{"footnotes":""},"class_list":["post-50997","page","type-page","status-publish","hentry"],"_links":{"self":[{"href":"https:\/\/nttgroup.com\/cs\/wp-json\/wp\/v2\/pages\/50997","targetHints":{"allow":["GET"]}}],"collection":[{"href":"https:\/\/nttgroup.com\/cs\/wp-json\/wp\/v2\/pages"}],"about":[{"href":"https:\/\/nttgroup.com\/cs\/wp-json\/wp\/v2\/types\/page"}],"author":[{"embeddable":true,"href":"https:\/\/nttgroup.com\/cs\/wp-json\/wp\/v2\/users\/3"}],"replies":[{"embeddable":true,"href":"https:\/\/nttgroup.com\/cs\/wp-json\/wp\/v2\/comments?post=50997"}],"version-history":[{"count":5,"href":"https:\/\/nttgroup.com\/cs\/wp-json\/wp\/v2\/pages\/50997\/revisions"}],"predecessor-version":[{"id":51012,"href":"https:\/\/nttgroup.com\/cs\/wp-json\/wp\/v2\/pages\/50997\/revisions\/51012"}],"wp:attachment":[{"href":"https:\/\/nttgroup.com\/cs\/wp-json\/wp\/v2\/media?parent=50997"}],"curies":[{"name":"wp","href":"https:\/\/api.w.org\/{rel}","templated":true}]}}