{"id":51015,"date":"2026-02-25T09:28:06","date_gmt":"2026-02-25T09:28:06","guid":{"rendered":"https:\/\/nttgroup.com\/pracovni-prilezitosti-v-ntt\/"},"modified":"2026-02-25T09:28:08","modified_gmt":"2026-02-25T09:28:08","slug":"pracovni-prilezitosti-v-ntt","status":"publish","type":"page","link":"https:\/\/nttgroup.com\/cs\/pracovni-prilezitosti-v-ntt\/","title":{"rendered":"Pracovn\u00ed p\u0159\u00edle\u017eitosti v NTT"},"content":{"rendered":"<div class=\"wpb-content-wrapper\"><p>[vc_section full_width=&#8221;stretch_row&#8221; css=&#8221;.vc_custom_1542025240624{background-color: #f9f9f9 !important;}&#8221;][vc_row css=&#8221;.vc_custom_1542025031874{background-color: #f9f9f9 !important;}&#8221;][vc_column width=&#8221;1\/6&#8243;][\/vc_column][vc_column width=&#8221;2\/3&#8243;][vc_column_text]<\/p>\n<h4 style=\"font-size: 42px; text-align: center;\">Lid\u00e9 \u2013 na\u0161e nejv\u011bt\u0161\u00ed hodnota<\/h4>\n<p>&nbsp;[\/vc_column_text][vc_separator border_width=&#8221;2&#8243; css=&#8221;.vc_custom_1542025311822{margin-bottom: 20px !important;}&#8221;][\/vc_column][vc_column width=&#8221;1\/6&#8243;][\/vc_column][\/vc_row][vc_row css=&#8221;.vc_custom_1542025040822{background-color: #f9f9f9 !important;}&#8221;][vc_column width=&#8221;1\/3&#8243;]\t\t\t<div class=\" basel-info-box text-center icon-alignment-top box-style-base color-scheme-dark  with-animation \" onclick=\"\">\n\t\t\t\t\t\t\t\t<div class=\"info-box-content\">\n\t\t\t\t\t<div class=\"info-box-inner\">\n\t\t\t\t\t\t<\/p>\n<h2>V\u00fdroba<\/h2>\n<\/p>\n<p class=\"Normal\">Jsme neust\u00e1le otev\u0159eni nov\u00fdm koleg\u016fm do v\u00fdroby. Hled\u00e1me obsluhu CNC stroj\u016f i specialisty na ozuben\u00ed.<\/p>\n<p>\n\t\t\t\t\t<\/div>\n\t\t\t\t<\/div>\n\t\t\t<\/div>\n\t\t[\/vc_column][vc_column width=&#8221;1\/3&#8243;]\t\t\t<div class=\" basel-info-box text-center icon-alignment-top box-style-base color-scheme-dark  with-animation \" onclick=\"\">\n\t\t\t\t\t\t\t\t<div class=\"info-box-content\">\n\t\t\t\t\t<div class=\"info-box-inner\">\n\t\t\t\t\t\t<\/p>\n<h2>Kancel\u00e1\u0159<\/h2>\n<\/p>\n<p class=\"Normal\">M\u00e1te zku\u0161enosti v oblasti komponent\u016f pro p\u0159enos v\u00fdkonu?<br data-start=\"257\" data-end=\"260\" \/>P\u0159idejte se k na\u0161emu skv\u011bl\u00e9mu t\u00fdmu!<\/p>\n\t\t\t\t\t<\/div>\n\t\t\t\t<\/div>\n\t\t\t<\/div>\n<p>[\/vc_column][vc_column width=&#8221;1\/3&#8243;]\t\t\t<div class=\" basel-info-box text-center icon-alignment-top box-style-base color-scheme-dark  with-animation \" onclick=\"\">\n\t\t\t\t\t\t\t\t<div class=\"info-box-content\">\n\t\t\t\t\t<div class=\"info-box-inner\">\n\t\t\t\t\t\t<\/p>\n<h2>Nov\u00e9 trhy<\/h2>\n<p>Jsme otev\u0159eni nov\u00fdm obchodn\u00edm p\u0159\u00edle\u017eitostem a rozvoji na dal\u0161\u00edch trz\u00edch.<\/p>\n\t\t\t\t\t<\/div>\n\t\t\t\t<\/div>\n\t\t\t<\/div>\n\t\t[\/vc_column][\/vc_row][\/vc_section][vc_row full_width=&#8221;stretch_row&#8221; css=&#8221;.vc_custom_1694062051816{margin-top: 40px !important;margin-bottom: 45px !important;}&#8221;][vc_column width=&#8221;1\/2&#8243; el_class=&#8221;text-left&#8221;][vc_column_text css=&#8221;.vc_custom_1760606635939{margin-bottom: 30px !important;}&#8221; basel_color_scheme=&#8221;dark&#8221;]<\/p>\n<div class=\"presented-response-container ng-tns-c4150723369-418\">\n<div class=\"response-container-content ng-tns-c4150723369-418\">\n<div class=\"response-content ng-trigger ng-trigger-responsePopulation ng-tns-c4150723369-418\">\n<div class=\"markdown markdown-main-panel ui-v2-enabled\" dir=\"ltr\">\n<div class=\"presented-response-container ng-tns-c4150723369-429\">\n<div class=\"response-container-content ng-tns-c4150723369-429\">\n<div class=\"response-content ng-trigger ng-trigger-responsePopulation ng-tns-c4150723369-429\">\n<div class=\"markdown markdown-main-panel ui-v2-enabled\" dir=\"ltr\">\n<h2 data-sourcepos=\"1:1-1:59\">P\u0159ipojte se k rodin\u011b NTT: Formujte svou budoucnost, pod\u00edlejte se na inovac\u00edch<\/h2>\n<p data-sourcepos=\"3:1-3:368\">Hled\u00e1te kari\u00e9ru, kde m\u00e1 va\u0161e pr\u00e1ce skute\u010dn\u00fd v\u00fdznam? Ve spole\u010dnosti NTT Group nenab\u00edz\u00edme jen zam\u011bstn\u00e1n\u00ed \u2013 nab\u00edz\u00edme podporuj\u00edc\u00ed a spolupracuj\u00edc\u00ed prost\u0159ed\u00ed, ve kter\u00e9m m\u016f\u017eete r\u016fst, u\u010dit se a usp\u011bt. A\u0165 u\u017e jste dynamick\u00fd kancel\u00e1\u0159sk\u00fd pracovn\u00edk nebo kvalifikovan\u00fd pracovn\u00edk ve v\u00fdrob\u011b, m\u00e1me pro v\u00e1s zaj\u00edmav\u00e9 p\u0159\u00edle\u017eitosti st\u00e1t se sou\u010d\u00e1st\u00ed na\u0161eho \u00fasp\u011bchu.<\/p>\n<p data-sourcepos=\"5:1-5:318\"><strong>Pro kancel\u00e1\u0159sk\u00e9 pozice:<\/strong> M\u00e1te v\u00e1\u0161e\u0148 pro organizaci, \u0159e\u0161en\u00ed probl\u00e9m\u016f a komunikaci? M\u016f\u017eete se pod\u00edlet na hladk\u00e9m chodu na\u0161\u00ed spole\u010dnosti. Nab\u00edz\u00edme r\u016fznorod\u00e9 pozice v oblasti administrativy, financ\u00ed, marketingu a obchodu, kde m\u016f\u017eete vyu\u017e\u00edt sv\u00e9 zku\u0161enosti a d\u00e1le je rozv\u00edjet.<\/p>\n<p data-sourcepos=\"7:1-7:346\"><strong>Pro pracovn\u00edky ve v\u00fdrob\u011b:<\/strong> Jste pe\u010dliv\u00ed, manu\u00e1ln\u011b zru\u010dn\u00ed a vyhovuje v\u00e1m dynamick\u00e9 pracovn\u00ed prost\u0159ed\u00ed? Pod\u00edlejte se na v\u00fdrob\u011b vysoce kvalitn\u00edch komponent\u016f, kter\u00e9 poh\u00e1n\u011bj\u00ed pr\u016fmysl po cel\u00e9 Evrop\u011b. Nab\u00edz\u00edme pozice v oblasti mont\u00e1\u017ee, kontroly kvality a obsluhy stroj\u016f, kde si v\u00e1\u017e\u00edme va\u0161\u00ed odbornosti a nasazen\u00ed.<\/p>\n<p data-sourcepos=\"9:1-9:402\"><strong>Co n\u00e1s odli\u0161uje?<\/strong> V NTT Group budete sou\u010d\u00e1st\u00ed rodinn\u00e9 spole\u010dnosti s pevn\u00fdm z\u00e1vazkem v\u016f\u010di sv\u00fdm zam\u011bstnanc\u016fm. Nab\u00edz\u00edme konkurenceschopn\u00e9 mzdov\u00e9 podm\u00ednky a benefity, mo\u017enosti profesn\u00edho rozvoje a zdravou rovnov\u00e1hu mezi pracovn\u00edm a osobn\u00edm \u017eivotem. Podporujeme otev\u0159enou komunikaci, respekt a t\u00fdmovou spolupr\u00e1ci, tak\u017ee se u n\u00e1s budete c\u00edtit oce\u0148ov\u00e1ni a podporov\u00e1ni.<\/p>\n<p data-sourcepos=\"11:1-11:216\"><strong>Jste p\u0159ipraveni ud\u011blat dal\u0161\u00ed krok?<\/strong> P\u0159idejte se k NTT Group a za\u010dn\u011bte svou kari\u00e9rn\u00ed cestu plnou p\u0159\u00edle\u017eitost\u00ed. Prohl\u00e9dn\u011bte si na\u0161e voln\u00e9 pozice a zjist\u011bte, jak m\u016f\u017eete p\u0159isp\u011bt k na\u0161\u00ed budoucnosti. T\u011b\u0161\u00edme se na v\u00e1s!<\/p>\n<\/div>\n<p><\/div>\n<p><\/div>\n<p><\/div>\n<p><\/div>\n<p><\/div>\n<p><\/div>\n<p><\/div>\n<p>&nbsp;[\/vc_column_text][\/vc_column][vc_column width=&#8221;1\/2&#8243;][vc_single_image image=&#8221;15483&#8243; img_size=&#8221;full&#8221; alignment=&#8221;center&#8221; css_animation=&#8221;bottom-to-top&#8221;][\/vc_column][\/vc_row]<\/p>\n<\/div>","protected":false},"excerpt":{"rendered":"<p>[vc_section full_width=&#8221;stretch_row&#8221; css=&#8221;.vc_custom_1542025240624{background-color: #f9f9f9 !important;}&#8221;][vc_row css=&#8221;.vc_custom_1542025031874{background-color: #f9f9f9 !important;}&#8221;][vc_column width=&#8221;1\/6&#8243;][\/vc_column][vc_column width=&#8221;2\/3&#8243;][vc_column_text] Lid\u00e9 \u2013 na\u0161e nejv\u011bt\u0161\u00ed hodnota &nbsp;[\/vc_column_text][vc_separator border_width=&#8221;2&#8243; css=&#8221;.vc_custom_1542025311822{margin-bottom: 20px !important;}&#8221;][\/vc_column][vc_column<\/p>\n","protected":false},"author":3,"featured_media":0,"parent":0,"menu_order":0,"comment_status":"closed","ping_status":"closed","template":"","meta":{"footnotes":""},"class_list":["post-51015","page","type-page","status-publish","hentry"],"_links":{"self":[{"href":"https:\/\/nttgroup.com\/cs\/wp-json\/wp\/v2\/pages\/51015","targetHints":{"allow":["GET"]}}],"collection":[{"href":"https:\/\/nttgroup.com\/cs\/wp-json\/wp\/v2\/pages"}],"about":[{"href":"https:\/\/nttgroup.com\/cs\/wp-json\/wp\/v2\/types\/page"}],"author":[{"embeddable":true,"href":"https:\/\/nttgroup.com\/cs\/wp-json\/wp\/v2\/users\/3"}],"replies":[{"embeddable":true,"href":"https:\/\/nttgroup.com\/cs\/wp-json\/wp\/v2\/comments?post=51015"}],"version-history":[{"count":2,"href":"https:\/\/nttgroup.com\/cs\/wp-json\/wp\/v2\/pages\/51015\/revisions"}],"predecessor-version":[{"id":51021,"href":"https:\/\/nttgroup.com\/cs\/wp-json\/wp\/v2\/pages\/51015\/revisions\/51021"}],"wp:attachment":[{"href":"https:\/\/nttgroup.com\/cs\/wp-json\/wp\/v2\/media?parent=51015"}],"curies":[{"name":"wp","href":"https:\/\/api.w.org\/{rel}","templated":true}]}}