{"id":51099,"date":"2026-02-25T14:45:37","date_gmt":"2026-02-25T14:45:37","guid":{"rendered":"https:\/\/nttgroup.com\/nextreme-racing-premiovy-motokrosovy-retez\/"},"modified":"2026-02-25T14:45:40","modified_gmt":"2026-02-25T14:45:40","slug":"nextreme-racing-premiovy-motokrosovy-retez","status":"publish","type":"page","link":"https:\/\/nttgroup.com\/cs\/nextreme-racing-premiovy-motokrosovy-retez\/","title":{"rendered":"NEXTREME RACING \u2013 Pr\u00e9miov\u00fd motokrosov\u00fd \u0159et\u011bz"},"content":{"rendered":"<div class=\"wpb-content-wrapper\"><p>[vc_row full_width=&#8221;stretch_row_content_no_spaces&#8221; css=&#8221;.vc_custom_1752833481775{margin-top: -40px !important;}&#8221;][vc_column]\n\t\t\t<!-- START Racing EN REVOLUTION SLIDER 6.7.41 --><p class=\"rs-p-wp-fix\"><\/p>\n\t\t\t<rs-module-wrap id=\"rev_slider_58_1_wrapper\" data-source=\"gallery\" style=\"visibility:hidden;background:transparent;padding:0;margin:0px auto;margin-top:0;margin-bottom:0;\">\n\t\t\t\t<rs-module id=\"rev_slider_58_1\" class=\" rs-ov-hidden\" style=\"\" data-version=\"6.7.41\">\n\t\t\t\t\t<div class=\"rs_error_message_box\">\n\t\t\t\t\t\t<div class=\"rs_error_message_oops\">There is nothing to show here!<\/div>\n\t\t\t\t\t\t<div class=\"rs_error_message_content\">Make sure to add slides to the slider<\/div>\n\t\t\t\t\t<\/div>\n\t\t\t\t<\/rs-module>\n\t\t\t<\/rs-module-wrap>\n\t\t\t<script>\n\t\t\t\tvar rs_eslider = document.getElementById(\"rev_slider_58_1\");\n\t\t\t\trs_eslider.style.display = \"none\";\n\t\t\t\tconsole.log(\"Make sure to add slides to the slider\");\n\t\t\t<\/script>\n[vc_column_text css=&#8221;.vc_custom_1752750215563{padding-top: 4vh !important;}&#8221;]<\/p>\n<h4 style=\"font-size: 42px; text-align: center;\">Pr\u00e9miov\u00fd motokrosov\u00fd \u0159et\u011bz<\/h4>\n<p>&nbsp;[\/vc_column_text][vc_separator border_width=&#8221;2&#8243; el_width=&#8221;20&#8243; css=&#8221;&#8221;][\/vc_column][\/vc_row][vc_section full_width=&#8221;stretch_row&#8221; css=&#8221;.vc_custom_1703767270471{padding-top: 4vh !important;padding-bottom: 6vh !important;}&#8221;][vc_row full_width=&#8221;stretch_row_content_no_spaces&#8221; css=&#8221;.vc_custom_1694490018451{margin-bottom: -70px !important;}&#8221;][vc_column width=&#8221;1\/2&#8243; css=&#8221;.vc_custom_1752838690254{margin-left: 30px !important;padding-right: 50px !important;}&#8221; offset=&#8221;vc_hidden-xs&#8221;]\n\t\t\t<div class=\"promo-banner-wrapper\">\n\t\t\t\t<div class=\"promo-banner cursor-pointer text-left vertical-alignment-middle banner- hover-4 color-scheme-dark \" onclick=\"window.location.href='http:\/\/#'\" >\n\n\t\t\t\t\t<div class=\"main-wrapp-img\">\n\t\t\t\t\t\t<div class=\"banner-image\">\n\t\t\t\t\t\t\t\t\t\t\t\t\t\t\t\t\t\t\t\t\t\t\t\t<img decoding=\"async\" class=\"promo-banner-image image-1 \" src=\"https:\/\/nttgroup.com\/wp-content\/uploads\/2025\/07\/fd6b05ef-bbeb-4f5d-a846-4fdf04181ee1-1-250x250.png\" width=\"250\" height=\"250\" alt=\"fd6b05ef-bbeb-4f5d-a846-4fdf04181ee1\" title=\"fd6b05ef-bbeb-4f5d-a846-4fdf04181ee1\" loading=\"lazy\" \/>\t\t\t\t\t\t\t\t\t\t\t\t\t\t\t\t\t\t\t\t\t<\/div>\n\t\t\t\t\t<\/div>\n\n\t\t\t\t\t<div class=\"wrapper-content-baner\">\n\t\t\t\t\t\t<div class=\"banner-inner\">\n\t\t\t\t\t\t\t<\/p>\n<h6 style=\"margin-bottom: 10px; text-align: right;\"><span style=\"color: #a6a6a6;\">\u00a0NTT GROUP PROVEN PERFORMANCE<\/span><\/h6>\n<\/p>\n<h3 style=\"margin-bottom: 10px; text-align: right;\"><strong>Advanced XW-sealing<\/strong><\/h3>\n<\/p>\n<p style=\"text-align: right;\">Conquer any condition with superior protection.<\/p>\n<\/p>\n<p>\n\t\t\t\t\t\t<\/div>\n\t\t\t\t\t<\/div>\n\n\t\t\t\t<\/div>\n\t\t\t<\/div>\n\n\t\t[\/vc_column][vc_column width=&#8221;1\/2&#8243; css=&#8221;.vc_custom_1752838611172{padding-right: 50px !important;}&#8221; offset=&#8221;vc_hidden-xs&#8221;]\n\t\t\t<div class=\"promo-banner-wrapper\">\n\t\t\t\t<div class=\"promo-banner cursor-pointer text-left vertical-alignment-middle banner- hover-4 color-scheme-dark \" onclick=\"window.location.href='http:\/\/#'\" >\n\n\t\t\t\t\t<div class=\"main-wrapp-img\">\n\t\t\t\t\t\t<div class=\"banner-image\">\n\t\t\t\t\t\t\t\t\t\t\t\t\t\t\t\t\t\t\t\t\t\t\t\t<img decoding=\"async\" class=\"promo-banner-image image-1 \" src=\"https:\/\/nttgroup.com\/wp-content\/uploads\/2025\/07\/Image-56-250x250.jpg\" width=\"250\" height=\"250\" alt=\"Image (56)\" title=\"Image (56)\" loading=\"lazy\" \/>\t\t\t\t\t\t\t\t\t\t\t\t\t\t\t\t\t\t\t\t\t<\/div>\n\t\t\t\t\t<\/div>\n\n\t\t\t\t\t<div class=\"wrapper-content-baner\">\n\t\t\t\t\t\t<div class=\"banner-inner\">\n\t\t\t\t\t\t\t<\/p>\n<h6 style=\"margin-bottom: 10px; text-align: right;\"><span style=\"color: #a6a6a6;\"> NTT GROUP \u2013 Ov\u011b\u0159en\u00fd v\u00fdkon<\/span><\/h6>\n<\/p>\n<h3 style=\"margin-bottom: 10px; text-align: right;\">V\u00fdjime\u010dn\u00e1 pevnost materi\u00e1lu<\/h3>\n<\/p>\n<p style=\"text-align: right;\">Technologie sni\u017euj\u00edc\u00ed t\u0159en\u00ed.<\/p>\n<p>\n\t\t\t\t\t\t<\/div>\n\t\t\t\t\t<\/div>\n\n\t\t\t\t<\/div>\n\t\t\t<\/div>\n\n\t\t[\/vc_column][\/vc_row][\/vc_section][vc_section full_width=&#8221;stretch_row&#8221; content_placement=&#8221;middle&#8221; basel_bg_position=&#8221;center-center&#8221; css=&#8221;.vc_custom_1759471862161{margin-top: 5px !important;margin-right: 5px !important;margin-bottom: 5px !important;margin-left: 5px !important;background-image: url(https:\/\/nttgroup.com\/wp-content\/uploads\/2025\/10\/Untitled-1600-x-1051-px-2.png?id=47036) !important;background-position: center !important;background-repeat: no-repeat !important;background-size: cover !important;}&#8221; min_height=&#8221;0px&#8221;][vc_row css=&#8221;.vc_custom_1752831570680{padding-bottom: 5vh !important;background-position: 0 0 !important;background-repeat: no-repeat !important;}&#8221;][vc_column width=&#8221;1\/4&#8243;][\/vc_column][vc_column width=&#8221;1\/2&#8243;][vc_column_text css=&#8221;&#8221;]<\/p>\n<h2 style=\"font-size: 35px; text-align: center;\">NECHTE SE P\u0158EKVAPIT KVALITOU<\/h2>\n<p>&nbsp;[\/vc_column_text][vc_column_text css=&#8221;&#8221;]<\/p>\n<h2 style=\"font-size: 20px; text-align: center;\">\u0158et\u011bzy s\u00e9rie Nextreme Racing jsou volbou profesion\u00e1l\u016f, kte\u0159\u00ed nep\u0159istupuj\u00ed na kompromisy. Jsou navr\u017eeny s d\u016frazem na maxim\u00e1ln\u00ed v\u00fdkon a spolehlivost.<\/h2>\n<p>&nbsp;[\/vc_column_text][vc_column_text css=&#8221;&#8221;]<\/p>\n<h2 style=\"font-size: 35px; text-align: center;\">3\u00d7 DEL\u0160\u00cd \u017dIVOTNOST NE\u017d KONKURENCE<\/h2>\n<p>&nbsp;[\/vc_column_text][\/vc_column][vc_column width=&#8221;1\/4&#8243; basel_bg_position=&#8221;left-top&#8221; css=&#8221;.vc_custom_1752584482242{padding-bottom: 10vh !important; pozycja-t\u0142a: 0 0 !wa\u017cne; background-repeat: no-repeat !important;}&#8221;][\/vc_column][\/vc_row][\/vc_section][vc_section full_width=&#8221;stretch_row&#8221; css=&#8221;.vc_custom_1703767262840{wype\u0142nienie-g\u00f3ra: 4vh !wa\u017cne; wype\u0142nienie-d\u00f3\u0142: 5vh !wa\u017cne; kolor-t\u0142a: #f9f9f9 !wa\u017cne;}&#8221;][vc_row full_width=&#8221;stretch_row_content_no_spaces&#8221; css=&#8221;.vc_custom_1752833499133{background-color: #F9F9F9 !important;}&#8221;][vc_column][vc_column_text css=&#8221;&#8221;]<\/p>\n<h4 style=\"font-size: 42px; text-align: center;\">\u0158e\u0161en\u00ed s n\u00e1skokem \u0161ampiona<\/h4>\n<p>&nbsp;[\/vc_column_text][vc_separator border_width=&#8221;2&#8243; el_width=&#8221;20&#8243; css=&#8221;&#8221;][\/vc_column][\/vc_row][vc_row full_width=&#8221;stretch_row&#8221; css=&#8221;.vc_custom_1752833491779{padding-bottom: 2vh !important;background-color: #F9F9F9 !important;}&#8221;][vc_column width=&#8221;1\/3&#8243;]\t\t\t<div class=\" basel-info-box2 text-center icon-alignment-top box-style-base color-scheme-dark  \" onclick=\"\">\n\t\t\t\t\t\t\t\t\t<div class=\"box-icon-wrapper\">\n\t\t\t\t\t\t<div class=\"info-box-icon\">\n\t\t\t\t\t\t\t\t\t\t\t\t\t\t\t\t\t\t\t\t\t\t\t\t\t\t\t\t\t\t\t\t\t\t\t\t\t\t\t\t<\/div>\n\t\t\t\t\t<\/div>\n\t\t\t\t\t\t\t\t<div class=\"info-box-content\">\n\t\t\t\t\t<div class=\"info-box-inner\">\n\t\t\t\t\t\t<\/p>\n<h2>Vysoce p\u0159esn\u00e9 komponenty<\/h2>\n<p>Ka\u017ed\u00fd \u010dl\u00e1nek \u0159et\u011bzu je precizn\u011b konstruov\u00e1n pro optim\u00e1ln\u00ed p\u0159enos v\u00fdkonu a maxim\u00e1ln\u00ed efektivitu. V\u00fdsledek? Plynul\u00e1 akcelerace, dynamick\u00fd v\u00fdkon a pln\u00e1 kontrola nad va\u0161\u00edm motocyklem \u2013 a\u0165 u\u017e z\u00e1vod\u00edte na trati nebo zdol\u00e1v\u00e1te extr\u00e9mn\u00ed ter\u00e9n v off-road podm\u00ednk\u00e1ch.<\/p>\n\t\t\t\t\t<\/div>\n\t\t\t\t<\/div>\n\t\t\t<\/div>\n\t\t[\/vc_column][vc_column width=&#8221;1\/3&#8243;]\t\t\t<div class=\" basel-info-box2 text-center icon-alignment-top box-style-base color-scheme-dark  \" onclick=\"\">\n\t\t\t\t\t\t\t\t\t<div class=\"box-icon-wrapper\">\n\t\t\t\t\t\t<div class=\"info-box-icon\">\n\t\t\t\t\t\t\t\t\t\t\t\t\t\t\t\t\t\t\t\t\t\t\t\t\t\t\t\t\t\t\t\t\t\t\t\t\t\t\t\t<\/div>\n\t\t\t\t\t<\/div>\n\t\t\t\t\t\t\t\t<div class=\"info-box-content\">\n\t\t\t\t\t<div class=\"info-box-inner\">\n\t\t\t\t\t\t<\/p>\n<h2>XW t\u011bsn\u011bn\u00ed<\/h2>\n<p>Postavte se i t\u011bm nejn\u00e1ro\u010dn\u011bj\u0161\u00edm podm\u00ednk\u00e1m s jistotou. Pokro\u010dil\u00fd syst\u00e9m t\u011bsn\u011bn\u00ed XW poskytuje \u0161pi\u010dkovou ochranu proti prachu, bl\u00e1tu, vod\u011b a dal\u0161\u00edm ne\u010distot\u00e1m. V\u00fdsledkem je vy\u0161\u0161\u00ed odolnost, men\u0161\u00ed opot\u0159eben\u00ed a v\u00fdrazn\u011b ni\u017e\u0161\u00ed n\u00e1roky na \u00fadr\u017ebu.<\/p>\n\t\t\t\t\t<\/div>\n\t\t\t\t<\/div>\n\t\t\t<\/div>\n\t\t[\/vc_column][vc_column width=&#8221;1\/3&#8243;]\t\t\t<div class=\" basel-info-box2 text-center icon-alignment-top box-style-base color-scheme-dark  \" onclick=\"\">\n\t\t\t\t\t\t\t\t\t<div class=\"box-icon-wrapper\">\n\t\t\t\t\t\t<div class=\"info-box-icon\">\n\t\t\t\t\t\t\t\t\t\t\t\t\t\t\t\t\t\t\t\t\t\t\t\t\t\t\t\t\t\t\t\t\t\t\t\t\t\t\t\t<\/div>\n\t\t\t\t\t<\/div>\n\t\t\t\t\t\t\t\t<div class=\"info-box-content\">\n\t\t\t\t\t<div class=\"info-box-inner\">\n\t\t\t\t\t\t<\/p>\n<h2>V\u00fdrazn\u00e1 zlat\u00e1 barva<\/h2>\n<p>\u0158et\u011bzy NEXTREME nejsou jen o \u0161pi\u010dkov\u00e9 technologii \u2013 p\u0159in\u00e1\u0161ej\u00ed i v\u00fdrazn\u00fd styl. Odv\u00e1\u017en\u00e1 zlat\u00e1 barva dod\u00e1 va\u0161emu motocyklu jedine\u010dn\u00fd charakter a zajist\u00ed, \u017ee vyniknete p\u0159i ka\u017ed\u00e9m startu. Nen\u00ed to jen vzhled \u2013 je to prohl\u00e1\u0161en\u00ed o sebev\u011bdom\u00ed a kontrole.<\/p>\n\t\t\t\t\t<\/div>\n\t\t\t\t<\/div>\n\t\t\t<\/div>\n\t\t[\/vc_column][\/vc_row][\/vc_section][vc_row full_width=&#8221;stretch_row_content_no_spaces&#8221; equal_height=&#8221;yes&#8221; content_placement=&#8221;middle&#8221; css=&#8221;.vc_custom_1752840541391{margin-top: 5px !important;margin-right: 5px !important;margin-bottom: 5px !important;margin-left: 5px !important;background: #00000000 url(https:\/\/nttgroup.com\/wp-content\/uploads\/2025\/07\/Untitled-1600-x-1051-px.png?id=46595) !important;background-position: center !important;background-repeat: no-repeat !important;background-size: cover !important;}&#8221;][vc_column width=&#8221;1\/2&#8243; css=&#8221;.vc_custom_1752840164695{padding-top: 20px !important;}&#8221;][vc_single_image image=&#8221;46018&#8243; img_size=&#8221;large&#8221; css_animation=&#8221;bounceIn&#8221; css=&#8221;.vc_custom_1752583803010{padding-bottom: 0px !important;background-position: 0 0 !important;background-repeat: no-repeat !important;}&#8221;][\/vc_column][vc_column width=&#8221;1\/2&#8243; css=&#8221;.vc_custom_1752838469774{padding-top: 40px !important;padding-right: 40px !important;padding-bottom: 40px !important;padding-left: 40px !important;}&#8221;][vc_custom_heading text=&#8221;520WSX&#8221; font_container=&#8221;tag:h2|font_size:22|text_align:left|color:%23FFFFFF|line_height:1.1&#8243; use_theme_fonts=&#8221;yes&#8221; css=&#8221;.vc_custom_1752575582466{margin-bottom: 10px !important;}&#8221;][vc_custom_heading text=&#8221;<strong>NEXTREME RACING<\/strong>&#8221; font_container=&#8221;tag:h2|font_size:56|text_align:left|color:%23FFFFFF|line_height:1.1&#8243; use_theme_fonts=&#8221;yes&#8221; css=&#8221;.vc_custom_1752575592442{margin-bottom: 5px !important;}&#8221;][vc_custom_heading text=&#8221;OVL\u00c1DN\u011aTE TRA\u0164 S KONSTRUKC\u00cd NA \u00daROVNI <br \/> \u0160AMPION\u016e&#8221; font_container=&#8221;tag:h2|font_size:22|text_align:left|color:%23FFFFFF|line_height:1.1&#8243; use_theme_fonts=&#8221;yes&#8221; css=&#8221;.vc_custom_1752840671865{margin-bottom: 10px !important;}&#8221;][\/vc_column][\/vc_row][vc_section full_width=&#8221;stretch_row&#8221; css=&#8221;.vc_custom_1691666636989{padding-top: 4vh !important;padding-bottom: 3vh !important;}&#8221;][vc_row css=&#8221;.vc_custom_1691666451305{margin-bottom: 4px !important;}&#8221;][vc_column width=&#8221;1\/4&#8243; basel_bg_position=&#8221;center-center&#8221; basel_text_align=&#8221;center&#8221; css=&#8221;.vc_custom_1752568999160{margin-top: 0px !important;padding-top: 0px !important;}&#8221;][vc_single_image image=&#8221;46033&#8243; img_size=&#8221;medium&#8221; alignment=&#8221;center&#8221; style=&#8221;vc_box_circle_2&#8243; onclick=&#8221;zoom&#8221; css_animation=&#8221;zoomIn&#8221; css=&#8221;&#8221;][\/vc_column][vc_column width=&#8221;3\/4&#8243;][vc_column_text css=&#8221;.vc_custom_1752570623984{margin-bottom: 15px !important;}&#8221;]<\/p>\n<h4 style=\"font-size: 42px; text-align: center;\">N\u00e1\u0161 z\u00e1vodn\u00ed t\u00fdm<\/h4>\n<p>&nbsp;[\/vc_column_text][vc_separator border_width=&#8221;2&#8243; el_width=&#8221;20&#8243; css=&#8221;.vc_custom_1752517774778{margin-bottom: 20px !important;}&#8221;][vc_column_text css=&#8221;.vc_custom_1752578918147{margin-bottom: 20px !important;}&#8221; basel_color_scheme=&#8221;dark&#8221;]<\/p>\n<blockquote>\n<p style=\"text-align: center;\"><em>\u201eJako jezdec HARD ENDURO jsem m\u011bl mo\u017enost jako prvn\u00ed testovat \u0159et\u011bzy NEXTREME 520WSX. Jejich odolnost m\u011b opravdu p\u0159ekvapila \u2014 d\u00edky nim je v\u00fdm\u011bna \u0159et\u011bzu mnohem m\u00e9n\u011b \u010dast\u00e1.\u201c<br data-start=\"788\" data-end=\"791\" \/>\u2014 Wojciech \u015awi\u0119tochowski, MOTOWATAHA<\/em><\/p>\n<\/blockquote>\n<p>&nbsp;[\/vc_column_text][\/vc_column][\/vc_row][\/vc_section][vc_row full_width=&#8221;stretch_row_content_no_spaces&#8221; css=&#8221;.vc_custom_1752570337997{background-color: #F9F9F9 !important;}&#8221;][vc_column width=&#8221;1\/4&#8243; css=&#8221;.vc_custom_1484301231968{wype\u0142nienie u g\u00f3ry: 0px !wa\u017cne;}&#8221;][vc_single_image image=&#8221;45711&#8243; img_size=&#8221;large&#8221; alignment=&#8221;center&#8221; css=&#8221;.vc_custom_1752833678661{background-position: center !important;background-repeat: no-repeat !important;background-size: cover !important;}&#8221;][vc_column_text css=&#8221;&#8221;]<\/p>\n<h3 style=\"font-size: 42px; text-align: center;\">Rumunsko a Siedl\u0119cin jsou za n\u00e1mi \u2013 co bude d\u00e1l?<\/h3>\n<p>&nbsp;[\/vc_column_text][\/vc_column][vc_column width=&#8221;1\/2&#8243;][vc_column_text css=&#8221;&#8221;]<\/p>\n<h4 style=\"font-size: 42px; text-align: center;\">Poj\u010fme se setkat na z\u00e1vodech<\/h4>\n<p><\/p>\n<h4 style=\"font-size: 42px; text-align: center;\"><\/h4>\n<p>&nbsp;[\/vc_column_text][vc_separator border_width=&#8221;2&#8243; el_width=&#8221;20&#8243; css=&#8221;&#8221;]\t\t\t<div class=\"basel-countdown-timer  color-scheme-light timer-align-center timer-size-large timer-style-standard\">\n\t\t\t\t<div class=\"basel-timer\" data-end-date=\"2025\/08\/31\" data-timezone=\"GMT\"><\/div>\n\t\t\t<\/div>\n\t\t[vc_icon icon_fontawesome=&#8221;fa fa-solid fa-signs-post&#8221; color=&#8221;black&#8221; size=&#8221;xl&#8221; align=&#8221;center&#8221; css_animation=&#8221;fadeInRightBig&#8221; css=&#8221;.vc_custom_1753681712256{padding-top: 20px !important;}&#8221;][\/vc_column][vc_column width=&#8221;1\/4&#8243;][vc_single_image image=&#8221;45573&#8243; img_size=&#8221;medium&#8221; alignment=&#8221;center&#8221; css=&#8221;&#8221;][\/vc_column][\/vc_row][vc_row full_width=&#8221;stretch_row_content_no_spaces&#8221; css=&#8221;.vc_custom_1752756973971{background-position: center !important;background-repeat: no-repeat !important;background-size: cover !important;}&#8221;][vc_column][vc_column_text css=&#8221;&#8221;]<\/p>\n<h4 style=\"font-size: 42px; text-align: center;\">Zapome\u0148te na standard. M\u00ed\u0159te na legend\u00e1rn\u00ed \u00farove\u0148.<\/h4>\n<p>&nbsp;[\/vc_column_text][vc_separator border_width=&#8221;2&#8243; el_width=&#8221;20&#8243; css=&#8221;&#8221;][\/vc_column][\/vc_row][vc_row full_width=&#8221;stretch_row&#8221; equal_height=&#8221;yes&#8221; content_placement=&#8221;middle&#8221;][vc_column width=&#8221;1\/2&#8243; basel_color_scheme=&#8221;dark&#8221;][vc_images_carousel images=&#8221;46128,46113,46212&#8243; img_size=&#8221;large&#8221; onclick=&#8221;link_no&#8221; autoplay=&#8221;yes&#8221; wrap=&#8221;yes&#8221; css=&#8221;&#8221;][\/vc_column][vc_column width=&#8221;1\/2&#8243; basel_color_scheme=&#8221;dark&#8221; css=&#8221;.vc_custom_1752834144473{border-top-width: -100px !important;background-position: center !important;background-repeat: no-repeat !important;background-size: contain !important;}&#8221;][vc_pricing_table heading=&#8221;NEXTREME Racing 520WSX&#8221; subheading=&#8221;Motocross Chain&#8221; currency=&#8221;EUR&#8221; price=&#8221;65&#8243; period=&#8221;\/pc&#8221; markers_color=&#8221;#0B70E8E3&#8243; btn_title=&#8221;contact us&#8221; btn_css_animation=&#8221;top-to-bottom&#8221; css_animation=&#8221;bottom-to-top&#8221; css=&#8221;.vc_custom_1759216162527{background-color: #ECECEC !important;}&#8221; btn_el_class=&#8221;popmake-46723&#8243;]<\/p>\n<ul class=\"wpb-plan-features\">\n<li><strong data-start=\"983\" data-end=\"991\">116L<\/strong> (115 \u010dl\u00e1nk\u016f \u0159et\u011bzu + 1 spojovac\u00ed \u010dl\u00e1nek)<\/li>\n<li>Ultra p\u0159esn\u00e9 komponenty<\/li>\n<li>P\u0159edepnut\u00fd pro minim\u00e1ln\u00ed prodlou\u017een\u00ed<\/li>\n<li>Pevn\u00e9 n\u00fdtov\u00e1n\u00ed<\/li>\n<li>XW t\u011bsn\u011bn\u00ed<\/li>\n<\/ul>\n<p>Ceny jsou uvedeny bez DPH a n\u00e1klad\u016f na dopravu.<\/p>\n<p style=\"text-align: right;\">V\u00edce informac\u00ed<\/p>\n<div>\n<div>\n<div>\n<div>\n<p style=\"text-align: right;\"><strong>E-mail: izabela.walicka@nttgroup.com\u00a0 Mobile: <span data-olk-copy-source=\"MessageBody\"> 604 423 400<\/span><\/strong><\/p>\n<\/div>\n<p><\/div>\n<p><\/div>\n<p><\/div>\n<p>&nbsp;[\/vc_pricing_table][vc_icon icon_fontawesome=&#8221;fa fa-brands fa-square-instagram&#8221; color=&#8221;black&#8221; css_animation=&#8221;top-to-bottom&#8221; css=&#8221;&#8221; link=&#8221;url:https%3A%2F%2Fwww.instagram.com%2Fnextreme_racing%2F|title:https%3A%2F%2Fwww.instagram.com%2Fnextreme_racing%2F|target:_blank|&#8221;][\/vc_column][\/vc_row][vc_row][vc_column][vc_column_text][\/vc_column_text][\/vc_column][\/vc_row]<\/p>\n<\/div>","protected":false},"excerpt":{"rendered":"<p>[vc_row full_width=&#8221;stretch_row_content_no_spaces&#8221; css=&#8221;.vc_custom_1752833481775{margin-top: -40px !important;}&#8221;][vc_column][vc_column_text css=&#8221;.vc_custom_1752750215563{padding-top: 4vh !important;}&#8221;] Pr\u00e9miov\u00fd motokrosov\u00fd \u0159et\u011bz &nbsp;[\/vc_column_text][vc_separator border_width=&#8221;2&#8243; el_width=&#8221;20&#8243; css=&#8221;&#8221;][\/vc_column][\/vc_row][vc_section full_width=&#8221;stretch_row&#8221; css=&#8221;.vc_custom_1703767270471{padding-top: 4vh !important;padding-bottom: 6vh<\/p>\n","protected":false},"author":3,"featured_media":0,"parent":0,"menu_order":0,"comment_status":"closed","ping_status":"closed","template":"","meta":{"footnotes":""},"class_list":["post-51099","page","type-page","status-publish","hentry"],"_links":{"self":[{"href":"https:\/\/nttgroup.com\/cs\/wp-json\/wp\/v2\/pages\/51099","targetHints":{"allow":["GET"]}}],"collection":[{"href":"https:\/\/nttgroup.com\/cs\/wp-json\/wp\/v2\/pages"}],"about":[{"href":"https:\/\/nttgroup.com\/cs\/wp-json\/wp\/v2\/types\/page"}],"author":[{"embeddable":true,"href":"https:\/\/nttgroup.com\/cs\/wp-json\/wp\/v2\/users\/3"}],"replies":[{"embeddable":true,"href":"https:\/\/nttgroup.com\/cs\/wp-json\/wp\/v2\/comments?post=51099"}],"version-history":[{"count":2,"href":"https:\/\/nttgroup.com\/cs\/wp-json\/wp\/v2\/pages\/51099\/revisions"}],"predecessor-version":[{"id":51237,"href":"https:\/\/nttgroup.com\/cs\/wp-json\/wp\/v2\/pages\/51099\/revisions\/51237"}],"wp:attachment":[{"href":"https:\/\/nttgroup.com\/cs\/wp-json\/wp\/v2\/media?parent=51099"}],"curies":[{"name":"wp","href":"https:\/\/api.w.org\/{rel}","templated":true}]}}