{"id":51510,"date":"2026-03-02T07:26:31","date_gmt":"2026-03-02T07:26:31","guid":{"rendered":"https:\/\/nttgroup.com\/kvalita\/"},"modified":"2026-03-02T07:26:33","modified_gmt":"2026-03-02T07:26:33","slug":"kvalita","status":"publish","type":"page","link":"https:\/\/nttgroup.com\/cs\/kvalita\/","title":{"rendered":"Kvalita"},"content":{"rendered":"<div class=\"wpb-content-wrapper\"><p>[vc_row full_width=&#8221;stretch_row&#8221; full_height=&#8221;yes&#8221; css=&#8221;.vc_custom_1694029144707{margin-top: -40px !important;margin-bottom: 60px !important;padding-top: 15% !important;padding-bottom: 15% !important;background-image: url(https:\/\/nttgroup.com\/wp-content\/uploads\/2017\/05\/NTT-kola-zebate-produkcja.png?id=13827) !important;background-position: center !important;background-repeat: no-repeat !important;background-size: cover !important;}&#8221;][vc_column][vc_custom_heading text=&#8221;<strong>Kvalita za\u010d\u00edn\u00e1<\/strong>&#8221; font_container=&#8221;tag:h1|font_size:68|text_align:center|color:%23ffffff|line_height:1&#8243; use_theme_fonts=&#8221;yes&#8221;][vc_custom_heading text=&#8221;<strong>u na\u0161ich lid\u00ed<\/strong>&#8221; font_container=&#8221;tag:h1|font_size:68|text_align:center|color:%23ffffff|line_height:1&#8243; use_theme_fonts=&#8221;yes&#8221;][vc_column_text basel_color_scheme=&#8221;light&#8221;]<\/p>\n<p style=\"font-size: 18px; margin-bottom: 25px; color: rgba(255,255,255,0.9); text-align: center;\">NTT Group nab\u00edz\u00ed nej\u0161ir\u0161\u00ed sortiment produkt\u016f pro mechanick\u00e9 p\u0159enosy v\u00fdkonu.<br \/>\nDisponujeme jedn\u00edm z nejv\u011bt\u0161\u00edch strojn\u00edch park\u016f v severn\u00ed Evrop\u011b.<\/p>\n<p><\/p>\n<p style=\"font-size: 18px; margin-bottom: 25px; color: rgba(255,255,255,0.9); text-align: center;\"><a class=\"btn btn-color-white btn-size-large btn-style-bordered\" style=\"margin-right: 10px;\" href=\"https:\/\/nttgroup.com\/cs\/o-spolecnosti\/\">o n\u00e1s<\/a><a class=\"btn btn-size-large btn-color-primary\" href=\"#\">kontaktujte n\u00e1s<\/a><\/p>\n<p>[\/vc_column_text][\/vc_column][\/vc_row][vc_row css=&#8221;.vc_custom_1451575485367{margin-bottom: 65px !important;}&#8221;][vc_column width=&#8221;1\/2&#8243; css=&#8221;.vc_custom_1451389567526{padding-right: 40px !important;}&#8221;][vc_single_image image=&#8221;14950&#8243; img_size=&#8221;full&#8221; alignment=&#8221;center&#8221; css_animation=&#8221;left-to-right&#8221; el_class=&#8221;Liebherr WGT400&#8243;][\/vc_column][vc_column width=&#8221;1\/2&#8243;][vc_column_text css=&#8221;.vc_custom_1707802122137{margin-bottom: 30px !important;}&#8221;]<\/p>\n<h1 style=\"margin-bottom: 15px;\">KVALITA NAD R\u00c1MEC STANDARD\u016e<\/h1>\n<p><\/p>\n<div class=\"dxGrid\">\n<div class=\"dxGrid8 Main1\">\n<p data-start=\"452\" data-end=\"1130\">Ve spole\u010dnosti NTT Group nen\u00ed kvalita jen slogan \u2013 je to na\u0161e hlavn\u00ed z\u00e1sada. Je zakotvena v na\u0161\u00ed form\u00e1ln\u00ed politice kvality, dokumentu, kter\u00fd vyjad\u0159uje n\u00e1\u0161 neochv\u011bjn\u00fd z\u00e1vazek k p\u0159\u00edsn\u00e9 kontrole kvality a k p\u0159ekra\u010dov\u00e1n\u00ed mezin\u00e1rodn\u00edch standard\u016f, jako je ISO 9001. V\u011b\u0159\u00edme, \u017ee kvalita za\u010d\u00edn\u00e1 u na\u0161ich lid\u00ed, a proto v\u00fdrazn\u011b investujeme do z\u00edsk\u00e1v\u00e1n\u00ed a \u0161kolen\u00ed nejzku\u0161en\u011bj\u0161\u00edch v\u00fdrobc\u016f ozuben\u00fdch kol v oboru. Ka\u017ed\u00fd \u010dlen na\u0161eho t\u00fdmu \u2013 od in\u017een\u00fdr\u016f a\u017e po pracovn\u00edky ve v\u00fdrob\u011b \u2013 si uv\u011bdomuje v\u00fdznam sv\u00e9 role p\u0159i napl\u0148ov\u00e1n\u00ed na\u0161eho z\u00e1vazku ke kvalit\u011b. Nejde jen o spln\u011bn\u00ed specifikac\u00ed; jde o v\u00fdrobu ka\u017ed\u00e9ho ozuben\u00e9ho kola s maxim\u00e1ln\u00ed p\u00e9\u010d\u00ed a d\u016frazem na detail.<\/p>\n<p data-start=\"1132\" data-end=\"1536\">Toto odhodl\u00e1n\u00ed nekon\u010d\u00ed u individu\u00e1ln\u00edho \u00fasil\u00ed \u2013 podporuje kulturu spolupr\u00e1ce, kde ka\u017ed\u00fd p\u0159eb\u00edr\u00e1 odpov\u011bdnost za kvalitu. D\u00e1v\u00e1me na\u0161im zam\u011bstnanc\u016fm prostor identifikovat a navrhovat zlep\u0161en\u00ed, \u010d\u00edm\u017e podporujeme nep\u0159etr\u017eit\u00fd cyklus u\u010den\u00ed a optimalizace. Tato spole\u010dn\u00e1 v\u00e1\u0161e\u0148 pro kvalitu zaji\u0161\u0165uje, \u017ee ka\u017ed\u00e9 ozuben\u00e9 kolo NTT p\u0159ekon\u00e1v\u00e1 o\u010dek\u00e1v\u00e1n\u00ed a poskytuje na\u0161im z\u00e1kazn\u00edk\u016fm bezkonkuren\u010dn\u00ed v\u00fdkon a spolehlivost.<\/p>\n<p data-start=\"1538\" data-end=\"1663\">Zveme v\u00e1s ke spolupr\u00e1ci se spole\u010dnost\u00ed, kde kvalita nen\u00ed jen c\u00edl, ale hluboce zako\u0159en\u011bn\u00e1 hodnota sd\u00edlen\u00e1 ka\u017ed\u00fdm jednotlivcem.<\/p>\n<\/div>\n<p><\/div>\n<p>[\/vc_column_text]<div class=\"basel-button-wrapper text-center\"><a  class=\"btn btn-color-primary btn-style-default btn-size-default\">more info<\/a><\/div>[\/vc_column][\/vc_row][vc_row full_width=&#8221;stretch_row&#8221; css=&#8221;.vc_custom_1689860877236{margin-bottom: 45px !important;padding-top: 50px !important;padding-bottom: 70px !important;background-image: url(https:\/\/nttgroup.com\/wp-content\/uploads\/2017\/05\/NTT-listwy-zebate-produkcja-polska.png?id=13832) !important;background-position: center !important;background-repeat: no-repeat !important;background-size: cover !important;}&#8221;][vc_column basel_color_scheme=&#8221;light&#8221;][vc_row_inner css=&#8221;.vc_custom_1450023659115{margin-bottom: 60px !important;}&#8221;][vc_column_inner][vc_custom_heading text=&#8221;<strong>KVALITA \u2013 V\u017dDY NA PRVN\u00cdM M\u00cdST\u011a<\/strong>&#8221; font_container=&#8221;tag:h2|font_size:52|text_align:center|color:%23ffffff|line_height:1.4&#8243; use_theme_fonts=&#8221;yes&#8221; css=&#8221;.vc_custom_1709186376018{margin-bottom: 20px !important;}&#8221;][\/vc_column_inner][\/vc_row_inner][vc_row_inner css=&#8221;.vc_custom_1450023674178{margin-bottom: 0px !important;}&#8221;][vc_column_inner width=&#8221;1\/4&#8243; css=&#8221;.vc_custom_1438783347292{margin-bottom: 40px !important;}&#8221;][vc_icon type=&#8221;linecons&#8221; icon_linecons=&#8221;vc_li vc_li-world&#8221; color=&#8221;custom&#8221; background_style=&#8221;rounded-outline&#8221; background_color=&#8221;white&#8221; size=&#8221;lg&#8221; align=&#8221;center&#8221; custom_color=&#8221;#ffffff&#8221; css=&#8221;.vc_custom_1494268059583{margin-bottom: 20px !important;}&#8221;]\t\t\t<div class=\"basel-counter  counter-default\">\n\t\t\t\t<span class=\"counter-value\" data-state=\"new\" data-final=\"9\">9<\/span>\n\t\t\t\t\t\t\t\t\t<span class=\"counter-label\">TUOTANTOLAITOSTA RUOTSISSA JA PUOLASSA<\/span>\n\t\t\t\t\t\t\t<\/div>\n\n\t\t[\/vc_column_inner][vc_column_inner width=&#8221;1\/4&#8243; css=&#8221;.vc_custom_1438783353284{margin-bottom: 40px !important;}&#8221;][vc_icon type=&#8221;linecons&#8221; icon_linecons=&#8221;vc_li vc_li-tag&#8221; color=&#8221;custom&#8221; background_style=&#8221;rounded-outline&#8221; background_color=&#8221;white&#8221; size=&#8221;lg&#8221; align=&#8221;center&#8221; custom_color=&#8221;#ffffff&#8221; css=&#8221;.vc_custom_1494268094805{margin-bottom: 20px !important;}&#8221;]\t\t\t<div class=\"basel-counter  counter-default\">\n\t\t\t\t<span class=\"counter-value\" data-state=\"new\" data-final=\"40000\">40000<\/span>\n\t\t\t\t\t\t\t\t\t<span class=\"counter-label\">TUOTTEITA HETI VARASTOSTA<\/span>\n\t\t\t\t\t\t\t<\/div>\n\n\t\t[\/vc_column_inner][vc_column_inner width=&#8221;1\/4&#8243; css=&#8221;.vc_custom_1438783357796{margin-bottom: 40px !important;}&#8221;][vc_icon type=&#8221;linecons&#8221; icon_linecons=&#8221;vc_li vc_li-settings&#8221; color=&#8221;custom&#8221; background_style=&#8221;rounded-outline&#8221; background_color=&#8221;white&#8221; size=&#8221;lg&#8221; align=&#8221;center&#8221; custom_color=&#8221;#ffffff&#8221; css=&#8221;.vc_custom_1450023589607{margin-bottom: 20px !important;}&#8221;]\t\t\t<div class=\"basel-counter  counter-default\">\n\t\t\t\t<span class=\"counter-value\" data-state=\"new\" data-final=\"100\">100<\/span>\n\t\t\t\t\t\t\t\t\t<span class=\"counter-label\">KORKEALAATUISTA TY\u00d6ST\u00d6KONETTA<\/span>\n\t\t\t\t\t\t\t<\/div>\n\n\t\t[\/vc_column_inner][vc_column_inner width=&#8221;1\/4&#8243; css=&#8221;.vc_custom_1438783362371{margin-bottom: 40px !important;}&#8221;][vc_icon type=&#8221;linecons&#8221; icon_linecons=&#8221;vc_li vc_li-user&#8221; color=&#8221;custom&#8221; background_style=&#8221;rounded-outline&#8221; background_color=&#8221;white&#8221; size=&#8221;lg&#8221; align=&#8221;center&#8221; custom_color=&#8221;#ffffff&#8221; css=&#8221;.vc_custom_1494268124889{margin-bottom: 20px !important;}&#8221;]\t\t\t<div class=\"basel-counter  counter-default\">\n\t\t\t\t<span class=\"counter-value\" data-state=\"new\" data-final=\"200\">200<\/span>\n\t\t\t\t\t\t\t\t\t<span class=\"counter-label\">OMISTAUTUNUTTA TY\u00d6NTEKIJ\u00c4\u00c4<\/span>\n\t\t\t\t\t\t\t<\/div>\n\n\t\t[\/vc_column_inner][\/vc_row_inner][\/vc_column][\/vc_row][vc_row content_placement=&#8221;middle&#8221; css=&#8221;.vc_custom_1451577043146{margin-bottom: 0px !important;}&#8221;][vc_column width=&#8221;1\/2&#8243; css=&#8221;.vc_custom_1438784954834{margin-bottom: 40px !important;}&#8221;][vc_column_text]<\/p>\n<h2>POLITIKA KVALITY SPOLE\u010cNOSTI NTT GROUP<\/h2>\n<p><\/p>\n<div class=\"dxGrid\">\n<div class=\"dxGrid8 Main1\">\n<p class=\"Normal\"><em>Politika kvality NTT Group vych\u00e1z\u00ed z dlouhodob\u00e9 tradice v\u00fdroby s vysokou \u00farovn\u00ed kvality a z c\u00edle udr\u017eet vedouc\u00ed postaven\u00ed v oblasti mechanick\u00fdch p\u0159evod\u016f. Na\u0161e politika kvality zahrnuje n\u00e1sleduj\u00edc\u00ed hlavn\u00ed body:<\/em><\/p>\n<ul class=\"dxUl\">\n<li>\n<p class=\"Normal\"><em>Dod\u00e1vat v\u00fdrobky ve spr\u00e1vn\u00e9 kvalit\u011b, ve spr\u00e1vn\u00fd \u010das, na spr\u00e1vn\u00e9 m\u00edsto dod\u00e1n\u00ed a za konkurenceschopnou cenu. T\u00edm spln\u00edme po\u017eadavky a o\u010dek\u00e1v\u00e1n\u00ed na\u0161ich z\u00e1kazn\u00edk\u016f.<\/em><\/p>\n<\/li>\n<li>\n<p class=\"Normal\"><em>Na\u0161\u00ed ambic\u00ed je vytv\u00e1\u0159et dlouhodob\u00e9 vztahy se z\u00e1kazn\u00edky. <\/em><\/p>\n<\/li>\n<\/ul>\n<p class=\"Normal\"><em>N\u00e1\u0161 p\u0159\u00edstup k tomu:<\/em><\/p>\n<ul class=\"dxUl\">\n<li>\n<p class=\"Normal\"><em>Neust\u00e1l\u00fdm zlep\u0161ov\u00e1n\u00edm syst\u00e9mu \u0159\u00edzen\u00ed kvality, na\u0161ich v\u00fdrobk\u016f a proces\u016f budeme rozv\u00edjet podnik\u00e1n\u00ed tak, abychom zvy\u0161ovali spokojenost z\u00e1kazn\u00edk\u016f.<\/em><\/p>\n<\/li>\n<li>\n<p class=\"Normal\"><em>Veden\u00ed podporuje zam\u011bstnance.<\/em><\/p>\n<\/li>\n<li>\n<p class=\"Normal\"><em>Veden\u00ed stanovuje relevantn\u00ed a motivuj\u00edc\u00ed c\u00edle kvality, kter\u00e9 jsou pravideln\u011b komunikov\u00e1ny, sledov\u00e1ny a zlep\u0161ov\u00e1ny.<\/em><\/p>\n<\/li>\n<li>\n<p class=\"Normal\"><em>Budeme m\u00edt kvalifikovan\u00e9 zam\u011bstnance, kte\u0159\u00ed se c\u00edt\u00ed odpov\u011bdn\u00ed za kvalitu sv\u00e9 pr\u00e1ce.<\/em><\/p>\n<\/li>\n<li>\n<p class=\"Normal\"><em>Na\u0161i dodavatel\u00e9 a partne\u0159i mus\u00ed spl\u0148ovat n\u00e1mi stanovenou \u00farove\u0148 kvality.<\/em><\/p>\n<\/li>\n<li>\n<p class=\"Normal\"><em>Budeme usilovat o to, aby ka\u017ed\u00e1 realizovan\u00e1 dod\u00e1vka byla dobrou referenc\u00ed pro budouc\u00ed spolupr\u00e1ci.<\/em><\/p>\n<\/li>\n<\/ul>\n<p class=\"Normal\"><em>Ka\u017ed\u00fd ve spole\u010dnosti nese spole\u010dnou odpov\u011bdnost za pln\u011bn\u00ed na\u0161\u00ed politiky kvality.<\/em><\/p>\n<p class=\"Normal\"><em>M\u00f6lndal 2014-10-22<\/em><\/p>\n<p class=\"Normal\"><em>Berndt Denberger<br \/>\nCEO<\/em><\/p>\n<\/div>\n<p><\/div>\n<p>[\/vc_column_text][\/vc_column][vc_column width=&#8221;1\/2&#8243; css=&#8221;.vc_custom_1438784968106{margin-bottom: 40px !important;}&#8221;][vc_single_image image=&#8221;13740&#8243; img_size=&#8221;614&#215;414&#8243; alignment=&#8221;center&#8221; css_animation=&#8221;right-to-left&#8221;][\/vc_column][\/vc_row][vc_row full_width=&#8221;stretch_row&#8221; content_placement=&#8221;middle&#8221; css=&#8221;.vc_custom_1707801645313{margin-bottom: 0px !important;background-color: #f9f9f9 !important;}&#8221;][vc_column width=&#8221;1\/2&#8243; css=&#8221;.vc_custom_1438784954834{margin-bottom: 40px !important;}&#8221;][vc_single_image image=&#8221;20179&#8243; img_size=&#8221;large&#8221; alignment=&#8221;center&#8221; css_animation=&#8221;right-to-left&#8221;][\/vc_column][vc_column width=&#8221;1\/2&#8243; css=&#8221;.vc_custom_1438784968106{margin-bottom: 40px !important;}&#8221;][vc_column_text]<\/p>\n<h2>CERTIFIKOVAN\u00c1 KVALITA: VA\u0160E Z\u00c1RUKA V\u00ddJIME\u010cNOSTI<\/h2>\n<p><\/p>\n<div class=\"dxGrid\">\n<div class=\"dxGrid8 Main1\">\n<p data-sourcepos=\"3:1-3:358\">Dal\u0161\u00edm potvrzen\u00edm na\u0161eho z\u00e1vazku k v\u00fdjime\u010dn\u00e9 kvalit\u011b je skute\u010dnost, \u017ee NTT Group je dr\u017eitelem certifikace ISO 9001 ve v\u0161ech sv\u00fdch provozech. Tento mezin\u00e1rodn\u011b uzn\u00e1van\u00fd standard znamen\u00e1, \u017ee n\u00e1\u0161 syst\u00e9m \u0159\u00edzen\u00ed kvality proch\u00e1z\u00ed p\u0159\u00edsn\u00fdmi audity a spl\u0148uje nejvy\u0161\u0161\u00ed mezin\u00e1rodn\u00ed po\u017eadavky. Ka\u017ed\u00e1 certifikace dokl\u00e1d\u00e1 n\u00e1\u0161 z\u00e1vazek k:<\/p>\n<ul data-sourcepos=\"5:1-5:139\">\n<li data-sourcepos=\"5:1-5:139\"><strong>Neust\u00e1l\u00e9mu zlep\u0161ov\u00e1n\u00ed:<\/strong> Aktivn\u011b identifikujeme a zav\u00e1d\u00edme procesy, kter\u00e9 zvy\u0161uj\u00ed efektivitu, konzistentnost a spokojenost z\u00e1kazn\u00edk\u016f.<\/li>\n<li data-sourcepos=\"6:1-6:165\"><strong>Standardizovan\u00fdm postup\u016fm:<\/strong> Na\u0161e standardizovan\u00e9 v\u00fdrobn\u00ed procesy ve v\u0161ech z\u00e1vodech zaru\u010duj\u00ed konzistentn\u00ed kvalitu a spolehlivost ka\u017ed\u00e9 dodan\u00e9 sou\u010d\u00e1sti.<\/li>\n<li data-sourcepos=\"7:1-8:0\"><strong>P\u0159\u00edsn\u00e9 kontrole kvality:<\/strong> Ka\u017ed\u00e1 f\u00e1ze v\u00fdroby \u2013 od v\u00fdb\u011bru surovin a\u017e po fin\u00e1ln\u00ed kontrolu \u2013 prob\u00edh\u00e1 podle p\u0159\u00edsn\u00fdch kvalitativn\u00edch postup\u016f, \u010d\u00edm\u017e minimalizujeme vady a zaji\u0161\u0165ujeme \u0161pi\u010dkov\u00fd v\u00fdkon.<\/li>\n<\/ul>\n<p data-sourcepos=\"9:1-9:256\">Z\u00edsk\u00e1n\u00ed a udr\u017een\u00ed certifikace ISO 9001 je d\u016fkazem na\u0161eho neochv\u011bjn\u00e9ho z\u00e1vazku poskytovat z\u00e1kazn\u00edk\u016fm jistotu a klid, kter\u00e9 p\u0159in\u00e1\u0161\u00ed spolupr\u00e1ce s v\u00fdrobcem orientovan\u00fdm na kvalitu. Tento z\u00e1vazek p\u0159esahuje r\u00e1mec samotn\u00fdch certifikac\u00ed \u2013 odr\u00e1\u017e\u00ed na\u0161e z\u00e1kladn\u00ed hodnoty a \u0159\u00edd\u00ed ka\u017ed\u00fd aspekt na\u0161\u00ed \u010dinnosti.<\/p>\n<\/div>\n<p><\/div>\n<p>[\/vc_column_text][\/vc_column][\/vc_row]<\/p>\n<\/div>","protected":false},"excerpt":{"rendered":"<p>[vc_row full_width=&#8221;stretch_row&#8221; full_height=&#8221;yes&#8221; css=&#8221;.vc_custom_1694029144707{margin-top: -40px !important;margin-bottom: 60px !important;padding-top: 15% !important;padding-bottom: 15% !important;background-image: url(https:\/\/nttgroup.com\/wp-content\/uploads\/2017\/05\/NTT-kola-zebate-produkcja.png?id=13827) !important;background-position: center !important;background-repeat: no-repeat !important;background-size: cover !important;}&#8221;][vc_column][vc_custom_heading<\/p>\n","protected":false},"author":3,"featured_media":0,"parent":0,"menu_order":0,"comment_status":"closed","ping_status":"closed","template":"","meta":{"footnotes":""},"class_list":["post-51510","page","type-page","status-publish","hentry"],"_links":{"self":[{"href":"https:\/\/nttgroup.com\/cs\/wp-json\/wp\/v2\/pages\/51510","targetHints":{"allow":["GET"]}}],"collection":[{"href":"https:\/\/nttgroup.com\/cs\/wp-json\/wp\/v2\/pages"}],"about":[{"href":"https:\/\/nttgroup.com\/cs\/wp-json\/wp\/v2\/types\/page"}],"author":[{"embeddable":true,"href":"https:\/\/nttgroup.com\/cs\/wp-json\/wp\/v2\/users\/3"}],"replies":[{"embeddable":true,"href":"https:\/\/nttgroup.com\/cs\/wp-json\/wp\/v2\/comments?post=51510"}],"version-history":[{"count":4,"href":"https:\/\/nttgroup.com\/cs\/wp-json\/wp\/v2\/pages\/51510\/revisions"}],"predecessor-version":[{"id":51528,"href":"https:\/\/nttgroup.com\/cs\/wp-json\/wp\/v2\/pages\/51510\/revisions\/51528"}],"wp:attachment":[{"href":"https:\/\/nttgroup.com\/cs\/wp-json\/wp\/v2\/media?parent=51510"}],"curies":[{"name":"wp","href":"https:\/\/api.w.org\/{rel}","templated":true}]}}