{"id":51352,"date":"2026-02-26T08:55:16","date_gmt":"2026-02-26T08:55:16","guid":{"rendered":"https:\/\/nttgroup.com\/product\/m900d500-dopravni-retez-rady-m-din-8167-iso1977-sfs2380\/"},"modified":"2026-02-26T08:55:23","modified_gmt":"2026-02-26T08:55:23","slug":"m900d500-dopravni-retez-rady-m-din-8167-iso1977-sfs2380","status":"publish","type":"product","link":"https:\/\/nttgroup.com\/cs\/product\/m900d500-dopravni-retez-rady-m-din-8167-iso1977-sfs2380\/","title":{"rendered":"M900D500 \u2013 Dopravn\u00ed \u0159et\u011bz \u0159ady M  &#8211; DIN 8167 ISO1977 SFS2380"},"content":{"rendered":"<p><\/p>\n","protected":false},"excerpt":{"rendered":"<p>NTT Group vyr\u00e1b\u00ed dopravn\u00ed \u0159et\u011bzy \u0159ady M ve standardn\u00edm i speci\u00e1ln\u00edm proveden\u00ed. Standardn\u00ed n\u00fdtovan\u00e1 s\u00e9rie spl\u0148uje po\u017eadavky normy DIN 8167 nebo ISO 1977.<\/p>\n<p>Verze HT (s tepeln\u011b zpracovan\u00fdmi bo\u010dnicemi) p\u0159ekra\u010duje po\u017eadavky norem ISO i DIN a nab\u00edz\u00ed vy\u0161\u0161\u00ed mez pevnosti v p\u0159etr\u017een\u00ed a zv\u00fd\u0161enou odolnost bo\u010dnic proti opot\u0159eben\u00ed.<\/p>\n<p>Sva\u0159ovan\u00e1 verze WE (sva\u0159ovan\u00fd \u010dep a\/nebo pouzdro) se pou\u017e\u00edv\u00e1 p\u0159edev\u0161\u00edm tam, kde jsou kladeny nejvy\u0161\u0161\u00ed n\u00e1roky na pevnost a \u017eivotnost. Sva\u0159ovan\u00e9 \u010depy a pouzdra zaji\u0161\u0165uj\u00ed mimo\u0159\u00e1dn\u011b dlouhou \u017eivotnost a dlouhodob\u00fd bez\u00fadr\u017ebov\u00fd provoz.<\/p>\n","protected":false},"featured_media":51289,"comment_status":"open","ping_status":"closed","template":"","meta":[],"product_brand":[],"product_cat":[22144],"product_tag":[22147],"class_list":{"0":"post-51352","1":"product","2":"type-product","3":"status-publish","4":"has-post-thumbnail","6":"product_cat-m-type-cs","7":"product_tag-dopravni-retez","9":"first","10":"instock","11":"taxable","12":"shipping-taxable","13":"product-type-simple"},"_links":{"self":[{"href":"https:\/\/nttgroup.com\/cs\/wp-json\/wp\/v2\/product\/51352","targetHints":{"allow":["GET"]}}],"collection":[{"href":"https:\/\/nttgroup.com\/cs\/wp-json\/wp\/v2\/product"}],"about":[{"href":"https:\/\/nttgroup.com\/cs\/wp-json\/wp\/v2\/types\/product"}],"replies":[{"embeddable":true,"href":"https:\/\/nttgroup.com\/cs\/wp-json\/wp\/v2\/comments?post=51352"}],"wp:featuredmedia":[{"embeddable":true,"href":"https:\/\/nttgroup.com\/cs\/wp-json\/wp\/v2\/media\/51289"}],"wp:attachment":[{"href":"https:\/\/nttgroup.com\/cs\/wp-json\/wp\/v2\/media?parent=51352"}],"wp:term":[{"taxonomy":"product_brand","embeddable":true,"href":"https:\/\/nttgroup.com\/cs\/wp-json\/wp\/v2\/product_brand?post=51352"},{"taxonomy":"product_cat","embeddable":true,"href":"https:\/\/nttgroup.com\/cs\/wp-json\/wp\/v2\/product_cat?post=51352"},{"taxonomy":"product_tag","embeddable":true,"href":"https:\/\/nttgroup.com\/cs\/wp-json\/wp\/v2\/product_tag?post=51352"}],"curies":[{"name":"wp","href":"https:\/\/api.w.org\/{rel}","templated":true}]}}