{"id":50146,"date":"2026-02-04T06:57:22","date_gmt":"2026-02-04T06:57:22","guid":{"rendered":"https:\/\/nttgroup.com\/unser-unternehmen\/"},"modified":"2026-02-04T06:57:24","modified_gmt":"2026-02-04T06:57:24","slug":"unser-unternehmen","status":"publish","type":"page","link":"https:\/\/nttgroup.com\/de\/unser-unternehmen\/","title":{"rendered":"Unser Unternehmen"},"content":{"rendered":"<div class=\"wpb-content-wrapper\"><p>[vc_row full_width=&#8221;stretch_row&#8221; full_height=&#8221;yes&#8221; css=&#8221;.vc_custom_1707748147847{margin-top: -45px !important;margin-bottom: 60px !important;padding-top: 15% !important;padding-bottom: 10% !important;background-image: url(https:\/\/nttgroup.com\/wp-content\/uploads\/2017\/05\/NTT-kola-zebate-produkcja.png?id=13827) !important;background-position: center !important;background-repeat: no-repeat !important;background-size: cover !important;}&#8221;][vc_column][vc_custom_heading text=&#8221;<strong>Schwedische Erfahrung<\/strong>&#8221; font_container=&#8221;tag:h1|font_size:68|text_align:center|color:%23ffffff|line_height:1&#8243; use_theme_fonts=&#8221;yes&#8221;][vc_custom_heading text=&#8221;<strong>seit 1969<\/strong>&#8221; font_container=&#8221;tag:h1|font_size:68|text_align:center|color:%23ffffff|line_height:1&#8243; use_theme_fonts=&#8221;yes&#8221;][vc_column_text basel_color_scheme=&#8221;light&#8221;]<\/p>\n<p><\/p>\n<p style=\"font-size: 18px; margin-bottom: 25px; color: rgba(255,255,255,0.9); text-align: center;\">NTT Group offers the widest ragne\u00a0of products\u00a0for mechanical power transmissions.<\/p>\n<p>We have one of the largest machine park in north Europe.[\/vc_column_text][\/vc_column][\/vc_row][vc_row css=&#8221;.vc_custom_1451575485367{margin-bottom: 65px !important;}&#8221;][vc_column width=&#8221;1\/2&#8243; css=&#8221;.vc_custom_1451389567526{padding-right: 40px !important;}&#8221;][vc_single_image image=&#8221;13815&#8243; img_size=&#8221;full&#8221; alignment=&#8221;center&#8221; css_animation=&#8221;left-to-right&#8221;][\/vc_column][vc_column width=&#8221;1\/2&#8243;][vc_column_text css=&#8221;.vc_custom_1760606184778{margin-bottom: 30px !important;}&#8221; basel_color_scheme=&#8221;dark&#8221;]<\/p>\n<p><\/p>\n<h1 style=\"margin-bottom: 15px;\"><strong>GR\u00d6SSTE AUSWAHL AN MECHANISCHEN ANTRIEBSTECHNIK-PRODUKTEN<\/strong><\/h1>\n<p><\/p>\n<p data-sourcepos=\"3:1-3:86\">Getrieben von generations\u00fcbergreifendem Familien\u00adstolz und dem Geist Nordeuropas pr\u00e4gt die NTT Group seit 1969 die industrielle Landschaft. Gegr\u00fcndet in Schweden, hat sich das Unternehmen zu einer familiengef\u00fchrten Organisation mit Standorten in Schweden, Norwegen, Finnland, D\u00e4nemark, Polen und Deutschland entwickelt.<\/p>\n<p><\/p>\n<p data-sourcepos=\"5:1-5:91\">In diesen M\u00e4rkten sind wir ein verl\u00e4sslicher Partner f\u00fcr Industrie und Unternehmen \u2013 insbesondere in den Bereichen OEM (Original Equipment Manufacturer) und Maschinenwartung. Unsere Kunden vertrauen auf unsere umfassende Kompetenz in der Bereitstellung hochwertiger Komponenten f\u00fcr die mechanische Kraft\u00fcbertragung.<\/p>\n<p><\/p>\n<p data-sourcepos=\"7:1-7:307\">Im Zentrum dieser Kompetenz steht unser klarer Fokus auf die eigene Fertigung. In unseren Produktionsst\u00e4tten in Schweden und Polen fertigen wir pr\u00e4zise und qualitativ hochwertige Komponenten mit gr\u00f6\u00dfter Sorgfalt und technischem Know-how. Erg\u00e4nzend greifen wir bei Bedarf auf strategische Partnerschaften mit etablierten Lieferanten zur\u00fcck, um ein umfassendes und leistungsstarkes Produktportfolio sicherzustellen.<\/p>\n<p><\/p>\n<p data-sourcepos=\"9:1-9:52\">Unser Erfolg basiert auf mehreren zentralen Werten:<\/p>\n<p><\/p>\n<ul data-sourcepos=\"11:1-11:86\">\n<li data-sourcepos=\"11:1-11:86\"><strong>Nordische Herkunft:<\/strong>Wir kennen die Anforderungen und Erwartungen der nordeurop\u00e4ischen Industrie und \u00fcbersetzen sie in zuverl\u00e4ssige, praxisnahe L\u00f6sungen.<\/li>\n<li data-sourcepos=\"12:1-12:131\"><strong>Familienwerte:<\/strong> Verantwortungsbewusstsein und langfristiges Denken pr\u00e4gen unser Handeln \u2013 Qualit\u00e4t und Kundenzufriedenheit stehen dabei stets im Mittelpunkt.<\/li>\n<li data-sourcepos=\"13:1-13:143\"><strong>Innovation:<\/strong> Durch kontinuierliche Investitionen in moderne Technologien und Prozesse stellen wir sicher, dass unsere Produkte technologisch f\u00fchrend bleiben.<\/li>\n<li data-sourcepos=\"14:1-15:0\"><strong>Partnerschaft:<\/strong> Wir pflegen langfristige und vertrauensvolle Beziehungen zu Kunden, Lieferanten und Mitarbeitenden \u2013 als Basis f\u00fcr gemeinsamen und nachhaltigen Erfolg.<\/li>\n<\/ul>\n<p><\/p>\n<p data-sourcepos=\"16:1-16:247\">Mit Blick auf die Zukunft bleibt die NTT Group ihrem Anspruch treu, ein f\u00fchrender Anbieter von Antriebstechnik\u00adkomponenten in Nordeuropa zu sein. Auf einem starken Fundament aufbauend werden wir unseren Weg konsequent fortsetzen, getragen von Innovationskraft, nordischen Werten und einer klaren Familienorientierung.<\/p>\n<p><\/p>\n<p>[\/vc_column_text][\/vc_column][\/vc_row][vc_row full_width=&#8221;stretch_row&#8221; css=&#8221;.vc_custom_1691438077588{margin-bottom: 45px !important;padding-top: 50px !important;padding-bottom: 70px !important;background-image: url(https:\/\/nttgroup.com\/wp-content\/uploads\/2017\/05\/NTT-listwy-zebate-produkcja-polska.png?id=13832) !important;background-position: center !important;background-repeat: no-repeat !important;background-size: cover !important;}&#8221;][vc_column basel_color_scheme=&#8221;light&#8221;][vc_row_inner css=&#8221;.vc_custom_1450023659115{margin-bottom: 60px !important;}&#8221;][vc_column_inner][vc_custom_heading text=&#8221;<strong>QUALIT\u00c4T \u2013 IMMER H\u00d6CHSTE PRIORIT\u00c4T<\/strong>&#8221; font_container=&#8221;tag:h2|font_size:52|text_align:center|color:%23ffffff|line_height:1.4&#8243; use_theme_fonts=&#8221;yes&#8221; css=&#8221;.vc_custom_1494268022640{margin-bottom: 20px !important;}&#8221;][\/vc_column_inner][\/vc_row_inner][vc_row_inner css=&#8221;.vc_custom_1450023674178{margin-bottom: 0px !important;}&#8221;][vc_column_inner width=&#8221;1\/4&#8243; css=&#8221;.vc_custom_1438783347292{margin-bottom: 40px !important;}&#8221;][vc_icon type=&#8221;linecons&#8221; icon_linecons=&#8221;vc_li vc_li-world&#8221; color=&#8221;custom&#8221; background_style=&#8221;rounded-outline&#8221; background_color=&#8221;white&#8221; size=&#8221;lg&#8221; align=&#8221;center&#8221; css=&#8221;.vc_custom_1494268059583{margin-bottom: 20px !important;}&#8221; custom_color=&#8221;#ffffff&#8221;]\t\t\t<div class=\"basel-counter  counter-default\">\n\t\t\t\t<span class=\"counter-value\" data-state=\"new\" data-final=\"9\">9<\/span>\n\t\t\t\t\t\t\t\t\t<span class=\"counter-label\">PRODUCTION PLANTS IN SWEDEN POLAND GERMANY<\/span>\n\t\t\t\t\t\t\t<\/div>\n\n\t\t[\/vc_column_inner][vc_column_inner width=&#8221;1\/4&#8243; css=&#8221;.vc_custom_1438783353284{margin-bottom: 40px !important;}&#8221;][vc_icon type=&#8221;linecons&#8221; icon_linecons=&#8221;vc_li vc_li-tag&#8221; color=&#8221;custom&#8221; background_style=&#8221;rounded-outline&#8221; background_color=&#8221;white&#8221; size=&#8221;lg&#8221; align=&#8221;center&#8221; css=&#8221;.vc_custom_1494268094805{margin-bottom: 20px !important;}&#8221; custom_color=&#8221;#ffffff&#8221;]\t\t\t<div class=\"basel-counter  counter-default\">\n\t\t\t\t<span class=\"counter-value\" data-state=\"new\" data-final=\"45000\">45000<\/span>\n\t\t\t\t\t\t\t\t\t<span class=\"counter-label\">PRODUCTS IN STOCK<\/span>\n\t\t\t\t\t\t\t<\/div>\n\n\t\t[\/vc_column_inner][vc_column_inner width=&#8221;1\/4&#8243; css=&#8221;.vc_custom_1438783357796{margin-bottom: 40px !important;}&#8221;][vc_icon type=&#8221;linecons&#8221; icon_linecons=&#8221;vc_li vc_li-settings&#8221; color=&#8221;custom&#8221; background_style=&#8221;rounded-outline&#8221; background_color=&#8221;white&#8221; size=&#8221;lg&#8221; align=&#8221;center&#8221; css=&#8221;.vc_custom_1450023589607{margin-bottom: 20px !important;}&#8221; custom_color=&#8221;#ffffff&#8221;]\t\t\t<div class=\"basel-counter  counter-default\">\n\t\t\t\t<span class=\"counter-value\" data-state=\"new\" data-final=\"100\">100<\/span>\n\t\t\t\t\t\t\t\t\t<span class=\"counter-label\">HIGH QUALITY MACHINES<\/span>\n\t\t\t\t\t\t\t<\/div>\n\n\t\t[\/vc_column_inner][vc_column_inner width=&#8221;1\/4&#8243; css=&#8221;.vc_custom_1438783362371{margin-bottom: 40px !important;}&#8221;][vc_icon type=&#8221;linecons&#8221; icon_linecons=&#8221;vc_li vc_li-user&#8221; color=&#8221;custom&#8221; background_style=&#8221;rounded-outline&#8221; background_color=&#8221;white&#8221; size=&#8221;lg&#8221; align=&#8221;center&#8221; css=&#8221;.vc_custom_1494268124889{margin-bottom: 20px !important;}&#8221; custom_color=&#8221;#ffffff&#8221;]\t\t\t<div class=\"basel-counter  counter-default\">\n\t\t\t\t<span class=\"counter-value\" data-state=\"new\" data-final=\"200\">200<\/span>\n\t\t\t\t\t\t\t\t\t<span class=\"counter-label\">PASSIONATE EMPLOYEES<\/span>\n\t\t\t\t\t\t\t<\/div>\n\n\t\t[\/vc_column_inner][\/vc_row_inner][\/vc_column][\/vc_row][vc_row content_placement=&#8221;middle&#8221; css=&#8221;.vc_custom_1451577043146{margin-bottom: 0px !important;}&#8221;][vc_column width=&#8221;1\/2&#8243; css=&#8221;.vc_custom_1438784954834{margin-bottom: 40px !important;}&#8221;][vc_column_text css=&#8221;&#8221; basel_color_scheme=&#8221;dark&#8221;]<\/p>\n<h2><strong>UNTERNEHMEN DER NTT GROUP<\/strong><\/h2>\n<p><\/p>\n<p class=\"Normal\">NTT GROUP SWEDEN AB (M\u00f6lndals Industriprodukter AB) (Sweden)<\/p>\n<p><\/p>\n<p class=\"Normal\">M\u00f6lndals Industriprodukter Polska Sp. z o.o. (Poland)<\/p>\n<p><\/p>\n<p class=\"Normal\">NTT Germany\u00a0GmbH (Germany)<\/p>\n<p><\/p>\n<p class=\"Normal\"><a href=\"https:\/\/nttgroup.com\/ntt-finland-oy\/\">NTT Finland OY (Finland)<\/a><\/p>\n<p><\/p>\n<p class=\"Normal\">Kedjeexperten i Lingbo AB (Sweden)<\/p>\n<p><\/p>\n<p class=\"Normal\">Svenska Transmissionsprodukter AB (Sweden)<\/p>\n<p><\/p>\n<p class=\"Normal\">Conveyorteknik Sweden AB (Sweden)<\/p>\n<p><\/p>\n<p class=\"Normal\">Vittsj\u00f6 Mekaniska Verkstads AB (Sweden)<\/p>\n<p><\/p>\n<p class=\"Normal\">Sandarne Legomekan AB (Sweden)<\/p>\n<p><\/p>\n<p class=\"Normal\">SKS Nylund AB (Sweden)<\/p>\n<p><\/p>\n<p class=\"Normal\">Transtech i Borl\u00e4nge AB (Sweden)<\/p>\n<p><\/p>\n<p class=\"Normal\">M\u00f6lndals Industriprodukter Norge AS (Norway)<\/p>\n<p><\/p>\n<p class=\"Normal\">M\u00f6lndals Industriprodukter A\/S (Denmark)<\/p>\n<p>[\/vc_column_text][\/vc_column][vc_column width=&#8221;1\/2&#8243; css=&#8221;.vc_custom_1438784968106{margin-bottom: 40px !important;}&#8221;][vc_single_image image=&#8221;15580&#8243; img_size=&#8221;600&#215;600&#8243; alignment=&#8221;center&#8221; css_animation=&#8221;right-to-left&#8221;][\/vc_column][\/vc_row]<\/p>\n<\/div>","protected":false},"excerpt":{"rendered":"<p>[vc_row full_width=&#8221;stretch_row&#8221; full_height=&#8221;yes&#8221; css=&#8221;.vc_custom_1707748147847{margin-top: -45px !important;margin-bottom: 60px !important;padding-top: 15% !important;padding-bottom: 10% !important;background-image: url(https:\/\/nttgroup.com\/wp-content\/uploads\/2017\/05\/NTT-kola-zebate-produkcja.png?id=13827) !important;background-position: center !important;background-repeat: no-repeat !important;background-size: cover !important;}&#8221;][vc_column][vc_custom_heading<\/p>\n","protected":false},"author":3,"featured_media":0,"parent":0,"menu_order":0,"comment_status":"closed","ping_status":"closed","template":"","meta":{"footnotes":""},"class_list":["post-50146","page","type-page","status-publish","hentry"],"_links":{"self":[{"href":"https:\/\/nttgroup.com\/de\/wp-json\/wp\/v2\/pages\/50146","targetHints":{"allow":["GET"]}}],"collection":[{"href":"https:\/\/nttgroup.com\/de\/wp-json\/wp\/v2\/pages"}],"about":[{"href":"https:\/\/nttgroup.com\/de\/wp-json\/wp\/v2\/types\/page"}],"author":[{"embeddable":true,"href":"https:\/\/nttgroup.com\/de\/wp-json\/wp\/v2\/users\/3"}],"replies":[{"embeddable":true,"href":"https:\/\/nttgroup.com\/de\/wp-json\/wp\/v2\/comments?post=50146"}],"version-history":[{"count":2,"href":"https:\/\/nttgroup.com\/de\/wp-json\/wp\/v2\/pages\/50146\/revisions"}],"predecessor-version":[{"id":50182,"href":"https:\/\/nttgroup.com\/de\/wp-json\/wp\/v2\/pages\/50146\/revisions\/50182"}],"wp:attachment":[{"href":"https:\/\/nttgroup.com\/de\/wp-json\/wp\/v2\/media?parent=50146"}],"curies":[{"name":"wp","href":"https:\/\/api.w.org\/{rel}","templated":true}]}}