{"id":50185,"date":"2026-02-04T07:06:31","date_gmt":"2026-02-04T07:06:31","guid":{"rendered":"https:\/\/nttgroup.com\/mission-vision-und-kernwerte-der-ntt\/"},"modified":"2026-02-04T07:06:33","modified_gmt":"2026-02-04T07:06:33","slug":"mission-vision-und-kernwerte-der-ntt","status":"publish","type":"page","link":"https:\/\/nttgroup.com\/de\/mission-vision-und-kernwerte-der-ntt\/","title":{"rendered":"Mission, Vision und Kernwerte der NTT"},"content":{"rendered":"<div class=\"wpb-content-wrapper\"><p>[vc_section full_width=&#8221;stretch_row&#8221; css=&#8221;.vc_custom_1542025240624{background-color: #f9f9f9 !important;}&#8221;][vc_row css=&#8221;.vc_custom_1542025031874{background-color: #f9f9f9 !important;}&#8221;][vc_column width=&#8221;1\/6&#8243;][\/vc_column][vc_column width=&#8221;2\/3&#8243;][vc_column_text]<\/p>\n<p><\/p>\n<h4 style=\"font-size: 42px; text-align: center;\">Unsere Werte &#038; Ziele<\/h4>\n<p><\/p>\n<p>[\/vc_column_text][vc_separator border_width=&#8221;2&#8243; css=&#8221;.vc_custom_1542025311822{margin-bottom: 20px !important;}&#8221;][\/vc_column][vc_column width=&#8221;1\/6&#8243;][\/vc_column][\/vc_row][vc_row css=&#8221;.vc_custom_1542025040822{background-color: #f9f9f9 !important;}&#8221;][vc_column width=&#8221;1\/3&#8243;]\t\t\t<div class=\" basel-info-box text-center icon-alignment-top box-style-base color-scheme-dark  with-animation \" onclick=\"\">\n\t\t\t\t\t\t\t\t<div class=\"info-box-content\">\n\t\t\t\t\t<div class=\"info-box-inner\">\n\t\t\t\t\t\t<\/p>\n<h2>Mission<\/h2>\n<\/p>\n<p class=\"Normal\">Das umfangreichste Produktportfolio auf dem Markt sowie umfassende Dienstleistungen im Bereich der mechanischen Kraft\u00fcbertragung.<\/p>\n<\/p>\n<p>\n\t\t\t\t\t<\/div>\n\t\t\t\t<\/div>\n\t\t\t<\/div>\n\t\t[\/vc_column][vc_column width=&#8221;1\/3&#8243;]\t\t\t<div class=\" basel-info-box text-center icon-alignment-top box-style-base color-scheme-dark  with-animation \" onclick=\"\">\n\t\t\t\t\t\t\t\t<div class=\"info-box-content\">\n\t\t\t\t\t<div class=\"info-box-inner\">\n\t\t\t\t\t\t<\/p>\n<h2>Vision<\/h2>\n<\/p>\n<p class=\"Normal\">Der gefragteste Partner im Bereich der mechanischen Kraft\u00fcbertragung.<\/p>\n<\/p>\n<p>\n\t\t\t\t\t<\/div>\n\t\t\t\t<\/div>\n\t\t\t<\/div>\n\t\t[\/vc_column][vc_column width=&#8221;1\/3&#8243;]\t\t\t<div class=\" basel-info-box text-center icon-alignment-top box-style-base color-scheme-dark  with-animation \" onclick=\"\">\n\t\t\t\t\t\t\t\t<div class=\"info-box-content\">\n\t\t\t\t\t<div class=\"info-box-inner\">\n\t\t\t\t\t\t<\/p>\n<h2>Kernwerte<\/h2>\n<\/p>\n<p>Menschen, Transparenz und Zuverl\u00e4ssigkeit bilden unsere zentralen Werte.<\/p>\n\t\t\t\t\t<\/div>\n\t\t\t\t<\/div>\n\t\t\t<\/div>\n\t\t[\/vc_column][\/vc_row][\/vc_section][vc_row full_width=&#8221;stretch_row&#8221; css=&#8221;.vc_custom_1694062051816{margin-top: 40px !important;margin-bottom: 45px !important;}&#8221;][vc_column width=&#8221;1\/2&#8243; el_class=&#8221;text-left&#8221;][vc_column_text css=&#8221;.vc_custom_1760606568806{margin-bottom: 30px !important;}&#8221; basel_color_scheme=&#8221;dark&#8221;]<\/p>\n<div class=\"presented-response-container ng-tns-c4150723369-352\">\n<div class=\"response-container-content ng-tns-c4150723369-352\">\n<div class=\"response-content ng-trigger ng-trigger-responsePopulation ng-tns-c4150723369-352\">\n<div class=\"markdown markdown-main-panel ui-v2-enabled\" dir=\"ltr\">\n<p data-start=\"0\" data-end=\"56\"><strong data-start=\"0\" data-end=\"54\">Vertrauen aufbauen: Eine Basis der Zuverl\u00e4ssigkeit<\/strong><\/p>\n<p data-start=\"58\" data-end=\"578\">Bei der NTT Group ist <strong data-start=\"80\" data-end=\"99\">Zuverl\u00e4ssigkeit<\/strong> das Fundament all unseres Handelns. Wir wissen, dass unsere Kunden darauf vertrauen, dass wir jedes Mal das richtige Produkt liefern. Deshalb investieren wir intensiv in <strong data-start=\"270\" data-end=\"300\">moderne Produktionsanlagen<\/strong>, um Konsistenz und Pr\u00e4zision sicherzustellen. Mit dem <strong data-start=\"355\" data-end=\"383\">gr\u00f6\u00dften Produktportfolio<\/strong> am Markt bieten wir die Flexibilit\u00e4t, die perfekte L\u00f6sung zu finden. Und dank eines <strong data-start=\"468\" data-end=\"499\">umfangreichen Lagerbestands<\/strong> garantieren wir <strong data-start=\"516\" data-end=\"544\">termingerechte Lieferung<\/strong> bei <strong data-start=\"549\" data-end=\"575\">einwandfreier Qualit\u00e4t<\/strong>.<\/p>\n<p data-start=\"580\" data-end=\"922\">Zuverl\u00e4ssigkeit geht jedoch \u00fcber Hardware hinaus. Sie bedeutet auch, Vertrauen aufzubauen. Unsere Mitarbeitenden <strong data-start=\"693\" data-end=\"722\">arbeiten nahtlos zusammen<\/strong>, jeder \u00fcbernimmt Verantwortung f\u00fcr Ihre Zufriedenheit. Wir f\u00f6rdern offene Kommunikation und gegenseitigen Respekt und schaffen so ein sicheres Umfeld, in dem Ihre Bed\u00fcrfnisse immer Priorit\u00e4t haben.<\/p>\n<p data-start=\"924\" data-end=\"981\"><strong data-start=\"924\" data-end=\"979\">Immer erreichbar: Br\u00fccken bauen durch Verf\u00fcgbarkeit<\/strong><\/p>\n<p data-start=\"983\" data-end=\"1444\">Wir legen Wert darauf, f\u00fcr unsere Kunden leicht <strong data-start=\"1031\" data-end=\"1045\">zug\u00e4nglich<\/strong> zu sein. Das bedeutet klare, <strong data-start=\"1075\" data-end=\"1106\">offene Kommunikationskan\u00e4le<\/strong> und ein Team, das jederzeit bereit ist, Ihre Fragen zu beantworten und Anliegen zu kl\u00e4ren. Wir nutzen unser <strong data-start=\"1215\" data-end=\"1258\">umfassendes Wissen und unsere Erfahrung<\/strong>, um die perfekte L\u00f6sung zu finden \u2013 egal, wie individuell Ihre Herausforderung ist. Wir sind <strong data-start=\"1352\" data-end=\"1386\">proaktiv in der L\u00f6sungsfindung<\/strong> und antizipieren Ihre Bed\u00fcrfnisse, bevor sie entstehen.<\/p>\n<p data-start=\"1446\" data-end=\"1779\">Unser Engagement f\u00fcr Verf\u00fcgbarkeit geht \u00fcber unmittelbare Reaktionsf\u00e4higkeit hinaus. Wir h\u00f6ren aktiv und empathisch zu und pflegen echte <strong data-start=\"1583\" data-end=\"1598\">Beziehungen<\/strong> zu Kunden, Lieferanten und Mitarbeitenden. Wir gehen die Extrameile, um <strong data-start=\"1671\" data-end=\"1700\">exzellenten Kundenservice<\/strong> zu bieten, damit Sie sich in jedem Schritt gesch\u00e4tzt und unterst\u00fctzt f\u00fchlen.<\/p>\n<p data-start=\"1781\" data-end=\"1832\"><strong data-start=\"1781\" data-end=\"1830\">Kr\u00e4fte vereinen: Die Kraft der Zusammenarbeit<\/strong><\/p>\n<p data-start=\"1834\" data-end=\"2184\">Bei der NTT Group verstehen wir Kundenbeziehungen als echte <strong data-start=\"1894\" data-end=\"1913\">Partnerschaften<\/strong>. Wir arbeiten mit Ihnen zusammen, um Ihre Ziele zu erreichen und Ihre Vision zu verwirklichen. Das bedeutet, auf Ihre sich \u00e4ndernden Bed\u00fcrfnisse <strong data-start=\"2059\" data-end=\"2079\">reaktionsschnell<\/strong>, bei der L\u00f6sungsfindung <strong data-start=\"2104\" data-end=\"2117\">innovativ<\/strong> und in der Anpassung an Ihre Anforderungen <strong data-start=\"2161\" data-end=\"2173\">flexibel<\/strong> zu sein.<\/p>\n<p data-start=\"2186\" data-end=\"2495\">Intern ist <strong data-start=\"2197\" data-end=\"2215\">Zusammenarbeit<\/strong> unser Erfolgsgeheimnis. Unser Team arbeitet reibungslos zusammen, getragen von einem <strong data-start=\"2301\" data-end=\"2322\">gemeinsamen Ziel:<\/strong> Ihrem Erfolg. Dies gew\u00e4hrleistet effiziente Kommunikation, optimierte Prozesse und letztlich ein Produkt oder eine Dienstleistung, die genau Ihren Erwartungen entspricht.<\/p>\n<p data-start=\"2497\" data-end=\"2786\" data-is-last-node=\"\" data-is-only-node=\"\">Durch die Kombination von <strong data-start=\"2523\" data-end=\"2577\">Zuverl\u00e4ssigkeit, Erreichbarkeit und Zusammenarbeit<\/strong> strebt die NTT Group danach, mehr als nur ein Lieferant zu sein \u2013 wir wollen Ihr vertrauensvoller Partner sein und langfristige Beziehungen auf Basis von gegenseitigem Respekt und gemeinsamem Erfolg aufbauen.<\/p>\n<\/div>\n<p><\/div>\n<p><\/div>\n<p><\/div>\n<p>[\/vc_column_text][\/vc_column][vc_column width=&#8221;1\/2&#8243;][vc_single_image image=&#8221;15483&#8243; img_size=&#8221;full&#8221; alignment=&#8221;center&#8221; css_animation=&#8221;bottom-to-top&#8221;][\/vc_column][\/vc_row]<\/p>\n<\/div>","protected":false},"excerpt":{"rendered":"<p>[vc_section full_width=&#8221;stretch_row&#8221; css=&#8221;.vc_custom_1542025240624{background-color: #f9f9f9 !important;}&#8221;][vc_row css=&#8221;.vc_custom_1542025031874{background-color: #f9f9f9 !important;}&#8221;][vc_column width=&#8221;1\/6&#8243;][\/vc_column][vc_column width=&#8221;2\/3&#8243;][vc_column_text] Unsere Werte &#038; Ziele [\/vc_column_text][vc_separator border_width=&#8221;2&#8243; css=&#8221;.vc_custom_1542025311822{margin-bottom: 20px !important;}&#8221;][\/vc_column][vc_column width=&#8221;1\/6&#8243;][\/vc_column][\/vc_row][vc_row<\/p>\n","protected":false},"author":3,"featured_media":0,"parent":0,"menu_order":0,"comment_status":"closed","ping_status":"closed","template":"","meta":{"footnotes":""},"class_list":["post-50185","page","type-page","status-publish","hentry"],"_links":{"self":[{"href":"https:\/\/nttgroup.com\/de\/wp-json\/wp\/v2\/pages\/50185","targetHints":{"allow":["GET"]}}],"collection":[{"href":"https:\/\/nttgroup.com\/de\/wp-json\/wp\/v2\/pages"}],"about":[{"href":"https:\/\/nttgroup.com\/de\/wp-json\/wp\/v2\/types\/page"}],"author":[{"embeddable":true,"href":"https:\/\/nttgroup.com\/de\/wp-json\/wp\/v2\/users\/3"}],"replies":[{"embeddable":true,"href":"https:\/\/nttgroup.com\/de\/wp-json\/wp\/v2\/comments?post=50185"}],"version-history":[{"count":2,"href":"https:\/\/nttgroup.com\/de\/wp-json\/wp\/v2\/pages\/50185\/revisions"}],"predecessor-version":[{"id":50197,"href":"https:\/\/nttgroup.com\/de\/wp-json\/wp\/v2\/pages\/50185\/revisions\/50197"}],"wp:attachment":[{"href":"https:\/\/nttgroup.com\/de\/wp-json\/wp\/v2\/media?parent=50185"}],"curies":[{"name":"wp","href":"https:\/\/api.w.org\/{rel}","templated":true}]}}