{"id":50681,"date":"2026-02-19T07:22:58","date_gmt":"2026-02-19T07:22:58","guid":{"rendered":"https:\/\/nttgroup.com\/cnc-zahnradschleifen\/"},"modified":"2026-02-19T07:38:37","modified_gmt":"2026-02-19T07:38:37","slug":"cnc-zahnradschleifen","status":"publish","type":"page","link":"https:\/\/nttgroup.com\/de\/cnc-zahnradschleifen\/","title":{"rendered":"CNC Zahnradschleifen"},"content":{"rendered":"<div class=\"wpb-content-wrapper\"><p>[vc_section full_width=&#8221;stretch_row&#8221; css=&#8221;.vc_custom_1542025240624{background-color: #f9f9f9 !important;}&#8221;][vc_row css=&#8221;.vc_custom_1542025031874{background-color: #f9f9f9 !important;}&#8221;][vc_column width=&#8221;1\/6&#8243;][\/vc_column][vc_column width=&#8221;2\/3&#8243;][vc_column_text]<\/p>\n<h4 style=\"font-size: 42px; text-align: center;\">CNC Zahnradschleifen\u00a0<span class=\"color-primary\">CNC<\/span><\/h4>\n<p>&nbsp;[\/vc_column_text][vc_separator border_width=&#8221;2&#8243; css=&#8221;.vc_custom_1542025311822{margin-bottom: 20px !important;}&#8221;][\/vc_column][vc_column width=&#8221;1\/6&#8243;][\/vc_column][\/vc_row][vc_row css=&#8221;.vc_custom_1542025040822{background-color: #f9f9f9 !important;}&#8221;][vc_column width=&#8221;1\/3&#8243;]\t\t\t<div class=\" basel-info-box text-center icon-alignment-top box-style-base color-scheme-dark  with-animation \" onclick=\"\">\n\t\t\t\t\t\t\t\t<div class=\"info-box-content\">\n\t\t\t\t\t<div class=\"info-box-inner\">\n\t\t\t\t\t\t<\/p>\n<h2>Hohe Qualit\u00e4t<\/h2>\n<p>Wir fertigen Zahnr\u00e4der in DIN-5-Qualit\u00e4t oder besser<\/p>\n\t\t\t\t\t<\/div>\n\t\t\t\t<\/div>\n\t\t\t<\/div>\n\t\t[\/vc_column][vc_column width=&#8221;1\/3&#8243;]\t\t\t<div class=\" basel-info-box text-center icon-alignment-top box-style-base color-scheme-dark  with-animation \" onclick=\"\">\n\t\t\t\t\t\t\t\t<div class=\"info-box-content\">\n\t\t\t\t\t<div class=\"info-box-inner\">\n\t\t\t\t\t\t<\/p>\n<h2>Kurze Taktzeiten<\/h2>\n<p>Unsere Fertigung ist durch extrem kurze Taktzeiten besonders kosteneffizient<\/p>\n\t\t\t\t\t<\/div>\n\t\t\t\t<\/div>\n\t\t\t<\/div>\n\t\t[\/vc_column][vc_column width=&#8221;1\/3&#8243;]\t\t\t<div class=\" basel-info-box text-center icon-alignment-top box-style-base color-scheme-dark  with-animation \" onclick=\"\">\n\t\t\t\t\t\t\t\t<div class=\"info-box-content\">\n\t\t\t\t\t<div class=\"info-box-inner\">\n\t\t\t\t\t\t<\/p>\n<h2>Modul<\/h2>\n<p>Von Modul 0,5 bis 7<\/p>\n\t\t\t\t\t<\/div>\n\t\t\t\t<\/div>\n\t\t\t<\/div>\n\t\t[\/vc_column][\/vc_row][\/vc_section][vc_row full_width=&#8221;stretch_row_content_no_spaces&#8221; content_placement=&#8221;top&#8221; css=&#8221;.vc_custom_1706592699168{margin-top: 40px !important;margin-bottom: 40px !important;}&#8221;][vc_column width=&#8221;1\/2&#8243; offset=&#8221;vc_col-md-6&#8243;][vc_single_image image=&#8221;14863&#8243; img_size=&#8221;500x&#8221; alignment=&#8221;center&#8221;][\/vc_column][vc_column width=&#8221;1\/2&#8243; css=&#8221;.vc_custom_1485009354843{margin-top: 25px !important;margin-bottom: 40px !important;padding-right: 10% !important;padding-left: 10% !important;}&#8221; offset=&#8221;vc_col-md-6&#8243;][vc_column_text css=&#8221;.vc_custom_1694515511227{margin-bottom: 30px !important;}&#8221;]<\/p>\n<h1 class=\"font-title\" style=\"text-align: center; font-size: 42px; text-transform: capitalize;\"><span style=\"border-bottom: 1px solid #BDBDBD; padding-bottom: 4px;\">CNC Zahnradschleifen<\/span><\/h1>\n<p><\/p>\n<h3 class=\"LC20lb\" style=\"text-align: center;\">\u00d8 370\u00a0mm x 400\u00a0mm | Modul\u00a07<\/h3>\n<p>&nbsp;[\/vc_column_text][vc_column_text css=&#8221;.vc_custom_1694515519652{padding-right: 30px !important;padding-left: 30px !important;}&#8221;]<\/p>\n<table border=\"0\" width=\"320\" cellspacing=\"0\" cellpadding=\"0\">\n<colgroup>\n<col width=\"97\" \/>\n<col width=\"136\" \/>\n<col width=\"87\" \/><\/colgroup>\n<tbody>\n<tr>\n<td class=\"xl65\" width=\"97\" height=\"28\"><strong>Maschine<\/strong><\/td>\n<td class=\"xl65\" width=\"136\"><strong>\u00d8 max [mm]<\/strong><\/td>\n<td class=\"xl65\" width=\"87\"><strong>Modul<\/strong><\/td>\n<\/tr>\n<tr>\n<td height=\"20\">Burri BZ370<\/td>\n<td align=\"right\">360<\/td>\n<td align=\"right\">7<\/td>\n<\/tr>\n<\/tbody>\n<\/table>\n<p>&nbsp;[\/vc_column_text][\/vc_column][\/vc_row][vc_row full_width=&#8221;stretch_row&#8221; css=&#8221;.vc_custom_1706509912284{background-color: #f9f9f9 !important;}&#8221;][vc_column width=&#8221;1\/6&#8243;][\/vc_column][vc_column width=&#8221;2\/3&#8243;][vc_column_text]<\/p>\n<h1 style=\"font-size: 42px; text-align: center;\"><span class=\"color-primary\">Zahnradschleifen<\/span><\/h1>\n<p>&nbsp;[\/vc_column_text][vc_separator border_width=&#8221;2&#8243; css=&#8221;.vc_custom_1542025311822{margin-bottom: 20px !important;}&#8221;][\/vc_column][vc_column width=&#8221;1\/6&#8243;][\/vc_column][\/vc_row][vc_row full_width=&#8221;stretch_row&#8221; css=&#8221;.vc_custom_1706509934356{background-color: #f9f9f9 !important;}&#8221;][vc_column][vc_column_text css=&#8221;&#8221; basel_color_scheme=&#8221;dark&#8221;]Das Zahnradschleifen ist die ultimative L\u00f6sung f\u00fcr alle, die pr\u00e4zise und hochwertige geschliffene Zahnr\u00e4der suchen. Mit unserer modernsten Technologie und Fachkompetenz stellen wir sicher, dass jeder Zahn perfekt bearbeitet wird und alle Erwartungen \u00fcbertrifft.<\/p>\n<p>Unser Zahnradschleifprozess wird akribisch ausgef\u00fchrt, um au\u00dfergew\u00f6hnliche Ergebnisse zu garantieren. Jedes Zahnrad wird pr\u00e4zisionsgeschliffen, was zu einem makellosen Zahnflankenfinish f\u00fchrt. Verabschieden Sie sich von Unvollkommenheiten und setzen Sie auf reibungslose Getriebeleistung.<\/p>\n<p>Das Geheimnis hinter unserem erstklassigen Zahnradschleifen liegt in unserem Engagement f\u00fcr extrem niedrige Rauheitswerte. Diese Liebe zum Detail gew\u00e4hrleistet einen nahtlosen Betrieb, minimiert Reibung und maximiert die Effizienz.<\/p>\n<p>Erleben Sie die bemerkenswerten Vorteile unserer Expertise im Zahnradschleifen. Unsere geschliffenen Zahnr\u00e4der sind bekannt f\u00fcr ihre hohe Qualit\u00e4t und Genauigkeit, was sie ideal f\u00fcr eine Vielzahl von Anwendungen macht. Ob in der Automobilindustrie, der Luft- und Raumfahrt oder im Industriesektor \u2013 unser Pr\u00e4zisionsschleifen wird Ihre Anforderungen erf\u00fcllen und \u00fcbertreffen.<\/p>\n<p>Investieren Sie in Zahnradschleifen, das unvergleichliche Pr\u00e4zision und Qualit\u00e4t liefert. Vertrauen Sie auf unser Know-how und erleben Sie die Vorteile der Zahnflankenbearbeitung in ihrer feinsten Form.<\/p>\n<p>Suchen Sie nach einer Standardl\u00f6sung f\u00fcr die Verzahnung? Informieren Sie sich \u00fcber unseren Service im Bereich W\u00e4lzfr\u00e4sen. <a href=\"https:\/\/nttgroup.com\/de\/waelzfraesen-verzahnungsfraesen\/\">gear hobbing<\/a> service.[\/vc_column_text][\/vc_column][\/vc_row]<\/p>\n<\/div>","protected":false},"excerpt":{"rendered":"<p>[vc_section full_width=&#8221;stretch_row&#8221; css=&#8221;.vc_custom_1542025240624{background-color: #f9f9f9 !important;}&#8221;][vc_row css=&#8221;.vc_custom_1542025031874{background-color: #f9f9f9 !important;}&#8221;][vc_column width=&#8221;1\/6&#8243;][\/vc_column][vc_column width=&#8221;2\/3&#8243;][vc_column_text] CNC Zahnradschleifen\u00a0CNC &nbsp;[\/vc_column_text][vc_separator border_width=&#8221;2&#8243; css=&#8221;.vc_custom_1542025311822{margin-bottom: 20px !important;}&#8221;][\/vc_column][vc_column width=&#8221;1\/6&#8243;][\/vc_column][\/vc_row][vc_row css=&#8221;.vc_custom_1542025040822{background-color: #f9f9f9<\/p>\n","protected":false},"author":3,"featured_media":0,"parent":0,"menu_order":0,"comment_status":"closed","ping_status":"closed","template":"","meta":{"footnotes":""},"class_list":["post-50681","page","type-page","status-publish","hentry"],"_links":{"self":[{"href":"https:\/\/nttgroup.com\/de\/wp-json\/wp\/v2\/pages\/50681","targetHints":{"allow":["GET"]}}],"collection":[{"href":"https:\/\/nttgroup.com\/de\/wp-json\/wp\/v2\/pages"}],"about":[{"href":"https:\/\/nttgroup.com\/de\/wp-json\/wp\/v2\/types\/page"}],"author":[{"embeddable":true,"href":"https:\/\/nttgroup.com\/de\/wp-json\/wp\/v2\/users\/3"}],"replies":[{"embeddable":true,"href":"https:\/\/nttgroup.com\/de\/wp-json\/wp\/v2\/comments?post=50681"}],"version-history":[{"count":3,"href":"https:\/\/nttgroup.com\/de\/wp-json\/wp\/v2\/pages\/50681\/revisions"}],"predecessor-version":[{"id":50717,"href":"https:\/\/nttgroup.com\/de\/wp-json\/wp\/v2\/pages\/50681\/revisions\/50717"}],"wp:attachment":[{"href":"https:\/\/nttgroup.com\/de\/wp-json\/wp\/v2\/media?parent=50681"}],"curies":[{"name":"wp","href":"https:\/\/api.w.org\/{rel}","templated":true}]}}