{"id":50690,"date":"2026-02-19T07:38:33","date_gmt":"2026-02-19T07:38:33","guid":{"rendered":"https:\/\/nttgroup.com\/waelzfraesen-verzahnungsfraesen\/"},"modified":"2026-02-19T07:38:37","modified_gmt":"2026-02-19T07:38:37","slug":"waelzfraesen-verzahnungsfraesen","status":"publish","type":"page","link":"https:\/\/nttgroup.com\/de\/waelzfraesen-verzahnungsfraesen\/","title":{"rendered":"W\u00e4lzfr\u00e4sen \/ Verzahnungsfr\u00e4sen"},"content":{"rendered":"<div class=\"wpb-content-wrapper\"><p>[vc_section full_width=&#8221;stretch_row&#8221; css=&#8221;.vc_custom_1542025240624{background-color: #f9f9f9 !important;}&#8221;][vc_row css=&#8221;.vc_custom_1542025031874{background-color: #f9f9f9 !important;}&#8221;][vc_column width=&#8221;1\/6&#8243;][\/vc_column][vc_column width=&#8221;2\/3&#8243;][vc_column_text]<\/p>\n<h4 style=\"font-size: 42px; text-align: center;\">W\u00e4lzfr\u00e4sen\u00a0<span class=\"color-primary\">CNC &amp; Konventionell<\/span><\/h4>\n<p>&nbsp;[\/vc_column_text][vc_separator border_width=&#8221;2&#8243; css=&#8221;.vc_custom_1542025311822{margin-bottom: 20px !important;}&#8221;][\/vc_column][vc_column width=&#8221;1\/6&#8243;][\/vc_column][\/vc_row][vc_row css=&#8221;.vc_custom_1542025040822{background-color: #f9f9f9 !important;}&#8221;][vc_column width=&#8221;1\/3&#8243;]\t\t\t<div class=\" basel-info-box text-center icon-alignment-top box-style-base color-scheme-dark  with-animation \" onclick=\"\">\n\t\t\t\t\t\t\t\t<div class=\"info-box-content\">\n\t\t\t\t\t<div class=\"info-box-inner\">\n\t\t\t\t\t\t<\/p>\n<h2>AAutomatische Beladung<\/h2>\n<\/p>\n<p>Teilelader steigern unsere Produktivit\u00e4t bis Modul 5<\/p>\n\t\t\t\t\t<\/div>\n\t\t\t\t<\/div>\n\t\t\t<\/div>\n\t\t[\/vc_column][vc_column width=&#8221;1\/3&#8243;]\t\t\t<div class=\" basel-info-box text-center icon-alignment-top box-style-base color-scheme-dark  with-animation \" onclick=\"\">\n\t\t\t\t\t\t\t\t<div class=\"info-box-content\">\n\t\t\t\t\t<div class=\"info-box-inner\">\n\t\t\t\t\t\t<\/p>\n<h2>Qualit\u00e4t 6<\/h2>\n<\/p>\n<p>Durch den Einsatz der W\u00e4lzsch\u00e4ltechnologie erreichen wir die Qualit\u00e4tsstufe 6.<\/p>\n\t\t\t\t\t<\/div>\n\t\t\t\t<\/div>\n\t\t\t<\/div>\n\t\t[\/vc_column][vc_column width=&#8221;1\/3&#8243;]\t\t\t<div class=\" basel-info-box text-center icon-alignment-top box-style-base color-scheme-dark  with-animation \" onclick=\"\">\n\t\t\t\t\t\t\t\t<div class=\"info-box-content\">\n\t\t\t\t\t<div class=\"info-box-inner\">\n\t\t\t\t\t\t<\/p>\n<h2>Jedes Modul<\/h2>\n<\/p>\n<p>Von Modul 0,3 bis Modul 50.<\/p>\n\t\t\t\t\t<\/div>\n\t\t\t\t<\/div>\n\t\t\t<\/div>\n\t\t[\/vc_column][\/vc_row][\/vc_section][vc_row full_width=&#8221;stretch_row_content_no_spaces&#8221; content_placement=&#8221;top&#8221; css=&#8221;.vc_custom_1542028241205{margin-top: 40px !important;margin-bottom: -40px !important;}&#8221;][vc_column width=&#8221;1\/2&#8243; offset=&#8221;vc_col-md-6&#8243;][vc_single_image image=&#8221;14863&#8243; img_size=&#8221;500x&#8221; alignment=&#8221;center&#8221;][\/vc_column][vc_column width=&#8221;1\/2&#8243; css=&#8221;.vc_custom_1485009354843{margin-top: 25px !important;margin-bottom: 40px !important;padding-right: 10% !important;padding-left: 10% !important;}&#8221; offset=&#8221;vc_col-md-6&#8243;][vc_column_text css=&#8221;.vc_custom_1694195889774{margin-bottom: 30px !important;}&#8221;]<\/p>\n<p><\/p>\n<h1 class=\"font-title\" style=\"text-align: center; font-size: 42px; text-transform: capitalize;\"><span style=\"border-bottom: 1px solid #BDBDBD; padding-bottom: 4px;\">CNC W\u00e4lzfr\u00e4sen<\/span><\/h1>\n<p><\/p>\n<h3 class=\"LC20lb\" style=\"text-align: center;\">\u00d8 1000\u00a0mm x 800\u00a0mm | Modul 12<\/h3>\n<p><\/p>\n<p>[\/vc_column_text][vc_column_text css=&#8221;.vc_custom_1760610724157{padding-right: 30px !important;padding-left: 30px !important;}&#8221; basel_color_scheme=&#8221;dark&#8221;]<a href=\"http:\/\/www.emag.com\" target=\"_blank\" rel=\"noopener\">EMAG CNC<\/a> Maschinen mit automatischem Teilelader sind die ideale L\u00f6sung f\u00fcr die Klein- und Gro\u00dfserienfertigung. Mit bis zu 9 gesteuerten Achsen!<\/p>\n<table border=\"0\" width=\"572\" cellspacing=\"0\" cellpadding=\"0\">\n<colgroup>\n<col width=\"189\" \/>\n<col width=\"113\" \/>\n<col width=\"87\" \/>\n<col width=\"96\" \/>\n<col width=\"87\" \/><\/colgroup>\n<tbody>\n<tr>\n<td class=\"xl66\" width=\"189\" height=\"28\"><strong>Maschine<\/strong><\/td>\n<td class=\"xl66\" width=\"113\"><strong>\u00d8 max [mm]<\/strong><\/td>\n<td class=\"xl66\" width=\"87\"><strong>Modul<\/strong><\/td>\n<td class=\"xl66\" width=\"96\"><strong>Beladung<\/strong><\/td>\n<td class=\"xl66\" width=\"87\"><strong>St\u00fcckzahl<\/strong><\/td>\n<\/tr>\n<tr>\n<td class=\"xl65\" height=\"20\">EMAG Koepfer K160<\/td>\n<td align=\"right\">150<\/td>\n<td align=\"right\">3<\/td>\n<td>robot<\/td>\n<td align=\"right\">2<\/td>\n<\/tr>\n<tr>\n<td class=\"xl65\" height=\"20\">EMAG Koepfer K200<\/td>\n<td align=\"right\">200<\/td>\n<td align=\"right\">4<\/td>\n<td>robot<\/td>\n<td align=\"right\">3<\/td>\n<\/tr>\n<tr>\n<td class=\"xl65\" height=\"20\">EMAG Koepfer K300<\/td>\n<td align=\"right\">200<\/td>\n<td align=\"right\">6<\/td>\n<td>robot<\/td>\n<td align=\"right\">6<\/td>\n<\/tr>\n<tr>\n<td class=\"xl65\" height=\"20\">EMAG Koepfer K300<\/td>\n<td align=\"right\">200<\/td>\n<td align=\"right\">6<\/td>\n<td><\/td>\n<td align=\"right\">1<\/td>\n<\/tr>\n<tr>\n<td class=\"xl65\" height=\"20\">EMAG Richardon R200<\/td>\n<td align=\"right\">600<\/td>\n<td align=\"right\">10<\/td>\n<td><\/td>\n<td align=\"right\">1<\/td>\n<\/tr>\n<tr>\n<td class=\"xl65\" height=\"20\">EMAG Richardon R300<\/td>\n<td align=\"right\">800<\/td>\n<td align=\"right\">12<\/td>\n<td><\/td>\n<td align=\"right\">1<\/td>\n<\/tr>\n<tr>\n<td class=\"xl65\" height=\"20\">EMAG Richardon R500<\/td>\n<td align=\"right\">1000<\/td>\n<td align=\"right\">12<\/td>\n<td><\/td>\n<td align=\"right\">2<\/td>\n<\/tr>\n<\/tbody>\n<\/table>\n<p>&nbsp;[\/vc_column_text][\/vc_column][\/vc_row][vc_row full_width=&#8221;stretch_row_content_no_spaces&#8221; content_placement=&#8221;middle&#8221; css=&#8221;.vc_custom_1706594200932{margin-top: -40px !important;margin-bottom: 40px !important;background-color: #f9f9f9 !important;}&#8221;][vc_column width=&#8221;1\/2&#8243; css=&#8221;.vc_custom_1485009354843{margin-top: 25px !important;margin-bottom: 40px !important;padding-right: 10% !important;padding-left: 10% !important;}&#8221; offset=&#8221;vc_col-md-6&#8243;][vc_column_text css=&#8221;.vc_custom_1542047837349{margin-bottom: 30px !important;}&#8221;]<\/p>\n<p><\/p>\n<h1 class=\"font-title\" style=\"text-align: center; font-size: 42px; text-transform: capitalize;\"><span style=\"border-bottom: 1px solid #BDBDBD; padding-bottom: 4px;\">W\u00e4lzfr\u00e4sen \u2013 Vertikal<\/span><\/h1>\n<p><\/p>\n<h3 class=\"LC20lb\" style=\"text-align: center;\">\u00d8 3000\u00a0mm \u00a0| Modul 30<\/h3>\n<p><\/p>\n<p>[\/vc_column_text][vc_column_text css=&#8221;.vc_custom_1694195996571{padding-right: 30px !important;padding-left: 30px !important;}&#8221;]Unser Maschinenpark im Bereich Vertikal-W\u00e4lzfr\u00e4sen umfasst folgende Anlagen:<\/p>\n<table border=\"0\" width=\"572\" cellspacing=\"0\" cellpadding=\"0\">\n<colgroup>\n<col width=\"189\" \/>\n<col width=\"113\" \/>\n<col width=\"87\" \/>\n<col width=\"96\" \/>\n<col width=\"87\" \/><\/colgroup>\n<tbody>\n<tr>\n<td class=\"xl66\" width=\"189\" height=\"28\"><strong>Maschine<\/strong><\/td>\n<td class=\"xl66\" width=\"113\"><strong>\u00d8 max [mm]<\/strong><\/td>\n<td class=\"xl66\" width=\"87\"><strong>Modul<\/strong><\/td>\n<td class=\"xl66\" width=\"96\"><strong>Beladung<\/strong><\/td>\n<td class=\"xl66\" width=\"87\"><strong>St\u00fcckzahl<\/strong><\/td>\n<\/tr>\n<tr>\n<td class=\"xl65\" height=\"20\">Module ZFWZ 250<\/td>\n<td align=\"right\">250<\/td>\n<td align=\"right\">8<\/td>\n<td><\/td>\n<td align=\"right\">1<\/td>\n<\/tr>\n<tr>\n<td class=\"xl65\" height=\"20\">Module ZFWZ 400<\/td>\n<td align=\"right\">400<\/td>\n<td align=\"right\">10<\/td>\n<td><\/td>\n<td align=\"right\">2<\/td>\n<\/tr>\n<tr>\n<td class=\"xl65\" height=\"20\">Module ZFWZ 800<\/td>\n<td align=\"right\">800<\/td>\n<td align=\"right\">16<\/td>\n<td><\/td>\n<td align=\"right\">1<\/td>\n<\/tr>\n<tr>\n<td class=\"xl67\" height=\"20\">Tos Fo16<\/td>\n<td align=\"right\">2000<\/td>\n<td align=\"right\">24<\/td>\n<td><\/td>\n<td align=\"right\">1<\/td>\n<\/tr>\n<tr>\n<td class=\"xl67\" height=\"20\">Tos Fo25<\/td>\n<td align=\"right\">3000<\/td>\n<td align=\"right\">30<\/td>\n<td><\/td>\n<td align=\"right\">1<\/td>\n<\/tr>\n<\/tbody>\n<\/table>\n<p>&nbsp;[\/vc_column_text][\/vc_column][vc_column width=&#8221;1\/2&#8243; offset=&#8221;vc_col-md-6&#8243;][vc_single_image image=&#8221;15595&#8243; img_size=&#8221;full&#8221; alignment=&#8221;center&#8221; css=&#8221;.vc_custom_1706595488865{margin-bottom: 0px !important;}&#8221;][\/vc_column][\/vc_row][vc_row full_width=&#8221;stretch_row&#8221;][vc_column width=&#8221;1\/6&#8243;][\/vc_column][vc_column width=&#8221;2\/3&#8243;][vc_column_text]<\/p>\n<p><\/p>\n<h1 style=\"font-size: 42px; text-align: center;\"><span class=\"color-primary\">W\u00e4lzfr\u00e4sen<\/span><\/h1>\n<p><\/p>\n<p>[\/vc_column_text][vc_separator border_width=&#8221;2&#8243; css=&#8221;.vc_custom_1542025311822{margin-bottom: 20px !important;}&#8221;][\/vc_column][vc_column width=&#8221;1\/6&#8243;][\/vc_column][\/vc_row][vc_row full_width=&#8221;stretch_row&#8221;][vc_column css=&#8221;.vc_custom_1716832249394{margin-bottom: 30px !important;}&#8221;][vc_column_text css=&#8221;&#8221; basel_color_scheme=&#8221;dark&#8221;]<\/p>\n<p data-path-to-node=\"2\"><b data-path-to-node=\"2\" data-index-in-node=\"0\">Hochwertige Verzahnungsl\u00f6sungen der NTT Group in Skandinavien und Polen<\/b><\/p>\n<p><\/p>\n<p data-path-to-node=\"3\">Wir pr\u00e4sentieren unser W\u00e4lzfr\u00e4sen \u2013 die ultimative L\u00f6sung f\u00fcr pr\u00e4zise und effiziente Verzahnung. Durch ihre hochwertige Bauweise und unseren au\u00dfergew\u00f6hnlichen Service ist diese W\u00e4lzfr\u00e4smaschine darauf ausgelegt, all Ihre Anforderungen in der Zahnradfertigung zu erf\u00fcllen.<\/p>\n<p><\/p>\n<p data-path-to-node=\"4\">Zahnr\u00e4der sind wesentliche Komponenten in vielen mechanischen Systemen. Sie erm\u00f6glichen die \u00dcbertragung von Kraft und Bewegung zwischen rotierenden Wellen. <span class=\"citation-3 citation-end-3\">Eine g\u00e4ngige Methode zur Herstellung von Zahnr\u00e4dern ist das Verzahnungsfr\u00e4sen, bei dem Material abgetragen wird, um das gew\u00fcnschte Zahnprofil zu erhalten.<\/span> Eine weitere bew\u00e4hrte Technik jest das W\u00e4lzfr\u00e4sen, bei dem ein W\u00e4lzfr\u00e4ser zur Erzeugung der Z\u00e4hne eingesetzt wird. Beide Verfahren spielen eine entscheidende Rolle f\u00fcr die Qualit\u00e4t und Funktionalit\u00e4t von Zahnr\u00e4dern und sind in verschiedenen Industrien unverzichtbar.<\/p>\n<div class=\"source-inline-chip-container ng-star-inserted\"><\/div>\n<p><\/p>\n<p data-path-to-node=\"5\">Unsere Verzahnungsmaschine ist mit modernster Technologie ausgestattet, die ein pr\u00e4zises Fr\u00e4sen der Z\u00e4hne gew\u00e4hrleistet und Ihnen Zahnr\u00e4der von unvergleichlicher Qualit\u00e4t liefert. Ob Sie Stirnr\u00e4der, Schr\u00e4gzahnr\u00e4der oder andere Verzahnungstypen ben\u00f6tigen \u2013 unsere W\u00e4lzfr\u00e4smaschine liefert jedes Mal konsistente und pr\u00e4zise Ergebnisse.<\/p>\n<p><\/p>\n<p data-path-to-node=\"6\">Die hochwertige Konstruktion unserer Verzahnungsmaschine garantiert Langlebigkeit und Zuverl\u00e4ssigkeit. Mit Pr\u00e4zision gefertigt, besticht sie durch Robustheit und Stabilit\u00e4t, sodass Sie feinste Verzahnungsoperationen mit Leichtigkeit durchf\u00fchren k\u00f6nnen.<\/p>\n<p><\/p>\n<p data-path-to-node=\"7\">Dank ihrer effizienten Funktionsweise optimiert unsere W\u00e4lzfr\u00e4smaschine Ihren Produktionsprozess. <span class=\"citation-2 citation-end-2\">Sie erm\u00f6glicht ein schnelles und genaues Fr\u00e4sen der Z\u00e4hne, verk\u00fcrzt die Fertigungszeiten und steigert die Produktivit\u00e4t.<\/span> Verabschieden Sie sich von manuellen Verfahren und setzen Sie auf die Geschwindigkeit und Effizienz unseres W\u00e4lzfr\u00e4sens.<\/p>\n<div class=\"source-inline-chip-container ng-star-inserted\"><\/div>\n<p><\/p>\n<p data-path-to-node=\"8\">Zus\u00e4tzlich zur herausragenden Leistung bietet unsere Verzahnungstechnik einen erstklassigen Service. Unser Expertenteam steht Ihnen bei technischem Support oder Beratung jederzeit zur Seite, um einen reibungslosen Betrieb und maximale Zufriedenheit zu gew\u00e4hrleisten.<\/p>\n<p><\/p>\n<p data-path-to-node=\"9\">Verzahnung war noch nie so pr\u00e4zise, effizient und komfortabel. Geben Sie sich nicht mit weniger als dem Besten zufrieden. Investieren Sie in unseren hochwertigen W\u00e4lzfr\u00e4s-Service und heben Sie Ihre Zahnradfertigung auf ein neues Niveau.<\/p>\n<p><\/p>\n<p data-path-to-node=\"10\">Suchen Sie nach noch h\u00f6herer Zahnradqualit\u00e4t? Informieren Sie sich \u00fcber unseren Service im Bereich <b data-path-to-node=\"10\" data-index-in-node=\"99\">Zahnradschleifen<\/b>.<\/p>\n<p><a href=\"https:\/\/nttgroup.com\/de\/cnc-zahnradschleifen\/\">gear grinding<\/a> service.[\/vc_column_text][\/vc_column][\/vc_row]<\/p>\n<\/div>","protected":false},"excerpt":{"rendered":"<p>[vc_section full_width=&#8221;stretch_row&#8221; css=&#8221;.vc_custom_1542025240624{background-color: #f9f9f9 !important;}&#8221;][vc_row css=&#8221;.vc_custom_1542025031874{background-color: #f9f9f9 !important;}&#8221;][vc_column width=&#8221;1\/6&#8243;][\/vc_column][vc_column width=&#8221;2\/3&#8243;][vc_column_text] W\u00e4lzfr\u00e4sen\u00a0CNC &amp; Konventionell &nbsp;[\/vc_column_text][vc_separator border_width=&#8221;2&#8243; css=&#8221;.vc_custom_1542025311822{margin-bottom: 20px !important;}&#8221;][\/vc_column][vc_column width=&#8221;1\/6&#8243;][\/vc_column][\/vc_row][vc_row css=&#8221;.vc_custom_1542025040822{background-color:<\/p>\n","protected":false},"author":3,"featured_media":0,"parent":0,"menu_order":0,"comment_status":"closed","ping_status":"closed","template":"","meta":{"footnotes":""},"class_list":["post-50690","page","type-page","status-publish","hentry"],"_links":{"self":[{"href":"https:\/\/nttgroup.com\/de\/wp-json\/wp\/v2\/pages\/50690","targetHints":{"allow":["GET"]}}],"collection":[{"href":"https:\/\/nttgroup.com\/de\/wp-json\/wp\/v2\/pages"}],"about":[{"href":"https:\/\/nttgroup.com\/de\/wp-json\/wp\/v2\/types\/page"}],"author":[{"embeddable":true,"href":"https:\/\/nttgroup.com\/de\/wp-json\/wp\/v2\/users\/3"}],"replies":[{"embeddable":true,"href":"https:\/\/nttgroup.com\/de\/wp-json\/wp\/v2\/comments?post=50690"}],"version-history":[{"count":4,"href":"https:\/\/nttgroup.com\/de\/wp-json\/wp\/v2\/pages\/50690\/revisions"}],"predecessor-version":[{"id":50714,"href":"https:\/\/nttgroup.com\/de\/wp-json\/wp\/v2\/pages\/50690\/revisions\/50714"}],"wp:attachment":[{"href":"https:\/\/nttgroup.com\/de\/wp-json\/wp\/v2\/media?parent=50690"}],"curies":[{"name":"wp","href":"https:\/\/api.w.org\/{rel}","templated":true}]}}