{"id":50723,"date":"2026-02-24T09:00:30","date_gmt":"2026-02-24T09:00:30","guid":{"rendered":"https:\/\/nttgroup.com\/verzahnungs-messmaschinen\/"},"modified":"2026-03-02T06:32:42","modified_gmt":"2026-03-02T06:32:42","slug":"verzahnungs-messmaschinen","status":"publish","type":"page","link":"https:\/\/nttgroup.com\/de\/verzahnungs-messmaschinen\/","title":{"rendered":"Verzahnungs Messmaschinen"},"content":{"rendered":"<div class=\"wpb-content-wrapper\"><p>[vc_section full_width=&#8221;stretch_row&#8221; css=&#8221;.vc_custom_1542025240624{background-color: #f9f9f9 !important;}&#8221;][vc_row css=&#8221;.vc_custom_1542025031874{background-color: #f9f9f9 !important;}&#8221;][vc_column width=&#8221;1\/6&#8243;][\/vc_column][vc_column width=&#8221;2\/3&#8243;][vc_column_text]<\/p>\n<h4 style=\"font-size: 42px; text-align: center;\"><span class=\"color-primary\">Verzahnungsmessmaschinen<\/span><\/h4>\n<p>&nbsp;[\/vc_column_text][vc_separator border_width=&#8221;2&#8243; css=&#8221;.vc_custom_1542025311822{margin-bottom: 20px !important;}&#8221;][\/vc_column][vc_column width=&#8221;1\/6&#8243;][\/vc_column][\/vc_row][vc_row css=&#8221;.vc_custom_1542025040822{background-color: #f9f9f9 !important;}&#8221;][vc_column width=&#8221;1\/3&#8243;]\t\t\t<div class=\" basel-info-box text-center icon-alignment-top box-style-base color-scheme-dark  with-animation \" onclick=\"\">\n\t\t\t\t\t\t\t\t<div class=\"info-box-content\">\n\t\t\t\t\t<div class=\"info-box-inner\">\n\t\t\t\t\t\t<\/p>\n<h2>L\u00f6sungen f\u00fcr Kleinzahnr\u00e4der<\/h2>\n<p>Kleinzahnr\u00e4der. Mindestmodul 0,5<\/p>\n\t\t\t\t\t<\/div>\n\t\t\t\t<\/div>\n\t\t\t<\/div>\n\t\t[\/vc_column][vc_column width=&#8221;1\/3&#8243;]\t\t\t<div class=\" basel-info-box text-center icon-alignment-top box-style-base color-scheme-dark  with-animation \" onclick=\"\">\n\t\t\t\t\t\t\t\t<div class=\"info-box-content\">\n\t\t\t\t\t<div class=\"info-box-inner\">\n\t\t\t\t\t\t<\/p>\n<h2>H\u00f6chste Qualit\u00e4t<\/h2>\n<p>enauigkeit der Verzahnungspr\u00fcfung <strong>Group I<\/strong><br \/>(VDI\/VDE 2612\/2613)<\/p>\n\t\t\t\t\t<\/div>\n\t\t\t\t<\/div>\n\t\t\t<\/div>\n\t\t[\/vc_column][vc_column width=&#8221;1\/3&#8243;]\t\t\t<div class=\" basel-info-box text-center icon-alignment-top box-style-base color-scheme-dark  with-animation \" onclick=\"\">\n\t\t\t\t\t\t\t\t<div class=\"info-box-content\">\n\t\t\t\t\t<div class=\"info-box-inner\">\n\t\t\t\t\t\t<\/p>\n<h2>Gro\u00dfzahnr\u00e4der<\/h2>\n<p>Bis\u00a0\u00d8400 mm<\/p>\n\t\t\t\t\t<\/div>\n\t\t\t\t<\/div>\n\t\t\t<\/div>\n\t\t[\/vc_column][\/vc_row][\/vc_section][vc_row full_width=&#8221;stretch_row_content_no_spaces&#8221; content_placement=&#8221;top&#8221; css=&#8221;.vc_custom_1706685155868{margin-top: 40px !important;margin-bottom: 40px !important;}&#8221;][vc_column width=&#8221;1\/2&#8243; offset=&#8221;vc_col-md-6&#8243;][vc_single_image image=&#8221;14759&#8243; img_size=&#8221;500x&#8221; alignment=&#8221;center&#8221;][\/vc_column][vc_column width=&#8221;1\/2&#8243; css=&#8221;.vc_custom_1485009354843{margin-top: 25px !important;margin-bottom: 40px !important;padding-right: 10% !important;padding-left: 10% !important;}&#8221; offset=&#8221;vc_col-md-6&#8243;][vc_column_text css=&#8221;.vc_custom_1585238636472{margin-bottom: 30px !important;}&#8221;]<\/p>\n<h1 class=\"font-title\" style=\"text-align: center; font-size: 42px; text-transform: capitalize;\"><span style=\"border-bottom: 1px solid #BDBDBD; padding-bottom: 4px;\">Verzahnungspr\u00fcfung<\/span><\/h1>\n<p><\/p>\n<h3 class=\"LC20lb\" style=\"text-align: center;\">\u00d8 400\u00a0mm | min. M=0.5<\/h3>\n<p>&nbsp;[\/vc_column_text][vc_column_text css=&#8221;.vc_custom_1585238741795{padding-right: 30px !important;padding-left: 30px !important;}&#8221;]<\/p>\n<div title=\"Page 1\">\n<table border=\"0\" width=\"721\" cellspacing=\"0\" cellpadding=\"0\">\n<colgroup>\n<col width=\"203\" \/>\n<col width=\"120\" \/>\n<col width=\"115\" \/>\n<col width=\"107\" \/>\n<col width=\"176\" \/><\/colgroup>\n<tbody>\n<tr>\n<td class=\"xl65\" width=\"203\" height=\"53\">Brand \/ type<\/td>\n<td class=\"xl65\" width=\"120\">\u00d8 max [mm]<\/td>\n<td class=\"xl65\" width=\"115\">L max [mm]<\/td>\n<td class=\"xl65\" width=\"107\">weight [kg]<\/td>\n<td class=\"xl66\" width=\"176\">Quality<br \/>\nVDI\/VDE 2612\/2613<\/p>\n<div title=\"Page 1\"><\/div>\n<\/td>\n<p><\/tr>\n<p><\/p>\n<tr>\n<td class=\"xl65\" height=\"27\">Liebherr WGT400<\/td>\n<td class=\"xl65\" align=\"right\">400<\/td>\n<td class=\"xl65\" align=\"right\">650<\/td>\n<td class=\"xl65\" align=\"right\">180<\/td>\n<td class=\"xl65\">Group I<\/td>\n<\/tr>\n<p><\/p>\n<tr>\n<td class=\"xl65\" height=\"27\">Wenzel Smart Gear<\/td>\n<td align=\"right\">400<\/td>\n<td align=\"right\">500<\/td>\n<td align=\"right\">100<\/td>\n<td class=\"xl65\">Group II<\/td>\n<\/tr>\n<p><\/tbody>\n<p><\/table>\n<p><\/div>\n<p>&nbsp;[\/vc_column_text][\/vc_column][\/vc_row][vc_row full_width=&#8221;stretch_row&#8221; css=&#8221;.vc_custom_1706509912284{background-color: #f9f9f9 !important;}&#8221;][vc_column width=&#8221;1\/6&#8243;][\/vc_column][vc_column width=&#8221;2\/3&#8243;][vc_column_text]<\/p>\n<h1 style=\"font-size: 42px; text-align: center;\"><span class=\"color-primary\">Verzahnungs-Koordinatenmessger\u00e4t KMG<\/span><\/h1>\n<p>&nbsp;[\/vc_column_text][vc_separator border_width=&#8221;2&#8243; css=&#8221;.vc_custom_1542025311822{margin-bottom: 20px !important;}&#8221;][\/vc_column][vc_column width=&#8221;1\/6&#8243;][\/vc_column][\/vc_row][vc_row full_width=&#8221;stretch_row&#8221; css=&#8221;.vc_custom_1706686805987{margin-bottom: 40px !important;background-color: #f9f9f9 !important;}&#8221;][vc_column][vc_column_text css=&#8221;&#8221; basel_color_scheme=&#8221;dark&#8221;]H\u00f6chste Pr\u00e4zision durch unsere Verzahnungspr\u00fcfung: Die ultimative L\u00f6sung f\u00fcr erstklassige Getriebe-Performance. Unsere nach h\u00f6chsten schwedischen Pr\u00e4zisionsstandards entwickelten Messsysteme garantieren jederzeit exakte Messergebnisse und h\u00f6chste Zuverl\u00e4ssigkeit.<\/p>\n<p>Mit unserem System f\u00fcr die Verzahnungspr\u00fcfung k\u00f6nnen Sie Spitzenleistungen erwarten. Durch den Einsatz modernster Technologien und fortschrittlicher Verfahren liefern wir Produkte von au\u00dfergew\u00f6hnlicher <a href=\"https:\/\/nttgroup.com\/quality\/\">Qualit\u00e4t<\/a>, die auf Langlebigkait ausgelegt sind. Profitieren Sie von verl\u00e4ngerten Produktlebenszyklen, die den Bedarf an h\u00e4ufigem Austausch reduzieren und den Wartungsaufwand minimieren.<\/p>\n<p>Unsere Pr\u00fcfmittel sind speziell na die Anforderungen verschiedenster Industrien zugeschnitten i liefern umfassende, belastbare Ergebnisse. Von der Automobilindustrie bis hin zur Luft- und Raumfahrt \u2013 Profis weltweit vertrauen auf unsere Ausr\u00fcstung, um eine optimale Getriebe-Performance sicherzustellen.<\/p>\n<p>In der Pr\u00e4zisionstechnik setzen wir die Ma\u00dfst\u00e4be. Unsere Produkte zur Verzahnungspr\u00fcfung nutzen State-of-the-Art-Technologie und unterliegen strengsten <a href=\"https:\/\/nttgroup.com\/de\/ntt-qualitaetspolitik\/\">Qualit\u00e4tskontrollen<\/a>. Dies garantiert pr\u00e4zise Analysen und exakte Messungen. Mit unseren L\u00f6sungen k\u00f6nnen Sie die Integrit\u00e4t und Leistung Ihrer Getriebesysteme sicher beurteilen, die Effizienz optimieren und kostspielige Ausf\u00e4lle verhindern.<\/p>\n<p>Entscheiden Sie sich f\u00fcr unsere schwedische Pr\u00e4zisions-Verzahnungspr\u00fcfung und erleben Sie den Unterschied in Qualit\u00e4t und Zuverl\u00e4ssigkeit. Erweitern Sie noch heute Ihre Analysekapazit\u00e4ten und f\u00fchren Sie Ihre Produktion auf ein neues Level.[\/vc_column_text][\/vc_column][\/vc_row][vc_row css=&#8221;.vc_custom_1451575485367{margin-bottom: 65px !important;}&#8221;][vc_column width=&#8221;1\/2&#8243; css=&#8221;.vc_custom_1451389567526{padding-right: 40px !important;}&#8221;][vc_single_image image=&#8221;20101&#8243; img_size=&#8221;full&#8221; alignment=&#8221;center&#8221; css_animation=&#8221;left-to-right&#8221;][\/vc_column][vc_column width=&#8221;1\/2&#8243;][vc_column_text css=&#8221;.vc_custom_1760606975403{margin-bottom: 30px !important;}&#8221; basel_color_scheme=&#8221;dark&#8221;]<\/p>\n<h2 style=\"margin-bottom: 15px;\"><strong>MESSPROTOKOLLE ALS QUALIT\u00c4TSNACHWEIS<\/strong><\/h2>\n<p><\/p>\n<p class=\"Normal\">Bringen Sie Ihre Dokumentation in Topform \u2013 mit unserer erstklassigen Pr\u00fcfung von Messprotokollen. Mit Fokus auf Pr\u00e4zision und Detailgenauigkeit untersuchen unsere Experten jeden Aspekt Ihrer Berichte akribisch, um Genauigkeit und Vollst\u00e4ndigkeit zu gew\u00e4hrleisten.<\/p>\n<p>Bei uns bleibt kein Detail unber\u00fccksichtigt: Wir pr\u00fcfen jedes Element auf potenzielle Fehler oder Inkonsistenzen. Vertrauen Sie auf unsere umfassende Validierung, die Ihnen h\u00f6chste Qualit\u00e4t Ihrer Messberichte garantiert. \u00dcberlassen Sie uns die Sorge um die Fehlerfreiheit \u2013 unser Pr\u00fcfservice verleiht Ihrer Dokumentation die Genauigkeit, die sie verdient.<\/p>\n<p>&nbsp;[\/vc_column_text][\/vc_column][\/vc_row][vc_row css=&#8221;.vc_custom_1451575485367{margin-bottom: 65px !important;}&#8221;][vc_column width=&#8221;1\/2&#8243;][vc_column_text css=&#8221;.vc_custom_1760606986355{margin-bottom: 30px !important;}&#8221; basel_color_scheme=&#8221;dark&#8221;]<\/p>\n<h2 style=\"margin-bottom: 15px;\"><strong>QUALIT\u00c4T 6 UND BESSER<\/strong><\/h2>\n<p><\/p>\n<p class=\"Normal\">Qualit\u00e4tsstandards sind von entscheidender Bedeutung, um die Einhaltung hochwertiger Ma\u00dfst\u00e4be in verschiedenen Branchen zu gew\u00e4hrleisten. Diese Normen dienen Fachkr\u00e4ften und Ingenieuren als Leitfaden und bieten einen Rahmen, um Kundenerwartungen nicht nur zu erf\u00fcllen, sondern zu \u00fcbertreffen. Zwei der weltweit anerkanntesten Standards im Maschinenbau s\u0105 die DIN-Norm und der AGMA-Standard. Diese Regelwerke definieren spezifische Anforderungen und Richtlinien f\u00fcr verschiedene Aspekte der Produktqualit\u00e4t \u2013 vom Design \u00fcber die Fertigung bis hin zur Leistungsf\u00e4higkeit. Um diesen Standards zu entsprechen, m\u00fcssen Produkte eine Qualit\u00e4tsstufe von 6 oder besser erreichen, was ein hohes Ma\u00df an Pr\u00e4zision, Langlebigkeit und allgemeiner Exzellenz signalisiert. Die Einhaltung dieser Qualit\u00e4tsstandards ist f\u00fcr Ingenieure und Fachpersonal unerl\u00e4sslich, um Produkte zu liefern, die die Erwartungen der Kunden erf\u00fcllen oder sogar \u00fcbertreffen.<\/p>\n<p>H\u00f6chste Qualit\u00e4t wird durch unseren hochmodernen Maschinenpark erreicht. Im Fertigungsprozess der NTT Group setzen wir auf <a href=\"https:\/\/nttgroup.com\/de\/waelzfraesen-verzahnungsfraesen\/\">W\u00e4lzfr\u00e4smaschinen<\/a> von EMAG sowie <a href=\"https:\/\/nttgroup.com\/de\/cnc-zahnradschleifen\/\">Zahnradschleifmaschinen<\/a> von Burri und Okamoto.[\/vc_column_text][\/vc_column][vc_column width=&#8221;1\/2&#8243; css=&#8221;.vc_custom_1451389567526{padding-right: 40px !important;}&#8221;][vc_single_image image=&#8221;14946&#8243; img_size=&#8221;full&#8221; alignment=&#8221;center&#8221; css_animation=&#8221;left-to-right&#8221;][\/vc_column][\/vc_row]<\/p>\n<\/div>","protected":false},"excerpt":{"rendered":"<p>[vc_section full_width=&#8221;stretch_row&#8221; css=&#8221;.vc_custom_1542025240624{background-color: #f9f9f9 !important;}&#8221;][vc_row css=&#8221;.vc_custom_1542025031874{background-color: #f9f9f9 !important;}&#8221;][vc_column width=&#8221;1\/6&#8243;][\/vc_column][vc_column width=&#8221;2\/3&#8243;][vc_column_text] Verzahnungsmessmaschinen &nbsp;[\/vc_column_text][vc_separator border_width=&#8221;2&#8243; css=&#8221;.vc_custom_1542025311822{margin-bottom: 20px !important;}&#8221;][\/vc_column][vc_column width=&#8221;1\/6&#8243;][\/vc_column][\/vc_row][vc_row css=&#8221;.vc_custom_1542025040822{background-color: #f9f9f9 !important;}&#8221;][vc_column<\/p>\n","protected":false},"author":3,"featured_media":0,"parent":0,"menu_order":0,"comment_status":"closed","ping_status":"closed","template":"","meta":{"footnotes":""},"class_list":["post-50723","page","type-page","status-publish","hentry"],"_links":{"self":[{"href":"https:\/\/nttgroup.com\/de\/wp-json\/wp\/v2\/pages\/50723","targetHints":{"allow":["GET"]}}],"collection":[{"href":"https:\/\/nttgroup.com\/de\/wp-json\/wp\/v2\/pages"}],"about":[{"href":"https:\/\/nttgroup.com\/de\/wp-json\/wp\/v2\/types\/page"}],"author":[{"embeddable":true,"href":"https:\/\/nttgroup.com\/de\/wp-json\/wp\/v2\/users\/3"}],"replies":[{"embeddable":true,"href":"https:\/\/nttgroup.com\/de\/wp-json\/wp\/v2\/comments?post=50723"}],"version-history":[{"count":3,"href":"https:\/\/nttgroup.com\/de\/wp-json\/wp\/v2\/pages\/50723\/revisions"}],"predecessor-version":[{"id":51444,"href":"https:\/\/nttgroup.com\/de\/wp-json\/wp\/v2\/pages\/50723\/revisions\/51444"}],"wp:attachment":[{"href":"https:\/\/nttgroup.com\/de\/wp-json\/wp\/v2\/media?parent=50723"}],"curies":[{"name":"wp","href":"https:\/\/api.w.org\/{rel}","templated":true}]}}