{"id":50916,"date":"2026-02-25T07:18:51","date_gmt":"2026-02-25T07:18:51","guid":{"rendered":"https:\/\/nttgroup.com\/cnc-fraesen\/"},"modified":"2026-02-25T07:18:53","modified_gmt":"2026-02-25T07:18:53","slug":"cnc-fraesen","status":"publish","type":"page","link":"https:\/\/nttgroup.com\/de\/cnc-fraesen\/","title":{"rendered":"CNC Fr\u00e4sen"},"content":{"rendered":"<div class=\"wpb-content-wrapper\"><p>[vc_section full_width=&#8221;stretch_row&#8221; css=&#8221;.vc_custom_1542025240624{background-color: #f9f9f9 !important;}&#8221;][vc_row css=&#8221;.vc_custom_1542025031874{background-color: #f9f9f9 !important;}&#8221;][vc_column width=&#8221;1\/6&#8243;][\/vc_column][vc_column width=&#8221;2\/3&#8243;][vc_column_text]<\/p>\n<h4 style=\"font-size: 42px; text-align: center;\">Fr\u00e4sen\u00a0<span class=\"color-primary\">CNC<\/span><\/h4>\n<p>&nbsp;[\/vc_column_text][vc_separator border_width=&#8221;2&#8243; css=&#8221;.vc_custom_1542025311822{margin-bottom: 20px !important;}&#8221;][\/vc_column][vc_column width=&#8221;1\/6&#8243;][\/vc_column][\/vc_row][vc_row css=&#8221;.vc_custom_1542025040822{background-color: #f9f9f9 !important;}&#8221;][vc_column width=&#8221;1\/3&#8243;]\t\t\t<div class=\" basel-info-box text-center icon-alignment-top box-style-base color-scheme-dark  with-animation \" onclick=\"\">\n\t\t\t\t\t\t\t\t<div class=\"info-box-content\">\n\t\t\t\t\t<div class=\"info-box-inner\">\n\t\t\t\t\t\t<\/p>\n<h2>Steuerung<\/h2>\n<p>Heidenhain Steuerungen werden f\u00fcr anspruchsvolle Anwendungen eingesetzt<\/p>\n\t\t\t\t\t<\/div>\n\t\t\t\t<\/div>\n\t\t\t<\/div>\n\t\t[\/vc_column][vc_column width=&#8221;1\/3&#8243;]\t\t\t<div class=\" basel-info-box text-center icon-alignment-top box-style-base color-scheme-dark  with-animation \" onclick=\"\">\n\t\t\t\t\t\t\t\t<div class=\"info-box-content\">\n\t\t\t\t\t<div class=\"info-box-inner\">\n\t\t\t\t\t\t<\/p>\n<h2>CAM<\/h2>\n<p>Wir setzen CAD &amp; CAM Software f\u00fcr komplexe Fr\u00e4sbearbeitungen ein<\/p>\n\t\t\t\t\t<\/div>\n\t\t\t\t<\/div>\n\t\t\t<\/div>\n\t\t[\/vc_column][vc_column width=&#8221;1\/3&#8243;]\t\t\t<div class=\" basel-info-box text-center icon-alignment-top box-style-base color-scheme-dark  with-animation \" onclick=\"\">\n\t\t\t\t\t\t\t\t<div class=\"info-box-content\">\n\t\t\t\t\t<div class=\"info-box-inner\">\n\t\t\t\t\t\t<\/p>\n<h2>5 Achs Bearbeitung<\/h2>\n<p>Tre\u015b\u0107 wiadomo\u015bci Gemini<br \/>Simultane, dynamische 5 Achs Fr\u00e4sbearbeitung in einer Aufspannung<\/p>\n\t\t\t\t\t<\/div>\n\t\t\t\t<\/div>\n\t\t\t<\/div>\n\t\t[\/vc_column][\/vc_row][\/vc_section][vc_row full_width=&#8221;stretch_row_content_no_spaces&#8221; content_placement=&#8221;top&#8221; css=&#8221;.vc_custom_1542028241205{margin-top: 40px !important;margin-bottom: -40px !important;}&#8221;][vc_column width=&#8221;1\/2&#8243; offset=&#8221;vc_col-md-6&#8243;][vc_single_image image=&#8221;14849&#8243; img_size=&#8221;full&#8221;][\/vc_column][vc_column width=&#8221;1\/2&#8243; css=&#8221;.vc_custom_1485009354843{margin-top: 25px !important;margin-bottom: 40px !important;padding-right: 10% !important;padding-left: 10% !important;}&#8221; offset=&#8221;vc_col-md-6&#8243;][vc_column_text css=&#8221;.vc_custom_1694192847025{margin-bottom: 30px !important;}&#8221;]<\/p>\n<h1 class=\"font-title\" style=\"text-align: center; font-size: 42px; text-transform: capitalize;\"><span style=\"border-bottom: 1px solid #BDBDBD; padding-bottom: 4px;\">Vertikales CNC Fr\u00e4sen<\/span><\/h1>\n<p><\/p>\n<h3 class=\"LC20lb\" style=\"text-align: center;\">2100\u00a0x 760\u00a0x 630 mm | bis zu 3000 kg<\/h3>\n<p>&nbsp;[\/vc_column_text][vc_column_text css=&#8221;.vc_custom_1760608518825{padding-right: 30px !important;padding-left: 30px !important;}&#8221; basel_color_scheme=&#8221;dark&#8221;]Unser Maschinenpark umfasst fortschrittliche Fr\u00e4smaschinen f\u00fcr kleine und gro\u00dfe Bauteile. Wir arbeiten mit Fanuc und Heidenhain Steuerungen.<\/p>\n<table border=\"0\" width=\"505\" cellspacing=\"0\" cellpadding=\"0\">\n<colgroup>\n<col width=\"197\" \/>\n<col width=\"124\" \/>\n<col span=\"2\" width=\"92\" \/><\/colgroup>\n<tbody>\n<tr>\n<td class=\"xl66\" width=\"197\" height=\"28\"><strong>Maschine<\/strong><\/td>\n<td class=\"xl66\" width=\"124\"><strong>X\/Y\/Z<\/strong><\/td>\n<td class=\"xl66\" width=\"92\"><\/td>\n<td class=\"xl66\" width=\"92\"><strong>Menge<\/strong><\/td>\n<\/tr>\n<tr>\n<td class=\"xl65\" height=\"20\">Dahlih DMV-2000<\/td>\n<td>200\/700\/650<\/td>\n<td><\/td>\n<td align=\"right\">1<\/td>\n<\/tr>\n<tr>\n<td class=\"xl65\" height=\"20\">Dahlih MCV-1700<\/td>\n<td>1700\/800\/750<\/td>\n<td><\/td>\n<td align=\"right\">1<\/td>\n<\/tr>\n<tr>\n<td class=\"xl65\" height=\"20\">Hyundai Wia F400<\/td>\n<td>800\/460\/520<\/td>\n<td>3+1X<\/td>\n<td align=\"right\">1<\/td>\n<\/tr>\n<tr>\n<td class=\"xl69\" height=\"20\">Hyundai Wia F650PLUS<\/td>\n<td>1400\/660\/635<\/td>\n<td><\/td>\n<td align=\"right\">1<\/td>\n<\/tr>\n<tr>\n<td class=\"xl68\" height=\"20\">Hyundai Wia KF 5600<\/td>\n<td>1100\/560\/520<\/td>\n<td><\/td>\n<td align=\"right\">2<\/td>\n<\/tr>\n<tr>\n<td class=\"xl68\" height=\"20\">Hyundai Wia KF 5600C<\/td>\n<td>1100\/560\/635<\/td>\n<td><\/td>\n<td align=\"right\">1<\/td>\n<\/tr>\n<tr>\n<td class=\"xl67\" height=\"20\">Hyundai Wia KF7600L<\/td>\n<td>2100\/760\/635<\/td>\n<td>3+1X<\/td>\n<td align=\"right\">1<\/td>\n<\/tr>\n<tr>\n<td class=\"xl67\" height=\"20\">Hyundai Wia XF6300<\/td>\n<td>650\/765\/500<\/td>\n<td>5X<\/td>\n<td align=\"right\">1<\/td>\n<\/tr>\n<\/tbody>\n<\/table>\n<p>&nbsp;[\/vc_column_text][\/vc_column][\/vc_row][vc_row full_width=&#8221;stretch_row&#8221; content_placement=&#8221;middle&#8221; css=&#8221;.vc_custom_1707801645313{margin-bottom: 0px !important;background-color: #f9f9f9 !important;}&#8221;][vc_column width=&#8221;1\/2&#8243; css=&#8221;.vc_custom_1438784954834{margin-bottom: 40px !important;}&#8221;][vc_column_text css=&#8221;&#8221; basel_color_scheme=&#8221;dark&#8221;]<\/p>\n<h2>SPITZENTECHNOLOGIE IN DER ZERSPANUNG: ANGETRIEBEN DURCH MODERNSTE TECHNIK<\/h2>\n<p><\/p>\n<div class=\"dxGrid\">\n<div class=\"dxGrid8 Main1\">\n<p data-sourcepos=\"3:1-3:73\">Bei der <b data-path-to-node=\"1\" data-index-in-node=\"8\">NTT Group<\/b> wissen wir, dass die Herstellung von Pr\u00e4zisionszahnr\u00e4dern nur mit der besten verf\u00fcgbaren Ausr\u00fcstung m\u00f6glich ist. Deshalb investieren wir massiv in unseren Maschinenpark, der prim\u00e4r aus fabrikneuen, erstklassigen <b data-path-to-node=\"1\" data-index-in-node=\"230\">Hyundai WIA CNC Fr\u00e4smaschinen<\/b> besteht:<\/p>\n<ul data-sourcepos=\"5:1-5:26\">\n<li>\n<p data-path-to-node=\"3,0,0\"><b data-path-to-node=\"3,0,0\" data-index-in-node=\"0\">Un\u00fcbertroffene Pr\u00e4zision:<\/b> Fortschrittliche Features und engste Toleranzen garantieren, dass jede Zahnradkomponente mit au\u00dfergew\u00f6hnlicher Genauigkeit und Wiederholbarkeit gefertigt wird. Wir erf\u00fcllen selbst anspruchsvollste Spezifikationen m\u00fchelos.<\/p>\n<\/li>\n<li>\n<p data-path-to-node=\"3,1,0\"><b data-path-to-node=\"3,1,0\" data-index-in-node=\"0\">Gesteigerte Effizienz:<\/b> Modernste Technik erm\u00f6glicht schnellere Bearbeitungszeiten und optimierte Produktionsprozesse. Das Ergebnis sind kosteneffiziente L\u00f6sungen f\u00fcr unsere Kunden bei gleichzeitig h\u00f6chster Qualit\u00e4t.<\/p>\n<\/li>\n<li>\n<p data-path-to-node=\"3,1,0\"><b data-path-to-node=\"3,2,0\" data-index-in-node=\"0\">Maximale Kontrolle:<\/b> Benutzerfreundliche Oberfl\u00e4chen und intuitive Navigation erlauben es unseren erfahrenen Bedienern, hochkomplexe Bearbeitungsoperationen pr\u00e4zise durchzuf\u00fchren und konstante Ergebnisse zu erzielen.<\/p>\n<\/li>\n<li>\n<p data-path-to-node=\"3,1,0\"><b data-path-to-node=\"3,3,0\" data-index-in-node=\"0\">Zukunftssichere Technologie:<\/b> Durch kontinuierliche Investitionen in modernste CNC-Maschinen bleiben wir an der Spitze der Industrie. Wir passen uns technologischen Entwicklungen an, um Ihre Erwartungen nicht nur zu erf\u00fcllen, sondern zu \u00fcbertreffen.<\/p>\n<\/li>\n<\/ul>\n<p data-sourcepos=\"10:1-10:279\">Durch den Einsatz dieser fortschrittlichen Technologie stellen wir sicher, dass jedes <b data-path-to-node=\"0\" data-index-in-node=\"86\">NTT-Zahnrad<\/b> mit kompromissloser Pr\u00e4zision, Effizienz und Qualit\u00e4t gefertigt wird. Diese Verpflichtung, in die beste Ausr\u00fcstung zu investieren, erm\u00f6glicht es uns, zuverl\u00e4ssige Hochleistungsprodukte zu liefern, die Ihren Maschinen zum Erfolg verhelfen.<\/p>\n<\/div>\n<p><\/div>\n<p>[\/vc_column_text][\/vc_column][vc_column width=&#8221;1\/2&#8243; css=&#8221;.vc_custom_1438784968106{margin-bottom: 40px !important;}&#8221;][vc_single_image image=&#8221;20226&#8243; img_size=&#8221;large&#8221; alignment=&#8221;center&#8221; css_animation=&#8221;right-to-left&#8221;][\/vc_column][\/vc_row][vc_row full_width=&#8221;stretch_row&#8221; content_placement=&#8221;middle&#8221; css=&#8221;.vc_custom_1707892189539{margin-bottom: 0px !important;}&#8221;][vc_column width=&#8221;1\/2&#8243; css=&#8221;.vc_custom_1438784954834{margin-bottom: 40px !important;}&#8221;][vc_single_image image=&#8221;20246&#8243; img_size=&#8221;large&#8221; alignment=&#8221;center&#8221; css_animation=&#8221;right-to-left&#8221;][\/vc_column][vc_column width=&#8221;1\/2&#8243; css=&#8221;.vc_custom_1438784968106{margin-bottom: 40px !important;}&#8221;][vc_column_text css=&#8221;&#8221; basel_color_scheme=&#8221;dark&#8221;]<\/p>\n<h2>UNSERE EXPERTISE IN DER GROSSFORMATIGEN CNC BEARBEITUNG<\/h2>\n<p><\/p>\n<div class=\"dxGrid\">\n<div class=\"dxGrid8 Main1\">\n<p data-path-to-node=\"1\">Wenn Ihr Projekt gro\u00dfformatige Zahnr\u00e4der oder \u00fcberdimensionierte Komponenten erfordert, ist die CNC Fr\u00e4sabteilung der <b data-path-to-node=\"1\" data-index-in-node=\"118\">NTT Group<\/b> Ihr idealer Partner. Wir haben uns darauf spezialisiert, Gro\u00dfbauteile mit derselben akribischen Pr\u00e4zision und unersch\u00fctterlichen Qualit\u00e4t zu fertigen, die Sie von all unseren Produkten erwarten.<\/p>\n<h3 data-path-to-node=\"3\"><b data-path-to-node=\"3\" data-index-in-node=\"0\">Was uns bei Gro\u00dfprojekten auszeichnet:<\/b><\/h3>\n<ul data-path-to-node=\"4\">\n<li>\n<p data-path-to-node=\"4,0,0\"><b data-path-to-node=\"4,0,0\" data-index-in-node=\"0\">Massive Kapazit\u00e4ten:<\/b> Unsere CNC Maschinen verf\u00fcgen \u00fcber einen beeindruckenden Arbeitsraum, der Bauteile aufnimmt, die h\u00f6her, breiter und l\u00e4nger sind als bei herk\u00f6mmlichen Fr\u00e4sverfahren \u00fcblich. Ob es sich um ein monumentales Zahnrad f\u00fcr Industriemaschinen oder eine weitl\u00e4ufige Komponente f\u00fcr ein wegweisendes Projekt handelt, wir meistern die Dimensionen.<\/p>\n<\/li>\n<li>\n<p data-path-to-node=\"4,1,0\"><b data-path-to-node=\"4,1,0\" data-index-in-node=\"0\">Unersch\u00fctterliche Pr\u00e4zision:<\/b> Trotz der Gr\u00f6\u00dfe garantieren unsere fortschrittliche CNC-Technologie und unsere hochqualifizierten Bediener eine un\u00fcbertroffene Genauigkeit. Engste Toleranzen und akribische Liebe zum Detail f\u00fchren zu makellos bearbeiteten Teilen, selbst im gro\u00dfen Ma\u00dfstab.<\/p>\n<\/li>\n<li>\n<p data-path-to-node=\"4,2,0\"><b data-path-to-node=\"4,2,0\" data-index-in-node=\"0\">Nahtloser Workflow:<\/b> Unser erfahrenes Team versteht die Komplexit\u00e4t im Umgang mit Gro\u00dfteilen. Wir besitzen die Expertise, um Projektlogistik, Materialhandling und Bearbeitungsabl\u00e4ufe fehlerfrei zu steuern f\u00fcr maximale Effizienz und termingerechte Lieferung.<\/p>\n<\/li>\n<li>\n<p data-path-to-node=\"4,3,0\"><b data-path-to-node=\"4,3,0\" data-index-in-node=\"0\">Qualit\u00e4t, der Sie vertrauen k\u00f6nnen:<\/b> Unser Qualit\u00e4tsanspruch sinkt nicht mit zunehmender Gr\u00f6\u00dfe. Wir halten uns bei all unseren Projekten, ob gro\u00df oder klein, strikt an dieselbe strenge Qualit\u00e4tskontrolle und internationale Standards.<\/p>\n<\/li>\n<\/ul>\n<h3 data-path-to-node=\"6\"><b data-path-to-node=\"6\" data-index-in-node=\"0\">Ihr Partner f\u00fcr Gro\u00dfprojekte<\/b><\/h3>\n<p data-path-to-node=\"7\">Die NTT Group bietet hochpr\u00e4zises CNC Fr\u00e4sen f\u00fcr Zahnr\u00e4der und andere anspruchsvolle Komponenten. Wir wickeln Gro\u00dfprojekte professionell ab und bieten Ihnen dabei \u00e4u\u00dferst wettbewerbsf\u00e4hige Konditionen.<\/p>\n<blockquote data-path-to-node=\"8\">\n<p data-path-to-node=\"8,0\"><b data-path-to-node=\"8,0\" data-index-in-node=\"0\">Leistungsgrenzen verschieben:<\/b> Wo Standardl\u00f6sungen enden, beginnt unsere gro\u00dfformatige Fertigungskompetenz.<\/p>\n<\/blockquote>\n<\/div>\n<p><\/div>\n<p>[\/vc_column_text][\/vc_column][\/vc_row]<\/p>\n<\/div>","protected":false},"excerpt":{"rendered":"<p>[vc_section full_width=&#8221;stretch_row&#8221; css=&#8221;.vc_custom_1542025240624{background-color: #f9f9f9 !important;}&#8221;][vc_row css=&#8221;.vc_custom_1542025031874{background-color: #f9f9f9 !important;}&#8221;][vc_column width=&#8221;1\/6&#8243;][\/vc_column][vc_column width=&#8221;2\/3&#8243;][vc_column_text] Fr\u00e4sen\u00a0CNC &nbsp;[\/vc_column_text][vc_separator border_width=&#8221;2&#8243; css=&#8221;.vc_custom_1542025311822{margin-bottom: 20px !important;}&#8221;][\/vc_column][vc_column width=&#8221;1\/6&#8243;][\/vc_column][\/vc_row][vc_row css=&#8221;.vc_custom_1542025040822{background-color: #f9f9f9 !important;}&#8221;][vc_column<\/p>\n","protected":false},"author":3,"featured_media":0,"parent":0,"menu_order":0,"comment_status":"closed","ping_status":"closed","template":"","meta":{"footnotes":""},"class_list":["post-50916","page","type-page","status-publish","hentry"],"_links":{"self":[{"href":"https:\/\/nttgroup.com\/de\/wp-json\/wp\/v2\/pages\/50916","targetHints":{"allow":["GET"]}}],"collection":[{"href":"https:\/\/nttgroup.com\/de\/wp-json\/wp\/v2\/pages"}],"about":[{"href":"https:\/\/nttgroup.com\/de\/wp-json\/wp\/v2\/types\/page"}],"author":[{"embeddable":true,"href":"https:\/\/nttgroup.com\/de\/wp-json\/wp\/v2\/users\/3"}],"replies":[{"embeddable":true,"href":"https:\/\/nttgroup.com\/de\/wp-json\/wp\/v2\/comments?post=50916"}],"version-history":[{"count":2,"href":"https:\/\/nttgroup.com\/de\/wp-json\/wp\/v2\/pages\/50916\/revisions"}],"predecessor-version":[{"id":50922,"href":"https:\/\/nttgroup.com\/de\/wp-json\/wp\/v2\/pages\/50916\/revisions\/50922"}],"wp:attachment":[{"href":"https:\/\/nttgroup.com\/de\/wp-json\/wp\/v2\/media?parent=50916"}],"curies":[{"name":"wp","href":"https:\/\/api.w.org\/{rel}","templated":true}]}}