{"id":51381,"date":"2026-02-27T07:00:58","date_gmt":"2026-02-27T07:00:58","guid":{"rendered":"https:\/\/nttgroup.com\/ntt-geschichte\/"},"modified":"2026-02-27T07:00:59","modified_gmt":"2026-02-27T07:00:59","slug":"ntt-geschichte","status":"publish","type":"page","link":"https:\/\/nttgroup.com\/de\/ntt-geschichte\/","title":{"rendered":"NTT Geschichte"},"content":{"rendered":"<div class=\"wpb-content-wrapper\"><p>[vc_section full_width=&#8221;stretch_row&#8221; css=&#8221;.vc_custom_1542025240624{background-color: #f9f9f9 !important;}&#8221;][vc_row css=&#8221;.vc_custom_1542025031874{background-color: #f9f9f9 !important;}&#8221;][vc_column width=&#8221;1\/6&#8243;][\/vc_column][vc_column width=&#8221;2\/3&#8243;][vc_column_text]<\/p>\n<h4 style=\"font-size: 42px; text-align: center;\">Die NTT Group Story<\/h4>\n<p>\n[\/vc_column_text][vc_separator border_width=&#8221;2&#8243; css=&#8221;.vc_custom_1542025311822{margin-bottom: 20px !important;}&#8221;][\/vc_column][vc_column width=&#8221;1\/6&#8243;][\/vc_column][\/vc_row][vc_row css=&#8221;.vc_custom_1542025040822{background-color: #f9f9f9 !important;}&#8221;][vc_column width=&#8221;1\/3&#8243;]\t\t\t<div class=\" basel-info-box text-center icon-alignment-top box-style-base color-scheme-dark  with-animation \" onclick=\"\">\n\t\t\t\t\t\t\t\t<div class=\"info-box-content\">\n\t\t\t\t\t<div class=\"info-box-inner\">\n\t\t\t\t\t\t<\/p>\n<h2>International<\/h2>\n<p>Unsere Produkte sind auf jedem Kontinent im Einsatz<\/p>\n\t\t\t\t\t<\/div>\n\t\t\t\t<\/div>\n\t\t\t<\/div>\n\t\t[\/vc_column][vc_column width=&#8221;1\/3&#8243;]\t\t\t<div class=\" basel-info-box text-center icon-alignment-top box-style-base color-scheme-dark  with-animation \" onclick=\"\">\n\t\t\t\t\t\t\t\t<div class=\"info-box-content\">\n\t\t\t\t\t<div class=\"info-box-inner\">\n\t\t\t\t\t\t<\/p>\n<h2>Erfahrung<\/h2>\n<p>Starker Hintergrund seit 1969<\/p>\n\t\t\t\t\t<\/div>\n\t\t\t\t<\/div>\n\t\t\t<\/div>\n\t\t[\/vc_column][vc_column width=&#8221;1\/3&#8243;]\t\t\t<div class=\" basel-info-box text-center icon-alignment-top box-style-base color-scheme-dark  with-animation \" onclick=\"\">\n\t\t\t\t\t\t\t\t<div class=\"info-box-content\">\n\t\t\t\t\t<div class=\"info-box-inner\">\n\t\t\t\t\t\t<\/p>\n<h2>Erstaunliche Ideen<\/h2>\n<p>Wir haben Kunden bei ganz speziellen Ideen unterst\u00fctzt<\/p>\n\t\t\t\t\t<\/div>\n\t\t\t\t<\/div>\n\t\t\t<\/div>\n\t\t[\/vc_column][\/vc_row][\/vc_section][vc_row full_width=&#8221;stretch_row&#8221; css=&#8221;.vc_custom_1694062051816{margin-top: 40px !important;margin-bottom: 45px !important;}&#8221;][vc_column width=&#8221;1\/3&#8243; el_class=&#8221;text-right&#8221;][vc_column_text css=&#8221;.vc_custom_1760606243044{margin-bottom: 30px !important;}&#8221; basel_color_scheme=&#8221;dark&#8221;]<\/p>\n<h5><strong style=\"color: #1b1919; font-family: Karla, Arial, Helvetica, sans-serif;\">1969<\/strong><\/h5>\n<p><\/p>\n<p class=\"Normal\">M\u00f6lndals Industriprodukter AB wird von Reinhardt Denberger gegr\u00fcndet, einem ehemaligen Mitarbeiter bei Berggrens Mekaniska. Reinhardt wird zu einem Pionier in diesem Gesch\u00e4ftszweig, als er beginnt, Komponenten f\u00fcr die industrielle Produktion zu importieren.<\/p>\n<p>\n[\/vc_column_text][vc_column_text css=&#8221;.vc_custom_1760606252932{margin-bottom: 30px !important;}&#8221; basel_color_scheme=&#8221;dark&#8221;]<\/p>\n<h5><strong style=\"color: #1b1919; font-family: Karla, Arial, Helvetica, sans-serif;\">1976<\/strong><\/h5>\n<p><\/p>\n<h5 style=\"margin-bottom: 10px;\"><\/h5>\n<p><\/p>\n<p class=\"Normal\">Nordisk Transmissionsteknik AB wird als Muttergesellschaft f\u00fcr M\u00f6lndals Industriprodukter gegr\u00fcndet.<\/p>\n<p>\n[\/vc_column_text][vc_column_text css=&#8221;.vc_custom_1760606259178{margin-bottom: 30px !important;}&#8221; basel_color_scheme=&#8221;dark&#8221;]<\/p>\n<h5><strong style=\"color: #1b1919; font-family: Karla, Arial, Helvetica, sans-serif;\">1983<\/strong><\/h5>\n<p><\/p>\n<h5 style=\"margin-bottom: 10px;\"><\/h5>\n<p>Berndt Denberger wird Eigent\u00fcmer und CEO.[\/vc_column_text][vc_column_text css=&#8221;.vc_custom_1760606503745{margin-bottom: 30px !important;}&#8221; basel_color_scheme=&#8221;dark&#8221;]<\/p>\n<h5><strong style=\"color: #1b1919; font-family: Karla, Arial, Helvetica, sans-serif;\">1985<\/strong><\/h5>\n<p><\/p>\n<h5 style=\"margin-bottom: 10px;\"><\/h5>\n<p><\/p>\n<p class=\"Normal\">M\u00f6lndals Industriprodukter AB erwirbt Berggrens Mekaniska. M\u00f6lndals Industriprodukter A\/S wird in Norwegen gegr\u00fcndet.<\/p>\n<p>\n[\/vc_column_text][vc_column_text css=&#8221;.vc_custom_1760606493561{margin-bottom: 30px !important;}&#8221; basel_color_scheme=&#8221;dark&#8221;]<\/p>\n<h5><strong style=\"color: #1b1919; font-family: Karla, Arial, Helvetica, sans-serif;\">1989<\/strong><\/h5>\n<p><\/p>\n<h5 style=\"margin-bottom: 10px;\"><\/h5>\n<p><\/p>\n<p class=\"Normal\">M\u00f6lndals Industriprodukter AS wird in D\u00e4nemark gegr\u00fcndet.<\/p>\n<p>\n[\/vc_column_text][vc_column_text css=&#8221;.vc_custom_1760606483612{margin-bottom: 30px !important;}&#8221; basel_color_scheme=&#8221;dark&#8221;]<\/p>\n<h5><strong style=\"color: #1b1919; font-family: Karla, Arial, Helvetica, sans-serif;\">2000<\/strong><\/h5>\n<p><\/p>\n<h5 style=\"margin-bottom: 10px;\"><\/h5>\n<p><\/p>\n<p class=\"Normal\">M\u00f6lndals Industriprodukter Sp z o o wird in Polen gegr\u00fcndet.<\/p>\n<p>\n[\/vc_column_text][\/vc_column][vc_column width=&#8221;1\/3&#8243;][vc_single_image image=&#8221;15472&#8243; img_size=&#8221;full&#8221; alignment=&#8221;center&#8221; css_animation=&#8221;bottom-to-top&#8221;][vc_single_image image=&#8221;15478&#8243; img_size=&#8221;full&#8221; alignment=&#8221;center&#8221; css_animation=&#8221;bottom-to-top&#8221;][\/vc_column][vc_column width=&#8221;1\/3&#8243;][vc_column_text css=&#8221;.vc_custom_1760606269712{margin-bottom: 30px !important;}&#8221; basel_color_scheme=&#8221;dark&#8221;]<\/p>\n<h5><strong style=\"color: #1b1919; font-family: Karla, Arial, Helvetica, sans-serif;\">2006-2009<\/strong><\/h5>\n<p><\/p>\n<h5 style=\"margin-bottom: 10px;\"><\/h5>\n<p><\/p>\n<p class=\"Normal\">M\u00f6lndals Industriprodukter AB erwirbt die schwedischen Unternehmen Kedjeexperten i Lingbo AB, SKS Teknik AB, SKS Nylund AB, Sandarne Legomekaniska AB (SLM), Conveyorteknik Sweden AB und Vittsj\u00f6 Mekaniska Verkstads AB.<\/p>\n<p>\n[\/vc_column_text][vc_column_text css=&#8221;.vc_custom_1760606280031{margin-bottom: 30px !important;}&#8221; basel_color_scheme=&#8221;dark&#8221;]<\/p>\n<h5><strong style=\"color: #1b1919; font-family: Karla, Arial, Helvetica, sans-serif;\">2010<\/strong><\/h5>\n<p><\/p>\n<h5 style=\"margin-bottom: 10px;\"><\/h5>\n<p><\/p>\n<p class=\"Normal\">M\u00f6lndals Industriprodukter GmbH wird in Deutschland gegr\u00fcndet.<\/p>\n<p>\n[\/vc_column_text][vc_column_text css=&#8221;.vc_custom_1760606292997{margin-bottom: 30px !important;}&#8221; basel_color_scheme=&#8221;dark&#8221;]<\/p>\n<h5><strong style=\"color: #1b1919; font-family: Karla, Arial, Helvetica, sans-serif;\">2011<\/strong><\/h5>\n<p><\/p>\n<h5 style=\"margin-bottom: 10px;\"><\/h5>\n<p><\/p>\n<p class=\"Normal\">M\u00f6lndals Industriprodukter AB erwirbt Svenska Transmissionsprodukter.<\/p>\n<p>\n[\/vc_column_text][vc_column_text css=&#8221;.vc_custom_1760606303761{margin-bottom: 30px !important;}&#8221; basel_color_scheme=&#8221;dark&#8221;]<\/p>\n<h5><strong style=\"color: #1b1919; font-family: Karla, Arial, Helvetica, sans-serif;\">2012<\/strong><\/h5>\n<p><\/p>\n<h5 style=\"margin-bottom: 10px;\"><\/h5>\n<p><\/p>\n<p class=\"Normal\">KAHI Ecotec GmbH wird erworben.<\/p>\n<p>\n[\/vc_column_text][vc_column_text css=&#8221;.vc_custom_1760606407579{margin-bottom: 30px !important;}&#8221; basel_color_scheme=&#8221;dark&#8221;]<\/p>\n<h5><strong style=\"color: #1b1919; font-family: Karla, Arial, Helvetica, sans-serif;\">2014<\/strong><\/h5>\n<p><\/p>\n<h5 style=\"margin-bottom: 10px;\"><\/h5>\n<p><\/p>\n<div class=\"dxGrid\">\n<div class=\"dxGrid8 Main1\">\n<p class=\"Normal\">Alle Unternehmen der Gruppe vereinigen sich unter derselben Marke: NTT Group.<\/p>\n<\/div>\n<p><\/div>\n<p>\n[\/vc_column_text][vc_column_text css=&#8221;.vc_custom_1760606418241{margin-bottom: 30px !important;}&#8221; basel_color_scheme=&#8221;dark&#8221;]<\/p>\n<h5><strong style=\"color: #1b1919; font-family: Karla, Arial, Helvetica, sans-serif;\">2020-2022<\/strong><\/h5>\n<p><\/p>\n<h5 style=\"margin-bottom: 10px;\"><\/h5>\n<p><\/p>\n<div class=\"dxGrid\">\n<div class=\"dxGrid8 Main1\">\n<p class=\"Normal\">Vollst\u00e4ndiger Austausch des Maschinenparks durch roboterautomatisierte CNC-Maschinen in M\u00f6lndal.<\/p>\n<\/div>\n<p><\/div>\n<p>\n[\/vc_column_text][vc_column_text css=&#8221;.vc_custom_1760606474430{margin-bottom: 30px !important;}&#8221; basel_color_scheme=&#8221;dark&#8221;]<\/p>\n<h5><strong style=\"color: #1b1919; font-family: Karla, Arial, Helvetica, sans-serif;\">2023<\/strong><\/h5>\n<p><\/p>\n<h5 style=\"margin-bottom: 10px;\"><\/h5>\n<p><\/p>\n<div class=\"dxGrid\">\n<div class=\"dxGrid8 Main1\">\n<p class=\"Normal\">Eine neue Niederlassung wurde in Finnland gegr\u00fcndet.<\/p>\n<\/div>\n<p><\/div>\n<p>\n[\/vc_column_text][\/vc_column][\/vc_row]<\/p>\n<\/div>","protected":false},"excerpt":{"rendered":"<p>[vc_section full_width=&#8221;stretch_row&#8221; css=&#8221;.vc_custom_1542025240624{background-color: #f9f9f9 !important;}&#8221;][vc_row css=&#8221;.vc_custom_1542025031874{background-color: #f9f9f9 !important;}&#8221;][vc_column width=&#8221;1\/6&#8243;][\/vc_column][vc_column width=&#8221;2\/3&#8243;][vc_column_text] Die NTT Group Story [\/vc_column_text][vc_separator border_width=&#8221;2&#8243; css=&#8221;.vc_custom_1542025311822{margin-bottom: 20px !important;}&#8221;][\/vc_column][vc_column width=&#8221;1\/6&#8243;][\/vc_column][\/vc_row][vc_row<\/p>\n","protected":false},"author":3,"featured_media":0,"parent":0,"menu_order":0,"comment_status":"closed","ping_status":"closed","template":"","meta":{"footnotes":""},"class_list":["post-51381","page","type-page","status-publish","hentry"],"_links":{"self":[{"href":"https:\/\/nttgroup.com\/de\/wp-json\/wp\/v2\/pages\/51381","targetHints":{"allow":["GET"]}}],"collection":[{"href":"https:\/\/nttgroup.com\/de\/wp-json\/wp\/v2\/pages"}],"about":[{"href":"https:\/\/nttgroup.com\/de\/wp-json\/wp\/v2\/types\/page"}],"author":[{"embeddable":true,"href":"https:\/\/nttgroup.com\/de\/wp-json\/wp\/v2\/users\/3"}],"replies":[{"embeddable":true,"href":"https:\/\/nttgroup.com\/de\/wp-json\/wp\/v2\/comments?post=51381"}],"version-history":[{"count":2,"href":"https:\/\/nttgroup.com\/de\/wp-json\/wp\/v2\/pages\/51381\/revisions"}],"predecessor-version":[{"id":51387,"href":"https:\/\/nttgroup.com\/de\/wp-json\/wp\/v2\/pages\/51381\/revisions\/51387"}],"wp:attachment":[{"href":"https:\/\/nttgroup.com\/de\/wp-json\/wp\/v2\/media?parent=51381"}],"curies":[{"name":"wp","href":"https:\/\/api.w.org\/{rel}","templated":true}]}}