{"id":51402,"date":"2026-03-02T06:20:54","date_gmt":"2026-03-02T06:20:54","guid":{"rendered":"https:\/\/nttgroup.com\/ntt-stellenangebote\/"},"modified":"2026-03-02T06:20:56","modified_gmt":"2026-03-02T06:20:56","slug":"ntt-stellenangebote","status":"publish","type":"page","link":"https:\/\/nttgroup.com\/de\/ntt-stellenangebote\/","title":{"rendered":"NTT Stellenangebote"},"content":{"rendered":"<div class=\"wpb-content-wrapper\"><p>[vc_section full_width=&#8221;stretch_row&#8221; css=&#8221;.vc_custom_1542025240624{background-color: #f9f9f9 !important;}&#8221;][vc_row css=&#8221;.vc_custom_1542025031874{background-color: #f9f9f9 !important;}&#8221;][vc_column width=&#8221;1\/6&#8243;][\/vc_column][vc_column width=&#8221;2\/3&#8243;][vc_column_text]<\/p>\n<p><\/p>\n<h4 style=\"font-size: 42px; text-align: center;\">Mensch \u2013 Unser h\u00f6chster Wert<\/h4>\n<p><\/p>\n<p>[\/vc_column_text][vc_separator border_width=&#8221;2&#8243; css=&#8221;.vc_custom_1542025311822{margin-bottom: 20px !important;}&#8221;][\/vc_column][vc_column width=&#8221;1\/6&#8243;][\/vc_column][\/vc_row][vc_row css=&#8221;.vc_custom_1542025040822{background-color: #f9f9f9 !important;}&#8221;][vc_column width=&#8221;1\/3&#8243;]\t\t\t<div class=\" basel-info-box text-center icon-alignment-top box-style-base color-scheme-dark  with-animation \" onclick=\"\">\n\t\t\t\t\t\t\t\t<div class=\"info-box-content\">\n\t\t\t\t\t<div class=\"info-box-inner\">\n\t\t\t\t\t\t<\/p>\n<h2>Produktion<\/h2>\n<\/p>\n<p class=\"Normal\">Wir sind jederzeit offen f\u00fcr neue Mitarbeiter in unserer Fertigung. CNC-Maschinenbediener oder Verzahnungsspezialisten.<\/p>\n<\/p>\n<p>\n\t\t\t\t\t<\/div>\n\t\t\t\t<\/div>\n\t\t\t<\/div>\n\t\t[\/vc_column][vc_column width=&#8221;1\/3&#8243;]\t\t\t<div class=\" basel-info-box text-center icon-alignment-top box-style-base color-scheme-dark  with-animation \" onclick=\"\">\n\t\t\t\t\t\t\t\t<div class=\"info-box-content\">\n\t\t\t\t\t<div class=\"info-box-inner\">\n\t\t\t\t\t\t<\/p>\n<h2>B\u00fcro<\/h2>\n<\/p>\n<p class=\"Normal\">Verf\u00fcgen Sie \u00fcber Erfahrung im Bereich Antriebstechnik?<br \/>Werden Sie Teil unseres gro\u00dfartigen Teams!<\/p>\n\t\t\t\t\t<\/div>\n\t\t\t\t<\/div>\n\t\t\t<\/div>\n\t\t[\/vc_column][vc_column width=&#8221;1\/3&#8243;]\t\t\t<div class=\" basel-info-box text-center icon-alignment-top box-style-base color-scheme-dark  with-animation \" onclick=\"\">\n\t\t\t\t\t\t\t\t<div class=\"info-box-content\">\n\t\t\t\t\t<div class=\"info-box-inner\">\n\t\t\t\t\t\t<\/p>\n<h2>Neue M\u00e4rkte<\/h2>\n<\/p>\n<p>Wir sind offen f\u00fcr neue Marktchancen.<\/p>\n\t\t\t\t\t<\/div>\n\t\t\t\t<\/div>\n\t\t\t<\/div>\n\t\t[\/vc_column][\/vc_row][\/vc_section][vc_row full_width=&#8221;stretch_row&#8221; css=&#8221;.vc_custom_1694062051816{margin-top: 40px !important;margin-bottom: 45px !important;}&#8221;][vc_column width=&#8221;1\/2&#8243; el_class=&#8221;text-left&#8221;][vc_column_text css=&#8221;.vc_custom_1760606635939{margin-bottom: 30px !important;}&#8221; basel_color_scheme=&#8221;dark&#8221;]<\/p>\n<div class=\"presented-response-container ng-tns-c4150723369-418\">\n<div class=\"response-container-content ng-tns-c4150723369-418\">\n<div class=\"response-content ng-trigger ng-trigger-responsePopulation ng-tns-c4150723369-418\">\n<div class=\"markdown markdown-main-panel ui-v2-enabled\" dir=\"ltr\">\n<div class=\"presented-response-container ng-tns-c4150723369-429\">\n<div class=\"response-container-content ng-tns-c4150723369-429\">\n<div class=\"response-content ng-trigger ng-trigger-responsePopulation ng-tns-c4150723369-429\">\n<div class=\"markdown markdown-main-panel ui-v2-enabled\" dir=\"ltr\">\n<h2 data-sourcepos=\"1:1-1:59\">Werden Sie Teil der NTT-Familie: Gestalten Sie Ihre Zukunft, treiben Sie Innovationen voran<\/h2>\n<p data-sourcepos=\"3:1-3:368\"><strong>Suchen Sie eine Karriere, in der Ihre Beitr\u00e4ge einen echten Unterschied machen? Bei der NTT Group bieten wir mehr als nur einen Job \u2013 wir bieten ein unterst\u00fctzendes, kollegiales Umfeld, in dem Sie wachsen, lernen und sich entfalten k\u00f6nnen. Ob Sie ein dynamischer B\u00fcroprofi oder eine qualifizierte Produktionskraft sind, wir haben spannende M\u00f6glichkeiten f\u00fcr Sie, Teil unserer Erfolgsgeschichte zu werden.<\/strong><\/p>\n<p>F\u00fcr B\u00fcromitarbeiter: Wenn Sie eine Leidenschaft f\u00fcr Organisation, Probleml\u00f6sung und Kommunikation haben, stellen Sie sich vor, zum reibungslosen Ablauf unseres Unternehmens beizutragen. Wir bieten vielf\u00e4ltige Rollen in Bereichen wie Administration, Finanzen, Marketing und Vertrieb, die Ihnen die Chance bieten, Ihre F\u00e4higkeiten einzusetzen und neue zu entwickeln.<\/p>\n<p>F\u00fcr Produktionsmitarbeiter: Wenn Sie eine gewissenhafte und praktisch veranlagte Pers\u00f6nlichkeit sind, die in einem dynamischen Umfeld aufbl\u00fcht, stellen Sie sich vor, hochwertige Komponenten zu fertigen, die Industrien in ganz Europa antreiben. Wir bieten lohnende Positionen in Bereichen wie Montage, Qualit\u00e4tskontrolle und Maschinenbedienung, in denen Ihr Engagement und Ihr Fachwissen gesch\u00e4tzt werden.<\/p>\n<p>Was uns auszeichnet? Bei der NTT Group sind Sie Teil eines familiengef\u00fchrten Unternehmens mit einer starken Verpflichtung gegen\u00fcber seinen Mitarbeitern. Wir bieten wettbewerbsf\u00e4hige Geh\u00e4lter und Sozialleistungen, M\u00f6glichkeiten zur beruflichen Weiterentwicklung und eine positive Work-Life-Balance. Wir glauben an die F\u00f6rderung einer Kultur der offenen Kommunikation, des Respekts und der Teamarbeit, damit Sie sich bei jedem Schritt unterst\u00fctzt und gesch\u00e4tzt f\u00fchlen.<\/p>\n<p>Bereit, etwas zu bewegen? Werden Sie Teil der NTT Group und begeben Sie sich auf eine lohnende Karrierereise. Entdecken Sie unsere offenen Stellen und erfahren Sie, wie Sie zu unserer Zukunft beitragen k\u00f6nnen. Wir freuen uns darauf, Sie im Team willkommen zu hei\u00dfen!<\/p>\n<\/div>\n<p><\/div>\n<p><\/div>\n<p><\/div>\n<p><\/div>\n<p><\/div>\n<p><\/div>\n<p><\/div>\n<p>[\/vc_column_text][\/vc_column][vc_column width=&#8221;1\/2&#8243;][vc_single_image image=&#8221;15483&#8243; img_size=&#8221;full&#8221; alignment=&#8221;center&#8221; css_animation=&#8221;bottom-to-top&#8221;][\/vc_column][\/vc_row]<\/p>\n<\/div>","protected":false},"excerpt":{"rendered":"<p>[vc_section full_width=&#8221;stretch_row&#8221; css=&#8221;.vc_custom_1542025240624{background-color: #f9f9f9 !important;}&#8221;][vc_row css=&#8221;.vc_custom_1542025031874{background-color: #f9f9f9 !important;}&#8221;][vc_column width=&#8221;1\/6&#8243;][\/vc_column][vc_column width=&#8221;2\/3&#8243;][vc_column_text] Mensch \u2013 Unser h\u00f6chster Wert [\/vc_column_text][vc_separator border_width=&#8221;2&#8243; css=&#8221;.vc_custom_1542025311822{margin-bottom: 20px !important;}&#8221;][\/vc_column][vc_column<\/p>\n","protected":false},"author":3,"featured_media":0,"parent":0,"menu_order":0,"comment_status":"closed","ping_status":"closed","template":"","meta":{"footnotes":""},"class_list":["post-51402","page","type-page","status-publish","hentry"],"_links":{"self":[{"href":"https:\/\/nttgroup.com\/de\/wp-json\/wp\/v2\/pages\/51402","targetHints":{"allow":["GET"]}}],"collection":[{"href":"https:\/\/nttgroup.com\/de\/wp-json\/wp\/v2\/pages"}],"about":[{"href":"https:\/\/nttgroup.com\/de\/wp-json\/wp\/v2\/types\/page"}],"author":[{"embeddable":true,"href":"https:\/\/nttgroup.com\/de\/wp-json\/wp\/v2\/users\/3"}],"replies":[{"embeddable":true,"href":"https:\/\/nttgroup.com\/de\/wp-json\/wp\/v2\/comments?post=51402"}],"version-history":[{"count":2,"href":"https:\/\/nttgroup.com\/de\/wp-json\/wp\/v2\/pages\/51402\/revisions"}],"predecessor-version":[{"id":51408,"href":"https:\/\/nttgroup.com\/de\/wp-json\/wp\/v2\/pages\/51402\/revisions\/51408"}],"wp:attachment":[{"href":"https:\/\/nttgroup.com\/de\/wp-json\/wp\/v2\/media?parent=51402"}],"curies":[{"name":"wp","href":"https:\/\/api.w.org\/{rel}","templated":true}]}}