{"id":51420,"date":"2026-03-02T06:32:40","date_gmt":"2026-03-02T06:32:40","guid":{"rendered":"https:\/\/nttgroup.com\/ntt-qualitaetspolitik\/"},"modified":"2026-03-02T06:32:42","modified_gmt":"2026-03-02T06:32:42","slug":"ntt-qualitaetspolitik","status":"publish","type":"page","link":"https:\/\/nttgroup.com\/de\/ntt-qualitaetspolitik\/","title":{"rendered":"NTT Qualit\u00e4tspolitik"},"content":{"rendered":"<div class=\"wpb-content-wrapper\"><p>[vc_section full_width=&#8221;stretch_row&#8221; css=&#8221;.vc_custom_1542025240624{background-color: #f9f9f9 !important;}&#8221;][vc_row css=&#8221;.vc_custom_1542025031874{background-color: #f9f9f9 !important;}&#8221;][vc_column width=&#8221;1\/6&#8243;][\/vc_column][vc_column width=&#8221;2\/3&#8243;][vc_column_text]<\/p>\n<h4 style=\"font-size: 42px; text-align: center;\">Qualit\u00e4tspolitik<\/h4>\n<p>[\/vc_column_text][vc_separator border_width=&#8221;2&#8243; css=&#8221;.vc_custom_1542025311822{margin-bottom: 20px !important;}&#8221;][\/vc_column][vc_column width=&#8221;1\/6&#8243;][\/vc_column][\/vc_row][vc_row css=&#8221;.vc_custom_1542025040822{background-color: #f9f9f9 !important;}&#8221;][vc_column width=&#8221;1\/3&#8243;]\t\t\t<div class=\" basel-info-box text-center icon-alignment-top box-style-base color-scheme-dark  with-animation \" onclick=\"\">\n\t\t\t\t\t\t\t\t<div class=\"info-box-content\">\n\t\t\t\t\t<div class=\"info-box-inner\">\n\t\t\t\t\t\t<\/p>\n<h2>Qualit\u00e4t<\/h2>\n<\/p>\n<p class=\"Normal\">Dies ist unser Kernwert f\u00fcr alle Produkte, die wir liefern<\/p>\n<p>\n\t\t\t\t\t<\/div>\n\t\t\t\t<\/div>\n\t\t\t<\/div>\n\t\t[\/vc_column][vc_column width=&#8221;1\/3&#8243;]\t\t\t<div class=\" basel-info-box text-center icon-alignment-top box-style-base color-scheme-dark  with-animation \" onclick=\"\">\n\t\t\t\t\t\t\t\t<div class=\"info-box-content\">\n\t\t\t\t\t<div class=\"info-box-inner\">\n\t\t\t\t\t\t<\/p>\n<h2>Zufriedenheit<\/h2>\n<\/p>\n<p class=\"Normal\">Kundenfeedback ist f\u00fcr uns das Wichtigste<\/p>\n<p>\n\t\t\t\t\t<\/div>\n\t\t\t\t<\/div>\n\t\t\t<\/div>\n\t\t[\/vc_column][vc_column width=&#8221;1\/3&#8243;]\t\t\t<div class=\" basel-info-box text-center icon-alignment-top box-style-base color-scheme-dark  with-animation \" onclick=\"\">\n\t\t\t\t\t\t\t\t<div class=\"info-box-content\">\n\t\t\t\t\t<div class=\"info-box-inner\">\n\t\t\t\t\t\t<\/p>\n<h2>Verbesserung<\/h2>\n<p>Kontinuierliche Verbesserung ist der Schl\u00fcsselfaktor f\u00fcr qualitativ hochwertige Teile<\/p>\n\t\t\t\t\t<\/div>\n\t\t\t\t<\/div>\n\t\t\t<\/div>\n\t\t[\/vc_column][\/vc_row][\/vc_section][vc_row full_width=&#8221;stretch_row&#8221; css=&#8221;.vc_custom_1694062051816{margin-top: 40px !important;margin-bottom: 45px !important;}&#8221;][vc_column width=&#8221;1\/2&#8243; el_class=&#8221;text-left&#8221;][vc_column_text css=&#8221;.vc_custom_1760606879736{margin-bottom: 30px !important;}&#8221; basel_color_scheme=&#8221;dark&#8221;]<\/p>\n<div class=\"dxGrid\">\n<div class=\"dxGrid8 Main1\">\n<div class=\"presented-response-container ng-tns-c4150723369-440\">\n<div class=\"response-container-content ng-tns-c4150723369-440\">\n<div class=\"response-content ng-trigger ng-trigger-responsePopulation ng-tns-c4150723369-440\">\n<div class=\"markdown markdown-main-panel ui-v2-enabled\" dir=\"ltr\">\n<h2 class=\"\" data-sourcepos=\"1:1-1:52\">Von Exzellenz angetrieben: Das Qualit\u00e4tsversprechen der NTT Gruppe<\/h2>\n<p data-sourcepos=\"3:1-3:180\">Bei der NTT Group ist Qualit\u00e4t mehr als nur ein Wort; sie ist der Grundstein unseres gesamten Handelns. Auf der Basis einer reichen Tradition hochwertiger Fertigung streben wir danach, die f\u00fchrende Kraft in der mechanischen Antriebstechnik zu sein. Unser unersch\u00fctterliches Bekenntnis zu Exzellenz spiegelt sich in unserer umfassenden Qualit\u00e4tspolitik wider, die die Grunds\u00e4tze unserer Gesch\u00e4ftst\u00e4tigkeit festlegt.<\/p>\n<p>Wertsch\u00f6pfung, Vertrauen schaffen:<br \/>\nWir widmen uns der konsequenten Bereitstellung von Produkten h\u00f6chster Qualit\u00e4t, geliefert zum vereinbarten Zeitpunkt, an die richtige Adresse und zu einem wettbewerbsf\u00e4higen Preis. Dieses unersch\u00fctterliche Engagement stellt sicher, dass wir die Erwartungen unserer Kunden erf\u00fcllen und \u00fcbertreffen, und f\u00f6rdert langfristige, vertrauensvolle Beziehungen.<\/p>\n<p>Kontinuierliche Verbesserung: Der Weg zum Erfolg:<br \/>\nWir glauben an st\u00e4ndige Verbesserung und verfeinern aktiv unser Qualit\u00e4tsmanagementsystem, unsere Produkte und Prozesse. Dieses unerm\u00fcdliche Streben nach Exzellenz erm\u00f6glicht es uns, die Kundenzufriedenheit kontinuierlich zu steigern und an der Spitze der Branche zu bleiben.<\/p>\n<p>Ein gemeinsamer Weg:<br \/>\nDie Unterst\u00fctzung durch das Management ist von entscheidender Bedeutung; es setzt klare und motivierende Qualit\u00e4tsziele, die regelm\u00e4\u00dfig \u00fcberpr\u00fcft, \u00fcberwacht und verbessert werden. Wir bef\u00e4higen unsere qualifizierten und qualit\u00e4tsbewussten Mitarbeiter, Eigenverantwortung f\u00fcr ihre Arbeit zu \u00fcbernehmen, um sicherzustellen, dass jede Komponente das Beste der NTT Group repr\u00e4sentiert.<br \/>\nWir sch\u00e4tzen starke Partnerschaften mit zuverl\u00e4ssigen Lieferanten, die unser Qualit\u00e4tsversprechen teilen. Indem wir uns selbst und unsere Partner an die h\u00f6chsten Standards halten, garantieren wir, dass jede Lieferung zu einem Beweis unserer Exzellenz wird und den Weg f\u00fcr zuk\u00fcnftige Zusammenarbeiten ebnet.<\/p>\n<p>Gemeinsame Verantwortung, kollektiver Erfolg:<br \/>\nWir sind fest davon \u00fcberzeugt, dass jeder im Unternehmen eine entscheidende Rolle bei der Einhaltung unserer Qualit\u00e4tspolitik spielt. Die F\u00f6rderung einer Kultur der gemeinsamen Verantwortung stellt sicher, dass Qualit\u00e4t im Mittelpunkt unseres Handelns bleibt und uns zu nachhaltigem Erfolg f\u00fchrt.<\/p>\n<p>Durch die Einhaltung dieser Grunds\u00e4tze baut die NTT Group Vertrauen bei unseren Kunden, Mitarbeitern und Partnern auf. Wir laden Sie ein, uns auf diesem Weg der Exzellenz zu begleiten, auf dem au\u00dfergew\u00f6hnliche Qualit\u00e4t nicht nur ein Versprechen, sondern eine Realit\u00e4t ist, die in jeder Interaktion erlebt wird.<\/p>\n<\/div>\n<p><\/div>\n<p><\/div>\n<p><\/div>\n<p><\/div>\n<p><\/div>\n<p>[\/vc_column_text][\/vc_column][vc_column width=&#8221;1\/2&#8243;][vc_single_image image=&#8221;15520&#8243; img_size=&#8221;full&#8221; alignment=&#8221;center&#8221; css_animation=&#8221;bottom-to-top&#8221;][\/vc_column][\/vc_row][vc_row][vc_column][\/vc_column][\/vc_row]<\/p>\n<\/div>","protected":false},"excerpt":{"rendered":"<p>[vc_section full_width=&#8221;stretch_row&#8221; css=&#8221;.vc_custom_1542025240624{background-color: #f9f9f9 !important;}&#8221;][vc_row css=&#8221;.vc_custom_1542025031874{background-color: #f9f9f9 !important;}&#8221;][vc_column width=&#8221;1\/6&#8243;][\/vc_column][vc_column width=&#8221;2\/3&#8243;][vc_column_text] Qualit\u00e4tspolitik [\/vc_column_text][vc_separator border_width=&#8221;2&#8243; css=&#8221;.vc_custom_1542025311822{margin-bottom: 20px !important;}&#8221;][\/vc_column][vc_column width=&#8221;1\/6&#8243;][\/vc_column][\/vc_row][vc_row css=&#8221;.vc_custom_1542025040822{background-color: #f9f9f9 !important;}&#8221;][vc_column<\/p>\n","protected":false},"author":3,"featured_media":0,"parent":0,"menu_order":0,"comment_status":"closed","ping_status":"closed","template":"","meta":{"footnotes":""},"class_list":["post-51420","page","type-page","status-publish","hentry"],"_links":{"self":[{"href":"https:\/\/nttgroup.com\/de\/wp-json\/wp\/v2\/pages\/51420","targetHints":{"allow":["GET"]}}],"collection":[{"href":"https:\/\/nttgroup.com\/de\/wp-json\/wp\/v2\/pages"}],"about":[{"href":"https:\/\/nttgroup.com\/de\/wp-json\/wp\/v2\/types\/page"}],"author":[{"embeddable":true,"href":"https:\/\/nttgroup.com\/de\/wp-json\/wp\/v2\/users\/3"}],"replies":[{"embeddable":true,"href":"https:\/\/nttgroup.com\/de\/wp-json\/wp\/v2\/comments?post=51420"}],"version-history":[{"count":4,"href":"https:\/\/nttgroup.com\/de\/wp-json\/wp\/v2\/pages\/51420\/revisions"}],"predecessor-version":[{"id":51441,"href":"https:\/\/nttgroup.com\/de\/wp-json\/wp\/v2\/pages\/51420\/revisions\/51441"}],"wp:attachment":[{"href":"https:\/\/nttgroup.com\/de\/wp-json\/wp\/v2\/media?parent=51420"}],"curies":[{"name":"wp","href":"https:\/\/api.w.org\/{rel}","templated":true}]}}