{"id":51447,"date":"2026-03-02T06:37:48","date_gmt":"2026-03-02T06:37:48","guid":{"rendered":"https:\/\/nttgroup.com\/nachhaltigkeit-bei-ntt\/"},"modified":"2026-03-02T06:37:49","modified_gmt":"2026-03-02T06:37:49","slug":"nachhaltigkeit-bei-ntt","status":"publish","type":"page","link":"https:\/\/nttgroup.com\/de\/nachhaltigkeit-bei-ntt\/","title":{"rendered":"Nachhaltigkeit bei NTT"},"content":{"rendered":"<div class=\"wpb-content-wrapper\"><p>[vc_section full_width=&#8221;stretch_row&#8221; css=&#8221;.vc_custom_1542025240624{background-color: #f9f9f9 !important;}&#8221;][vc_row css=&#8221;.vc_custom_1542025031874{background-color: #f9f9f9 !important;}&#8221;][vc_column width=&#8221;1\/6&#8243;][\/vc_column][vc_column width=&#8221;2\/3&#8243;][vc_column_text]<\/p>\n<h4 style=\"font-size: 42px; text-align: center;\">Nachhaltigkeit<\/h4>\n<p>[\/vc_column_text][vc_separator border_width=&#8221;2&#8243; css=&#8221;.vc_custom_1542025311822{margin-bottom: 20px !important;}&#8221;][\/vc_column][vc_column width=&#8221;1\/6&#8243;][\/vc_column][\/vc_row][vc_row css=&#8221;.vc_custom_1542025040822{background-color: #f9f9f9 !important;}&#8221;][vc_column width=&#8221;1\/3&#8243;]\t\t\t<div class=\" basel-info-box text-center icon-alignment-top box-style-base color-scheme-dark  with-animation \" onclick=\"\">\n\t\t\t\t\t\t\t\t<div class=\"info-box-content\">\n\t\t\t\t\t<div class=\"info-box-inner\">\n\t\t\t\t\t\t<\/p>\n<h2>Standards<\/h2>\n<\/p>\n<p class=\"Normal\">Wir befolgen viele internationale Pr\u00fcfungsprogramme wie EcoVadis.<\/p>\n<p>\n\t\t\t\t\t<\/div>\n\t\t\t\t<\/div>\n\t\t\t<\/div>\n\t\t[\/vc_column][vc_column width=&#8221;1\/3&#8243;]\t\t\t<div class=\" basel-info-box text-center icon-alignment-top box-style-base color-scheme-dark  with-animation \" onclick=\"\">\n\t\t\t\t\t\t\t\t<div class=\"info-box-content\">\n\t\t\t\t\t<div class=\"info-box-inner\">\n\t\t\t\t\t\t<\/p>\n<h2>T\u00e4gliche Arbeit<\/h2>\n<\/p>\n<p class=\"Normal\">Wir sind tagt\u00e4glich auf der Suche nach Verbesserungen.<\/p>\n<p>\n\t\t\t\t\t<\/div>\n\t\t\t\t<\/div>\n\t\t\t<\/div>\n\t\t[\/vc_column][vc_column width=&#8221;1\/3&#8243;]\t\t\t<div class=\" basel-info-box text-center icon-alignment-top box-style-base color-scheme-dark  with-animation \" onclick=\"\">\n\t\t\t\t\t\t\t\t<div class=\"info-box-content\">\n\t\t\t\t\t<div class=\"info-box-inner\">\n\t\t\t\t\t\t<\/p>\n<h2>-120,860T CO2<\/h2>\n<p>Dank gr\u00fcner Energie<\/p>\n\t\t\t\t\t<\/div>\n\t\t\t\t<\/div>\n\t\t\t<\/div>\n\t\t[\/vc_column][\/vc_row][\/vc_section][vc_row full_width=&#8221;stretch_row&#8221; css=&#8221;.vc_custom_1694612155645{margin-top: 60px !important;margin-bottom: 45px !important;}&#8221;][vc_column width=&#8221;1\/2&#8243; el_class=&#8221;text-left&#8221;][vc_column_text css=&#8221;.vc_custom_1760606597905{margin-bottom: 30px !important;}&#8221; basel_color_scheme=&#8221;dark&#8221;]<\/p>\n<div class=\"dxGrid\">\n<div class=\"dxGrid8 Main1\">\n<div class=\"presented-response-container ng-tns-c4150723369-374\">\n<div class=\"response-container-content ng-tns-c4150723369-374\">\n<div class=\"response-content ng-trigger ng-trigger-responsePopulation ng-tns-c4150723369-374\">\n<div class=\"markdown markdown-main-panel ui-v2-enabled\" dir=\"ltr\">\n<p><strong>Nachhaltige L\u00f6sungen, bleibende Ergebnisse: Wegweisende umweltbewusste Fertigung<\/strong><\/p>\n<p>Bei der NTT Group sind wir uns der Bedeutung bewusst, unseren \u00f6kologischen Fu\u00dfabdruck zu minimieren. Wir erreichen dies, indem wir aktiv nachhaltige Praktiken f\u00f6rdern, die eine minimale Umweltbelastung in den Vordergrund stellen. Dieses Engagement durchdringt alle Bereiche unseres Unternehmens, von der Rohstoffbeschaffung \u00fcber die Produktionsprozesse bis hin zur Abfallentsorgung.<\/p>\n<p>Ressourcenschonung:<br \/>\nWir glauben an einen verantwortungsvollen Umgang mit Ressourcen. Von der Senkung des Energieverbrauchs in unseren Anlagen bis hin zur Optimierung der Materialnutzung durch innovative Produktionsmethoden streben wir danach, unseren \u00f6kologischen Fu\u00dfabdruck auf ganzer Linie zu minimieren.<\/p>\n<p>Optimierung der Abfallwirtschaft:<br \/>\nWir verpflichten uns zur Abfallminimierung und folgen den Prinzipien der Abfallhierarchie. Das bedeutet, dass wir Vermeidung, Verringerung, Wiederverwendung und Recycling Vorrang einr\u00e4umen, bevor wir eine Entsorgung in Betracht ziehen. Dies erreichen wir durch effiziente Produktionsprozesse und die Zusammenarbeit mit zertifizierten Recyclingunternehmen, um unvermeidbare Abf\u00e4lle verantwortungsvoll zu entsorgen.<\/p>\n<p>Indem wir uns aktiv f\u00fcr Nachhaltigkeit einsetzen, wollen wir nicht nur unsere Umweltauswirkungen reduzieren, sondern auch zu verantwortungsvollen Praktiken in der gesamten Branche inspirieren. Wir sind davon \u00fcberzeugt, dass nachhaltige L\u00f6sungen zu dauerhaften Ergebnissen f\u00fchren und eine gesunde Umwelt f\u00fcr kommende Generationen sichern.<\/p>\n<p>Die NTT Group ist Mitglied der F\u00f6rpacknings- och Tidningsinsamlingen (schwedisches R\u00fccknahmesystem f\u00fcr Verpackungen und Zeitungen).<\/p>\n<\/div>\n<p><\/div>\n<p><\/div>\n<p><\/div>\n<p><\/p>\n<h1 class=\"Normal\"><span style=\"color: #333333; font-family: Georgia, 'Times New Roman', 'Bitstream Charter', Times, serif; font-size: 16px;\"> (former REPA) \u2013 <\/span><a style=\"font-family: Georgia, &#039;Times New Roman&#039;, &#039;Bitstream Charter&#039;, Times, serif; font-size: 16px;\" title=\"Packaging and Newspaper Collection Service\" href=\"http:\/\/www.ftiab.se\/257.html\" target=\"_blank\" rel=\"noopener\">Packaging and Newspaper Collection Service<\/a><span style=\"color: #333333; font-family: Georgia, 'Times New Roman', 'Bitstream Charter', Times, serif; font-size: 16px;\">.<\/span><\/h1>\n<p><\/div>\n<p><\/div>\n<p><\/p>\n<div class=\"Footer dxGrid16\"><\/div>\n<p>[\/vc_column_text][\/vc_column][vc_column width=&#8221;1\/2&#8243;][vc_single_image image=&#8221;15624&#8243; img_size=&#8221;medium&#8221; alignment=&#8221;center&#8221; css_animation=&#8221;bottom-to-top&#8221;][\/vc_column][\/vc_row][vc_row full_width=&#8221;stretch_row&#8221; css=&#8221;.vc_custom_1694611561590{margin-top: 40px !important;margin-bottom: 45px !important;background-color: #f9f9f9 !important;}&#8221;][vc_column width=&#8221;1\/2&#8243; el_class=&#8221;text-left&#8221;][vc_single_image image=&#8221;15618&#8243; img_size=&#8221;large&#8221; alignment=&#8221;center&#8221;][vc_column_text css=&#8221;.vc_custom_1760606609208{margin-bottom: 30px !important;}&#8221; basel_color_scheme=&#8221;dark&#8221;]<\/p>\n<div class=\"dxGrid\">\n<div class=\"dxGrid8 Main1\">\n<h2 class=\"\" data-sourcepos=\"1:1-1:41\">NTT Group: Angetrieben durch erneuerbare Energien in Polen<\/h2>\n<p data-sourcepos=\"3:1-3:16\">Als stolzer Vorreiter in der nachhaltigen Fertigung betreibt die NTT Group ihr polnisches Werk vollst\u00e4ndig mit erneuerbaren Energien. Dieses Engagement spiegelt unser Bestreben wider, unseren \u00f6kologischen Fu\u00dfabdruck zu reduzieren und zu einer gr\u00fcneren Zukunft beizutragen.<\/p>\n<\/div>\n<p><\/div>\n<p>[\/vc_column_text][\/vc_column][vc_column width=&#8221;1\/2&#8243;][vc_single_image image=&#8221;15575&#8243; img_size=&#8221;large&#8221; alignment=&#8221;center&#8221; css_animation=&#8221;bottom-to-top&#8221;][\/vc_column][\/vc_row]<\/p>\n<\/div>","protected":false},"excerpt":{"rendered":"<p>[vc_section full_width=&#8221;stretch_row&#8221; css=&#8221;.vc_custom_1542025240624{background-color: #f9f9f9 !important;}&#8221;][vc_row css=&#8221;.vc_custom_1542025031874{background-color: #f9f9f9 !important;}&#8221;][vc_column width=&#8221;1\/6&#8243;][\/vc_column][vc_column width=&#8221;2\/3&#8243;][vc_column_text] Nachhaltigkeit [\/vc_column_text][vc_separator border_width=&#8221;2&#8243; css=&#8221;.vc_custom_1542025311822{margin-bottom: 20px !important;}&#8221;][\/vc_column][vc_column width=&#8221;1\/6&#8243;][\/vc_column][\/vc_row][vc_row css=&#8221;.vc_custom_1542025040822{background-color: #f9f9f9 !important;}&#8221;][vc_column<\/p>\n","protected":false},"author":3,"featured_media":0,"parent":0,"menu_order":0,"comment_status":"closed","ping_status":"closed","template":"","meta":{"footnotes":""},"class_list":["post-51447","page","type-page","status-publish","hentry"],"_links":{"self":[{"href":"https:\/\/nttgroup.com\/de\/wp-json\/wp\/v2\/pages\/51447","targetHints":{"allow":["GET"]}}],"collection":[{"href":"https:\/\/nttgroup.com\/de\/wp-json\/wp\/v2\/pages"}],"about":[{"href":"https:\/\/nttgroup.com\/de\/wp-json\/wp\/v2\/types\/page"}],"author":[{"embeddable":true,"href":"https:\/\/nttgroup.com\/de\/wp-json\/wp\/v2\/users\/3"}],"replies":[{"embeddable":true,"href":"https:\/\/nttgroup.com\/de\/wp-json\/wp\/v2\/comments?post=51447"}],"version-history":[{"count":2,"href":"https:\/\/nttgroup.com\/de\/wp-json\/wp\/v2\/pages\/51447\/revisions"}],"predecessor-version":[{"id":51468,"href":"https:\/\/nttgroup.com\/de\/wp-json\/wp\/v2\/pages\/51447\/revisions\/51468"}],"wp:attachment":[{"href":"https:\/\/nttgroup.com\/de\/wp-json\/wp\/v2\/media?parent=51447"}],"curies":[{"name":"wp","href":"https:\/\/api.w.org\/{rel}","templated":true}]}}