{"id":51471,"date":"2026-03-02T06:40:49","date_gmt":"2026-03-02T06:40:49","guid":{"rendered":"https:\/\/nttgroup.com\/ntt-lieferbedingungen\/"},"modified":"2026-03-02T06:40:51","modified_gmt":"2026-03-02T06:40:51","slug":"ntt-lieferbedingungen","status":"publish","type":"page","link":"https:\/\/nttgroup.com\/de\/ntt-lieferbedingungen\/","title":{"rendered":"NTT Lieferbedingungen"},"content":{"rendered":"<div class=\"wpb-content-wrapper\"><p>[vc_section full_width=&#8221;stretch_row&#8221; css=&#8221;.vc_custom_1542025240624{background-color: #f9f9f9 !important;}&#8221;][vc_row css=&#8221;.vc_custom_1542025031874{background-color: #f9f9f9 !important;}&#8221;][vc_column width=&#8221;1\/6&#8243;][\/vc_column][vc_column width=&#8221;2\/3&#8243;][vc_column_text]<\/p>\n<h4 style=\"font-size: 42px; text-align: center;\">Lieferbedingungen<\/h4>\n<p>[\/vc_column_text][\/vc_column][vc_column width=&#8221;1\/6&#8243;][\/vc_column][\/vc_row][\/vc_section][vc_row full_width=&#8221;stretch_row&#8221; css=&#8221;.vc_custom_1694062051816{margin-top: 40px !important;margin-bottom: 45px !important;}&#8221;][vc_column width=&#8221;1\/2&#8243; el_class=&#8221;text-left&#8221;][vc_column_text css=&#8221;.vc_custom_1760610768340{margin-bottom: 30px !important;}&#8221; basel_color_scheme=&#8221;dark&#8221;]<\/p>\n<div class=\"dxGrid\">\n<div class=\"dxGrid8 Main1\">\n<p class=\"Normal\">Wir lehnen die Verantwortung f\u00fcr Preiserh\u00f6hungen bei Rohstoffen, unvorhergesehene zus\u00e4tzliche Kosten, W\u00e4hrungsschwankungen, Vertriebsschwierigkeiten und andere Umst\u00e4nde, die au\u00dferhalb unserer Kontrolle liegen, ab.<\/p>\n<p>Alle Lieferungen der NTT Group erfolgen gem\u00e4\u00df den \u201eAllm\u00e4nna leveransbest\u00e4mmelser NL 09\u201c (Allgemeine Lieferbedingungen NL 09).<\/p>\n<p>Bei Sonderanfertigungen behalten wir uns das Recht vor, mit einer Mengentoleranz von maximal +10 Prozent zu liefern.<\/p>\n<p>F\u00fcr Lieferungen von Kedjeexperten verweisen wir auf die\u00a0<a title=\"SSG 9012\" href=\"https:\/\/www.ssg.se\/Produkter-och-tjanster\/SSG-Leveranskontrakt\/Utbildningsvideor\/Video---SSG-Allmanna-Bestammelser-90-12\/\" target=\"_blank\" rel=\"noopener\">SSG 9012<\/a>.<\/p>\n<\/div>\n<p><\/div>\n<p>[\/vc_column_text][\/vc_column][vc_column width=&#8221;1\/2&#8243;][vc_single_image image=&#8221;15354&#8243; img_size=&#8221;full&#8221; alignment=&#8221;center&#8221; css_animation=&#8221;bottom-to-top&#8221;][\/vc_column][\/vc_row]<\/p>\n<\/div>","protected":false},"excerpt":{"rendered":"<p>[vc_section full_width=&#8221;stretch_row&#8221; css=&#8221;.vc_custom_1542025240624{background-color: #f9f9f9 !important;}&#8221;][vc_row css=&#8221;.vc_custom_1542025031874{background-color: #f9f9f9 !important;}&#8221;][vc_column width=&#8221;1\/6&#8243;][\/vc_column][vc_column width=&#8221;2\/3&#8243;][vc_column_text] Lieferbedingungen [\/vc_column_text][\/vc_column][vc_column width=&#8221;1\/6&#8243;][\/vc_column][\/vc_row][\/vc_section][vc_row full_width=&#8221;stretch_row&#8221; css=&#8221;.vc_custom_1694062051816{margin-top: 40px !important;margin-bottom: 45px !important;}&#8221;][vc_column width=&#8221;1\/2&#8243;<\/p>\n","protected":false},"author":3,"featured_media":0,"parent":0,"menu_order":0,"comment_status":"closed","ping_status":"closed","template":"","meta":{"footnotes":""},"class_list":["post-51471","page","type-page","status-publish","hentry"],"_links":{"self":[{"href":"https:\/\/nttgroup.com\/de\/wp-json\/wp\/v2\/pages\/51471","targetHints":{"allow":["GET"]}}],"collection":[{"href":"https:\/\/nttgroup.com\/de\/wp-json\/wp\/v2\/pages"}],"about":[{"href":"https:\/\/nttgroup.com\/de\/wp-json\/wp\/v2\/types\/page"}],"author":[{"embeddable":true,"href":"https:\/\/nttgroup.com\/de\/wp-json\/wp\/v2\/users\/3"}],"replies":[{"embeddable":true,"href":"https:\/\/nttgroup.com\/de\/wp-json\/wp\/v2\/comments?post=51471"}],"version-history":[{"count":2,"href":"https:\/\/nttgroup.com\/de\/wp-json\/wp\/v2\/pages\/51471\/revisions"}],"predecessor-version":[{"id":51477,"href":"https:\/\/nttgroup.com\/de\/wp-json\/wp\/v2\/pages\/51471\/revisions\/51477"}],"wp:attachment":[{"href":"https:\/\/nttgroup.com\/de\/wp-json\/wp\/v2\/media?parent=51471"}],"curies":[{"name":"wp","href":"https:\/\/api.w.org\/{rel}","templated":true}]}}