{"id":51480,"date":"2026-03-02T06:51:07","date_gmt":"2026-03-02T06:51:07","guid":{"rendered":"https:\/\/nttgroup.com\/arbeitsablaeufe-bei-ntt\/"},"modified":"2026-03-02T06:51:09","modified_gmt":"2026-03-02T06:51:09","slug":"arbeitsablaeufe-bei-ntt","status":"publish","type":"page","link":"https:\/\/nttgroup.com\/de\/arbeitsablaeufe-bei-ntt\/","title":{"rendered":"Arbeitsabl\u00e4ufe bei NTT"},"content":{"rendered":"<div class=\"wpb-content-wrapper\"><p>[vc_section full_width=&#8221;stretch_row&#8221; css=&#8221;.vc_custom_1542025240624{background-color: #f9f9f9 !important;}&#8221;][vc_row css=&#8221;.vc_custom_1542025031874{background-color: #f9f9f9 !important;}&#8221;][vc_column width=&#8221;1\/6&#8243;][\/vc_column][vc_column width=&#8221;2\/3&#8243;][vc_column_text]<\/p>\n<h4 style=\"font-size: 42px; text-align: center;\">Arbeitsprozess<\/h4>\n<p>&nbsp;[\/vc_column_text][vc_separator border_width=&#8221;2&#8243; css=&#8221;.vc_custom_1542025311822{margin-bottom: 20px !important;}&#8221;][\/vc_column][vc_column width=&#8221;1\/6&#8243;][\/vc_column][\/vc_row][vc_row css=&#8221;.vc_custom_1542025040822{background-color: #f9f9f9 !important;}&#8221;][vc_column width=&#8221;1\/3&#8243;]\t\t\t<div class=\" basel-info-box text-center icon-alignment-top box-style-base color-scheme-dark  with-animation \" onclick=\"\">\n\t\t\t\t\t\t\t\t<div class=\"info-box-content\">\n\t\t\t\t\t<div class=\"info-box-inner\">\n\t\t\t\t\t\t<\/p>\n<h2>Angebot<\/h2>\n<\/p>\n<p class=\"Normal\">Das beste Produktangebot f\u00fcr alle Antriebsprodukte<\/p>\n<p>\n\t\t\t\t\t<\/div>\n\t\t\t\t<\/div>\n\t\t\t<\/div>\n\t\t[\/vc_column][vc_column width=&#8221;1\/3&#8243;]\t\t\t<div class=\" basel-info-box text-center icon-alignment-top box-style-base color-scheme-dark  with-animation \" onclick=\"\">\n\t\t\t\t\t\t\t\t<div class=\"info-box-content\">\n\t\t\t\t\t<div class=\"info-box-inner\">\n\t\t\t\t\t\t<\/p>\n<h2>Fertigung<\/h2>\n<\/p>\n<p class=\"Normal\">Eigene Produktionsst\u00e4tten in Schweden, Polen und Deutschland<\/p>\n<p>\n\t\t\t\t\t<\/div>\n\t\t\t\t<\/div>\n\t\t\t<\/div>\n\t\t[\/vc_column][vc_column width=&#8221;1\/3&#8243;]\t\t\t<div class=\" basel-info-box text-center icon-alignment-top box-style-base color-scheme-dark  with-animation \" onclick=\"\">\n\t\t\t\t\t\t\t\t<div class=\"info-box-content\">\n\t\t\t\t\t<div class=\"info-box-inner\">\n\t\t\t\t\t\t<\/p>\n<h2>Lieferung<\/h2>\n<p>Standards, die Kundenw\u00fcnsche erf\u00fcllen<\/p>\n\t\t\t\t\t<\/div>\n\t\t\t\t<\/div>\n\t\t\t<\/div>\n\t\t[\/vc_column][\/vc_row][\/vc_section][vc_row full_width=&#8221;stretch_row&#8221; css=&#8221;.vc_custom_1694062051816{margin-top: 40px !important;margin-bottom: 45px !important;}&#8221;][vc_column width=&#8221;1\/2&#8243; el_class=&#8221;text-left&#8221;][vc_column_text css=&#8221;.vc_custom_1760606905102{margin-bottom: 30px !important;}&#8221; basel_color_scheme=&#8221;dark&#8221;]<\/p>\n<div class=\"dxGrid\">\n<div class=\"dxGrid8 Main1\">\n<div class=\"dxGrid\">\n<div class=\"dxGrid8 Main1\">\n<p class=\"Normal\"><strong>1. Kundenanfrage<\/strong><br \/>\nUnsere Vertriebsmitarbeiter nehmen die Bed\u00fcrfnisse und Anforderungen des Kunden entgegen, stellen weiterf\u00fchrende Fragen und schlagen neue L\u00f6sungen vor.<\/p>\n<p class=\"Normal\"><i data-path-to-node=\"0,0,0\" data-index-in-node=\"166\">Schlagworte: Verantwortung und Wissen<\/i><\/p>\n<p class=\"Normal\"><strong>2. Bestes Angebot <\/strong><\/p>\n<p class=\"Normal\">Unsere Vertriebsmitarbeiter pr\u00e4sentieren das beste Angebot, basierend auf den Anforderungen des Kunden an Preis, Lieferung und Produktdesign:<\/p>\n<ul data-path-to-node=\"1\">\n<li>\n<p data-path-to-node=\"1,0,0\">Durch unsere <b data-path-to-node=\"1,0,0\" data-index-in-node=\"13\">eigene Produktion<\/b> in Schweden, oder<\/p>\n<\/li>\n<li>\n<p data-path-to-node=\"1,1,0\">Durch Einkauf beim am besten geeigneten Lieferanten in Europa oder Asien.<\/p>\n<\/li>\n<\/ul>\n<p data-path-to-node=\"2\">Nach Annahme des Angebots durch den Kunden best\u00e4tigen wir den Auftrag. Gleichzeitig wird ein Produktionsauftrag an das vorgesehene Werk der NTT Group oder an unsere Einkaufsabteilung \u00fcbermittelt.<\/p>\n<p data-path-to-node=\"2\"><i data-path-to-node=\"2\" data-index-in-node=\"196\">Schlagworte: Wissen und Erfahrung<\/i><\/p>\n<p class=\"Normal\"><strong>3. Produktion<br \/>\n<\/strong><\/p>\n<p data-path-to-node=\"4,0,0\">Bei Bestellung von Standardprodukten: Meistens k\u00f6nnen wir die Produkte noch am selben Tag versenden.<\/p>\n<p data-path-to-node=\"4,1,0\">Bei Produktion von Sonderanfertigungen:<\/p>\n<p data-path-to-node=\"5\"><strong>3 a.<\/strong> <b data-path-to-node=\"5\" data-index-in-node=\"5\">Produktion in unseren eigenen Werken<\/b><\/p>\n<p data-path-to-node=\"5\">Die NTT Group ist in acht St\u00e4dten in Schweden, Deutschland und Polen t\u00e4tig.<\/p>\n<table class=\"dxTable\" summary=\"\">\n<tbody>\n<tr>\n<td>\n<p class=\"Normal\">Sweden<\/p>\n<\/td>\n<td>\n<p class=\"Normal\">M\u00f6lndal<\/p>\n<\/td>\n<td>\n<p class=\"Normal\">Mehrteilige Produktion<\/p>\n<\/td>\n<\/tr>\n<tr>\n<td>\n<p class=\"Normal\">Sweden<\/p>\n<\/td>\n<td>\n<p class=\"Normal\">Vittsj\u00f6<\/p>\n<\/td>\n<td>Einzelst\u00fcckfertigung<\/td>\n<\/tr>\n<tr>\n<td>\n<p class=\"Normal\">Sweden<\/p>\n<\/td>\n<td>\n<p class=\"Normal\">Lingbo<\/p>\n<\/td>\n<td>\n<p class=\"Normal\">Kompetenzzentrum: Ketten<\/p>\n<\/td>\n<\/tr>\n<tr>\n<td>\n<p class=\"Normal\">Sweden<\/p>\n<\/td>\n<td>\n<p class=\"Normal\">Sandarne<\/p>\n<\/td>\n<td>\n<p class=\"Normal\">Subunternehmer<\/p>\n<\/td>\n<\/tr>\n<tr>\n<td>\n<p class=\"Normal\">Sweden<\/p>\n<\/td>\n<td>\n<p class=\"Normal\">Broby<\/p>\n<\/td>\n<td>\n<p class=\"Normal\">Kompetenzzentrum: Riemen<\/p>\n<\/td>\n<\/tr>\n<tr>\n<td>\n<p class=\"Normal\">Sweden<\/p>\n<\/td>\n<td>\n<p class=\"Normal\">Sv\u00e4ngsta<\/p>\n<\/td>\n<td>\n<p class=\"Normal\">Kompetenzzentrum: Getriebe, Elektromotoren<\/p>\n<\/td>\n<\/tr>\n<tr>\n<td>\n<p class=\"Normal\">Germany<\/p>\n<\/td>\n<td>\n<p class=\"Normal\">Hamburg<\/p>\n<\/td>\n<td>\n<p class=\"Normal\">Kompetenzzentrum: Ketten<\/p>\n<\/td>\n<\/tr>\n<tr>\n<td>\n<p class=\"Normal\">Poland<\/p>\n<\/td>\n<td>\n<p class=\"Normal\">Chojn\u00f3w<\/p>\n<\/td>\n<td>\n<p class=\"Normal\">Einzelst\u00fcckfertigung<\/p>\n<\/td>\n<\/tr>\n<\/tbody>\n<\/table>\n<p class=\"Normal\">In unseren eigenen Werken gefertigte Produkte stehen f\u00fcr schnelle Lieferungen und hohe Qualit\u00e4t.<\/p>\n<p class=\"Normal\"><i data-path-to-node=\"0\" data-index-in-node=\"97\">S<\/i><i data-path-to-node=\"0\" data-index-in-node=\"97\">chlagworte: Breite und Tiefe<\/i><\/p>\n<p data-path-to-node=\"0\"><strong>3 b.<\/strong> <b data-path-to-node=\"0\" data-index-in-node=\"5\">Hersteller in Europa und Asien<\/b><\/p>\n<p data-path-to-node=\"0\">F\u00fcr Kunden, die eine l\u00e4ngere Lieferzeit und Produkte in Kauf nehmen, die nicht in Schweden oder Polen hergestellt wurden, k\u00f6nnen unsere externen Lieferanten die beste Alternative sein.<\/p>\n<p data-path-to-node=\"1\">Die NTT Group pflegt enge und langj\u00e4hrige Vertr\u00e4ge mit zuverl\u00e4ssigen Herstellern. Dies ist die Voraussetzung, um die besten und kosteng\u00fcnstigsten Artikel zu importieren.<\/p>\n<p data-path-to-node=\"1\"><i data-path-to-node=\"1\" data-index-in-node=\"170\">Schlagwort: Zusammenarbeit<\/i><\/p>\n<p data-path-to-node=\"2,0,0\"><b data-path-to-node=\"2,0,0\" data-index-in-node=\"0\">4. Lieferung<\/b><\/p>\n<p data-path-to-node=\"2,0,0\">Vor dem Verpacken und Versenden an den Kunden f\u00fchren wir immer eine Qualit\u00e4tspr\u00fcfung durch.<\/p>\n<p data-path-to-node=\"2,0,0\"><i data-path-to-node=\"2,0,0\" data-index-in-node=\"102\">Schlagworte: Genauigkeit und Kundenorientierung<\/i><\/p>\n<p data-path-to-node=\"2,1,0\"><b data-path-to-node=\"2,1,0\" data-index-in-node=\"0\">5. Rechnungsstellung<\/b><\/p>\n<p data-path-to-node=\"2,1,0\">Die Rechnung wird noch am selben Tag wie die Ware versandt. Zahlungsbedingungen: In der Regel 30 Tage.<\/p>\n<p data-path-to-node=\"2,1,0\"><i data-path-to-node=\"2,1,0\" data-index-in-node=\"121\">Schlagwort: Klarheit<\/i><\/p>\n<\/div>\n<p><\/div>\n<p><\/div>\n<p><\/div>\n<p>[\/vc_column_text][\/vc_column][vc_column width=&#8221;1\/2&#8243;][vc_single_image image=&#8221;15630&#8243; img_size=&#8221;full&#8221; alignment=&#8221;center&#8221; css_animation=&#8221;bottom-to-top&#8221;][\/vc_column][\/vc_row]<\/p>\n<\/div>","protected":false},"excerpt":{"rendered":"<p>[vc_section full_width=&#8221;stretch_row&#8221; css=&#8221;.vc_custom_1542025240624{background-color: #f9f9f9 !important;}&#8221;][vc_row css=&#8221;.vc_custom_1542025031874{background-color: #f9f9f9 !important;}&#8221;][vc_column width=&#8221;1\/6&#8243;][\/vc_column][vc_column width=&#8221;2\/3&#8243;][vc_column_text] Arbeitsprozess &nbsp;[\/vc_column_text][vc_separator border_width=&#8221;2&#8243; css=&#8221;.vc_custom_1542025311822{margin-bottom: 20px !important;}&#8221;][\/vc_column][vc_column width=&#8221;1\/6&#8243;][\/vc_column][\/vc_row][vc_row css=&#8221;.vc_custom_1542025040822{background-color: #f9f9f9 !important;}&#8221;][vc_column<\/p>\n","protected":false},"author":3,"featured_media":0,"parent":0,"menu_order":0,"comment_status":"closed","ping_status":"closed","template":"","meta":{"footnotes":""},"class_list":["post-51480","page","type-page","status-publish","hentry"],"_links":{"self":[{"href":"https:\/\/nttgroup.com\/de\/wp-json\/wp\/v2\/pages\/51480","targetHints":{"allow":["GET"]}}],"collection":[{"href":"https:\/\/nttgroup.com\/de\/wp-json\/wp\/v2\/pages"}],"about":[{"href":"https:\/\/nttgroup.com\/de\/wp-json\/wp\/v2\/types\/page"}],"author":[{"embeddable":true,"href":"https:\/\/nttgroup.com\/de\/wp-json\/wp\/v2\/users\/3"}],"replies":[{"embeddable":true,"href":"https:\/\/nttgroup.com\/de\/wp-json\/wp\/v2\/comments?post=51480"}],"version-history":[{"count":2,"href":"https:\/\/nttgroup.com\/de\/wp-json\/wp\/v2\/pages\/51480\/revisions"}],"predecessor-version":[{"id":51489,"href":"https:\/\/nttgroup.com\/de\/wp-json\/wp\/v2\/pages\/51480\/revisions\/51489"}],"wp:attachment":[{"href":"https:\/\/nttgroup.com\/de\/wp-json\/wp\/v2\/media?parent=51480"}],"curies":[{"name":"wp","href":"https:\/\/api.w.org\/{rel}","templated":true}]}}