{"id":51492,"date":"2026-03-02T07:05:53","date_gmt":"2026-03-02T07:05:53","guid":{"rendered":"https:\/\/nttgroup.com\/roboterschweissen\/"},"modified":"2026-03-02T07:05:55","modified_gmt":"2026-03-02T07:05:55","slug":"roboterschweissen","status":"publish","type":"page","link":"https:\/\/nttgroup.com\/de\/roboterschweissen\/","title":{"rendered":"Roboterschwei\u00dfen"},"content":{"rendered":"<div class=\"wpb-content-wrapper\"><p>[vc_section full_width=&#8221;stretch_row&#8221; css=&#8221;.vc_custom_1542025240624{background-color: #f9f9f9 !important;}&#8221;][vc_row css=&#8221;.vc_custom_1542025031874{background-color: #f9f9f9 !important;}&#8221;][vc_column width=&#8221;1\/6&#8243;][\/vc_column][vc_column width=&#8221;2\/3&#8243;][vc_column_text]<\/p>\n<h4 style=\"font-size: 42px; text-align: center;\">Roboterschwei\u00dfen<\/h4>\n<p>[\/vc_column_text][vc_separator border_width=&#8221;2&#8243; css=&#8221;.vc_custom_1542025311822{margin-bottom: 20px !important;}&#8221;][\/vc_column][vc_column width=&#8221;1\/6&#8243;][\/vc_column][\/vc_row][vc_row css=&#8221;.vc_custom_1542025040822{background-color: #f9f9f9 !important;}&#8221;][vc_column width=&#8221;1\/3&#8243;]\t\t\t<div class=\" basel-info-box text-center icon-alignment-top box-style-base color-scheme-dark  with-animation \" onclick=\"\">\n\t\t\t\t\t\t\t\t<div class=\"info-box-content\">\n\t\t\t\t\t<div class=\"info-box-inner\">\n\t\t\t\t\t\t<\/p>\n<h2>Hohe Qualit\u00e4t<\/h2>\n<p>MIG\/MAG-Verbindungen in hoher Qualit\u00e4t<\/p>\n\t\t\t\t\t<\/div>\n\t\t\t\t<\/div>\n\t\t\t<\/div>\n\t\t[\/vc_column][vc_column width=&#8221;1\/3&#8243;]\t\t\t<div class=\" basel-info-box text-center icon-alignment-top box-style-base color-scheme-dark  with-animation \" onclick=\"\">\n\t\t\t\t\t\t\t\t<div class=\"info-box-content\">\n\t\t\t\t\t<div class=\"info-box-inner\">\n\t\t\t\t\t\t<\/p>\n<h2>Gro\u00dfbauteile<\/h2>\n<p>Bauteile bis \u00d8 1,5 m problemlos schwei\u00dfbar<\/p>\n\t\t\t\t\t<\/div>\n\t\t\t\t<\/div>\n\t\t\t<\/div>\n\t\t[\/vc_column][vc_column width=&#8221;1\/3&#8243;]\t\t\t<div class=\" basel-info-box text-center icon-alignment-top box-style-base color-scheme-dark  with-animation \" onclick=\"\">\n\t\t\t\t\t\t\t\t<div class=\"info-box-content\">\n\t\t\t\t\t<div class=\"info-box-inner\">\n\t\t\t\t\t\t<\/p>\n<h2>Schnell<\/h2>\n<p>Kurze Taktzeiten f\u00fcr Einzel- und Serienfertigung<\/p>\n\t\t\t\t\t<\/div>\n\t\t\t\t<\/div>\n\t\t\t<\/div>\n\t\t[\/vc_column][\/vc_row][\/vc_section][vc_row full_width=&#8221;stretch_row_content_no_spaces&#8221; content_placement=&#8221;top&#8221; css=&#8221;.vc_custom_1542028241205{margin-top: 40px !important;margin-bottom: -40px !important;}&#8221;][vc_column width=&#8221;1\/2&#8243; offset=&#8221;vc_col-md-6&#8243;][vc_single_image image=&#8221;15510&#8243; img_size=&#8221;500x&#8221; alignment=&#8221;center&#8221;][\/vc_column][vc_column width=&#8221;1\/2&#8243; css=&#8221;.vc_custom_1485009354843{margin-top: 25px !important;margin-bottom: 40px !important;padding-right: 10% !important;padding-left: 10% !important;}&#8221; offset=&#8221;vc_col-md-6&#8243;][vc_column_text css=&#8221;.vc_custom_1694516324558{margin-bottom: 30px !important;}&#8221;]<\/p>\n<h1 class=\"font-title\" style=\"text-align: center; font-size: 42px; text-transform: capitalize;\"><span style=\"border-bottom: 1px solid #BDBDBD; padding-bottom: 4px;\">Roboterschwei\u00dfen<\/span><\/h1>\n<p><\/p>\n<h3 class=\"LC20lb\" style=\"text-align: center;\">MIG\/MAG<\/h3>\n<p>[\/vc_column_text][vc_column_text css=&#8221;.vc_custom_1694516428854{padding-right: 30px !important;padding-left: 30px !important;}&#8221;]<\/p>\n<table border=\"0\" width=\"512\" cellspacing=\"0\" cellpadding=\"0\">\n<colgroup>\n<col width=\"143\" \/>\n<col width=\"141\" \/>\n<col width=\"228\" \/><\/colgroup>\n<tbody>\n<tr>\n<td class=\"xl65\" width=\"143\" height=\"28\"><strong>Maschine<\/strong><\/td>\n<td class=\"xl65\" width=\"141\"><strong>Schwei\u00dfer<\/strong><\/td>\n<td class=\"xl65\" width=\"228\"><strong>Anmerkungen<\/strong><\/td>\n<\/tr>\n<tr>\n<td height=\"20\">Fanuc 120iC<\/td>\n<td>Fronius TPS 400i<\/td>\n<td>horizontale und vertikale drehtische<\/td>\n<\/tr>\n<\/tbody>\n<\/table>\n<p>[\/vc_column_text][\/vc_column][\/vc_row][vc_row full_width=&#8221;stretch_row&#8221; content_placement=&#8221;middle&#8221; css=&#8221;.vc_custom_1708612183404{margin-top: 40px !important;margin-bottom: 0px !important;background-color: #f9f9f9 !important;}&#8221;][vc_column width=&#8221;1\/2&#8243; css=&#8221;.vc_custom_1438784954834{margin-bottom: 40px !important;}&#8221;][vc_column_text css=&#8221;&#8221; basel_color_scheme=&#8221;dark&#8221;]<\/p>\n<div class=\"presented-response-container ng-tns-c4150723369-462\">\n<div class=\"response-container-content ng-tns-c4150723369-462\">\n<div class=\"response-content ng-trigger ng-trigger-responsePopulation ng-tns-c4150723369-462\">\n<div class=\"markdown markdown-main-panel ui-v2-enabled\" dir=\"ltr\">\n<div class=\"presented-response-container ng-tns-c4150723369-496\">\n<div class=\"response-container-content ng-tns-c4150723369-496\">\n<div class=\"response-content ng-trigger ng-trigger-responsePopulation ng-tns-c4150723369-496\">\n<div class=\"markdown markdown-main-panel ui-v2-enabled\" dir=\"ltr\">\n<h2 class=\"\" data-sourcepos=\"1:1-1:83\">Robotisch gefertigte Exzellenz: Schwei\u00dfinnovationen f\u00fcr erstklassige F\u00f6rderketten<\/h2>\n<p data-path-to-node=\"0\">Die NTT Group hebt die Produktion von F\u00f6rderketten durch die Pr\u00e4zision und Effizienz des automatisierten <strong>Roboterschwei\u00dfens auf ein neues Niveau<\/strong>. Unsere Fertigungsst\u00e4tte verf\u00fcgt \u00fcber einen hochmodernen <strong>MAG 135 FANUC-Roboter<\/strong>, ausgestattet mit erstklassiger <strong>Fronius-Schwei\u00dftechnik<\/strong>, die bei jeder Schwei\u00dfnaht au\u00dfergew\u00f6hnliche Ergebnisse garantiert.<\/p>\n<p data-path-to-node=\"0\">Diese fortschrittliche Technologie erm\u00f6glicht es uns, erstklassige geschwei\u00dfte <strong>F\u00f6rderketten<\/strong> mit unvergleichlicher Qualit\u00e4t und Konsistenz zu fertigen. Durch die nahtlose Integration von Robotik in unseren Herstellungsprozess erreichen wir:<\/p>\n<ul>\n<li data-path-to-node=\"1\"><strong>Unersch\u00fctterliche Pr\u00e4zision:<\/strong> Der Roboter eliminiert menschliche Fehler und liefert konsistent pr\u00e4zise und reproduzierbare Schwei\u00dfn\u00e4hte, selbst bei komplexen Kettengeometrien.<\/li>\n<li data-path-to-node=\"1\"><strong>Gesteigerte Effizienz:<\/strong> Die Automatisierung beschleunigt die Produktion, steigert den Aussto\u00df und minimiert gleichzeitig Durchlaufzeiten und Produktionskosten.<\/li>\n<li data-path-to-node=\"1\"><strong>Hervorragende Schwei\u00dfnahtqualit\u00e4t:<\/strong> Die Fronius-Ausstattung gew\u00e4hrleistet starke, zuverl\u00e4ssige Schwei\u00dfn\u00e4hte, die h\u00f6chsten Qualit\u00e4tsstandards entsprechen und Kettenfestigkeit sowie Langlebigkeit garantieren.<\/li>\n<li data-path-to-node=\"1\"><strong>Vielseitigkeit in Bestform:<\/strong> Der Roboter bew\u00e4ltigt diverse Schwei\u00dfaufgaben, bringt Spezialmitnehmer an oder schwei\u00dft Kettenr\u00e4der f\u00fcr Rollen- und F\u00f6rderketten mit unvergleichlicher Genauigkeit an.<\/li>\n<\/ul>\n<p>\u00dcber Effizienz und Pr\u00e4zision hinaus erm\u00f6glicht uns das Roboterschwei\u00dfen, innovative Kettenkonstruktionen mit komplexen Schwei\u00dfverbindungen zu realisieren und die Grenzen <strong>dessen<\/strong> zu erweitern, was in der Herstellung von F\u00f6rderketten m\u00f6glich ist. Dieses unerm\u00fcdliche Streben nach <strong>Innovation<\/strong> macht uns zu einem Branchenf\u00fchrer, der au\u00dfergew\u00f6hnliche <strong>F\u00f6rderketten<\/strong> liefert, die Ihre Betriebsabl\u00e4ufe st\u00e4rken.<\/p>\n<\/div>\n<p><\/div>\n<p><\/div>\n<p><\/div>\n<p><\/div>\n<p><\/div>\n<p><\/div>\n<p><\/div>\n<p>[\/vc_column_text][\/vc_column][vc_column width=&#8221;1\/2&#8243; css=&#8221;.vc_custom_1438784968106{margin-bottom: 40px !important;}&#8221;][vc_video link=&#8221;https:\/\/youtu.be\/UjHtWgB1sf4&#8243;][\/vc_column][\/vc_row]<\/p>\n<\/div>","protected":false},"excerpt":{"rendered":"<p>[vc_section full_width=&#8221;stretch_row&#8221; css=&#8221;.vc_custom_1542025240624{background-color: #f9f9f9 !important;}&#8221;][vc_row css=&#8221;.vc_custom_1542025031874{background-color: #f9f9f9 !important;}&#8221;][vc_column width=&#8221;1\/6&#8243;][\/vc_column][vc_column width=&#8221;2\/3&#8243;][vc_column_text] Roboterschwei\u00dfen [\/vc_column_text][vc_separator border_width=&#8221;2&#8243; css=&#8221;.vc_custom_1542025311822{margin-bottom: 20px !important;}&#8221;][\/vc_column][vc_column width=&#8221;1\/6&#8243;][\/vc_column][\/vc_row][vc_row css=&#8221;.vc_custom_1542025040822{background-color: #f9f9f9 !important;}&#8221;][vc_column<\/p>\n","protected":false},"author":3,"featured_media":0,"parent":0,"menu_order":0,"comment_status":"closed","ping_status":"closed","template":"","meta":{"footnotes":""},"class_list":["post-51492","page","type-page","status-publish","hentry"],"_links":{"self":[{"href":"https:\/\/nttgroup.com\/de\/wp-json\/wp\/v2\/pages\/51492","targetHints":{"allow":["GET"]}}],"collection":[{"href":"https:\/\/nttgroup.com\/de\/wp-json\/wp\/v2\/pages"}],"about":[{"href":"https:\/\/nttgroup.com\/de\/wp-json\/wp\/v2\/types\/page"}],"author":[{"embeddable":true,"href":"https:\/\/nttgroup.com\/de\/wp-json\/wp\/v2\/users\/3"}],"replies":[{"embeddable":true,"href":"https:\/\/nttgroup.com\/de\/wp-json\/wp\/v2\/comments?post=51492"}],"version-history":[{"count":2,"href":"https:\/\/nttgroup.com\/de\/wp-json\/wp\/v2\/pages\/51492\/revisions"}],"predecessor-version":[{"id":51498,"href":"https:\/\/nttgroup.com\/de\/wp-json\/wp\/v2\/pages\/51492\/revisions\/51498"}],"wp:attachment":[{"href":"https:\/\/nttgroup.com\/de\/wp-json\/wp\/v2\/media?parent=51492"}],"curies":[{"name":"wp","href":"https:\/\/api.w.org\/{rel}","templated":true}]}}