{"id":51501,"date":"2026-03-02T07:25:44","date_gmt":"2026-03-02T07:25:44","guid":{"rendered":"https:\/\/nttgroup.com\/lagerbestand\/"},"modified":"2026-03-02T07:25:45","modified_gmt":"2026-03-02T07:25:45","slug":"lagerbestand","status":"publish","type":"page","link":"https:\/\/nttgroup.com\/de\/lagerbestand\/","title":{"rendered":"Lagerbestand"},"content":{"rendered":"<div class=\"wpb-content-wrapper\"><p>[vc_section full_width=&#8221;stretch_row&#8221; css=&#8221;.vc_custom_1694496734621{background-color: #f9f9f9 !important;}&#8221;][vc_row css=&#8221;.vc_custom_1542025031874{background-color: #f9f9f9 !important;}&#8221;][vc_column width=&#8221;1\/6&#8243;][\/vc_column][vc_column width=&#8221;2\/3&#8243;][vc_column_text]<\/p>\n<h4 style=\"font-size: 42px; text-align: center;\">Lagerbestand<\/h4>\n<p>&nbsp;[\/vc_column_text][vc_separator border_width=&#8221;2&#8243; css=&#8221;.vc_custom_1542025311822{margin-bottom: 20px !important;}&#8221;][\/vc_column][vc_column width=&#8221;1\/6&#8243;][\/vc_column][\/vc_row][vc_row css=&#8221;.vc_custom_1542025040822{background-color: #f9f9f9 !important;}&#8221;][vc_column width=&#8221;1\/3&#8243;]\t\t\t<div class=\" basel-info-box text-center icon-alignment-top box-style-base color-scheme-dark  with-animation \" onclick=\"\">\n\t\t\t\t\t\t\t\t<div class=\"info-box-content\">\n\t\t\t\t\t<div class=\"info-box-inner\">\n\t\t\t\t\t\t<\/p>\n<h2>International<\/h2>\n<p>Unsere Lager befinden sich in Schweden, Deutschland, Polen und Finnland<\/p>\n\t\t\t\t\t<\/div>\n\t\t\t\t<\/div>\n\t\t\t<\/div>\n\t\t[\/vc_column][vc_column width=&#8221;1\/3&#8243;]\t\t\t<div class=\" basel-info-box text-center icon-alignment-top box-style-base color-scheme-dark  with-animation \" onclick=\"\">\n\t\t\t\t\t\t\t\t<div class=\"info-box-content\">\n\t\t\t\t\t<div class=\"info-box-inner\">\n\t\t\t\t\t\t<\/p>\n<h2>+100.000 teile<\/h2>\n<p>\u00dcber 100.000 Standard-Kraft\u00fcbertragungskomponenten sind lagerhaltig<\/p>\n<h3 class=\"LC20lb\"><\/h3>\n<p>\n\t\t\t\t\t<\/div>\n\t\t\t\t<\/div>\n\t\t\t<\/div>\n\t\t[\/vc_column][vc_column width=&#8221;1\/3&#8243;]\t\t\t<div class=\" basel-info-box text-center icon-alignment-top box-style-base color-scheme-dark  with-animation \" onclick=\"\">\n\t\t\t\t\t\t\t\t<div class=\"info-box-content\">\n\t\t\t\t\t<div class=\"info-box-inner\">\n\t\t\t\t\t\t<\/p>\n<h2>Flexible Lieferung<\/h2>\n<p>Lieferungen am selben Tag sind m\u00f6glich<\/p>\n\t\t\t\t\t<\/div>\n\t\t\t\t<\/div>\n\t\t\t<\/div>\n\t\t[\/vc_column][\/vc_row][\/vc_section][vc_row full_width=&#8221;stretch_row&#8221; css=&#8221;.vc_custom_1694062051816{margin-top: 40px !important;margin-bottom: 45px !important;}&#8221;][vc_column width=&#8221;1\/3&#8243; el_class=&#8221;text-right&#8221;][vc_column_text css=&#8221;.vc_custom_1760610945973{margin-bottom: 30px !important;}&#8221; basel_color_scheme=&#8221;dark&#8221;]<\/p>\n<h5><strong style=\"color: #1b1919; font-family: Karla, Arial, Helvetica, sans-serif;\">ROLLENKETTEN<\/strong><\/h5>\n<p><\/p>\n<h5 style=\"margin-bottom: 10px;\"><\/h5>\n<p>Alle Arten von Rollenketten nach britischer und amerikanischer Norm. Doppelteilung, Edelstahl, verzinkt, Heavy Duty.[\/vc_column_text][vc_column_text css=&#8221;.vc_custom_1760610951525{margin-bottom: 30px !important;}&#8221; basel_color_scheme=&#8221;dark&#8221;]<\/p>\n<h5><strong style=\"color: #1b1919; font-family: Karla, Arial, Helvetica, sans-serif;\">F\u00d6RDERKETTEN<\/strong><\/h5>\n<p><\/p>\n<h5 style=\"margin-bottom: 10px;\"><\/h5>\n<p>M-type in Standard- und Schwei\u00dfausf\u00fchrung.<br \/>Gesenkgeschmiedete Glieder.<br \/>Spezialf\u00f6rderketten.[\/vc_column_text][vc_column_text css=&#8221;.vc_custom_1760610957110{margin-bottom: 30px !important;}&#8221; basel_color_scheme=&#8221;dark&#8221;]<\/p>\n<h5><strong style=\"color: #1b1919; font-family: Karla, Arial, Helvetica, sans-serif;\">KETTENR\u00c4DER<\/strong><\/h5>\n<p><\/p>\n<h5 style=\"margin-bottom: 10px;\"><\/h5>\n<p>1-, 2-, 3-fach Kettenr\u00e4der und Plattenr\u00e4der mit induktionsgeh\u00e4rteten Z\u00e4hnen.<br \/>Edelstahl, Doppelplattenrad, Spezialausf\u00fchrungen.[\/vc_column_text][\/vc_column][vc_column width=&#8221;1\/3&#8243;][vc_single_image image=&#8221;15354&#8243; img_size=&#8221;full&#8221; alignment=&#8221;center&#8221; css_animation=&#8221;bottom-to-top&#8221; css=&#8221;.vc_custom_1694027075096{background-image: url(http:\/\/nttwooc.bmbox.net\/wp-content\/uploads\/2017\/02\/Iphone-company-1.jpg?id=803) !important;}&#8221;][\/vc_column][vc_column width=&#8221;1\/3&#8243;][vc_column_text css=&#8221;.vc_custom_1760610927925{margin-bottom: 30px !important;}&#8221; basel_color_scheme=&#8221;dark&#8221;]<\/p>\n<h5><strong style=\"color: #1b1919; font-family: Karla, Arial, Helvetica, sans-serif;\">ZAHNR\u00c4DER &amp; ZAHNSTANGEN<\/strong><\/h5>\n<p><\/p>\n<h5 style=\"margin-bottom: 10px;\"><\/h5>\n<p>Alle Gr\u00f6\u00dfen von M=0,5 bis M8 sind lagerhaltig.<br \/>Zahnstangen in quadratischer und runder Ausf\u00fchrung.<br \/>Stirnr\u00e4der aus Stahl, Kunststoff, Messing.[\/vc_column_text][vc_column_text css=&#8221;.vc_custom_1760610934075{margin-bottom: 30px !important;}&#8221; basel_color_scheme=&#8221;dark&#8221;]<\/p>\n<h5><strong style=\"color: #1b1919; font-family: Karla, Arial, Helvetica, sans-serif;\">WELLEN \/ SCHRAUBEN<\/strong><\/h5>\n<p><\/p>\n<h5 style=\"margin-bottom: 10px;\"><\/h5>\n<p>Keilwellen und Naben in verschiedenen Materialien.<br \/>Trapezgewindespindeln und Muttern in Links- und Rechtsausf\u00fchrung.<br \/>Polygonwellen.[\/vc_column_text][vc_column_text css=&#8221;.vc_custom_1760610939909{margin-bottom: 30px !important;}&#8221; basel_color_scheme=&#8221;dark&#8221;]<\/p>\n<h5><strong style=\"color: #1b1919; font-family: Karla, Arial, Helvetica, sans-serif;\">RIEMENANTRIEBE<\/strong><\/h5>\n<p><\/p>\n<h5 style=\"margin-bottom: 10px;\"><\/h5>\n<p>Alle Arten von Standard-Rundriemen, Trapezprofil-Zahnriemen und Keilriemen sind lagerhaltig.[\/vc_column_text][\/vc_column][\/vc_row][vc_row content_placement=&#8221;middle&#8221; css=&#8221;.vc_custom_1451577043146{margin-bottom: 0px !important;}&#8221;][vc_column width=&#8221;1\/2&#8243; css=&#8221;.vc_custom_1438784954834{margin-bottom: 40px !important;}&#8221;][vc_column_text css=&#8221;&#8221; basel_color_scheme=&#8221;dark&#8221;]<\/p>\n<h2><strong>UNSERE LAGERBEST\u00c4NDE<\/strong><\/h2>\n<p><\/p>\n<p data-sourcepos=\"3:1-3:150\">Wir verstehen bei der NTT Group, dass Ausfallzeiten kostspielig sind. Deshalb f\u00fchren wir ein umfangreiches Inventar an essenziellen Kraft\u00fcbertragungskomponenten, die f\u00fcr den sofortigen Versand bereitliegen. Zahnr\u00e4der, Kettenr\u00e4der, Riemenscheiben, Zahnstangen \u2013 was auch immer Sie ben\u00f6tigen, wir haben es.<\/p>\n<p>&nbsp;[\/vc_column_text][vc_progress_bar values=&#8221;%5B%7B%22label%22%3A%22Rollenketten%22%2C%22value%22%3A%2290%22%2C%22customcolor%22%3A%22%23196767%22%7D%2C%7B%22label%22%3A%22Kettenr%5Cu00e4der%22%2C%22value%22%3A%2295%22%2C%22customcolor%22%3A%22%23196767%22%7D%2C%7B%22label%22%3A%22Zahnr%5Cu00e4der%20%26%20Zahnstangen%22%2C%22value%22%3A%2280%22%2C%22customcolor%22%3A%22%23196767%22%7D%2C%7B%22label%22%3A%22Riemen%20%26%20Riemenscheiben%22%2C%22value%22%3A%2270%22%2C%22customcolor%22%3A%22%23196767%22%7D%2C%7B%22label%22%3A%22F%5Cu00f6rderketten%22%2C%22value%22%3A%2290%22%2C%22customcolor%22%3A%22%23196767%22%7D%2C%7B%22label%22%3A%22Spline-Wellen%20%26%20Naben%22%2C%22value%22%3A%2270%22%7D%2C%7B%22label%22%3A%22Kupplungen%22%2C%22value%22%3A%2250%22%7D%5D&#8221; bgcolor=&#8221;custom&#8221; custombgcolor=&#8221;#1daaa3&#8243; customtxtcolor=&#8221;#ffffff&#8221;][\/vc_column][vc_column width=&#8221;1\/2&#8243; css=&#8221;.vc_custom_1438784968106{margin-bottom: 40px !important;}&#8221;][vc_single_image image=&#8221;20277&#8243; img_size=&#8221;614&#215;414&#8243; alignment=&#8221;center&#8221; css_animation=&#8221;right-to-left&#8221;][\/vc_column][\/vc_row]<\/p>\n<\/div>","protected":false},"excerpt":{"rendered":"<p>[vc_section full_width=&#8221;stretch_row&#8221; css=&#8221;.vc_custom_1694496734621{background-color: #f9f9f9 !important;}&#8221;][vc_row css=&#8221;.vc_custom_1542025031874{background-color: #f9f9f9 !important;}&#8221;][vc_column width=&#8221;1\/6&#8243;][\/vc_column][vc_column width=&#8221;2\/3&#8243;][vc_column_text] Lagerbestand &nbsp;[\/vc_column_text][vc_separator border_width=&#8221;2&#8243; css=&#8221;.vc_custom_1542025311822{margin-bottom: 20px !important;}&#8221;][\/vc_column][vc_column width=&#8221;1\/6&#8243;][\/vc_column][\/vc_row][vc_row css=&#8221;.vc_custom_1542025040822{background-color: #f9f9f9 !important;}&#8221;][vc_column<\/p>\n","protected":false},"author":3,"featured_media":0,"parent":0,"menu_order":0,"comment_status":"closed","ping_status":"open","template":"","meta":{"footnotes":""},"class_list":["post-51501","page","type-page","status-publish","hentry"],"_links":{"self":[{"href":"https:\/\/nttgroup.com\/de\/wp-json\/wp\/v2\/pages\/51501","targetHints":{"allow":["GET"]}}],"collection":[{"href":"https:\/\/nttgroup.com\/de\/wp-json\/wp\/v2\/pages"}],"about":[{"href":"https:\/\/nttgroup.com\/de\/wp-json\/wp\/v2\/types\/page"}],"author":[{"embeddable":true,"href":"https:\/\/nttgroup.com\/de\/wp-json\/wp\/v2\/users\/3"}],"replies":[{"embeddable":true,"href":"https:\/\/nttgroup.com\/de\/wp-json\/wp\/v2\/comments?post=51501"}],"version-history":[{"count":2,"href":"https:\/\/nttgroup.com\/de\/wp-json\/wp\/v2\/pages\/51501\/revisions"}],"predecessor-version":[{"id":51507,"href":"https:\/\/nttgroup.com\/de\/wp-json\/wp\/v2\/pages\/51501\/revisions\/51507"}],"wp:attachment":[{"href":"https:\/\/nttgroup.com\/de\/wp-json\/wp\/v2\/media?parent=51501"}],"curies":[{"name":"wp","href":"https:\/\/api.w.org\/{rel}","templated":true}]}}