{"id":51531,"date":"2026-03-02T07:32:56","date_gmt":"2026-03-02T07:32:56","guid":{"rendered":"https:\/\/nttgroup.com\/ntt-abweichungen\/"},"modified":"2026-04-24T14:36:31","modified_gmt":"2026-04-24T14:36:31","slug":"ntt-abweichungen","status":"publish","type":"page","link":"https:\/\/nttgroup.com\/de\/ntt-abweichungen\/","title":{"rendered":"NTT Abweichungen"},"content":{"rendered":"<div class=\"wpb-content-wrapper\"><p>[vc_section full_width=&#8221;stretch_row&#8221; css=&#8221;.vc_custom_1542025240624{background-color: #f9f9f9 !important;}&#8221;][vc_row css=&#8221;.vc_custom_1542025031874{background-color: #f9f9f9 !important;}&#8221;][vc_column width=&#8221;1\/6&#8243;][\/vc_column][vc_column width=&#8221;2\/3&#8243;][vc_column_text]<\/p>\n<h4 style=\"font-size: 42px; text-align: center;\">Nicht zufrieden?<\/h4>\n<p>[\/vc_column_text][\/vc_column][vc_column width=&#8221;1\/6&#8243;][\/vc_column][\/vc_row][\/vc_section][vc_row full_width=&#8221;stretch_row&#8221; css=&#8221;.vc_custom_1694062051816{margin-top: 40px !important;margin-bottom: 45px !important;}&#8221;][vc_column width=&#8221;1\/2&#8243; el_class=&#8221;text-left&#8221;][vc_column_text css=&#8221;.vc_custom_1760606936909{margin-bottom: 30px !important;}&#8221; basel_color_scheme=&#8221;dark&#8221;]<\/p>\n<div class=\"dxGrid\">\n<div class=\"dxGrid8 Main1\">\n<div class=\"dxGrid\">\n<div class=\"dxGrid8 Main1\">\n<div class=\"presented-response-container ng-tns-c4150723369-518\">\n<div class=\"response-container-content ng-tns-c4150723369-518\">\n<div class=\"response-content ng-trigger ng-trigger-responsePopulation ng-tns-c4150723369-518\">\n<div class=\"markdown markdown-main-panel ui-v2-enabled\" dir=\"ltr\">\n<h2 class=\"\" data-sourcepos=\"1:1-1:47\">Falsches Teil erhalten? Wir sind hier, um zu helfen!<\/h2>\n<p data-sourcepos=\"3:1-3:40\">Wenn Sie ein falsches Teil erhalten haben, kontaktieren Sie einfach Ihren Vertriebsmitarbeiter und beschreiben Sie das Problem. Unser engagiertes Qualit\u00e4tsteam wird sich umgehend um Ihre Reklamation k\u00fcmmern, den Fall gegebenenfalls gr\u00fcndlich mittels <b data-path-to-node=\"1\" data-index-in-node=\"250\">8D-Report<\/b> untersuchen und eine schnelle L\u00f6sung finden, damit Sie Ihren Betrieb fortsetzen k\u00f6nnen. Seien Sie versichert, dass wir uns dazu verpflichten, die besten Produkte zu liefern und etwaige Fehler effizient zu beheben.<\/p>\n<\/div>\n<p><\/div>\n<p><\/div>\n<p><\/div>\n<p><\/div>\n<p><\/div>\n<p><\/div>\n<p><\/div>\n<p>[\/vc_column_text][\/vc_column][vc_column width=&#8221;1\/2&#8243;][vc_single_image image=&#8221;15520&#8243; img_size=&#8221;full&#8221; alignment=&#8221;center&#8221; css_animation=&#8221;bottom-to-top&#8221;][\/vc_column][\/vc_row][vc_row][vc_column css=&#8221;.vc_custom_1716827067965{margin-bottom: 40px !important;}&#8221;][rev_slider_vc alias=&#8221;hookahs-slider&#8221;][\/vc_column][\/vc_row]<\/p>\n<\/div>","protected":false},"excerpt":{"rendered":"<p>[vc_section full_width=&#8221;stretch_row&#8221; css=&#8221;.vc_custom_1542025240624{background-color: #f9f9f9 !important;}&#8221;][vc_row css=&#8221;.vc_custom_1542025031874{background-color: #f9f9f9 !important;}&#8221;][vc_column width=&#8221;1\/6&#8243;][\/vc_column][vc_column width=&#8221;2\/3&#8243;][vc_column_text] Nicht zufrieden? [\/vc_column_text][\/vc_column][vc_column width=&#8221;1\/6&#8243;][\/vc_column][\/vc_row][\/vc_section][vc_row full_width=&#8221;stretch_row&#8221; css=&#8221;.vc_custom_1694062051816{margin-top: 40px !important;margin-bottom: 45px !important;}&#8221;][vc_column<\/p>\n","protected":false},"author":3,"featured_media":0,"parent":0,"menu_order":0,"comment_status":"closed","ping_status":"closed","template":"","meta":{"footnotes":""},"class_list":["post-51531","page","type-page","status-publish","hentry"],"_links":{"self":[{"href":"https:\/\/nttgroup.com\/de\/wp-json\/wp\/v2\/pages\/51531","targetHints":{"allow":["GET"]}}],"collection":[{"href":"https:\/\/nttgroup.com\/de\/wp-json\/wp\/v2\/pages"}],"about":[{"href":"https:\/\/nttgroup.com\/de\/wp-json\/wp\/v2\/types\/page"}],"author":[{"embeddable":true,"href":"https:\/\/nttgroup.com\/de\/wp-json\/wp\/v2\/users\/3"}],"replies":[{"embeddable":true,"href":"https:\/\/nttgroup.com\/de\/wp-json\/wp\/v2\/comments?post=51531"}],"version-history":[{"count":5,"href":"https:\/\/nttgroup.com\/de\/wp-json\/wp\/v2\/pages\/51531\/revisions"}],"predecessor-version":[{"id":53164,"href":"https:\/\/nttgroup.com\/de\/wp-json\/wp\/v2\/pages\/51531\/revisions\/53164"}],"wp:attachment":[{"href":"https:\/\/nttgroup.com\/de\/wp-json\/wp\/v2\/media?parent=51531"}],"curies":[{"name":"wp","href":"https:\/\/api.w.org\/{rel}","templated":true}]}}