{"id":20108,"date":"2024-01-31T14:10:29","date_gmt":"2024-01-31T14:10:29","guid":{"rendered":"https:\/\/nttgroup.com\/gear-mittauskoneet\/"},"modified":"2025-10-16T10:08:05","modified_gmt":"2025-10-16T10:08:05","slug":"gear-mittauskoneet","status":"publish","type":"page","link":"https:\/\/nttgroup.com\/fi\/gear-mittauskoneet\/","title":{"rendered":"Gear mittauskoneet"},"content":{"rendered":"<div class=\"wpb-content-wrapper\"><p>[vc_section full_width=&#8221;stretch_row&#8221; css=&#8221;.vc_custom_1542025240624{background-color: #f9f9f9 !important;}&#8221;][vc_row css=&#8221;.vc_custom_1542025031874{background-color: #f9f9f9 !important;}&#8221;][vc_column width=&#8221;1\/6&#8243;][\/vc_column][vc_column width=&#8221;2\/3&#8243;][vc_column_text]<\/p>\n<h4 style=\"font-size: 42px; text-align: center;\"><span class=\"color-primary\">Gear mittauskoneet<\/span><\/h4>\n<p>[\/vc_column_text][vc_separator border_width=&#8221;2&#8243; css=&#8221;.vc_custom_1542025311822{margin-bottom: 20px !important;}&#8221;][\/vc_column][vc_column width=&#8221;1\/6&#8243;][\/vc_column][\/vc_row][vc_row css=&#8221;.vc_custom_1542025040822{background-color: #f9f9f9 !important;}&#8221;][vc_column width=&#8221;1\/3&#8243;]\t\t\t<div class=\" basel-info-box text-center icon-alignment-top box-style-base color-scheme-dark  with-animation \" onclick=\"\">\n\t\t\t\t\t\t\t\t<div class=\"info-box-content\">\n\t\t\t\t\t<div class=\"info-box-inner\">\n\t\t\t\t\t\t<\/p>\n<h2>Pienet Gears<\/h2>\n<p>Min. moduuli 0.5<\/p>\n\t\t\t\t\t<\/div>\n\t\t\t\t<\/div>\n\t\t\t<\/div>\n\t\t[\/vc_column][vc_column width=&#8221;1\/3&#8243;]\t\t\t<div class=\" basel-info-box text-center icon-alignment-top box-style-base color-scheme-dark  with-animation \" onclick=\"\">\n\t\t\t\t\t\t\t\t<div class=\"info-box-content\">\n\t\t\t\t\t<div class=\"info-box-inner\">\n\t\t\t\t\t\t<\/p>\n<h2>Korkein laatu<\/h2>\n<p>Vaihteiston tarkastuksen tarkkuus <strong>Group I<\/strong><br \/>\n(VDI\/VDE 2612\/2613)<\/p>\n\t\t\t\t\t<\/div>\n\t\t\t\t<\/div>\n\t\t\t<\/div>\n\t\t[\/vc_column][vc_column width=&#8221;1\/3&#8243;]\t\t\t<div class=\" basel-info-box text-center icon-alignment-top box-style-base color-scheme-dark  with-animation \" onclick=\"\">\n\t\t\t\t\t\t\t\t<div class=\"info-box-content\">\n\t\t\t\t\t<div class=\"info-box-inner\">\n\t\t\t\t\t\t<\/p>\n<h2>Big Gears<\/h2>\n<p>Jopa \u00d8400 mm<\/p>\n\t\t\t\t\t<\/div>\n\t\t\t\t<\/div>\n\t\t\t<\/div>\n\t\t[\/vc_column][\/vc_row][\/vc_section][vc_row full_width=&#8221;stretch_row_content_no_spaces&#8221; content_placement=&#8221;top&#8221; css=&#8221;.vc_custom_1706685155868{margin-top: 40px !important;margin-bottom: 40px !important;}&#8221;][vc_column width=&#8221;1\/2&#8243; offset=&#8221;vc_col-md-6&#8243;][vc_single_image image=&#8221;14759&#8243; img_size=&#8221;500x&#8221; alignment=&#8221;center&#8221;][\/vc_column][vc_column width=&#8221;1\/2&#8243; css=&#8221;.vc_custom_1485009354843{margin-top: 25px !important;margin-bottom: 40px !important;padding-right: 10% !important;padding-left: 10% !important;}&#8221; offset=&#8221;vc_col-md-6&#8243;][vc_column_text css=&#8221;.vc_custom_1585238636472{margin-bottom: 30px !important;}&#8221;]<\/p>\n<h1 class=\"font-title\" style=\"text-align: center; font-size: 42px; text-transform: capitalize;\"><span style=\"border-bottom: 1px solid #BDBDBD; padding-bottom: 4px;\">Vaihteiston tarkastus<\/span><\/h1>\n<h3 class=\"LC20lb\" style=\"text-align: center;\">\u00d8 400\u00a0mm | min. M=0.5<\/h3>\n<p>[\/vc_column_text][vc_column_text css=&#8221;.vc_custom_1585238741795{padding-right: 30px !important;padding-left: 30px !important;}&#8221;]<\/p>\n<div title=\"Page 1\">\n<table border=\"0\" width=\"721\" cellspacing=\"0\" cellpadding=\"0\">\n<colgroup>\n<col width=\"203\" \/>\n<col width=\"120\" \/>\n<col width=\"115\" \/>\n<col width=\"107\" \/>\n<col width=\"176\" \/><\/colgroup>\n<tbody>\n<tr>\n<td class=\"xl65\" width=\"203\" height=\"53\">Brand \/ type<\/td>\n<td class=\"xl65\" width=\"120\">\u00d8 max [mm]<\/td>\n<td class=\"xl65\" width=\"115\">L max [mm]<\/td>\n<td class=\"xl65\" width=\"107\">weight [kg]<\/td>\n<td class=\"xl66\" width=\"176\">Quality<br \/>\nVDI\/VDE 2612\/2613<\/p>\n<div title=\"Page 1\"><\/div>\n<\/td>\n<\/tr>\n<tr>\n<td class=\"xl65\" height=\"27\">Liebherr WGT400<\/td>\n<td class=\"xl65\" align=\"right\">400<\/td>\n<td class=\"xl65\" align=\"right\">650<\/td>\n<td class=\"xl65\" align=\"right\">180<\/td>\n<td class=\"xl65\">Group I<\/td>\n<\/tr>\n<tr>\n<td class=\"xl65\" height=\"27\">Wenzel Smart Gear<\/td>\n<td align=\"right\">400<\/td>\n<td align=\"right\">500<\/td>\n<td align=\"right\">100<\/td>\n<td class=\"xl65\">Group II<\/td>\n<\/tr>\n<\/tbody>\n<\/table>\n<\/div>\n<p>[\/vc_column_text][\/vc_column][\/vc_row][vc_row full_width=&#8221;stretch_row&#8221; css=&#8221;.vc_custom_1706509912284{background-color: #f9f9f9 !important;}&#8221;][vc_column width=&#8221;1\/6&#8243;][\/vc_column][vc_column width=&#8221;2\/3&#8243;][vc_column_text]<\/p>\n<h1 style=\"font-size: 42px; text-align: center;\"><span class=\"color-primary\">Vaihteiden mittaus CMM<\/span><\/h1>\n<p>[\/vc_column_text][vc_separator border_width=&#8221;2&#8243; css=&#8221;.vc_custom_1542025311822{margin-bottom: 20px !important;}&#8221;][\/vc_column][vc_column width=&#8221;1\/6&#8243;][\/vc_column][\/vc_row][vc_row full_width=&#8221;stretch_row&#8221; css=&#8221;.vc_custom_1706686805987{margin-bottom: 40px !important;background-color: #f9f9f9 !important;}&#8221;][vc_column][vc_column_text css=&#8221;&#8221; basel_color_scheme=&#8221;dark&#8221;]Esittelyss\u00e4 Gear Inspection, \u00e4\u00e4rimm\u00e4inen ratkaisu huippuluokan vaihteiston suorituskyvyn varmistamiseen. Suunniteltu t\u00e4ytt\u00e4m\u00e4\u00e4n korkeimmat ruotsalaiset tarkkuusstandardit, vaihteistotarkastuslaitteistomme takaavat tarkat mittaukset ja luotettavat tulokset joka kerta.<\/p>\n<p>Vaihteiston tarkastusj\u00e4rjestelm\u00e4mme ansiosta voit odottaa vain erinomaisuutta. Hy\u00f6dynt\u00e4m\u00e4ll\u00e4 uusinta teknologiaa ja edistyksellisi\u00e4 tekniikoita toimitamme poikkeuksellisen laadukkaita tuotteita, jotka on rakennettu kest\u00e4m\u00e4\u00e4n. Nauti mielenrauhasta, jonka tuo tuotteiden pidempi k\u00e4ytt\u00f6ik\u00e4, mik\u00e4 v\u00e4hent\u00e4\u00e4 toistuvien vaihtotarvetta ja minimoi huoltotarpeita.<\/p>\n<p>Vaihteiston tarkastusty\u00f6kalumme on erityisesti suunniteltu vastaamaan eri toimialojen vaatimuksia, ja ne tarjoavat kattavat ja luotettavat tulokset. Ammattilaiset ymp\u00e4ri maailmaa luottavat vaihteiden tarkastuslaitteisiimme auto- ja avaruusteollisuudesta varmistaakseen vaihteiston optimaalisen suorituskyvyn.<\/p>\n<p>Mit\u00e4 tulee tarkkuussuunnitteluun, asetamme standardin. Vaihteistotarkastustuotteemme hy\u00f6dynt\u00e4v\u00e4t uusinta tekniikkaa ja noudattavat tiukimpia laadunvalvontatoimenpiteit\u00e4, mik\u00e4 takaa tarkat mittaukset ja tarkan analyysin. Vaihteistotarkastusratkaisujemme avulla voit luotettavasti arvioida vaihteistosi eheyden ja suorituskyvyn, mik\u00e4 mahdollistaa tehokkuuden optimoinnin ja kalliiden vikojen est\u00e4misen.<\/p>\n<p>Valitse ruotsalaiset tarkkuusvaihteiden tarkastustuotteemme ja koe ero laadussa ja luotettavuudessa. P\u00e4ivit\u00e4 varusteanalyysikykysi jo t\u00e4n\u00e4\u00e4n ja nosta toimintasi uusiin korkeuksiin.[\/vc_column_text][\/vc_column][\/vc_row][vc_row css=&#8221;.vc_custom_1451575485367{margin-bottom: 65px !important;}&#8221;][vc_column width=&#8221;1\/2&#8243; css=&#8221;.vc_custom_1451389567526{padding-right: 40px !important;}&#8221;][vc_single_image image=&#8221;20101&#8243; img_size=&#8221;full&#8221; alignment=&#8221;center&#8221; css_animation=&#8221;left-to-right&#8221;][\/vc_column][vc_column width=&#8221;1\/2&#8243;][vc_column_text css=&#8221;.vc_custom_1760609272468{margin-bottom: 30px !important;}&#8221; basel_color_scheme=&#8221;dark&#8221;]<\/p>\n<h2 style=\"margin-bottom: 15px;\"><strong>RAPORTOINTI, ETT\u00c4 LAATU<\/strong><\/h2>\n<p class=\"Normal\">Saat raportit huippukunnossa korkealaatuisen raporttitarkastuspalvelumme avulla. Tarkkuuteen ja yksityiskohtiin keskittyen asiantuntijamme tutkivat huolellisesti kaikki raporttisi osat varmistaen tarkkuuden ja perusteellisuuden. Yksik\u00e4\u00e4n pieni osa j\u00e4\u00e4 huomaamatta, kun tarkastelemme jokaista elementti\u00e4 mahdollisten virheiden tai ep\u00e4johdonmukaisuuksien varalta. Luota meihin kattavan tarkastuksen tekemisess\u00e4, joka takaa raporttiesi \u00e4\u00e4rimm\u00e4isen laadun. Ota huoli k\u00e4sist\u00e4si ja anna tarkastuspalvelumme antaa raporteillesi ansaitsemansa tarkkuuden.<\/p>\n<p>[\/vc_column_text][\/vc_column][\/vc_row][vc_row css=&#8221;.vc_custom_1451575485367{margin-bottom: 65px !important;}&#8221;][vc_column width=&#8221;1\/2&#8243;][vc_column_text css=&#8221;.vc_custom_1760609280499{margin-bottom: 30px !important;}&#8221; basel_color_scheme=&#8221;dark&#8221;]<\/p>\n<h2 style=\"margin-bottom: 15px;\"><strong>LAATU 6 JA PAREMPI<\/strong><\/h2>\n<p>Laatustandardit ovat ensiarvoisen t\u00e4rkeit\u00e4, jotta voidaan varmistaa korkealaatuisten vertailuarvojen noudattaminen eri toimialoilla. N\u00e4m\u00e4 standardit toimivat ohjeina ammattilaisille ja insin\u00f6\u00f6reille ja tarjoavat heille puitteet, jotka t\u00e4ytt\u00e4v\u00e4t ja ylitt\u00e4v\u00e4t asiakkaiden odotukset. Kaksi laajalti tunnustettua standardia tekniikan alalla ovat DIN-standardi ja AGMA-standardi. N\u00e4m\u00e4 standardit m\u00e4\u00e4rittelev\u00e4t erityiset vaatimukset ja suuntaviivat tuotteiden laadun eri osa-alueille suunnittelusta valmistukseen ja suorituskykyyn. N\u00e4iden standardien t\u00e4ytt\u00e4miseksi tuotteiden on saavutettava laatuluokitus v\u00e4hint\u00e4\u00e4n 6, mik\u00e4 osoittaa korkeaa tarkkuutta, kest\u00e4vyytt\u00e4 ja yleist\u00e4 erinomaisuutta. N\u00e4iden laatustandardien noudattaminen on eritt\u00e4in t\u00e4rke\u00e4\u00e4 ammattilaisille ja insin\u00f6\u00f6reille voidakseen toimittaa tuotteita, jotka t\u00e4ytt\u00e4v\u00e4t ja jopa ylitt\u00e4v\u00e4t asiakkaiden odotukset.<\/p>\n<p>Korkein laatu saavutetaan huippuluokan koneidemme ansiosta. NTT Groupin valmistuksessa k\u00e4ytet\u00e4\u00e4n EMAG:n hammaspy\u00f6r\u00e4hiomakoneita sek\u00e4 Burrin ja Okamoton hammaspy\u00f6r\u00e4hiomakoneita.[\/vc_column_text][\/vc_column][vc_column width=&#8221;1\/2&#8243; css=&#8221;.vc_custom_1451389567526{padding-right: 40px !important;}&#8221;][vc_single_image image=&#8221;14946&#8243; img_size=&#8221;full&#8221; alignment=&#8221;center&#8221; css_animation=&#8221;left-to-right&#8221;][\/vc_column][\/vc_row]<\/p>\n<\/div>","protected":false},"excerpt":{"rendered":"<p>[vc_section full_width=&#8221;stretch_row&#8221; css=&#8221;.vc_custom_1542025240624{background-color: #f9f9f9 !important;}&#8221;][vc_row css=&#8221;.vc_custom_1542025031874{background-color: #f9f9f9 !important;}&#8221;][vc_column width=&#8221;1\/6&#8243;][\/vc_column][vc_column width=&#8221;2\/3&#8243;][vc_column_text] Gear mittauskoneet [\/vc_column_text][vc_separator border_width=&#8221;2&#8243; css=&#8221;.vc_custom_1542025311822{margin-bottom: 20px !important;}&#8221;][\/vc_column][vc_column width=&#8221;1\/6&#8243;][\/vc_column][\/vc_row][vc_row css=&#8221;.vc_custom_1542025040822{background-color: #f9f9f9<\/p>\n","protected":false},"author":3,"featured_media":0,"parent":0,"menu_order":0,"comment_status":"closed","ping_status":"closed","template":"","meta":{"footnotes":""},"class_list":["post-20108","page","type-page","status-publish","hentry"],"_links":{"self":[{"href":"https:\/\/nttgroup.com\/fi\/wp-json\/wp\/v2\/pages\/20108","targetHints":{"allow":["GET"]}}],"collection":[{"href":"https:\/\/nttgroup.com\/fi\/wp-json\/wp\/v2\/pages"}],"about":[{"href":"https:\/\/nttgroup.com\/fi\/wp-json\/wp\/v2\/types\/page"}],"author":[{"embeddable":true,"href":"https:\/\/nttgroup.com\/fi\/wp-json\/wp\/v2\/users\/3"}],"replies":[{"embeddable":true,"href":"https:\/\/nttgroup.com\/fi\/wp-json\/wp\/v2\/comments?post=20108"}],"version-history":[{"count":3,"href":"https:\/\/nttgroup.com\/fi\/wp-json\/wp\/v2\/pages\/20108\/revisions"}],"predecessor-version":[{"id":47322,"href":"https:\/\/nttgroup.com\/fi\/wp-json\/wp\/v2\/pages\/20108\/revisions\/47322"}],"wp:attachment":[{"href":"https:\/\/nttgroup.com\/fi\/wp-json\/wp\/v2\/media?parent=20108"}],"curies":[{"name":"wp","href":"https:\/\/api.w.org\/{rel}","templated":true}]}}