{"id":20255,"date":"2024-02-14T07:11:18","date_gmt":"2024-02-14T07:11:18","guid":{"rendered":"https:\/\/nttgroup.com\/cnc-jyrsinta\/"},"modified":"2025-10-16T10:10:51","modified_gmt":"2025-10-16T10:10:51","slug":"cnc-jyrsinta","status":"publish","type":"page","link":"https:\/\/nttgroup.com\/fi\/cnc-jyrsinta\/","title":{"rendered":"CNC jyrsint\u00e4"},"content":{"rendered":"<div class=\"wpb-content-wrapper\"><p>[vc_section full_width=&#8221;stretch_row&#8221; css=&#8221;.vc_custom_1542025240624{background-color: #f9f9f9 !important;}&#8221;][vc_row css=&#8221;.vc_custom_1542025031874{background-color: #f9f9f9 !important;}&#8221;][vc_column width=&#8221;1\/6&#8243;][\/vc_column][vc_column width=&#8221;2\/3&#8243;][vc_column_text]<\/p>\n<h4 style=\"font-size: 42px; text-align: center;\">CNC Jyrsint\u00e4<\/h4>\n<p>[\/vc_column_text][vc_separator border_width=&#8221;2&#8243; css=&#8221;.vc_custom_1542025311822{margin-bottom: 20px !important;}&#8221;][\/vc_column][vc_column width=&#8221;1\/6&#8243;][\/vc_column][\/vc_row][vc_row css=&#8221;.vc_custom_1542025040822{background-color: #f9f9f9 !important;}&#8221;][vc_column width=&#8221;1\/3&#8243;]\t\t\t<div class=\" basel-info-box text-center icon-alignment-top box-style-base color-scheme-dark  with-animation \" onclick=\"\">\n\t\t\t\t\t\t\t\t<div class=\"info-box-content\">\n\t\t\t\t\t<div class=\"info-box-inner\">\n\t\t\t\t\t\t<\/p>\n<h2>Ohjaus<\/h2>\n<p>Heidenhain-ohjauskoneita k\u00e4ytet\u00e4\u00e4n vaativiin sovelluksiin<\/p>\n\t\t\t\t\t<\/div>\n\t\t\t\t<\/div>\n\t\t\t<\/div>\n\t\t[\/vc_column][vc_column width=&#8221;1\/3&#8243;]\t\t\t<div class=\" basel-info-box text-center icon-alignment-top box-style-base color-scheme-dark  with-animation \" onclick=\"\">\n\t\t\t\t\t\t\t\t<div class=\"info-box-content\">\n\t\t\t\t\t<div class=\"info-box-inner\">\n\t\t\t\t\t\t<\/p>\n<h2>CAM<\/h2>\n<p>K\u00e4yt\u00e4mme CAD &amp; CAM -ohjelmistoja monimutkaisiin jyrsint\u00e4operaatioihin<\/p>\n\t\t\t\t\t<\/div>\n\t\t\t\t<\/div>\n\t\t\t<\/div>\n\t\t[\/vc_column][vc_column width=&#8221;1\/3&#8243;]\t\t\t<div class=\" basel-info-box text-center icon-alignment-top box-style-base color-scheme-dark  with-animation \" onclick=\"\">\n\t\t\t\t\t\t\t\t<div class=\"info-box-content\">\n\t\t\t\t\t<div class=\"info-box-inner\">\n\t\t\t\t\t\t<\/p>\n<h2>5th Axis<\/h2>\n<p>Samanaikainen dynaaminen 5X jyrsint\u00e4 yhdell\u00e4 asennuksella<\/p>\n\t\t\t\t\t<\/div>\n\t\t\t\t<\/div>\n\t\t\t<\/div>\n\t\t[\/vc_column][\/vc_row][\/vc_section][vc_row full_width=&#8221;stretch_row_content_no_spaces&#8221; content_placement=&#8221;top&#8221; css=&#8221;.vc_custom_1542028241205{margin-top: 40px !important;margin-bottom: -40px !important;}&#8221;][vc_column width=&#8221;1\/2&#8243; offset=&#8221;vc_col-md-6&#8243;][vc_single_image image=&#8221;14849&#8243; img_size=&#8221;full&#8221;][\/vc_column][vc_column width=&#8221;1\/2&#8243; css=&#8221;.vc_custom_1485009354843{margin-top: 25px !important;margin-bottom: 40px !important;padding-right: 10% !important;padding-left: 10% !important;}&#8221; offset=&#8221;vc_col-md-6&#8243;][vc_column_text css=&#8221;.vc_custom_1709109987964{margin-bottom: 30px !important;}&#8221;]<\/p>\n<h1 class=\"font-title\" style=\"text-align: center; font-size: 42px; text-transform: capitalize;\"><span style=\"border-bottom: 1px solid #BDBDBD; padding-bottom: 4px;\">Jyrsint\u00e4 CNC<\/span><\/h1>\n<h3 class=\"LC20lb\" style=\"text-align: center;\">2100 x 760 x 630 mm | enint\u00e4\u00e4n 3000 kg<\/h3>\n<p>[\/vc_column_text][vc_column_text css=&#8221;.vc_custom_1760609432819{padding-right: 30px !important;padding-left: 30px !important;}&#8221; basel_color_scheme=&#8221;dark&#8221;]Konepajassamme pystyy jyrsim\u00e4\u00e4n vaativia kappaleita koosta riippumatta.<span class=\"mwai-text\"> K\u00e4yt\u00e4mme Fanuc- ja Heidenhain-ohjauksia.<\/span><\/p>\n<table border=\"0\" width=\"505\" cellspacing=\"0\" cellpadding=\"0\">\n<colgroup>\n<col width=\"197\">\n<col width=\"124\">\n<col span=\"2\" width=\"92\"><\/colgroup>\n<tbody>\n<tr>\n<td class=\"xl66\" width=\"197\" height=\"28\"><strong>Kone<\/strong><\/td>\n<td class=\"xl66\" width=\"124\"><strong>X\/Y\/Z<\/strong><\/td>\n<td class=\"xl66\" width=\"92\"><\/td>\n<td class=\"xl66\" width=\"92\"><strong>M\u00e4\u00e4r\u00e4<\/strong><\/td>\n<\/tr>\n<tr>\n<td class=\"xl65\" height=\"20\">Dahlih DMV-2000<\/td>\n<td>200\/700\/650<\/td>\n<td><\/td>\n<td align=\"right\">1<\/td>\n<\/tr>\n<tr>\n<td class=\"xl65\" height=\"20\">Dahlih MCV-1700<\/td>\n<td>1700\/800\/750<\/td>\n<td><\/td>\n<td align=\"right\">1<\/td>\n<\/tr>\n<tr>\n<td class=\"xl65\" height=\"20\">Hyundai Wia F400<\/td>\n<td>800\/460\/520<\/td>\n<td>3+1X<\/td>\n<td align=\"right\">1<\/td>\n<\/tr>\n<tr>\n<td class=\"xl69\" height=\"20\">Hyundai Wia F650PLUS<\/td>\n<td>1400\/660\/635<\/td>\n<td><\/td>\n<td align=\"right\">1<\/td>\n<\/tr>\n<tr>\n<td class=\"xl68\" height=\"20\">Hyundai Wia KF 5600<\/td>\n<td>1100\/560\/520<\/td>\n<td><\/td>\n<td align=\"right\">2<\/td>\n<\/tr>\n<tr>\n<td class=\"xl68\" height=\"20\">Hyundai Wia KF 5600C<\/td>\n<td>1100\/560\/635<\/td>\n<td><\/td>\n<td align=\"right\">1<\/td>\n<\/tr>\n<tr>\n<td class=\"xl67\" height=\"20\">Hyundai Wia KF7600L<\/td>\n<td>2100\/760\/635<\/td>\n<td>3+1X<\/td>\n<td align=\"right\">1<\/td>\n<\/tr>\n<tr>\n<td class=\"xl67\" height=\"20\">Hyundai Wia XF6300<\/td>\n<td>650\/765\/500<\/td>\n<td>5X<\/td>\n<td align=\"right\">1<\/td>\n<\/tr>\n<\/tbody>\n<\/table>\n<p>[\/vc_column_text][\/vc_column][\/vc_row][vc_row full_width=&#8221;stretch_row&#8221; content_placement=&#8221;middle&#8221; css=&#8221;.vc_custom_1707801645313{margin-bottom: 0px !important;background-color: #f9f9f9 !important;}&#8221;][vc_column width=&#8221;1\/2&#8243; css=&#8221;.vc_custom_1438784954834{margin-bottom: 40px !important;}&#8221;][vc_column_text css=&#8221;&#8221; basel_color_scheme=&#8221;dark&#8221;]<\/p>\n<h2>KONEISTUSOSAAMINEN: PERUSTUEN HUIPPUTEKNOLOGIAAN<\/h2>\n<div class=\"dxGrid\">\n<div class=\"dxGrid8 Main1\">\n<p>Me NTT Groupissa ymm\u00e4rr\u00e4mme , ett\u00e4 tarkkojen ja vaativien hammastuksien valmistus edellytt\u00e4\u00e4 parhaat markkinoilla olevat ty\u00f6st\u00f6koneet. T\u00e4m\u00e4n vuoksi panostamme konekantaamme, johon kuuluu p\u00e4\u00e4asiassa uusia ja huippuluokan Hyundai WIA CNC-jyrsinkoneita. N\u00e4m\u00e4 uusimman teknologian mukaiset koneet ovat varustettu uusimmilla Heidenhainin tai Fanucin CNC-ohjauksilla , jotka ovat tunnettuja alan johtajia. T\u00e4m\u00e4 tehokas yhdistelm\u00e4 mahdollistaa meille seuraavat edut::<\/p>\n<p>Vertaansa vailla oleva tarkkuus: Edistyneet ominaisuudet ja tiukat toleranssit varmistavat, ett\u00e4 jokainen hammastettu komponentti koneistetaan poikkeuksellisella tarkkuudella, t\u00e4ytt\u00e4en vaativimmatkin tekniset vaatimukset.<\/p>\n<p>Parannettu tehokkuus: Nykyaikainen teknologia mahdollistaa nopeammat koneistusajat ja parannetut tuotantoprosessit, lopputuloksena tarjoamme kustannustehokkaita ratkaisuja asiakkaillemme.<\/p>\n<p>Kokonaisvaltainen hallinta: K\u00e4ytt\u00e4j\u00e4yst\u00e4v\u00e4lliset ohjelmistot mahdollistavat kokeneille koneistajillemme valmistaa tarkkoja ja monimutkaisia koneistustoimenpiteit\u00e4, saavuttaen optimaaliset tulokset.<\/p>\n<p>Tulevaisuuteen suuntautuva teknologia: Jatkuva panostus uusimpiin CNC-koneisiin varmistaa pysymisen alan k\u00e4rjess\u00e4, sit\u00e4 me NTT Groupissa vaalimme.<\/p>\n<p>Hy\u00f6dynt\u00e4m\u00e4ll\u00e4 t\u00e4t\u00e4 edistynytt\u00e4 teknologiaa varmistamme, ett\u00e4 jokainen valmistettu tuotteemme on tehty tinkim\u00e4tt\u00f6m\u00e4ll\u00e4 tarkkuudella, tehokkuudella ja laadulla. Uusien investointien tekeminen mahdollistaa luotettavien ja korkealaatuisten tuotteiden toimittamisen, jotka olemme asiakkaillemme luvanneet.<\/p>\n<\/div>\n<\/div>\n<p>[\/vc_column_text][\/vc_column][vc_column width=&#8221;1\/2&#8243; css=&#8221;.vc_custom_1438784968106{margin-bottom: 40px !important;}&#8221;][vc_single_image image=&#8221;20226&#8243; img_size=&#8221;large&#8221; alignment=&#8221;center&#8221; css_animation=&#8221;right-to-left&#8221;][\/vc_column][\/vc_row][vc_row full_width=&#8221;stretch_row&#8221; content_placement=&#8221;middle&#8221; css=&#8221;.vc_custom_1707892189539{margin-bottom: 0px !important;}&#8221;][vc_column width=&#8221;1\/2&#8243; css=&#8221;.vc_custom_1438784954834{margin-bottom: 40px !important;}&#8221;][vc_single_image image=&#8221;20246&#8243; img_size=&#8221;large&#8221; alignment=&#8221;center&#8221; css_animation=&#8221;right-to-left&#8221;][\/vc_column][vc_column width=&#8221;1\/2&#8243; css=&#8221;.vc_custom_1438784968106{margin-bottom: 40px !important;}&#8221;][vc_column_text css=&#8221;&#8221; basel_color_scheme=&#8221;dark&#8221;]<\/p>\n<h2>MEID\u00c4N CNC-JYRSINT\u00c4 OSAAMISEMME ON JOUSTAVA JA LAAJA<\/h2>\n<div class=\"dxGrid\">\n<div class=\"dxGrid8 Main1\">\n<p>Kun projektisi vaatii suurikokoisia hammaspy\u00f6ri\u00e4, NTT-Group on juuri oikea kumppani sinulle, joka arvostat laatua ja t\u00e4sm\u00e4llisi\u00e4 toimitusaikoja. Olemme erikoistuneet suurikokoisten osien koneistukseen samalla tarkkuudella ja tinkim\u00e4tt\u00f6m\u00e4ll\u00e4 laadulla kuin koko meid\u00e4n toimitusketjumme.<\/p>\n<p>Miksi olemme niin vahvoja suurikokoisten osien valmistamisessa?<\/p>\n<p>Laaja kapasiteetti: CNC-koneemme tarjoavat mahdollisuuden suurempien osien valmistuksen kuin mihin perinteinen jyrsint\u00e4 pystyy. &nbsp;Olipa kyseess\u00e4 sitten, suuri hammaskeh\u00e4 tai pieni hammaspy\u00f6r\u00e4 me pystymme hoitamaan sen.<\/p>\n<p>Tarkkuus: Markkinoiden uusimmat CNC-ty\u00f6st\u00f6koneet ja kokeneet koneistajamme takaavat vertaansa vailla olevan tarkkuuden.<\/p>\n<p>Saumaton valmistusketju:&nbsp; Kokenut tiimimme ymm\u00e4rt\u00e4\u00e4 ja osaa vaativamminkin osien valmistuksen. Meill\u00e4 on asiantuntemusta projektien logistiikan, materiaalink\u00e4sittelyn ja koneistuksen ty\u00f6nkulun hallinnassa virheett\u00f6m\u00e4sti, varmistaen tehokkuuden ja ajantasaisen toimituksen.<\/p>\n<p>Laatu, johon voit luottaa: Sitoutumisemme laatuun ei heikkene koosta riippumatta. Noudatamme tinkim\u00e4tt\u00f6m\u00e4sti laadunvalvontatoimenpiteit\u00e4 ja kansainv\u00e4lisi\u00e4 standardeja kaikissa projekteissamme, olivat ne sitten suuria tai pieni\u00e4.<\/p>\n<p>NTT Group tarjoaa korkean tarkkuuden CNC-jyrsint\u00e4\u00e4 hammaspy\u00f6rille ja muille komponenteille. Hoidamme suuria projekteja ja tarjoamme kilpailukykyisi\u00e4 hintoja.<\/p>\n<\/div>\n<\/div>\n<p>[\/vc_column_text][\/vc_column][\/vc_row]<\/p>\n<\/div>","protected":false},"excerpt":{"rendered":"<p>[vc_section full_width=&#8221;stretch_row&#8221; css=&#8221;.vc_custom_1542025240624{background-color: #f9f9f9 !important;}&#8221;][vc_row css=&#8221;.vc_custom_1542025031874{background-color: #f9f9f9 !important;}&#8221;][vc_column width=&#8221;1\/6&#8243;][\/vc_column][vc_column width=&#8221;2\/3&#8243;][vc_column_text] CNC Jyrsint\u00e4 [\/vc_column_text][vc_separator border_width=&#8221;2&#8243; css=&#8221;.vc_custom_1542025311822{margin-bottom: 20px !important;}&#8221;][\/vc_column][vc_column width=&#8221;1\/6&#8243;][\/vc_column][\/vc_row][vc_row css=&#8221;.vc_custom_1542025040822{background-color: #f9f9f9<\/p>\n","protected":false},"author":3,"featured_media":0,"parent":0,"menu_order":0,"comment_status":"closed","ping_status":"closed","template":"","meta":{"footnotes":""},"class_list":["post-20255","page","type-page","status-publish","hentry"],"_links":{"self":[{"href":"https:\/\/nttgroup.com\/fi\/wp-json\/wp\/v2\/pages\/20255","targetHints":{"allow":["GET"]}}],"collection":[{"href":"https:\/\/nttgroup.com\/fi\/wp-json\/wp\/v2\/pages"}],"about":[{"href":"https:\/\/nttgroup.com\/fi\/wp-json\/wp\/v2\/types\/page"}],"author":[{"embeddable":true,"href":"https:\/\/nttgroup.com\/fi\/wp-json\/wp\/v2\/users\/3"}],"replies":[{"embeddable":true,"href":"https:\/\/nttgroup.com\/fi\/wp-json\/wp\/v2\/comments?post=20255"}],"version-history":[{"count":5,"href":"https:\/\/nttgroup.com\/fi\/wp-json\/wp\/v2\/pages\/20255\/revisions"}],"predecessor-version":[{"id":47334,"href":"https:\/\/nttgroup.com\/fi\/wp-json\/wp\/v2\/pages\/20255\/revisions\/47334"}],"wp:attachment":[{"href":"https:\/\/nttgroup.com\/fi\/wp-json\/wp\/v2\/media?parent=20255"}],"curies":[{"name":"wp","href":"https:\/\/api.w.org\/{rel}","templated":true}]}}