{"id":20429,"date":"2024-02-27T07:31:25","date_gmt":"2024-02-27T07:31:25","guid":{"rendered":"https:\/\/nttgroup.com\/varastointi\/"},"modified":"2024-04-17T06:08:07","modified_gmt":"2024-04-17T06:08:07","slug":"varastointi","status":"publish","type":"page","link":"https:\/\/nttgroup.com\/fi\/varastointi\/","title":{"rendered":"Varastointi"},"content":{"rendered":"<div class=\"wpb-content-wrapper\"><p>[vc_section full_width=&#8221;stretch_row&#8221; css=&#8221;.vc_custom_1694496734621{background-color: #f9f9f9 !important;}&#8221;][vc_row css=&#8221;.vc_custom_1542025031874{background-color: #f9f9f9 !important;}&#8221;][vc_column width=&#8221;1\/6&#8243;][\/vc_column][vc_column width=&#8221;2\/3&#8243;][vc_column_text]<\/p>\n<h4 style=\"font-size: 42px; text-align: center;\">Varastointi<\/h4>\n<p>[\/vc_column_text][vc_separator border_width=&#8221;2&#8243; css=&#8221;.vc_custom_1542025311822{margin-bottom: 20px !important;}&#8221;][\/vc_column][vc_column width=&#8221;1\/6&#8243;][\/vc_column][\/vc_row][vc_row css=&#8221;.vc_custom_1542025040822{background-color: #f9f9f9 !important;}&#8221;][vc_column width=&#8221;1\/3&#8243;]\t\t\t<div class=\" basel-info-box text-center icon-alignment-top box-style-base color-scheme-dark  with-animation \" onclick=\"\">\n\t\t\t\t\t\t\t\t<div class=\"info-box-content\">\n\t\t\t\t\t<div class=\"info-box-inner\">\n\t\t\t\t\t\t<\/p>\n<h2>Useassa Euroopan maassa<\/h2>\n<p>Varastomme sijaitsevat Suomessa, Ruotsissa, Puolassa ja Saksassa<\/p>\n\t\t\t\t\t<\/div>\n\t\t\t\t<\/div>\n\t\t\t<\/div>\n\t\t[\/vc_column][vc_column width=&#8221;1\/3&#8243;]\t\t\t<div class=\" basel-info-box text-center icon-alignment-top box-style-base color-scheme-dark  with-animation \" onclick=\"\">\n\t\t\t\t\t\t\t\t<div class=\"info-box-content\">\n\t\t\t\t\t<div class=\"info-box-inner\">\n\t\t\t\t\t\t<\/p>\n<h2>+40 000 tuotetta<\/h2>\n<p>Yli 40\u00a0000 avoimen voimansiirron tuotetta heti varastoistamme<\/p>\n<h3 class=\"LC20lb\"><\/h3>\n<p>\n\t\t\t\t\t<\/div>\n\t\t\t\t<\/div>\n\t\t\t<\/div>\n\t\t[\/vc_column][vc_column width=&#8221;1\/3&#8243;]\t\t\t<div class=\" basel-info-box text-center icon-alignment-top box-style-base color-scheme-dark  with-animation \" onclick=\"\">\n\t\t\t\t\t\t\t\t<div class=\"info-box-content\">\n\t\t\t\t\t<div class=\"info-box-inner\">\n\t\t\t\t\t\t<\/p>\n<h2>Joustavat toimitukset<\/h2>\n<p>Toimitukset jo samana p\u00e4iv\u00e4n\u00e4 ymp\u00e4ri Euroopan<\/p>\n\t\t\t\t\t<\/div>\n\t\t\t\t<\/div>\n\t\t\t<\/div>\n\t\t[\/vc_column][\/vc_row][\/vc_section][vc_row full_width=&#8221;stretch_row&#8221; css=&#8221;.vc_custom_1694062051816{margin-top: 40px !important;margin-bottom: 45px !important;}&#8221;][vc_column width=&#8221;1\/3&#8243; el_class=&#8221;text-right&#8221;][vc_column_text css=&#8221;.vc_custom_1694496304712{margin-bottom: 30px !important;}&#8221;]<\/p>\n<h5>RULLAKETJUT<\/h5>\n<h5 style=\"margin-bottom: 10px;\"><\/h5>\n<p>British standardin (DIN8187) ja Amerikan standardin (DIN8188) standardi rullaketjut, mukaan lukien erikoisketjut (mm. sahaketjut, kumip\u00e4\u00e4llysteiset rullaketjut, ruostumattomat, sinkityt, Heavy Duty ja korvakeketjut)[\/vc_column_text][vc_column_text css=&#8221;.vc_custom_1694496703323{margin-bottom: 30px !important;}&#8221;]<\/p>\n<h5>KULJETINKETJUT<\/h5>\n<h5 style=\"margin-bottom: 10px;\"><\/h5>\n<p>M-tyypin kuljetinketjut standardina ja hitsattuna rakenteena. Takolenkkiketjut ja erikoiskuljetinketjut.[\/vc_column_text][vc_column_text css=&#8221;.vc_custom_1694496426591{margin-bottom: 30px !important;}&#8221;]<\/p>\n<h5>KETJUPY\u00d6R\u00c4T<\/h5>\n<h5 style=\"margin-bottom: 10px;\"><\/h5>\n<p style=\"font-weight: 400;\">Yksi, kaksi- ja kolmiriviset napa- ja levypy\u00f6r\u00e4t <strong>karkaistuin hampain<\/strong>. Sek\u00e4 kahdelle yksiriviselle ketjulle olevat ketjupy\u00f6r\u00e4t<strong>. <\/strong>Materiaaleina:C40, C45 ja ruostumattomat.<\/p>\n<p>[\/vc_column_text][\/vc_column][vc_column width=&#8221;1\/3&#8243;][vc_single_image image=&#8221;15354&#8243; img_size=&#8221;full&#8221; alignment=&#8221;center&#8221; css_animation=&#8221;bottom-to-top&#8221; css=&#8221;.vc_custom_1694027075096{background-image: url(http:\/\/nttwooc.bmbox.net\/wp-content\/uploads\/2017\/02\/Iphone-company-1.jpg?id=803) !important;}&#8221;][\/vc_column][vc_column width=&#8221;1\/3&#8243;][vc_column_text css=&#8221;.vc_custom_1694496497880{margin-bottom: 30px !important;}&#8221;]<\/p>\n<h5>HAMMASPY\u00d6R\u00c4T-JA TANGOT<\/h5>\n<h5 style=\"margin-bottom: 10px;\"><\/h5>\n<p style=\"font-weight: 400;\">Kaikki koot (M 0,5- M 8 ). Suorin ja vinohampain olevat hammastangot. Hammaspy\u00f6r\u00e4t ter\u00e4ksest\u00e4, POMissa ja messingist\u00e4.<\/p>\n<p>[\/vc_column_text][vc_column_text css=&#8221;.vc_custom_1694496557852{margin-bottom: 30px !important;}&#8221;]<\/p>\n<h5>AKSLELIT JA RUUVIT<\/h5>\n<h5 style=\"margin-bottom: 10px;\"><\/h5>\n<p>Ura-akselit ja navat eri materiaaleista[\/vc_column_text][vc_column_text css=&#8221;.vc_custom_1694496594785{margin-bottom: 30px !important;}&#8221;]<\/p>\n<h5>HIHNAK\u00c4YT\u00d6T<\/h5>\n<h5 style=\"margin-bottom: 10px;\"><\/h5>\n<p>Standardi profiileilla olevat hammashihnat ja yleisimm\u00e4t kiilahihnat.[\/vc_column_text][\/vc_column][\/vc_row][vc_row content_placement=&#8221;middle&#8221; css=&#8221;.vc_custom_1451577043146{margin-bottom: 0px !important;}&#8221;][vc_column width=&#8221;1\/2&#8243; css=&#8221;.vc_custom_1438784954834{margin-bottom: 40px !important;}&#8221;][vc_column_text]<\/p>\n<h2>VARASTOMME<\/h2>\n<p style=\"font-weight: 400;\">Me NTT Groupissa ymm\u00e4rr\u00e4mme, ett\u00e4 tuotantoseisokit ovat kalliita ja maksaa. Siksi meill\u00e4 on laaja valikoima avovoimansiirron komponentteja heti toimitukseen.<\/p>\n<p>[\/vc_column_text][vc_progress_bar values=&#8221;%5B%7B%22label%22%3A%22Rullaketjut%22%2C%22value%22%3A%2290%22%2C%22customcolor%22%3A%22%23196767%22%7D%2C%7B%22label%22%3A%22Ketjupy%C3%B6r%C3%A4t%22%2C%22value%22%3A%2295%22%2C%22customcolor%22%3A%22%23196767%22%7D%2C%7B%22label%22%3A%22Hammaspy%C3%B6r%C3%A4t-ja%20tangot%22%2C%22value%22%3A%2280%22%2C%22customcolor%22%3A%22%23196767%22%7D%2C%7B%22label%22%3A%22Hihnat%20ja%20py%C3%B6r%C3%A4t%22%2C%22value%22%3A%2270%22%2C%22customcolor%22%3A%22%23196767%22%7D%2C%7B%22label%22%3A%22Kuljetinketjut%22%2C%22value%22%3A%2290%22%2C%22customcolor%22%3A%22%23196767%22%7D%2C%7B%22label%22%3A%22Akselit%20ja%20ruuvit%22%2C%22value%22%3A%2270%22%7D%2C%7B%22label%22%3A%22Kytkimet%22%2C%22value%22%3A%2250%22%7D%5D&#8221; bgcolor=&#8221;custom&#8221; custombgcolor=&#8221;#1daaa3&#8243; customtxtcolor=&#8221;#ffffff&#8221;][\/vc_column][vc_column width=&#8221;1\/2&#8243; css=&#8221;.vc_custom_1438784968106{margin-bottom: 40px !important;}&#8221;][vc_single_image image=&#8221;20277&#8243; img_size=&#8221;614&#215;414&#8243; alignment=&#8221;center&#8221; css_animation=&#8221;right-to-left&#8221;][\/vc_column][\/vc_row]<\/p>\n<\/div>","protected":false},"excerpt":{"rendered":"<p>[vc_section full_width=&#8221;stretch_row&#8221; css=&#8221;.vc_custom_1694496734621{background-color: #f9f9f9 !important;}&#8221;][vc_row css=&#8221;.vc_custom_1542025031874{background-color: #f9f9f9 !important;}&#8221;][vc_column width=&#8221;1\/6&#8243;][\/vc_column][vc_column width=&#8221;2\/3&#8243;][vc_column_text] Varastointi [\/vc_column_text][vc_separator border_width=&#8221;2&#8243; css=&#8221;.vc_custom_1542025311822{margin-bottom: 20px !important;}&#8221;][\/vc_column][vc_column width=&#8221;1\/6&#8243;][\/vc_column][\/vc_row][vc_row css=&#8221;.vc_custom_1542025040822{background-color: #f9f9f9 !important;}&#8221;][vc_column<\/p>\n","protected":false},"author":3,"featured_media":0,"parent":0,"menu_order":0,"comment_status":"closed","ping_status":"open","template":"","meta":{"footnotes":""},"class_list":["post-20429","page","type-page","status-publish","hentry"],"_links":{"self":[{"href":"https:\/\/nttgroup.com\/fi\/wp-json\/wp\/v2\/pages\/20429","targetHints":{"allow":["GET"]}}],"collection":[{"href":"https:\/\/nttgroup.com\/fi\/wp-json\/wp\/v2\/pages"}],"about":[{"href":"https:\/\/nttgroup.com\/fi\/wp-json\/wp\/v2\/types\/page"}],"author":[{"embeddable":true,"href":"https:\/\/nttgroup.com\/fi\/wp-json\/wp\/v2\/users\/3"}],"replies":[{"embeddable":true,"href":"https:\/\/nttgroup.com\/fi\/wp-json\/wp\/v2\/comments?post=20429"}],"version-history":[{"count":4,"href":"https:\/\/nttgroup.com\/fi\/wp-json\/wp\/v2\/pages\/20429\/revisions"}],"predecessor-version":[{"id":20432,"href":"https:\/\/nttgroup.com\/fi\/wp-json\/wp\/v2\/pages\/20429\/revisions\/20432"}],"wp:attachment":[{"href":"https:\/\/nttgroup.com\/fi\/wp-json\/wp\/v2\/media?parent=20429"}],"curies":[{"name":"wp","href":"https:\/\/api.w.org\/{rel}","templated":true}]}}