{"id":20435,"date":"2024-02-27T07:37:31","date_gmt":"2024-02-27T07:37:31","guid":{"rendered":"https:\/\/nttgroup.com\/ntt-toimitusehdot\/"},"modified":"2024-04-17T06:05:37","modified_gmt":"2024-04-17T06:05:37","slug":"ntt-toimitusehdot","status":"publish","type":"page","link":"https:\/\/nttgroup.com\/fi\/ntt-toimitusehdot\/","title":{"rendered":"NTT TOIMITUSEHDOT"},"content":{"rendered":"<div class=\"wpb-content-wrapper\"><p>[vc_section full_width=&#8221;stretch_row&#8221; css=&#8221;.vc_custom_1542025240624{background-color: #f9f9f9 !important;}&#8221;][vc_row css=&#8221;.vc_custom_1542025031874{background-color: #f9f9f9 !important;}&#8221;][vc_column width=&#8221;1\/6&#8243;][\/vc_column][vc_column width=&#8221;2\/3&#8243;][vc_column_text]<\/p>\n<h4 style=\"font-size: 42px; text-align: center;\">TOIMITUSEHDOT<\/h4>\n<p>[\/vc_column_text][\/vc_column][vc_column width=&#8221;1\/6&#8243;][\/vc_column][\/vc_row][\/vc_section][vc_row full_width=&#8221;stretch_row&#8221; css=&#8221;.vc_custom_1694062051816{margin-top: 40px !important;margin-bottom: 45px !important;}&#8221;][vc_column width=&#8221;1\/2&#8243; el_class=&#8221;text-left&#8221;][vc_column_text css=&#8221;.vc_custom_1694509339912{margin-bottom: 30px !important;}&#8221;]<\/p>\n<div class=\"dxGrid\">\n<div class=\"dxGrid8 Main1\">\n<p style=\"font-weight: 400;\"><span data-ogsc=\"rgb(55, 53, 53)\">Pid\u00e4t\u00e4mme oikeuden raaka-ainehintojen nousuun, odottamattomiin lis\u00e4kustannuksiin, poikkeaviin valuuttakursseihin, toimitusvaikeuksiin ja muista meist\u00e4 riippumattomista syist\u00e4.<\/span><\/p>\n<p class=\"Normal\">Yleiset sopimusehdot NL 09 mukaan, toimituskulut sopimuksen mukaan<\/p>\n<p class=\"Normal\">Koneistetuissa osissa pid\u00e4t\u00e4mme oikeuden toimittaa maks. 10 % yli tilatun m\u00e4\u00e4r\u00e4n.<\/p>\n<\/div>\n<\/div>\n<p>[\/vc_column_text][\/vc_column][vc_column width=&#8221;1\/2&#8243;][vc_single_image image=&#8221;15354&#8243; img_size=&#8221;full&#8221; alignment=&#8221;center&#8221; css_animation=&#8221;bottom-to-top&#8221;][\/vc_column][\/vc_row]<\/p>\n<\/div>","protected":false},"excerpt":{"rendered":"<p>[vc_section full_width=&#8221;stretch_row&#8221; css=&#8221;.vc_custom_1542025240624{background-color: #f9f9f9 !important;}&#8221;][vc_row css=&#8221;.vc_custom_1542025031874{background-color: #f9f9f9 !important;}&#8221;][vc_column width=&#8221;1\/6&#8243;][\/vc_column][vc_column width=&#8221;2\/3&#8243;][vc_column_text] TOIMITUSEHDOT [\/vc_column_text][\/vc_column][vc_column width=&#8221;1\/6&#8243;][\/vc_column][\/vc_row][\/vc_section][vc_row full_width=&#8221;stretch_row&#8221; css=&#8221;.vc_custom_1694062051816{margin-top: 40px !important;margin-bottom: 45px !important;}&#8221;][vc_column width=&#8221;1\/2&#8243;<\/p>\n","protected":false},"author":3,"featured_media":0,"parent":0,"menu_order":0,"comment_status":"closed","ping_status":"closed","template":"","meta":{"footnotes":""},"class_list":["post-20435","page","type-page","status-publish","hentry"],"_links":{"self":[{"href":"https:\/\/nttgroup.com\/fi\/wp-json\/wp\/v2\/pages\/20435","targetHints":{"allow":["GET"]}}],"collection":[{"href":"https:\/\/nttgroup.com\/fi\/wp-json\/wp\/v2\/pages"}],"about":[{"href":"https:\/\/nttgroup.com\/fi\/wp-json\/wp\/v2\/types\/page"}],"author":[{"embeddable":true,"href":"https:\/\/nttgroup.com\/fi\/wp-json\/wp\/v2\/users\/3"}],"replies":[{"embeddable":true,"href":"https:\/\/nttgroup.com\/fi\/wp-json\/wp\/v2\/comments?post=20435"}],"version-history":[{"count":2,"href":"https:\/\/nttgroup.com\/fi\/wp-json\/wp\/v2\/pages\/20435\/revisions"}],"predecessor-version":[{"id":20437,"href":"https:\/\/nttgroup.com\/fi\/wp-json\/wp\/v2\/pages\/20435\/revisions\/20437"}],"wp:attachment":[{"href":"https:\/\/nttgroup.com\/fi\/wp-json\/wp\/v2\/media?parent=20435"}],"curies":[{"name":"wp","href":"https:\/\/api.w.org\/{rel}","templated":true}]}}