{"id":20447,"date":"2024-02-29T05:42:53","date_gmt":"2024-02-29T05:42:53","guid":{"rendered":"https:\/\/nttgroup.com\/ntt-history\/"},"modified":"2025-10-16T10:04:53","modified_gmt":"2025-10-16T10:04:53","slug":"ntt-history","status":"publish","type":"page","link":"https:\/\/nttgroup.com\/fi\/ntt-history\/","title":{"rendered":"NTT GROUPIN HISTORIA"},"content":{"rendered":"<div class=\"wpb-content-wrapper\"><p>[vc_section full_width=&#8221;stretch_row&#8221; css=&#8221;.vc_custom_1542025240624{background-color: #f9f9f9 !important;}&#8221;][vc_row css=&#8221;.vc_custom_1542025031874{background-color: #f9f9f9 !important;}&#8221;][vc_column width=&#8221;1\/6&#8243;][\/vc_column][vc_column width=&#8221;2\/3&#8243;][vc_column_text]<\/p>\n<h4 style=\"font-size: 42px; text-align: center;\">NTT GROUPIN HISTORIA<\/h4>\n<p>[\/vc_column_text][vc_separator border_width=&#8221;2&#8243; css=&#8221;.vc_custom_1542025311822{margin-bottom: 20px !important;}&#8221;][\/vc_column][vc_column width=&#8221;1\/6&#8243;][\/vc_column][\/vc_row][vc_row css=&#8221;.vc_custom_1542025040822{background-color: #f9f9f9 !important;}&#8221;][vc_column width=&#8221;1\/3&#8243;]\t\t\t<div class=\" basel-info-box text-center icon-alignment-top box-style-base color-scheme-dark  with-animation \" onclick=\"\">\n\t\t\t\t\t\t\t\t<div class=\"info-box-content\">\n\t\t\t\t\t<div class=\"info-box-inner\">\n\t\t\t\t\t\t<\/p>\n<h2>Kansainv\u00e4lisyys<\/h2>\n<p>Tuotteitamme k\u00e4ytet\u00e4\u00e4n jokaisessa maanosassa<\/p>\n\t\t\t\t\t<\/div>\n\t\t\t\t<\/div>\n\t\t\t<\/div>\n\t\t[\/vc_column][vc_column width=&#8221;1\/3&#8243;]\t\t\t<div class=\" basel-info-box text-center icon-alignment-top box-style-base color-scheme-dark  with-animation \" onclick=\"\">\n\t\t\t\t\t\t\t\t<div class=\"info-box-content\">\n\t\t\t\t\t<div class=\"info-box-inner\">\n\t\t\t\t\t\t<\/p>\n<h2>Kokemus<\/h2>\n<p>Vuodesta 1969<\/p>\n\t\t\t\t\t<\/div>\n\t\t\t\t<\/div>\n\t\t\t<\/div>\n\t\t[\/vc_column][vc_column width=&#8221;1\/3&#8243;]\t\t\t<div class=\" basel-info-box text-center icon-alignment-top box-style-base color-scheme-dark  with-animation \" onclick=\"\">\n\t\t\t\t\t\t\t\t<div class=\"info-box-content\">\n\t\t\t\t\t<div class=\"info-box-inner\">\n\t\t\t\t\t\t<\/p>\n<h2>Innovatiivisuus<\/h2>\n<p>Autamme asiakkaita heid\u00e4n ideoidensa toteuttamisessa<\/p>\n\t\t\t\t\t<\/div>\n\t\t\t\t<\/div>\n\t\t\t<\/div>\n\t\t[\/vc_column][\/vc_row][\/vc_section][vc_row full_width=&#8221;stretch_row&#8221; css=&#8221;.vc_custom_1694062051816{margin-top: 40px !important;margin-bottom: 45px !important;}&#8221;][vc_column width=&#8221;1\/3&#8243; el_class=&#8221;text-right&#8221;][vc_column_text css=&#8221;.vc_custom_1760608989998{margin-bottom: 30px !important;}&#8221; basel_color_scheme=&#8221;dark&#8221;]<\/p>\n<h5><strong style=\"color: #1b1919; font-family: Karla, Arial, Helvetica, sans-serif;\">1969<\/strong><\/h5>\n<p style=\"font-weight: 400;\">M\u00f6lndals Industriprodukter AB perustettiin Reinhardt Denbergerin toimesta, (aloitti ty\u00f6ntekij\u00e4n\u00e4 Berggrens Mekaniskassa). Reinhardtista tuli uranuurtaja t\u00e4ll\u00e4 alalla, kun h\u00e4n alkoi maahantuoda komponentteja teolliseen tuotantoon.<\/p>\n<p>[\/vc_column_text][vc_column_text css=&#8221;.vc_custom_1760608996237{margin-bottom: 30px !important;}&#8221; basel_color_scheme=&#8221;dark&#8221;]<\/p>\n<h5><strong style=\"color: #1b1919; font-family: Karla, Arial, Helvetica, sans-serif;\">1976<\/strong><\/h5>\n<h5 style=\"margin-bottom: 10px;\"><\/h5>\n<p class=\"Normal\">Nordisk Transmissionsteknik AB perustetaan omistajayhti\u00f6ksi M\u00f6lndals Industriprodukterille.<\/p>\n<p>[\/vc_column_text][vc_column_text css=&#8221;.vc_custom_1760609003086{margin-bottom: 30px !important;}&#8221; basel_color_scheme=&#8221;dark&#8221;]<\/p>\n<h5><strong style=\"color: #1b1919; font-family: Karla, Arial, Helvetica, sans-serif;\">1983<\/strong><\/h5>\n<h5 style=\"margin-bottom: 10px;\"><\/h5>\n<p>Berndt Denbergerista tulee omistaja ja toimitusjohtaja.[\/vc_column_text][vc_column_text css=&#8221;.vc_custom_1760609009601{margin-bottom: 30px !important;}&#8221; basel_color_scheme=&#8221;dark&#8221;]<\/p>\n<h5><strong style=\"color: #1b1919; font-family: Karla, Arial, Helvetica, sans-serif;\">1985<\/strong><\/h5>\n<h5 style=\"margin-bottom: 10px;\"><\/h5>\n<p class=\"Normal\">M\u00f6lndals Industriprodukter AB ostaa Berggrens Mekaniskan. M\u00f6lndals Industriprodukter A\/S perustetaan Norjaan.<\/p>\n<p>[\/vc_column_text][vc_column_text css=&#8221;.vc_custom_1760609033553{margin-bottom: 30px !important;}&#8221; basel_color_scheme=&#8221;dark&#8221;]<\/p>\n<h5><strong style=\"color: #1b1919; font-family: Karla, Arial, Helvetica, sans-serif;\">1989<\/strong><\/h5>\n<h5 style=\"margin-bottom: 10px;\"><\/h5>\n<p class=\"Normal\">M\u00f6lndals Industriprodukter A\/S perustetaan Tanskaan.<\/p>\n<p>[\/vc_column_text][vc_column_text css=&#8221;.vc_custom_1760609040569{margin-bottom: 30px !important;}&#8221; basel_color_scheme=&#8221;dark&#8221;]<\/p>\n<h5><strong style=\"color: #1b1919; font-family: Karla, Arial, Helvetica, sans-serif;\">2000<\/strong><\/h5>\n<h5 style=\"margin-bottom: 10px;\"><\/h5>\n<p class=\"Normal\">M\u00f6lndals Industriprodukter Sp z o o perustetaan Puolaan.<\/p>\n<p>[\/vc_column_text][\/vc_column][vc_column width=&#8221;1\/3&#8243;][vc_single_image image=&#8221;15472&#8243; img_size=&#8221;full&#8221; alignment=&#8221;center&#8221; css_animation=&#8221;bottom-to-top&#8221;][vc_single_image image=&#8221;15478&#8243; img_size=&#8221;full&#8221; alignment=&#8221;center&#8221; css_animation=&#8221;bottom-to-top&#8221;][\/vc_column][vc_column width=&#8221;1\/3&#8243;][vc_column_text css=&#8221;.vc_custom_1760609048403{margin-bottom: 30px !important;}&#8221; basel_color_scheme=&#8221;dark&#8221;]<\/p>\n<h5><strong style=\"color: #1b1919; font-family: Karla, Arial, Helvetica, sans-serif;\">2006-2009<\/strong><\/h5>\n<h5 style=\"margin-bottom: 10px;\"><\/h5>\n<p class=\"Normal\"><span class=\"mwai-text\"><span lang=\"EN-US\">M\u00f6lndals Industriprodukter AB ostaa seuraavat ruotsalaiset yritykset: Kedjeexperten i Lingbo AB, SKS Teknik AB, SKS Nylund AB, Sandarne Legomekaniska AB (SLM), Conveyorteknik Sweden AB ja Vittsj\u00f6 Mekaniska <\/span><\/span><span lang=\"EN-US\">Verkstads AB.<\/span><\/p>\n<p>[\/vc_column_text][vc_column_text css=&#8221;.vc_custom_1760609054936{margin-bottom: 30px !important;}&#8221; basel_color_scheme=&#8221;dark&#8221;]<\/p>\n<h5><strong style=\"color: #1b1919; font-family: Karla, Arial, Helvetica, sans-serif;\">2010<\/strong><\/h5>\n<h5 style=\"margin-bottom: 10px;\"><\/h5>\n<p style=\"font-weight: 400;\">M\u00f6lndals Industriprodukter GmbH perustetaan Saksaan.<\/p>\n<p>[\/vc_column_text][vc_column_text css=&#8221;.vc_custom_1760609060902{margin-bottom: 30px !important;}&#8221; basel_color_scheme=&#8221;dark&#8221;]<\/p>\n<h5><strong style=\"color: #1b1919; font-family: Karla, Arial, Helvetica, sans-serif;\">2011<\/strong><\/h5>\n<h5 style=\"margin-bottom: 10px;\"><\/h5>\n<p class=\"Normal\">M\u00f6lndals Industriprodukter AB ostaa Svenska Transmissionsprodukterin.<\/p>\n<p>[\/vc_column_text][vc_column_text css=&#8221;.vc_custom_1760609068968{margin-bottom: 30px !important;}&#8221; basel_color_scheme=&#8221;dark&#8221;]<\/p>\n<h5><strong style=\"color: #1b1919; font-family: Karla, Arial, Helvetica, sans-serif;\">2012<\/strong><\/h5>\n<h5 style=\"margin-bottom: 10px;\"><\/h5>\n<p class=\"Normal\">KAHI Ecotec GmbH hankitaan osaksi yhti\u00f6t\u00e4.<\/p>\n<p>[\/vc_column_text][vc_column_text css=&#8221;.vc_custom_1760609074685{margin-bottom: 30px !important;}&#8221; basel_color_scheme=&#8221;dark&#8221;]<\/p>\n<h5><strong style=\"color: #1b1919; font-family: Karla, Arial, Helvetica, sans-serif;\">2014<\/strong><\/h5>\n<h5 style=\"margin-bottom: 10px;\"><\/h5>\n<div class=\"dxGrid\">\n<div class=\"dxGrid8 Main1\">\n<p class=\"Normal\">Kaikki yhti\u00f6n yritykset yhdistyv\u00e4t samaan br\u00e4ndin alle : NTT Group.<\/p>\n<\/div>\n<\/div>\n<p>[\/vc_column_text][vc_column_text css=&#8221;.vc_custom_1760609081548{margin-bottom: 30px !important;}&#8221; basel_color_scheme=&#8221;dark&#8221;]<\/p>\n<h5><strong style=\"color: #1b1919; font-family: Karla, Arial, Helvetica, sans-serif;\">2020-2022<\/strong><\/h5>\n<h5 style=\"margin-bottom: 10px;\"><\/h5>\n<div class=\"dxGrid\">\n<div class=\"dxGrid8 Main1\">\n<p class=\"Normal\">T\u00e4ydellinen konekannan korvaaminen robottiautomaattisilla CNC-koneilla M\u00f6lndalissa.<\/p>\n<\/div>\n<\/div>\n<p>[\/vc_column_text][vc_column_text css=&#8221;.vc_custom_1760609088082{margin-bottom: 30px !important;}&#8221; basel_color_scheme=&#8221;dark&#8221;]<\/p>\n<h5><strong style=\"color: #1b1919; font-family: Karla, Arial, Helvetica, sans-serif;\">2023<\/strong><\/h5>\n<h5 style=\"margin-bottom: 10px;\"><\/h5>\n<div class=\"dxGrid\">\n<div class=\"dxGrid8 Main1\">\n<p class=\"Normal\">Perustetaan NTT Finland Oy Suomeen. Yhti\u00f6 aloittaa viiden kokeneen henkil\u00f6n voimin Espoossa.<\/p>\n<\/div>\n<\/div>\n<p>[\/vc_column_text][\/vc_column][\/vc_row]<\/p>\n<\/div>","protected":false},"excerpt":{"rendered":"<p>[vc_section full_width=&#8221;stretch_row&#8221; css=&#8221;.vc_custom_1542025240624{background-color: #f9f9f9 !important;}&#8221;][vc_row css=&#8221;.vc_custom_1542025031874{background-color: #f9f9f9 !important;}&#8221;][vc_column width=&#8221;1\/6&#8243;][\/vc_column][vc_column width=&#8221;2\/3&#8243;][vc_column_text] NTT GROUPIN HISTORIA [\/vc_column_text][vc_separator border_width=&#8221;2&#8243; css=&#8221;.vc_custom_1542025311822{margin-bottom: 20px !important;}&#8221;][\/vc_column][vc_column width=&#8221;1\/6&#8243;][\/vc_column][\/vc_row][vc_row css=&#8221;.vc_custom_1542025040822{background-color:<\/p>\n","protected":false},"author":3,"featured_media":0,"parent":0,"menu_order":0,"comment_status":"closed","ping_status":"closed","template":"","meta":{"footnotes":""},"class_list":["post-20447","page","type-page","status-publish","hentry"],"_links":{"self":[{"href":"https:\/\/nttgroup.com\/fi\/wp-json\/wp\/v2\/pages\/20447","targetHints":{"allow":["GET"]}}],"collection":[{"href":"https:\/\/nttgroup.com\/fi\/wp-json\/wp\/v2\/pages"}],"about":[{"href":"https:\/\/nttgroup.com\/fi\/wp-json\/wp\/v2\/types\/page"}],"author":[{"embeddable":true,"href":"https:\/\/nttgroup.com\/fi\/wp-json\/wp\/v2\/users\/3"}],"replies":[{"embeddable":true,"href":"https:\/\/nttgroup.com\/fi\/wp-json\/wp\/v2\/comments?post=20447"}],"version-history":[{"count":5,"href":"https:\/\/nttgroup.com\/fi\/wp-json\/wp\/v2\/pages\/20447\/revisions"}],"predecessor-version":[{"id":47304,"href":"https:\/\/nttgroup.com\/fi\/wp-json\/wp\/v2\/pages\/20447\/revisions\/47304"}],"wp:attachment":[{"href":"https:\/\/nttgroup.com\/fi\/wp-json\/wp\/v2\/media?parent=20447"}],"curies":[{"name":"wp","href":"https:\/\/api.w.org\/{rel}","templated":true}]}}