{"id":20450,"date":"2024-02-29T05:49:01","date_gmt":"2024-02-29T05:49:01","guid":{"rendered":"https:\/\/nttgroup.com\/our-company\/"},"modified":"2025-10-16T10:02:31","modified_gmt":"2025-10-16T10:02:31","slug":"our-company","status":"publish","type":"page","link":"https:\/\/nttgroup.com\/fi\/our-company\/","title":{"rendered":"Our Company"},"content":{"rendered":"<div class=\"wpb-content-wrapper\"><p>[vc_row full_width=&#8221;stretch_row&#8221; full_height=&#8221;yes&#8221; css=&#8221;.vc_custom_1707748147847{margin-top: -45px !important;margin-bottom: 60px !important;padding-top: 15% !important;padding-bottom: 10% !important;background-image: url(https:\/\/nttgroup.com\/wp-content\/uploads\/2017\/05\/NTT-kola-zebate-produkcja.png?id=13827) !important;background-position: center !important;background-repeat: no-repeat !important;background-size: cover !important;}&#8221;][vc_column][vc_custom_heading text=&#8221;<strong>Avovoimansiirron ammattilainen<\/strong>&#8221; font_container=&#8221;tag:h1|font_size:68|text_align:center|color:%23ffffff|line_height:1&#8243; use_theme_fonts=&#8221;yes&#8221;][vc_custom_heading text=&#8221;<strong>vuodesta 1969<\/strong>&#8221; font_container=&#8221;tag:h1|font_size:68|text_align:center|color:%23ffffff|line_height:1&#8243; use_theme_fonts=&#8221;yes&#8221;][vc_column_text basel_color_scheme=&#8221;light&#8221;]<\/p>\n<p style=\"font-size: 18px; margin-bottom: 25px; color: rgba(255,255,255,0.9); text-align: center;\">NTT Group tarjoaa kattavan valikoiman tuotteita mekaaniseen voimansiirtoon. Meill\u00e4 on yksi Pohjois-Euroopan suurimmista konekannoista<\/p>\n<p>[\/vc_column_text][\/vc_column][\/vc_row][vc_row css=&#8221;.vc_custom_1451575485367{margin-bottom: 65px !important;}&#8221;][vc_column width=&#8221;1\/2&#8243; css=&#8221;.vc_custom_1451389567526{padding-right: 40px !important;}&#8221;][vc_single_image image=&#8221;13815&#8243; img_size=&#8221;full&#8221; alignment=&#8221;center&#8221; css_animation=&#8221;left-to-right&#8221;][\/vc_column][vc_column width=&#8221;1\/2&#8243;][vc_column_text css=&#8221;.vc_custom_1760608918434{margin-bottom: 30px !important;}&#8221; basel_color_scheme=&#8221;dark&#8221;]<\/p>\n<h1 style=\"margin-bottom: 15px;\">LAAJA VALIKOIMA MEKAANISEN VOIMANSIIRRON TUOTTEITA<\/h1>\n<p data-sourcepos=\"9:1-9:52\">NTT Group on harjoittanut teknist\u00e4 tukkukauppaa vuodesta 1969 l\u00e4htien. Ruotsissa perustettu yritys on kasvanut perheomisteiseksi organisaatioksi, joka toimii Ruotsissa, Norjassa, Suomessa, Tanskassa, Puolassa ja Saksassa.<\/p>\n<p data-sourcepos=\"9:1-9:52\">Voimansiirtomarkkinoilla toimimme luotettavana kumppanina eri teollisuudenaloilla palvellen sek\u00e4 OEM-asiakkaita ett\u00e4 loppuk\u00e4ytt\u00e4ji\u00e4. Asiakkaamme luottavat asiantuntemukseemme voimansiirtokomponenttien valmistamisessa ja toimittamisessa.<\/p>\n<p data-sourcepos=\"9:1-9:52\">Asiantuntemuksemme keski\u00f6ss\u00e4 on sitoutuminen valmistettuihin tuotteisiimme. Toimimme tuotantolaitoksilla Ruotsissa ja Puolassa, valmistaen korkealaatuisia tuotteita tarkkuudella ja omistautumisella. Tarvittaessa hy\u00f6dynn\u00e4mme strategisia kumppanuuksia vakiintuneiden toimittajien kanssa varmistaaksemme kattavan tuotevalikoiman.<\/p>\n<p data-sourcepos=\"9:1-9:52\">Toimintaamme ohjaa useat avainarvot:<\/p>\n<ul data-sourcepos=\"11:1-11:86\">\n<li data-sourcepos=\"11:1-11:86\">Pohjoismainen toimintatapa: Ymm\u00e4rr\u00e4mme Pohjois-Euroopan teollisuuden vaatimukset ja odotukset, ja muutamme ne luotettaviksi ratkaisuiksi.<\/li>\n<li data-sourcepos=\"12:1-12:131\">Perheyhti\u00f6n arvot: Vastuuntunto ja pitk\u00e4aikainen sitoutuminen ohjaavat meit\u00e4, me asetamme laadun ja asiakastyytyv\u00e4isyyden etusijalle.<\/li>\n<li data-sourcepos=\"13:1-13:143\">Innovaatio: Panostamme jatkuvasti edistyneisiin teknologioihin ja prosesseihin, varmistaen ett\u00e4 tuotteemme pysyv\u00e4t teollisuuden k\u00e4rjess\u00e4.<\/li>\n<li data-sourcepos=\"14:1-15:0\">Kumppanuus: Rakennamme vahvoja suhteita asiakkaisiimme, toimittajiimme ja ty\u00f6ntekij\u00f6ihimme, edist\u00e4en luottamusta ja yhteist\u00e4 menestyst\u00e4.<\/li>\n<\/ul>\n<p style=\"font-weight: 400;\">Tulevaisuus: NTT Group sitoutuu jatkossakin toimimaan johtavana avovoimansiirtokomponenttien toimittajana Pohjois-Euroopassa. Jatkamme vahvan perustamme rakentamista, jota ohjaavat innovaatio, pohjoismaiset arvot sek\u00e4 perheyhti\u00f6 perheyhti\u00f6keskeinen keskeinen l\u00e4hestymistapa.<\/p>\n<p>[\/vc_column_text][\/vc_column][\/vc_row][vc_row full_width=&#8221;stretch_row&#8221; css=&#8221;.vc_custom_1691438077588{margin-bottom: 45px !important;padding-top: 50px !important;padding-bottom: 70px !important;background-image: url(https:\/\/nttgroup.com\/wp-content\/uploads\/2017\/05\/NTT-listwy-zebate-produkcja-polska.png?id=13832) !important;background-position: center !important;background-repeat: no-repeat !important;background-size: cover !important;}&#8221;][vc_column basel_color_scheme=&#8221;light&#8221;][vc_row_inner css=&#8221;.vc_custom_1450023659115{margin-bottom: 60px !important;}&#8221;][vc_column_inner][vc_custom_heading text=&#8221;<strong>LAATU &#8211; AINA ENSISIJAISEN T\u00c4RKE\u00c4\u00c4<\/strong>&#8221; font_container=&#8221;tag:h2|font_size:52|text_align:center|color:%23ffffff|line_height:1.4&#8243; use_theme_fonts=&#8221;yes&#8221; css=&#8221;.vc_custom_1494268022640{margin-bottom: 20px !important;}&#8221;][\/vc_column_inner][\/vc_row_inner][vc_row_inner css=&#8221;.vc_custom_1450023674178{margin-bottom: 0px !important;}&#8221;][vc_column_inner width=&#8221;1\/4&#8243; css=&#8221;.vc_custom_1438783347292{margin-bottom: 40px !important;}&#8221;][vc_icon type=&#8221;linecons&#8221; icon_linecons=&#8221;vc_li vc_li-world&#8221; color=&#8221;custom&#8221; background_style=&#8221;rounded-outline&#8221; background_color=&#8221;white&#8221; size=&#8221;lg&#8221; align=&#8221;center&#8221; css=&#8221;.vc_custom_1494268059583{margin-bottom: 20px !important;}&#8221; custom_color=&#8221;#ffffff&#8221;]\t\t\t<div class=\"basel-counter  counter-default\">\n\t\t\t\t<span class=\"counter-value\" data-state=\"new\" data-final=\"9\">9<\/span>\n\t\t\t\t\t\t\t\t\t<span class=\"counter-label\">TUOTANTOLAITOSTA RUOTSISSA JA PUOLASSA<\/span>\n\t\t\t\t\t\t\t<\/div>\n\n\t\t[\/vc_column_inner][vc_column_inner width=&#8221;1\/4&#8243; css=&#8221;.vc_custom_1438783353284{margin-bottom: 40px !important;}&#8221;][vc_icon type=&#8221;linecons&#8221; icon_linecons=&#8221;vc_li vc_li-tag&#8221; color=&#8221;custom&#8221; background_style=&#8221;rounded-outline&#8221; background_color=&#8221;white&#8221; size=&#8221;lg&#8221; align=&#8221;center&#8221; css=&#8221;.vc_custom_1494268094805{margin-bottom: 20px !important;}&#8221; custom_color=&#8221;#ffffff&#8221;]\t\t\t<div class=\"basel-counter  counter-default\">\n\t\t\t\t<span class=\"counter-value\" data-state=\"new\" data-final=\"45000\">45000<\/span>\n\t\t\t\t\t\t\t\t\t<span class=\"counter-label\">TUOTTEITA HETI VARASTOSTA<\/span>\n\t\t\t\t\t\t\t<\/div>\n\n\t\t[\/vc_column_inner][vc_column_inner width=&#8221;1\/4&#8243; css=&#8221;.vc_custom_1438783357796{margin-bottom: 40px !important;}&#8221;][vc_icon type=&#8221;linecons&#8221; icon_linecons=&#8221;vc_li vc_li-settings&#8221; color=&#8221;custom&#8221; background_style=&#8221;rounded-outline&#8221; background_color=&#8221;white&#8221; size=&#8221;lg&#8221; align=&#8221;center&#8221; css=&#8221;.vc_custom_1450023589607{margin-bottom: 20px !important;}&#8221; custom_color=&#8221;#ffffff&#8221;]\t\t\t<div class=\"basel-counter  counter-default\">\n\t\t\t\t<span class=\"counter-value\" data-state=\"new\" data-final=\"100\">100<\/span>\n\t\t\t\t\t\t\t\t\t<span class=\"counter-label\">KORKEALAATUISTA TY\u00d6ST\u00d6KONETTA<\/span>\n\t\t\t\t\t\t\t<\/div>\n\n\t\t[\/vc_column_inner][vc_column_inner width=&#8221;1\/4&#8243; css=&#8221;.vc_custom_1438783362371{margin-bottom: 40px !important;}&#8221;][vc_icon type=&#8221;linecons&#8221; icon_linecons=&#8221;vc_li vc_li-user&#8221; color=&#8221;custom&#8221; background_style=&#8221;rounded-outline&#8221; background_color=&#8221;white&#8221; size=&#8221;lg&#8221; align=&#8221;center&#8221; css=&#8221;.vc_custom_1494268124889{margin-bottom: 20px !important;}&#8221; custom_color=&#8221;#ffffff&#8221;]\t\t\t<div class=\"basel-counter  counter-default\">\n\t\t\t\t<span class=\"counter-value\" data-state=\"new\" data-final=\"200\">200<\/span>\n\t\t\t\t\t\t\t\t\t<span class=\"counter-label\">OMISTAUTUNUTTA TY\u00d6NTEKIJ\u00c4\u00c4<\/span>\n\t\t\t\t\t\t\t<\/div>\n\n\t\t[\/vc_column_inner][\/vc_row_inner][\/vc_column][\/vc_row][vc_row content_placement=&#8221;middle&#8221; css=&#8221;.vc_custom_1451577043146{margin-bottom: 0px !important;}&#8221;][vc_column width=&#8221;1\/2&#8243; css=&#8221;.vc_custom_1438784954834{margin-bottom: 40px !important;}&#8221;][vc_column_text css=&#8221;&#8221; basel_color_scheme=&#8221;dark&#8221;]<\/p>\n<h2>NTT GROUPIN YHTI\u00d6T<\/h2>\n<p class=\"Normal\">NTT GROUP SWEDEN AB (M\u00f6lndals Industriprodukter AB) (Ruotsi)<\/p>\n<p class=\"Normal\">M\u00f6lndals Industriprodukter Polska Sp. z o.o. (Puola)<\/p>\n<p class=\"Normal\">NTT Germany GmbH (Saksa)<\/p>\n<p class=\"Normal\"><a href=\"https:\/\/nttgroup.com\/ntt-finland-oy\/\">NTT Finland OY (Suomi)<\/a><\/p>\n<p class=\"Normal\">Kedjeexperten i Lingbo AB (Ruotsi)<\/p>\n<p class=\"Normal\">Svenska Transmissionsprodukter AB (Ruotsi)<\/p>\n<p class=\"Normal\">Conveyorteknik Sweden AB (Ruotsi)<\/p>\n<p class=\"Normal\">Vittsj\u00f6 Mekaniska Verkstads AB (Ruotsi)<\/p>\n<p class=\"Normal\">Sandarne Legomekan AB (Ruotsi)<\/p>\n<p class=\"Normal\">SKS Nylund AB (Ruotsi)<\/p>\n<p class=\"Normal\">Transtech i Borl\u00e4nge AB (Ruotsi)<\/p>\n<p class=\"Normal\">M\u00f6lndals Industriprodukter Norge AS (Norja)<\/p>\n<p class=\"Normal\">M\u00f6lndals Industriprodukter A\/S (Tanska)<\/p>\n<p>[\/vc_column_text][\/vc_column][vc_column width=&#8221;1\/2&#8243; css=&#8221;.vc_custom_1438784968106{margin-bottom: 40px !important;}&#8221;][vc_single_image image=&#8221;15580&#8243; img_size=&#8221;600&#215;600&#8243; alignment=&#8221;center&#8221; css_animation=&#8221;right-to-left&#8221;][\/vc_column][\/vc_row]<\/p>\n<\/div>","protected":false},"excerpt":{"rendered":"<p>[vc_row full_width=&#8221;stretch_row&#8221; full_height=&#8221;yes&#8221; css=&#8221;.vc_custom_1707748147847{margin-top: -45px !important;margin-bottom: 60px !important;padding-top: 15% !important;padding-bottom: 10% !important;background-image: url(https:\/\/nttgroup.com\/wp-content\/uploads\/2017\/05\/NTT-kola-zebate-produkcja.png?id=13827) !important;background-position: center !important;background-repeat: no-repeat !important;background-size: cover !important;}&#8221;][vc_column][vc_custom_heading<\/p>\n","protected":false},"author":3,"featured_media":0,"parent":0,"menu_order":0,"comment_status":"closed","ping_status":"closed","template":"","meta":{"footnotes":""},"class_list":["post-20450","page","type-page","status-publish","hentry"],"_links":{"self":[{"href":"https:\/\/nttgroup.com\/fi\/wp-json\/wp\/v2\/pages\/20450","targetHints":{"allow":["GET"]}}],"collection":[{"href":"https:\/\/nttgroup.com\/fi\/wp-json\/wp\/v2\/pages"}],"about":[{"href":"https:\/\/nttgroup.com\/fi\/wp-json\/wp\/v2\/types\/page"}],"author":[{"embeddable":true,"href":"https:\/\/nttgroup.com\/fi\/wp-json\/wp\/v2\/users\/3"}],"replies":[{"embeddable":true,"href":"https:\/\/nttgroup.com\/fi\/wp-json\/wp\/v2\/comments?post=20450"}],"version-history":[{"count":5,"href":"https:\/\/nttgroup.com\/fi\/wp-json\/wp\/v2\/pages\/20450\/revisions"}],"predecessor-version":[{"id":47301,"href":"https:\/\/nttgroup.com\/fi\/wp-json\/wp\/v2\/pages\/20450\/revisions\/47301"}],"wp:attachment":[{"href":"https:\/\/nttgroup.com\/fi\/wp-json\/wp\/v2\/media?parent=20450"}],"curies":[{"name":"wp","href":"https:\/\/api.w.org\/{rel}","templated":true}]}}