{"id":20455,"date":"2024-02-29T05:56:46","date_gmt":"2024-02-29T05:56:46","guid":{"rendered":"https:\/\/nttgroup.com\/laatu\/"},"modified":"2024-04-17T06:01:18","modified_gmt":"2024-04-17T06:01:18","slug":"laatu","status":"publish","type":"page","link":"https:\/\/nttgroup.com\/fi\/laatu\/","title":{"rendered":"Laatu"},"content":{"rendered":"<div class=\"wpb-content-wrapper\"><p>[vc_row full_width=&#8221;stretch_row&#8221; full_height=&#8221;yes&#8221; css=&#8221;.vc_custom_1694029144707{margin-top: -40px !important;margin-bottom: 60px !important;padding-top: 15% !important;padding-bottom: 15% !important;background-image: url(https:\/\/nttgroup.com\/wp-content\/uploads\/2017\/05\/NTT-kola-zebate-produkcja.png?id=13827) !important;background-position: center !important;background-repeat: no-repeat !important;background-size: cover !important;}&#8221;][vc_column][vc_custom_heading text=&#8221;<strong>Laatu alkaa<\/strong>&#8221; font_container=&#8221;tag:h1|font_size:68|text_align:center|color:%23ffffff|line_height:1&#8243; use_theme_fonts=&#8221;yes&#8221;][vc_custom_heading text=&#8221;<strong> ty\u00f6ntekij\u00f6ist\u00e4mme <\/strong>&#8221; font_container=&#8221;tag:h1|font_size:68|text_align:center|color:%23ffffff|line_height:1&#8243; use_theme_fonts=&#8221;yes&#8221;][vc_column_text basel_color_scheme=&#8221;light&#8221;]<\/p>\n<p style=\"font-size: 18px; margin-bottom: 25px; color: rgba(255,255,255,0.9); text-align: center;\">NTT Group offers the widest ragne\u00a0of products\u00a0for mechanical power transmissions.<br \/>\nWe have one of the largest machine park in north Europe.<\/p>\n<p style=\"font-size: 18px; margin-bottom: 25px; color: rgba(255,255,255,0.9); text-align: center;\"><a class=\"btn btn-color-white btn-size-large btn-style-bordered\" style=\"margin-right: 10px;\" href=\"https:\/\/nttgroup.com\/our-company\/\">about us<\/a><a class=\"btn btn-size-large btn-color-primary\" href=\"#\">contact us<\/a><\/p>\n<p>[\/vc_column_text][\/vc_column][\/vc_row][vc_row css=&#8221;.vc_custom_1451575485367{margin-bottom: 65px !important;}&#8221;][vc_column width=&#8221;1\/2&#8243; css=&#8221;.vc_custom_1451389567526{padding-right: 40px !important;}&#8221;][vc_single_image image=&#8221;14950&#8243; img_size=&#8221;full&#8221; alignment=&#8221;center&#8221; css_animation=&#8221;left-to-right&#8221; el_class=&#8221;Liebherr WGT400&#8243;][\/vc_column][vc_column width=&#8221;1\/2&#8243;][vc_column_text css=&#8221;.vc_custom_1707802122137{margin-bottom: 30px !important;}&#8221;]<\/p>\n<h1 style=\"margin-bottom: 15px;\">LAATU YLI STANDARDIEN<\/h1>\n<div class=\"dxGrid\">\n<div class=\"dxGrid8 Main1\">\n<p class=\"Normal\">NTT Groupilla <b>laatu on ohjaava periaatteemme, <\/b><span class=\"mwai-text\">se m\u00e4\u00e4rittelee tinkim\u00e4tt\u00f6m\u00e4n sitoutumisemme tiukkaan laadunvalvontaan ja kansainv\u00e4listen standardien kuten ISO 9001 noudattamiseen.<\/span><\/p>\n<p>Uskomme, ett\u00e4 <b>laatu alkaa ty\u00f6ntekij\u00f6ist\u00e4mme<\/b> ja siksi investoimme koko henkil\u00f6st\u00f6n motivoimiseen ja kouluttamiseen. Jokainen tiimimme j\u00e4sen, insin\u00f6\u00f6reist\u00e4 tuotantolinjan ty\u00f6ntekij\u00f6ihin, ymm\u00e4rt\u00e4\u00e4 roolinsa merkityksen laatulupauksen yll\u00e4pit\u00e4misess\u00e4.<\/p>\n<p>Kyse ei ole pelk\u00e4st\u00e4\u00e4n tehd\u00e4 tuotteita , vaan jokaisen ty\u00f6vaiheen tekeminen huolellisesti luo <b>yhteisty\u00f6h\u00f6n perustuvan kulttuurin<\/b>, jossa jokainen ottaa vastuun laadusta.<\/p>\n<p>Kannustamme ty\u00f6ntekij\u00f6it\u00e4mme tunnistamaan ja ehdottamaan parannuksia, luoden jatkuvan oppimisen ja optimoinnin. T\u00e4m\u00e4 yhteinen into laatuun varmistaa, ett\u00e4 jokainen tuote jonka valmistamme, ylitt\u00e4\u00e4 odotukset ja tarjoaa asiakkaallemme juuri sit\u00e4 mit\u00e4 h\u00e4n on tilannutkin.<\/p>\n<p>Kutsumme sinut kumppaniksi yritykseen, jossa laatu ei ole vain tavoite, vaan syv\u00e4sti juurtunut arvo, joka on jaettu jokaisen yksil\u00f6n kesken.<\/p>\n<\/div>\n<\/div>\n<p>[\/vc_column_text]<div class=\"basel-button-wrapper text-center\"><a  class=\"btn btn-color-primary btn-style-default btn-size-default\">more info<\/a><\/div>[\/vc_column][\/vc_row][vc_row full_width=&#8221;stretch_row&#8221; css=&#8221;.vc_custom_1689860877236{margin-bottom: 45px !important;padding-top: 50px !important;padding-bottom: 70px !important;background-image: url(https:\/\/nttgroup.com\/wp-content\/uploads\/2017\/05\/NTT-listwy-zebate-produkcja-polska.png?id=13832) !important;background-position: center !important;background-repeat: no-repeat !important;background-size: cover !important;}&#8221;][vc_column basel_color_scheme=&#8221;light&#8221;][vc_row_inner css=&#8221;.vc_custom_1450023659115{margin-bottom: 60px !important;}&#8221;][vc_column_inner][vc_custom_heading text=&#8221;<strong>LAATU &#8211; AINA ENSISIJAISEN T\u00c4RKE\u00c4\u00c4<\/strong>&#8221; font_container=&#8221;tag:h2|font_size:52|text_align:center|color:%23ffffff|line_height:1.4&#8243; use_theme_fonts=&#8221;yes&#8221; css=&#8221;.vc_custom_1709186376018{margin-bottom: 20px !important;}&#8221;][\/vc_column_inner][\/vc_row_inner][vc_row_inner css=&#8221;.vc_custom_1450023674178{margin-bottom: 0px !important;}&#8221;][vc_column_inner width=&#8221;1\/4&#8243; css=&#8221;.vc_custom_1438783347292{margin-bottom: 40px !important;}&#8221;][vc_icon type=&#8221;linecons&#8221; icon_linecons=&#8221;vc_li vc_li-world&#8221; color=&#8221;custom&#8221; background_style=&#8221;rounded-outline&#8221; background_color=&#8221;white&#8221; size=&#8221;lg&#8221; align=&#8221;center&#8221; custom_color=&#8221;#ffffff&#8221; css=&#8221;.vc_custom_1494268059583{margin-bottom: 20px !important;}&#8221;]\t\t\t<div class=\"basel-counter  counter-default\">\n\t\t\t\t<span class=\"counter-value\" data-state=\"new\" data-final=\"9\">9<\/span>\n\t\t\t\t\t\t\t\t\t<span class=\"counter-label\">TUOTANTOLAITOSTA RUOTSISSA JA PUOLASSA<\/span>\n\t\t\t\t\t\t\t<\/div>\n\n\t\t[\/vc_column_inner][vc_column_inner width=&#8221;1\/4&#8243; css=&#8221;.vc_custom_1438783353284{margin-bottom: 40px !important;}&#8221;][vc_icon type=&#8221;linecons&#8221; icon_linecons=&#8221;vc_li vc_li-tag&#8221; color=&#8221;custom&#8221; background_style=&#8221;rounded-outline&#8221; background_color=&#8221;white&#8221; size=&#8221;lg&#8221; align=&#8221;center&#8221; custom_color=&#8221;#ffffff&#8221; css=&#8221;.vc_custom_1494268094805{margin-bottom: 20px !important;}&#8221;]\t\t\t<div class=\"basel-counter  counter-default\">\n\t\t\t\t<span class=\"counter-value\" data-state=\"new\" data-final=\"40000\">40000<\/span>\n\t\t\t\t\t\t\t\t\t<span class=\"counter-label\">TUOTTEITA HETI VARASTOSTA<\/span>\n\t\t\t\t\t\t\t<\/div>\n\n\t\t[\/vc_column_inner][vc_column_inner width=&#8221;1\/4&#8243; css=&#8221;.vc_custom_1438783357796{margin-bottom: 40px !important;}&#8221;][vc_icon type=&#8221;linecons&#8221; icon_linecons=&#8221;vc_li vc_li-settings&#8221; color=&#8221;custom&#8221; background_style=&#8221;rounded-outline&#8221; background_color=&#8221;white&#8221; size=&#8221;lg&#8221; align=&#8221;center&#8221; custom_color=&#8221;#ffffff&#8221; css=&#8221;.vc_custom_1450023589607{margin-bottom: 20px !important;}&#8221;]\t\t\t<div class=\"basel-counter  counter-default\">\n\t\t\t\t<span class=\"counter-value\" data-state=\"new\" data-final=\"100\">100<\/span>\n\t\t\t\t\t\t\t\t\t<span class=\"counter-label\">KORKEALAATUISTA TY\u00d6ST\u00d6KONETTA<\/span>\n\t\t\t\t\t\t\t<\/div>\n\n\t\t[\/vc_column_inner][vc_column_inner width=&#8221;1\/4&#8243; css=&#8221;.vc_custom_1438783362371{margin-bottom: 40px !important;}&#8221;][vc_icon type=&#8221;linecons&#8221; icon_linecons=&#8221;vc_li vc_li-user&#8221; color=&#8221;custom&#8221; background_style=&#8221;rounded-outline&#8221; background_color=&#8221;white&#8221; size=&#8221;lg&#8221; align=&#8221;center&#8221; custom_color=&#8221;#ffffff&#8221; css=&#8221;.vc_custom_1494268124889{margin-bottom: 20px !important;}&#8221;]\t\t\t<div class=\"basel-counter  counter-default\">\n\t\t\t\t<span class=\"counter-value\" data-state=\"new\" data-final=\"200\">200<\/span>\n\t\t\t\t\t\t\t\t\t<span class=\"counter-label\">OMISTAUTUNUTTA TY\u00d6NTEKIJ\u00c4\u00c4<\/span>\n\t\t\t\t\t\t\t<\/div>\n\n\t\t[\/vc_column_inner][\/vc_row_inner][\/vc_column][\/vc_row][vc_row content_placement=&#8221;middle&#8221; css=&#8221;.vc_custom_1451577043146{margin-bottom: 0px !important;}&#8221;][vc_column width=&#8221;1\/2&#8243; css=&#8221;.vc_custom_1438784954834{margin-bottom: 40px !important;}&#8221;][vc_column_text]<\/p>\n<h2>NTT Groupin laatupolitiikka<\/h2>\n<div class=\"dxGrid\">\n<div class=\"dxGrid8 Main1\">\n<p class=\"Normal\">NTT Groupin laadunhallintapolitiikka perustuu pitk\u00e4aikaiseen kokemukseen tehd\u00e4 korkealaatuisia tuotteita ja tavoitteeseen s\u00e4ilytt\u00e4\u00e4 johtava asema mekaanisessa voimansiirrossa. Meid\u00e4n laadunhallintapolitiikkamme on suunniteltu varmistamaan jatkuva laadunparannus ja asiakastyytyv\u00e4isyys.<\/p>\n<ul class=\"dxUl\">\n<li>\n<p class=\"Normal\">Toimitamme tuotteita, jotka ovat laadukkaita, oikeaan aikaan, oikeaan toimitusosoitteeseen ja kilpailukykyiseen hintatasoon. T\u00e4ll\u00e4 saavutamme asiakkaidemme vaatimukset ja odotukset.<\/p>\n<\/li>\n<li>\n<p class=\"Normal\">Tavoitteenamme on luoda pitk\u00e4aikaisia asiakassuhteita.<\/p>\n<\/li>\n<\/ul>\n<p class=\"Normal\">Meid\u00e4n l\u00e4hestymistapamme t\u00e4h\u00e4n on:<\/p>\n<ul class=\"dxUl\">\n<li>\n<p class=\"Normal\">Jatkuvalla laadunhallintaj\u00e4rjestelm\u00e4n, tuotteiden ja prosessien parantamisella kehit\u00e4mme liiketoimintaa siten, ett\u00e4 voimme lis\u00e4t\u00e4 asiakastyytyv\u00e4isyytt\u00e4.<\/p>\n<\/li>\n<li>Johdon teht\u00e4v\u00e4n\u00e4 on tukea henkil\u00f6st\u00f6\u00e4.<\/li>\n<li>Johdon teht\u00e4v\u00e4n\u00e4 on p\u00e4\u00e4tt\u00e4\u00e4 asiaankuuluvista ja kannustavista laatutavoitteista, joita seurataan s\u00e4\u00e4nn\u00f6llisesti ja parannetaan tarpeen mukaan.<\/li>\n<li>Meill\u00e4 tulee olla ammattitaitoisia ty\u00f6ntekij\u00f6it\u00e4, jotka kokevat vastuun tekem\u00e4st\u00e4\u00e4n ty\u00f6st\u00e4.<\/li>\n<li>Toimittajia ja kumppaneita valittaessa vaalimme meid\u00e4n valitsemaa laatutasoa.<\/li>\n<li>Ty\u00f6skentelemme varmistaaksemme, ett\u00e4 jokainen hyvin toteutettu toimitus, \u00a0on my\u00f6s hyv\u00e4 referenssi tulevaisuuden liiketoiminnalle.<\/li>\n<\/ul>\n<p class=\"Normal\">Jokaisella yrityksess\u00e4 on jaettu vastuu laatupolitiikkamme noudattamisesta.<\/p>\n<p class=\"Normal\"><em>M\u00f6lndal 2013-10-22<\/em><\/p>\n<p class=\"Normal\"><em>Berndt Denberger<br \/>\nCEO<\/em><\/p>\n<\/div>\n<\/div>\n<p>[\/vc_column_text][\/vc_column][vc_column width=&#8221;1\/2&#8243; css=&#8221;.vc_custom_1438784968106{margin-bottom: 40px !important;}&#8221;][vc_single_image image=&#8221;13740&#8243; img_size=&#8221;614&#215;414&#8243; alignment=&#8221;center&#8221; css_animation=&#8221;right-to-left&#8221;][\/vc_column][\/vc_row][vc_row full_width=&#8221;stretch_row&#8221; content_placement=&#8221;middle&#8221; css=&#8221;.vc_custom_1707801645313{margin-bottom: 0px !important;background-color: #f9f9f9 !important;}&#8221;][vc_column width=&#8221;1\/2&#8243; css=&#8221;.vc_custom_1438784954834{margin-bottom: 40px !important;}&#8221;][vc_single_image image=&#8221;20179&#8243; img_size=&#8221;large&#8221; alignment=&#8221;center&#8221; css_animation=&#8221;right-to-left&#8221;][\/vc_column][vc_column width=&#8221;1\/2&#8243; css=&#8221;.vc_custom_1438784968106{margin-bottom: 40px !important;}&#8221;][vc_column_text]<\/p>\n<h2>SERTIFIOITU LAATU: VAKUUTUS ERINOMAISUUDESTA<\/h2>\n<div class=\"dxGrid\">\n<div class=\"dxGrid8 Main1\">\n<p data-sourcepos=\"3:1-3:358\">Vahvistaaksemme sitoutumistamme poikkeukselliseen laatuun, NTT Group on ylpe\u00e4 ISO 9001 -sertifikaattien haltijana eri toimipisteiss\u00e4mme. T\u00e4m\u00e4 kansainv\u00e4lisesti tunnustettu standardi merkitsee, ett\u00e4 meid\u00e4n laatuj\u00e4rjestelm\u00e4mme t\u00e4ytt\u00e4\u00e4 korkeimmat kansainv\u00e4liset vaatimukset. Jokainen sertifiointi osoittaa sitoutumisemme:<\/p>\n<ul data-sourcepos=\"5:1-5:139\">\n<li data-sourcepos=\"5:1-5:139\">Jatkuva parantaminen: aktiivisesti tunnistamme ja toteutamme prosesseja, jotka parantavat tehokkuutta, johdonmukaisuutta ja asiakastyytyv\u00e4isyytt\u00e4.<\/li>\n<li data-sourcepos=\"6:1-6:165\">Standardoidut toiminnot: standardoidut tuotantoprosessimme varmistavat tasalaatuisuuden ja luotettavuuden jokaisessa toimittamassamme osassa.<\/li>\n<li data-sourcepos=\"7:1-8:0\">Tiukka laadunvalvonta: jokainen tuotantomme vaihe raaka-aineiden valinnasta lopulliseen tarkastukseen noudattaa tiukkoja laatumenettelyj\u00e4, jotka minimoivat virheet ja varmistavat juuri sellaisen tuotteen kuin asiakas on tilannut.<\/li>\n<\/ul>\n<p data-sourcepos=\"9:1-9:256\">ISO 9001 -sertifikaattien saavuttaminen ja yll\u00e4pit\u00e4minen on todiste sitoutumisestamme tarjota asiakkaillemme laadukasta tlaatumenettelyj\u00e4otantoketjumme osalta. T\u00e4m\u00e4 sitoutuminen ulottuu sertifikaatioiden ulkopuolelle, heijastaen ydinarvojamme ja ohjaten jokaista toimintamme osa-aluetta.<\/p>\n<\/div>\n<\/div>\n<p>[\/vc_column_text][\/vc_column][\/vc_row]<\/p>\n<\/div>","protected":false},"excerpt":{"rendered":"<p>[vc_row full_width=&#8221;stretch_row&#8221; full_height=&#8221;yes&#8221; css=&#8221;.vc_custom_1694029144707{margin-top: -40px !important;margin-bottom: 60px !important;padding-top: 15% !important;padding-bottom: 15% !important;background-image: url(https:\/\/nttgroup.com\/wp-content\/uploads\/2017\/05\/NTT-kola-zebate-produkcja.png?id=13827) !important;background-position: center !important;background-repeat: no-repeat !important;background-size: cover !important;}&#8221;][vc_column][vc_custom_heading<\/p>\n","protected":false},"author":3,"featured_media":0,"parent":0,"menu_order":0,"comment_status":"closed","ping_status":"closed","template":"","meta":{"footnotes":""},"class_list":["post-20455","page","type-page","status-publish","hentry"],"_links":{"self":[{"href":"https:\/\/nttgroup.com\/fi\/wp-json\/wp\/v2\/pages\/20455","targetHints":{"allow":["GET"]}}],"collection":[{"href":"https:\/\/nttgroup.com\/fi\/wp-json\/wp\/v2\/pages"}],"about":[{"href":"https:\/\/nttgroup.com\/fi\/wp-json\/wp\/v2\/types\/page"}],"author":[{"embeddable":true,"href":"https:\/\/nttgroup.com\/fi\/wp-json\/wp\/v2\/users\/3"}],"replies":[{"embeddable":true,"href":"https:\/\/nttgroup.com\/fi\/wp-json\/wp\/v2\/comments?post=20455"}],"version-history":[{"count":5,"href":"https:\/\/nttgroup.com\/fi\/wp-json\/wp\/v2\/pages\/20455\/revisions"}],"predecessor-version":[{"id":20521,"href":"https:\/\/nttgroup.com\/fi\/wp-json\/wp\/v2\/pages\/20455\/revisions\/20521"}],"wp:attachment":[{"href":"https:\/\/nttgroup.com\/fi\/wp-json\/wp\/v2\/media?parent=20455"}],"curies":[{"name":"wp","href":"https:\/\/api.w.org\/{rel}","templated":true}]}}