{"id":20465,"date":"2024-02-29T06:11:44","date_gmt":"2024-02-29T06:11:44","guid":{"rendered":"https:\/\/nttgroup.com\/robottihitsaus\/"},"modified":"2025-10-16T10:12:28","modified_gmt":"2025-10-16T10:12:28","slug":"robottihitsaus","status":"publish","type":"page","link":"https:\/\/nttgroup.com\/fi\/robottihitsaus\/","title":{"rendered":"Robottihitsaus"},"content":{"rendered":"<div class=\"wpb-content-wrapper\"><p>[vc_section full_width=&#8221;stretch_row&#8221; css=&#8221;.vc_custom_1542025240624{background-color: #f9f9f9 !important;}&#8221;][vc_row css=&#8221;.vc_custom_1542025031874{background-color: #f9f9f9 !important;}&#8221;][vc_column width=&#8221;1\/6&#8243;][\/vc_column][vc_column width=&#8221;2\/3&#8243;][vc_column_text]<\/p>\n<h4 style=\"font-size: 42px; text-align: center;\">Robottihitsaus<\/h4>\n<p>[\/vc_column_text][vc_separator border_width=&#8221;2&#8243; css=&#8221;.vc_custom_1542025311822{margin-bottom: 20px !important;}&#8221;][\/vc_column][vc_column width=&#8221;1\/6&#8243;][\/vc_column][\/vc_row][vc_row css=&#8221;.vc_custom_1542025040822{background-color: #f9f9f9 !important;}&#8221;][vc_column width=&#8221;1\/3&#8243;]\t\t\t<div class=\" basel-info-box text-center icon-alignment-top box-style-base color-scheme-dark  with-animation \" onclick=\"\">\n\t\t\t\t\t\t\t\t<div class=\"info-box-content\">\n\t\t\t\t\t<div class=\"info-box-inner\">\n\t\t\t\t\t\t<\/p>\n<h2>Korkea laatu<\/h2>\n<p>Korkealaatuinen sauma (MIG\/MAG)<\/p>\n\t\t\t\t\t<\/div>\n\t\t\t\t<\/div>\n\t\t\t<\/div>\n\t\t[\/vc_column][vc_column width=&#8221;1\/3&#8243;]\t\t\t<div class=\" basel-info-box text-center icon-alignment-top box-style-base color-scheme-dark  with-animation \" onclick=\"\">\n\t\t\t\t\t\t\t\t<div class=\"info-box-content\">\n\t\t\t\t\t<div class=\"info-box-inner\">\n\t\t\t\t\t\t<\/p>\n<h2>Isot halkaisijat<\/h2>\n<p>Osat, joiden halkaisija on enint\u00e4\u00e4n \u00d81,5 m, on helppo hitsata.<\/p>\n\t\t\t\t\t<\/div>\n\t\t\t\t<\/div>\n\t\t\t<\/div>\n\t\t[\/vc_column][vc_column width=&#8221;1\/3&#8243;]\t\t\t<div class=\" basel-info-box text-center icon-alignment-top box-style-base color-scheme-dark  with-animation \" onclick=\"\">\n\t\t\t\t\t\t\t\t<div class=\"info-box-content\">\n\t\t\t\t\t<div class=\"info-box-inner\">\n\t\t\t\t\t\t<\/p>\n<h2>Nopeat toimitusajat<\/h2>\n<p>Nopeat toimitusajat yksitt\u00e4is-sek\u00e4 sarjatuotantoon.<\/p>\n\t\t\t\t\t<\/div>\n\t\t\t\t<\/div>\n\t\t\t<\/div>\n\t\t[\/vc_column][\/vc_row][\/vc_section][vc_row full_width=&#8221;stretch_row_content_no_spaces&#8221; content_placement=&#8221;top&#8221; css=&#8221;.vc_custom_1542028241205{margin-top: 40px !important;margin-bottom: -40px !important;}&#8221;][vc_column width=&#8221;1\/2&#8243; offset=&#8221;vc_col-md-6&#8243;][vc_single_image image=&#8221;15510&#8243; img_size=&#8221;500x&#8221; alignment=&#8221;center&#8221;][\/vc_column][vc_column width=&#8221;1\/2&#8243; css=&#8221;.vc_custom_1485009354843{margin-top: 25px !important;margin-bottom: 40px !important;padding-right: 10% !important;padding-left: 10% !important;}&#8221; offset=&#8221;vc_col-md-6&#8243;][vc_column_text css=&#8221;.vc_custom_1694516324558{margin-bottom: 30px !important;}&#8221;]<\/p>\n<h1 class=\"font-title\" style=\"text-align: center; font-size: 42px; text-transform: capitalize;\"><span style=\"border-bottom: 1px solid #BDBDBD; padding-bottom: 4px;\">Robottihitsaus<\/span><\/h1>\n<h3 class=\"LC20lb\" style=\"text-align: center;\">MIG\/MAG<\/h3>\n<p>[\/vc_column_text][vc_column_text css=&#8221;.vc_custom_1694516428854{padding-right: 30px !important;padding-left: 30px !important;}&#8221;]<\/p>\n<table border=\"0\" width=\"512\" cellspacing=\"0\" cellpadding=\"0\">\n<colgroup>\n<col width=\"143\" \/>\n<col width=\"141\" \/>\n<col width=\"228\" \/><\/colgroup>\n<tbody>\n<tr>\n<td class=\"xl65\" width=\"143\" height=\"28\"><strong>Kone<\/strong><\/td>\n<td class=\"xl65\" width=\"141\"><strong>Hitsauskone<\/strong><\/td>\n<td class=\"xl65\" width=\"228\"><strong>Huomioitavaa<\/strong><\/td>\n<\/tr>\n<tr>\n<td height=\"20\">Fanuc 120iC<\/td>\n<td>Fronius TPS 400i<\/td>\n<td>vaakasuorat ja pystysuorat py\u00f6riv\u00e4t p\u00f6yd\u00e4t<\/td>\n<\/tr>\n<\/tbody>\n<\/table>\n<p>[\/vc_column_text][\/vc_column][\/vc_row][vc_row full_width=&#8221;stretch_row&#8221; content_placement=&#8221;middle&#8221; css=&#8221;.vc_custom_1708612183404{margin-top: 40px !important;margin-bottom: 0px !important;background-color: #f9f9f9 !important;}&#8221;][vc_column width=&#8221;1\/2&#8243; css=&#8221;.vc_custom_1438784954834{margin-bottom: 40px !important;}&#8221;][vc_column_text css=&#8221;&#8221; basel_color_scheme=&#8221;dark&#8221;]<\/p>\n<div class=\"presented-response-container ng-tns-c4150723369-462\">\n<div class=\"response-container-content ng-tns-c4150723369-462\">\n<div class=\"response-content ng-trigger ng-trigger-responsePopulation ng-tns-c4150723369-462\">\n<div class=\"markdown markdown-main-panel ui-v2-enabled\" dir=\"ltr\">\n<div class=\"presented-response-container ng-tns-c4150723369-496\">\n<div class=\"response-container-content ng-tns-c4150723369-496\">\n<div class=\"response-content ng-trigger ng-trigger-responsePopulation ng-tns-c4150723369-496\">\n<div class=\"markdown markdown-main-panel ui-v2-enabled\" dir=\"ltr\">\n<h2 class=\"\" data-sourcepos=\"1:1-1:83\">Robotilla valmistettu kokonaisuus: Hitsausinnovaatio huippuluokan kuljetinketjuille<\/h2>\n<p data-sourcepos=\"3:1-3:151\">Meill\u00e4 NTT Groupissa tehostamme kuljetinketjujen tuotantoa automaattisen robottihitsauksen varmuudella ja tehokkuudella. Tehtaallamme on huippuluokan MAG 135 FANUC -robotti, &nbsp;varustettuna parhaimmalla Fronius-hitsauslaitteistolla, joka takaa poikkeukselliset tulokset jokaisessa hitsiss\u00e4.<\/p>\n<p data-sourcepos=\"5:1-5:87\">T\u00e4m\u00e4 edistynyt teknologia antaa meille mahdollisuuden valmistaa huippulaatuisia hitsattuja kuljetinketjuja vertaansa vailla olevalla laadulla. Integroimalla robotiikka saumattomasti valmistusprosessiimme saavutamme:<\/p>\n<ul data-sourcepos=\"7:1-7:37\">\n<li data-sourcepos=\"7:1-7:37\">Tarkkuus: Robotti eliminoi inhimilliset virheet ja tekee hitsissauman tarkasti ja johdonmukaisesti.<\/li>\n<li data-sourcepos=\"8:1-8:129\">Tehokkuus: Automatisointi nopeuttaa tuotantoa, lis\u00e4\u00e4 tuotantoa samalla kun minimoidaan l\u00e4pimenoaikoja ja tuotantokustannuksia.<\/li>\n<li data-sourcepos=\"9:1-9:166\">Laatu: Fronius-laitteet varmistavat vahvat, luotettavat hitsit, jotka t\u00e4ytt\u00e4v\u00e4t korkeimmatkin laatuvaatimukset ja takaavat sauman lujuuden ja kest\u00e4vyyden.<\/li>\n<li data-sourcepos=\"10:1-10:73\">Monipuolisuus: Hitsauslaitteistomme hitsaa liitokset saumattomasti mukaan lukien vaativammatkin erikoisosat (ml. rulla- ja kuljetinketjupy\u00f6r\u00e4t).<\/li>\n<\/ul>\n<p data-sourcepos=\"12:1-12:350\">Tehokkuuden ja tarkkuuden lis\u00e4ksi robottihitsaus mahdollistaa ketjuk\u00e4ytt\u00f6jen monimutkaisten hitsisaumojen tekemisen tehostaen toimintaa ja parantaen kilpailukyky\u00e4.<\/p>\n<\/div>\n<\/div>\n<\/div>\n<\/div>\n<\/div>\n<\/div>\n<\/div>\n<\/div>\n<p>[\/vc_column_text][\/vc_column][vc_column width=&#8221;1\/2&#8243; css=&#8221;.vc_custom_1438784968106{margin-bottom: 40px !important;}&#8221;][vc_video link=&#8221;https:\/\/youtu.be\/UjHtWgB1sf4&#8243;][\/vc_column][\/vc_row]<\/p>\n<\/div>","protected":false},"excerpt":{"rendered":"<p>[vc_section full_width=&#8221;stretch_row&#8221; css=&#8221;.vc_custom_1542025240624{background-color: #f9f9f9 !important;}&#8221;][vc_row css=&#8221;.vc_custom_1542025031874{background-color: #f9f9f9 !important;}&#8221;][vc_column width=&#8221;1\/6&#8243;][\/vc_column][vc_column width=&#8221;2\/3&#8243;][vc_column_text] Robottihitsaus [\/vc_column_text][vc_separator border_width=&#8221;2&#8243; css=&#8221;.vc_custom_1542025311822{margin-bottom: 20px !important;}&#8221;][\/vc_column][vc_column width=&#8221;1\/6&#8243;][\/vc_column][\/vc_row][vc_row css=&#8221;.vc_custom_1542025040822{background-color: #f9f9f9 !important;}&#8221;][vc_column<\/p>\n","protected":false},"author":3,"featured_media":0,"parent":0,"menu_order":0,"comment_status":"closed","ping_status":"closed","template":"","meta":{"footnotes":""},"class_list":["post-20465","page","type-page","status-publish","hentry"],"_links":{"self":[{"href":"https:\/\/nttgroup.com\/fi\/wp-json\/wp\/v2\/pages\/20465","targetHints":{"allow":["GET"]}}],"collection":[{"href":"https:\/\/nttgroup.com\/fi\/wp-json\/wp\/v2\/pages"}],"about":[{"href":"https:\/\/nttgroup.com\/fi\/wp-json\/wp\/v2\/types\/page"}],"author":[{"embeddable":true,"href":"https:\/\/nttgroup.com\/fi\/wp-json\/wp\/v2\/users\/3"}],"replies":[{"embeddable":true,"href":"https:\/\/nttgroup.com\/fi\/wp-json\/wp\/v2\/comments?post=20465"}],"version-history":[{"count":5,"href":"https:\/\/nttgroup.com\/fi\/wp-json\/wp\/v2\/pages\/20465\/revisions"}],"predecessor-version":[{"id":47343,"href":"https:\/\/nttgroup.com\/fi\/wp-json\/wp\/v2\/pages\/20465\/revisions\/47343"}],"wp:attachment":[{"href":"https:\/\/nttgroup.com\/fi\/wp-json\/wp\/v2\/media?parent=20465"}],"curies":[{"name":"wp","href":"https:\/\/api.w.org\/{rel}","templated":true}]}}