{"id":20469,"date":"2024-03-01T05:21:52","date_gmt":"2024-03-01T05:21:52","guid":{"rendered":"https:\/\/nttgroup.com\/ntt-laatupolitiikka\/"},"modified":"2025-10-16T10:06:59","modified_gmt":"2025-10-16T10:06:59","slug":"ntt-laatupolitiikka","status":"publish","type":"page","link":"https:\/\/nttgroup.com\/fi\/ntt-laatupolitiikka\/","title":{"rendered":"NTT Laatupolitiikka"},"content":{"rendered":"<div class=\"wpb-content-wrapper\"><p>[vc_section full_width=&#8221;stretch_row&#8221; css=&#8221;.vc_custom_1542025240624{background-color: #f9f9f9 !important;}&#8221;][vc_row css=&#8221;.vc_custom_1542025031874{background-color: #f9f9f9 !important;}&#8221;][vc_column width=&#8221;1\/6&#8243;][\/vc_column][vc_column width=&#8221;2\/3&#8243;][vc_column_text]<\/p>\n<h4 style=\"font-size: 42px; text-align: center;\">Laatupolitiikka<\/h4>\n<p>[\/vc_column_text][vc_separator border_width=&#8221;2&#8243; css=&#8221;.vc_custom_1542025311822{margin-bottom: 20px !important;}&#8221;][\/vc_column][vc_column width=&#8221;1\/6&#8243;][\/vc_column][\/vc_row][vc_row css=&#8221;.vc_custom_1542025040822{background-color: #f9f9f9 !important;}&#8221;][vc_column width=&#8221;1\/3&#8243;]\t\t\t<div class=\" basel-info-box text-center icon-alignment-top box-style-base color-scheme-dark  with-animation \" onclick=\"\">\n\t\t\t\t\t\t\t\t<div class=\"info-box-content\">\n\t\t\t\t\t<div class=\"info-box-inner\">\n\t\t\t\t\t\t<\/p>\n<h2>Laatu<\/h2>\n<p class=\"Normal\">T\u00e4m\u00e4 on ydinarvomme kaikille toimittamillemme tuotteille<\/p>\n<p>\n\t\t\t\t\t<\/div>\n\t\t\t\t<\/div>\n\t\t\t<\/div>\n\t\t[\/vc_column][vc_column width=&#8221;1\/3&#8243;]\t\t\t<div class=\" basel-info-box text-center icon-alignment-top box-style-base color-scheme-dark  with-animation \" onclick=\"\">\n\t\t\t\t\t\t\t\t<div class=\"info-box-content\">\n\t\t\t\t\t<div class=\"info-box-inner\">\n\t\t\t\t\t\t<\/p>\n<h2>Tyytyv\u00e4isyys<\/h2>\n<p class=\"Normal\">Asiakaspalaute on meille kaikkein t\u00e4rkeint\u00e4<\/p>\n<p>\n\t\t\t\t\t<\/div>\n\t\t\t\t<\/div>\n\t\t\t<\/div>\n\t\t[\/vc_column][vc_column width=&#8221;1\/3&#8243;]\t\t\t<div class=\" basel-info-box text-center icon-alignment-top box-style-base color-scheme-dark  with-animation \" onclick=\"\">\n\t\t\t\t\t\t\t\t<div class=\"info-box-content\">\n\t\t\t\t\t<div class=\"info-box-inner\">\n\t\t\t\t\t\t<\/p>\n<h2>Jatkuva parantaminen<\/h2>\n<p>Jatkuva parantaminen on avainasemassa korkealaatuisten osien valmistuksessa<\/p>\n\t\t\t\t\t<\/div>\n\t\t\t\t<\/div>\n\t\t\t<\/div>\n\t\t[\/vc_column][\/vc_row][\/vc_section][vc_row full_width=&#8221;stretch_row&#8221; css=&#8221;.vc_custom_1694062051816{margin-top: 40px !important;margin-bottom: 45px !important;}&#8221;][vc_column width=&#8221;1\/2&#8243; el_class=&#8221;text-left&#8221;][vc_column_text css=&#8221;.vc_custom_1760609215430{margin-bottom: 30px !important;}&#8221; basel_color_scheme=&#8221;dark&#8221;]<\/p>\n<div class=\"dxGrid\">\n<div class=\"dxGrid8 Main1\">\n<div class=\"presented-response-container ng-tns-c4150723369-440\">\n<div class=\"response-container-content ng-tns-c4150723369-440\">\n<div class=\"response-content ng-trigger ng-trigger-responsePopulation ng-tns-c4150723369-440\">\n<div class=\"markdown markdown-main-panel ui-v2-enabled\" dir=\"ltr\">\n<h2 class=\"\" data-sourcepos=\"1:1-1:52\">Huippuosaamisella eteenp\u00e4in: NTT Groupin laatusitoumus<\/h2>\n<p data-sourcepos=\"3:1-3:180\">NTT Groupilla laatu on enemm\u00e4n kuin vain sana; se on kaiken toimintamme kulmakivi. Rakennettuna kohuippuosaamiseen n\u00e4kyy kattavassa laatupolitiikassammeme olemaan johtava tekij\u00e4 mekaanisessa voimansiirrossa. Sitoutumisemme huippuosaamiseen n\u00e4kyy kattavassa laatupolitiikassamme, joka m\u00e4\u00e4rittelee periaatteet, joiden mukaan toimimme.<\/p>\n<p data-sourcepos=\"5:1-5:37\"><strong>Toimitusketjun arvo luottamusta rakentaen:<\/strong><\/p>\n<ul data-sourcepos=\"7:1-7:85\">\n<li data-sourcepos=\"7:1-7:85\">Olemme omistautuneet tarjoamaan jatkuvasti huippulaatuisia tuotteita, toimitettuna ajoissa oikeaan osoitteeseen kilpailukykyiseen hintaan. &nbsp;Sitoutumisemme varmistaa, ett\u00e4 t\u00e4yt\u00e4mme ja ylit\u00e4mme asiakkaidemme odotukset, luoden pitk\u00e4aikaisia luottamuksellisia suhteita.<\/li>\n<\/ul>\n<p data-sourcepos=\"9:1-9:48\"><strong>Jatkuva parantaminen: Tie menestykseen:<\/strong><\/p>\n<ul data-sourcepos=\"11:1-12:0\">\n<li data-sourcepos=\"11:1-12:0\">Uskomme jatkuvaan kehitt\u00e4miseen, aktiiviseen laadunhallintaj\u00e4rjestelm\u00e4mme, tuotteidemme ja prosessiemme jatkuvaan kehitt\u00e4miseen. T\u00e4m\u00e4 pyrkimys erinomaisuuteen mahdollistaa meille jatkuvan asiakastyytyv\u00e4isyyden parantamisen ja pysymisen alan k\u00e4rjess\u00e4.<\/li>\n<\/ul>\n<p data-sourcepos=\"13:1-13:17\"><strong>Yhteisty\u00f6ll\u00e4 tuloksiin:<\/strong><\/p>\n<ul data-sourcepos=\"15:1-17:0\">\n<li data-sourcepos=\"15:1-15:290\">Johdon tuki on ensisijaisen t\u00e4rke\u00e4\u00e4 asetettaessa selkeit\u00e4 ja motivoivia laatutavoitteita, jotka tarkistetaan s\u00e4\u00e4nn\u00f6llisesti, seurataan ja parannetaan.<br \/>\nKannustamme ty\u00f6ntekij\u00e4mme ottamaan vastuuta ty\u00f6st\u00e4\u00e4n varmistaen, ett\u00e4 jokainen osa-alue edustaa NTT Groupin arvoja.<\/li>\n<li data-sourcepos=\"16:1-17:0\">Arvostamme vahvoja kumppanuuksia luotettavien toimittajien kanssa, jotka jakavat sitoutumisemme laatuun. Vaatimalla itse\u00e4mme ja kumppaneitamme joka p\u00e4iv\u00e4 parempiin suorituksiin , takaamme, ett\u00e4 jokainen toimitus on niin kuin sovittu, luoden samalla pohjan tuleville yhteisty\u00f6mahdollisuuksille.<\/li>\n<\/ul>\n<p data-sourcepos=\"18:1-18:46\"><strong>Yhteinen vastuu, yhteinen menestys:<\/strong><\/p>\n<ul data-sourcepos=\"20:1-21:0\">\n<li data-sourcepos=\"20:1-21:0\">Olemme vakaasti sit\u00e4 mielt\u00e4, ett\u00e4 jokainen yrityksess\u00e4 on keskeisess\u00e4 roolissa laatusuunnitelmamme yll\u00e4pit\u00e4misess\u00e4. Yhteisvastuukulttuurin edist\u00e4minen varmistaa, ett\u00e4 laatu pysyy kaiken toimintamme ytimess\u00e4 ja auttaa meit\u00e4 saavuttamaan kest\u00e4v\u00e4\u00e4 menestyst\u00e4.<\/li>\n<\/ul>\n<p data-sourcepos=\"22:1-22:257\">Noudattamalla n\u00e4it\u00e4 periaatteita NTT Group rakentaa luottamusta asiakkaidemme, ty\u00f6ntekij\u00f6idemme ja yhteisty\u00f6kumppaneidemme kanssa. Kutsumme sinut mukaan t\u00e4h\u00e4n yhteiseen matkaan, jossa poikkeuksellinen laatu ei ole vain lupaus, vaan todellisuus jokaisesta valmistamastamme tuotteesta.<\/p>\n<\/div>\n<\/div>\n<\/div>\n<\/div>\n<\/div>\n<\/div>\n<p>[\/vc_column_text][\/vc_column][vc_column width=&#8221;1\/2&#8243;][vc_single_image image=&#8221;15520&#8243; img_size=&#8221;full&#8221; alignment=&#8221;center&#8221; css_animation=&#8221;bottom-to-top&#8221;][\/vc_column][\/vc_row][vc_row][vc_column][\/vc_column][\/vc_row]<\/p>\n<\/div>","protected":false},"excerpt":{"rendered":"<p>[vc_section full_width=&#8221;stretch_row&#8221; css=&#8221;.vc_custom_1542025240624{background-color: #f9f9f9 !important;}&#8221;][vc_row css=&#8221;.vc_custom_1542025031874{background-color: #f9f9f9 !important;}&#8221;][vc_column width=&#8221;1\/6&#8243;][\/vc_column][vc_column width=&#8221;2\/3&#8243;][vc_column_text] Laatupolitiikka [\/vc_column_text][vc_separator border_width=&#8221;2&#8243; css=&#8221;.vc_custom_1542025311822{margin-bottom: 20px !important;}&#8221;][\/vc_column][vc_column width=&#8221;1\/6&#8243;][\/vc_column][\/vc_row][vc_row css=&#8221;.vc_custom_1542025040822{background-color: #f9f9f9 !important;}&#8221;][vc_column<\/p>\n","protected":false},"author":3,"featured_media":0,"parent":0,"menu_order":0,"comment_status":"closed","ping_status":"closed","template":"","meta":{"footnotes":""},"class_list":["post-20469","page","type-page","status-publish","hentry"],"_links":{"self":[{"href":"https:\/\/nttgroup.com\/fi\/wp-json\/wp\/v2\/pages\/20469","targetHints":{"allow":["GET"]}}],"collection":[{"href":"https:\/\/nttgroup.com\/fi\/wp-json\/wp\/v2\/pages"}],"about":[{"href":"https:\/\/nttgroup.com\/fi\/wp-json\/wp\/v2\/types\/page"}],"author":[{"embeddable":true,"href":"https:\/\/nttgroup.com\/fi\/wp-json\/wp\/v2\/users\/3"}],"replies":[{"embeddable":true,"href":"https:\/\/nttgroup.com\/fi\/wp-json\/wp\/v2\/comments?post=20469"}],"version-history":[{"count":5,"href":"https:\/\/nttgroup.com\/fi\/wp-json\/wp\/v2\/pages\/20469\/revisions"}],"predecessor-version":[{"id":47316,"href":"https:\/\/nttgroup.com\/fi\/wp-json\/wp\/v2\/pages\/20469\/revisions\/47316"}],"wp:attachment":[{"href":"https:\/\/nttgroup.com\/fi\/wp-json\/wp\/v2\/media?parent=20469"}],"curies":[{"name":"wp","href":"https:\/\/api.w.org\/{rel}","templated":true}]}}