{"id":20767,"date":"2024-03-04T06:02:29","date_gmt":"2024-03-04T06:02:29","guid":{"rendered":"https:\/\/nttgroup.com\/ntt-mission-vision-core-values\/"},"modified":"2025-10-16T10:05:19","modified_gmt":"2025-10-16T10:05:19","slug":"ntt-mission-vision-core-values","status":"publish","type":"page","link":"https:\/\/nttgroup.com\/fi\/ntt-mission-vision-core-values\/","title":{"rendered":"NTT Mission, Vision &#038; Core Values"},"content":{"rendered":"<div class=\"wpb-content-wrapper\"><p>[vc_section full_width=&#8221;stretch_row&#8221; css=&#8221;.vc_custom_1542025240624{background-color: #f9f9f9 !important;}&#8221;][vc_row css=&#8221;.vc_custom_1542025031874{background-color: #f9f9f9 !important;}&#8221;][vc_column width=&#8221;1\/6&#8243;][\/vc_column][vc_column width=&#8221;2\/3&#8243;][vc_column_text]<\/p>\n<h4 style=\"font-size: 42px; text-align: center;\">Arvomme ja tavoitteemme<\/h4>\n<p>[\/vc_column_text][vc_separator border_width=&#8221;2&#8243; css=&#8221;.vc_custom_1542025311822{margin-bottom: 20px !important;}&#8221;][\/vc_column][vc_column width=&#8221;1\/6&#8243;][\/vc_column][\/vc_row][vc_row css=&#8221;.vc_custom_1542025040822{background-color: #f9f9f9 !important;}&#8221;][vc_column width=&#8221;1\/3&#8243;]\t\t\t<div class=\" basel-info-box text-center icon-alignment-top box-style-base color-scheme-dark  with-animation \" onclick=\"\">\n\t\t\t\t\t\t\t\t<div class=\"info-box-content\">\n\t\t\t\t\t<div class=\"info-box-inner\">\n\t\t\t\t\t\t<\/p>\n<h2>Toiminta-ajatuksemme<\/h2>\n<p class=\"Normal\">Laajin tuotevalikoima markkinoilla mekaanisen voimansiirron alalla.<\/p>\n<p>\n\t\t\t\t\t<\/div>\n\t\t\t\t<\/div>\n\t\t\t<\/div>\n\t\t[\/vc_column][vc_column width=&#8221;1\/3&#8243;]\t\t\t<div class=\" basel-info-box text-center icon-alignment-top box-style-base color-scheme-dark  with-animation \" onclick=\"\">\n\t\t\t\t\t\t\t\t<div class=\"info-box-content\">\n\t\t\t\t\t<div class=\"info-box-inner\">\n\t\t\t\t\t\t<\/p>\n<h2>Visiomme<\/h2>\n<p class=\"Normal\">Halutuin kumppani mekaanisen voimansiirron alalla.<\/p>\n<p>\n\t\t\t\t\t<\/div>\n\t\t\t\t<\/div>\n\t\t\t<\/div>\n\t\t[\/vc_column][vc_column width=&#8221;1\/3&#8243;]\t\t\t<div class=\" basel-info-box text-center icon-alignment-top box-style-base color-scheme-dark  with-animation \" onclick=\"\">\n\t\t\t\t\t\t\t\t<div class=\"info-box-content\">\n\t\t\t\t\t<div class=\"info-box-inner\">\n\t\t\t\t\t\t<\/p>\n<h2>Ydinarvomme<\/h2>\n<p>Ty\u00f6ntekij\u00e4mme, l\u00e4pin\u00e4kyvyys ja luotettavuus ovat ydinarvojamme.<\/p>\n\t\t\t\t\t<\/div>\n\t\t\t\t<\/div>\n\t\t\t<\/div>\n\t\t[\/vc_column][\/vc_row][\/vc_section][vc_row full_width=&#8221;stretch_row&#8221; css=&#8221;.vc_custom_1694062051816{margin-top: 40px !important;margin-bottom: 45px !important;}&#8221;][vc_column width=&#8221;1\/2&#8243; el_class=&#8221;text-left&#8221;][vc_column_text css=&#8221;.vc_custom_1760609114063{margin-bottom: 30px !important;}&#8221; basel_color_scheme=&#8221;dark&#8221;]<\/p>\n<div class=\"presented-response-container ng-tns-c4150723369-352\">\n<div class=\"response-container-content ng-tns-c4150723369-352\">\n<div class=\"response-content ng-trigger ng-trigger-responsePopulation ng-tns-c4150723369-352\">\n<div class=\"markdown markdown-main-panel ui-v2-enabled\" dir=\"ltr\">\n<p data-sourcepos=\"3:1-3:52\"><strong>Luottamusta rakentaen: Luotettavuuden perusta<\/strong><\/p>\n<p data-sourcepos=\"5:1-5:32\">NTT Groupilla luotettavuus on kaiken perusta. Ymm\u00e4rr\u00e4mme, ett\u00e4 asiakkaamme luottavat meihin toimittamaan oikean tuotteen joka kerta.<\/p>\n<p data-sourcepos=\"7:1-7:283\">Siksi investoimme runsaasti moderneihin tuotantolaitoksiin varmistaaksemme johdonmukaisuuden ja tarkkuuden.<\/p>\n<p data-sourcepos=\"7:1-7:283\">Ylpeilemme laajimmalla tuotevalikoimalla markkinoilla, mik\u00e4 antaa sinulle joustavuuden l\u00f6yt\u00e4\u00e4 t\u00e4ydellinen ratkaisu.<\/p>\n<p data-sourcepos=\"7:1-7:283\">Ja oikealla varastoinnilla varmistamme aikataulussa tapahtuvan toimituksen juuri oikeaan aikaan.<\/p>\n<p data-sourcepos=\"7:1-7:283\">Tiimimme j\u00e4senet tekev\u00e4t saumattomasti yhteisty\u00f6t\u00e4, ottaen jokainen vastuun tyytyv\u00e4isyydest\u00e4si.<\/p>\n<p data-sourcepos=\"7:1-7:283\">Kannustamme avoimeen kommunikaatioon ja keskin\u00e4iseen kunnioitukseen, luoden turvallisen ymp\u00e4rist\u00f6n, jossa tarpeesi ovat aina etusijalla.<\/p>\n<p data-sourcepos=\"9:1-9:51\"><strong>AINA PALVELUKSESSANNE<\/strong><\/p>\n<p data-sourcepos=\"11:1-11:59\">Uskomme olevamme helposti saavutettavissa asiakkaillemme. T\u00e4m\u00e4 tarkoittaa selkeit\u00e4, avointa kommunikointia ja tiimi\u00e4, joka on valmiina vastaamennakoimmeksiisi ja k\u00e4sittelem\u00e4\u00e4n huolesi.<br \/>\nHy\u00f6dynn\u00e4mme laajaa tiet\u00e4myst\u00e4mme ja kokemustamme l\u00f6yt\u00e4\u00e4ksemme t\u00e4ydellisen ratkaisun, oli haasteesi kuinka ainutlaatuinen tahansa.<br \/>\nOlemme proaktiivisia uusien ratkaisujen etsimisess\u00e4 ja ennakoimme tarpeesi ennen kuin ne edes ilmenev\u00e4t<\/p>\n<p data-sourcepos=\"13:1-13:323\">Sitoutumisemme saatavuuteen varmistaa tuotteet juuri oikeaan aikaan asiakkaalle.<br \/>\nKuuntelemme aktiivisesti asiakkaita , toimittajia ja ty\u00f6ntekij\u00f6it\u00e4 luomalla aitoja suhteita sidosryhmiin.<br \/>\nTeemme kaikkemme tarjotaksemme esimerkillist\u00e4 asiakaspalvelua varmistaen, ett\u00e4 tunnet olosi arvostetuksi ja tuetuksi jokaisessa vaiheessa.<\/p>\n<p data-sourcepos=\"15:1-15:46\"><strong>Yhteisty\u00f6n voima<\/strong><\/p>\n<p data-sourcepos=\"17:1-17:312\">NTT Groupissa n\u00e4emme asiakassuhteemme todellisina yhteisty\u00f6suhteina. Uskomme kumppanuuteen kanssasi tavoittkaikkemmeavuttamiseksi ja visionesi toteuttamiseksi.<br \/>\nSe tarkoittaa reagoimista muuttuviin tarpeisiisi, innovatiivisten ratkaisujen l\u00f6yt\u00e4mist\u00e4 ja tarpeeksi joustavuutta sopeutuaksemme ainutlaatuisiin vaatimuksiisi.<\/p>\n<p data-sourcepos=\"19:1-19:146\">Yhti\u00f6ss\u00e4mme yhteisty\u00f6 on salainen aseemme. Tiimimme ty\u00f6skentelee saumattomasti yhdess\u00e4, yhteisen\u00e4 tarkoituksenaan: menestyksesi.<br \/>\nT\u00e4m\u00e4 varmistaa tehokkaan viestinn\u00e4n, sujuvat prosessit ja lopulta tuotteen tai palvelun, joka t\u00e4ydellisesti vastaa odotuksiasi.<\/p>\n<p data-sourcepos=\"21:1-21:234\">Luotettavuuden, saavutettavuuden ja yhteisty\u00f6n omaksumisen my\u00f6t\u00e4 NTT Group pyrkii olemaan enemm\u00e4n kuin vain toimittaja; tavoitteenamme on olla luotettu kumppanisi, rakentaen kest\u00e4vi\u00e4 suhteita keskin\u00e4isen luottamuksen perustalle.<\/p>\n<\/div>\n<\/div>\n<\/div>\n<\/div>\n<p>[\/vc_column_text][\/vc_column][vc_column width=&#8221;1\/2&#8243;][vc_single_image image=&#8221;15483&#8243; img_size=&#8221;full&#8221; alignment=&#8221;center&#8221; css_animation=&#8221;bottom-to-top&#8221;][\/vc_column][\/vc_row]<\/p>\n<\/div>","protected":false},"excerpt":{"rendered":"<p>[vc_section full_width=&#8221;stretch_row&#8221; css=&#8221;.vc_custom_1542025240624{background-color: #f9f9f9 !important;}&#8221;][vc_row css=&#8221;.vc_custom_1542025031874{background-color: #f9f9f9 !important;}&#8221;][vc_column width=&#8221;1\/6&#8243;][\/vc_column][vc_column width=&#8221;2\/3&#8243;][vc_column_text] Arvomme ja tavoitteemme [\/vc_column_text][vc_separator border_width=&#8221;2&#8243; css=&#8221;.vc_custom_1542025311822{margin-bottom: 20px !important;}&#8221;][\/vc_column][vc_column width=&#8221;1\/6&#8243;][\/vc_column][\/vc_row][vc_row css=&#8221;.vc_custom_1542025040822{background-color:<\/p>\n","protected":false},"author":3,"featured_media":0,"parent":0,"menu_order":0,"comment_status":"closed","ping_status":"closed","template":"","meta":{"footnotes":""},"class_list":["post-20767","page","type-page","status-publish","hentry"],"_links":{"self":[{"href":"https:\/\/nttgroup.com\/fi\/wp-json\/wp\/v2\/pages\/20767","targetHints":{"allow":["GET"]}}],"collection":[{"href":"https:\/\/nttgroup.com\/fi\/wp-json\/wp\/v2\/pages"}],"about":[{"href":"https:\/\/nttgroup.com\/fi\/wp-json\/wp\/v2\/types\/page"}],"author":[{"embeddable":true,"href":"https:\/\/nttgroup.com\/fi\/wp-json\/wp\/v2\/users\/3"}],"replies":[{"embeddable":true,"href":"https:\/\/nttgroup.com\/fi\/wp-json\/wp\/v2\/comments?post=20767"}],"version-history":[{"count":5,"href":"https:\/\/nttgroup.com\/fi\/wp-json\/wp\/v2\/pages\/20767\/revisions"}],"predecessor-version":[{"id":47307,"href":"https:\/\/nttgroup.com\/fi\/wp-json\/wp\/v2\/pages\/20767\/revisions\/47307"}],"wp:attachment":[{"href":"https:\/\/nttgroup.com\/fi\/wp-json\/wp\/v2\/media?parent=20767"}],"curies":[{"name":"wp","href":"https:\/\/api.w.org\/{rel}","templated":true}]}}