{"id":20770,"date":"2024-03-04T06:10:50","date_gmt":"2024-03-04T06:10:50","guid":{"rendered":"https:\/\/nttgroup.com\/ntt-toimintaprosessi\/"},"modified":"2025-10-16T10:07:21","modified_gmt":"2025-10-16T10:07:21","slug":"ntt-toimintaprosessi","status":"publish","type":"page","link":"https:\/\/nttgroup.com\/fi\/ntt-toimintaprosessi\/","title":{"rendered":"NTT Toimintaprosessi"},"content":{"rendered":"<div class=\"wpb-content-wrapper\"><p>[vc_section full_width=&#8221;stretch_row&#8221; css=&#8221;.vc_custom_1542025240624{background-color: #f9f9f9 !important;}&#8221;][vc_row css=&#8221;.vc_custom_1542025031874{background-color: #f9f9f9 !important;}&#8221;][vc_column width=&#8221;1\/6&#8243;][\/vc_column][vc_column width=&#8221;2\/3&#8243;][vc_column_text]<\/p>\n<h4 style=\"font-size: 42px; text-align: center;\">Toimintaprosessi<\/h4>\n<p>[\/vc_column_text][vc_separator border_width=&#8221;2&#8243; css=&#8221;.vc_custom_1542025311822{margin-bottom: 20px !important;}&#8221;][\/vc_column][vc_column width=&#8221;1\/6&#8243;][\/vc_column][\/vc_row][vc_row css=&#8221;.vc_custom_1542025040822{background-color: #f9f9f9 !important;}&#8221;][vc_column width=&#8221;1\/3&#8243;]\t\t\t<div class=\" basel-info-box text-center icon-alignment-top box-style-base color-scheme-dark  with-animation \" onclick=\"\">\n\t\t\t\t\t\t\t\t<div class=\"info-box-content\">\n\t\t\t\t\t<div class=\"info-box-inner\">\n\t\t\t\t\t\t<\/p>\n<h2>Tarjouskysely<\/h2>\n<p class=\"Normal\">Parhaat avovoimansiirron tuotteet<\/p>\n<p>\n\t\t\t\t\t<\/div>\n\t\t\t\t<\/div>\n\t\t\t<\/div>\n\t\t[\/vc_column][vc_column width=&#8221;1\/3&#8243;]\t\t\t<div class=\" basel-info-box text-center icon-alignment-top box-style-base color-scheme-dark  with-animation \" onclick=\"\">\n\t\t\t\t\t\t\t\t<div class=\"info-box-content\">\n\t\t\t\t\t<div class=\"info-box-inner\">\n\t\t\t\t\t\t<\/p>\n<h2>Valmistus<\/h2>\n<p class=\"Normal\">Tuotantotehtaamme Ruotsissa , Puolassa ja Saksassa<\/p>\n<p>\n\t\t\t\t\t<\/div>\n\t\t\t\t<\/div>\n\t\t\t<\/div>\n\t\t[\/vc_column][vc_column width=&#8221;1\/3&#8243;]\t\t\t<div class=\" basel-info-box text-center icon-alignment-top box-style-base color-scheme-dark  with-animation \" onclick=\"\">\n\t\t\t\t\t\t\t\t<div class=\"info-box-content\">\n\t\t\t\t\t<div class=\"info-box-inner\">\n\t\t\t\t\t\t<\/p>\n<h2>Toimitus<\/h2>\n<p>Standardi, joka vastaa asiakkaan pyynt\u00f6j\u00e4<\/p>\n\t\t\t\t\t<\/div>\n\t\t\t\t<\/div>\n\t\t\t<\/div>\n\t\t[\/vc_column][\/vc_row][\/vc_section][vc_row full_width=&#8221;stretch_row&#8221; css=&#8221;.vc_custom_1694062051816{margin-top: 40px !important;margin-bottom: 45px !important;}&#8221;][vc_column width=&#8221;1\/2&#8243; el_class=&#8221;text-left&#8221;][vc_column_text css=&#8221;.vc_custom_1760609236197{margin-bottom: 30px !important;}&#8221; basel_color_scheme=&#8221;dark&#8221;]<\/p>\n<div class=\"dxGrid\">\n<div class=\"dxGrid8 Main1\">\n<div class=\"dxGrid\">\n<div class=\"dxGrid8 Main1\">\n<p class=\"Normal\"><strong>1. Asiakkaan pyynt\u00f6<\/strong><br \/>\nMyyntiedustajamme vastaanottavat asiakkaan tarpeet ja vaatimukset. He esitt\u00e4v\u00e4t lis\u00e4kysymyksi\u00e4 ja ehdottavat uusia ratkaisuja.<\/p>\n<p class=\"Normal\">Avainsanat: Vastuu ja osaaminen<\/p>\n<p class=\"Normal\"><strong>2. Paras tarjous<br \/>\n<\/strong>Myyntiedustajamme esitt\u00e4v\u00e4t parhaan tarjouksen asiakkaan vaatimusten perusteella hinnan, toimituksen ja tuotesuunnittelun osalta.<\/p>\n<ul class=\"dxUl\">\n<li>\n<p class=\"Normal\">Oman tuotantomme kautta Ruotsissa, tai<\/p>\n<\/li>\n<li>\n<p class=\"Normal\">Ostamalla sopivimmalta toimittajalta Euroopasta tai Aasiasta<\/p>\n<\/li>\n<\/ul>\n<p class=\"Normal\">Asiakkaan hyv\u00e4ksytty\u00e4 tarjouksen, vahvistamme tilauksen asiakkaalle. Samanaikaisesti tuotantotilaus l\u00e4hetet\u00e4\u00e4n m\u00e4\u00e4r\u00e4ttyyn NTT Groupin tehtaaseen tai hankintaosastollemme.<\/p>\n<p class=\"Normal\">Avainsanat: Tieto ja kokemus<\/p>\n<p class=\"Normal\"><strong>3. Tuotanto<br \/>\n<\/strong><\/p>\n<p class=\"Normal\">Kun tilaus koskee vakiotuotteita: Todenn\u00e4k\u00f6isesti voimme l\u00e4hett\u00e4\u00e4 tuotteet samana p\u00e4iv\u00e4n\u00e4.<br \/>\nKun tuotanto koskee r\u00e4\u00e4t\u00e4l\u00f6ityj\u00e4 artikkeleita:<\/p>\n<p class=\"Normal\"><strong>3 a. Tuotanto omilla tehtaillamme NTT Group toimii kahdeksassa kaupungissa Ruotsissa, Saksassa ja Puolassa:<br \/>\n<\/strong><\/p>\n<table class=\"dxTable\" summary=\"\">\n<tbody>\n<tr>\n<td>\n<p class=\"Normal\">Ruotsi<\/p>\n<\/td>\n<td>\n<p class=\"Normal\">M\u00f6lndal<\/p>\n<\/td>\n<td>\n<p class=\"Normal\">Sarjatuotteet<\/p>\n<\/td>\n<\/tr>\n<tr>\n<td>\n<p class=\"Normal\">Ruotsi<\/p>\n<\/td>\n<td>\n<p class=\"Normal\">Vittsj\u00f6<\/p>\n<\/td>\n<td>\n<p class=\"Normal\">Yksitt\u00e4istuotteet<\/p>\n<\/td>\n<\/tr>\n<tr>\n<td>\n<p class=\"Normal\">Ruotsi<\/p>\n<\/td>\n<td>\n<p class=\"Normal\">Lingbo<\/p>\n<\/td>\n<td>\n<p class=\"Normal\">Kuljetinketju valmistus<\/p>\n<\/td>\n<\/tr>\n<tr>\n<td>\n<p class=\"Normal\">Ruotsi<\/p>\n<\/td>\n<td>\n<p class=\"Normal\">Sandarne<\/p>\n<\/td>\n<td>\n<p class=\"Normal\">Alihankinta<\/p>\n<\/td>\n<\/tr>\n<tr>\n<td>\n<p class=\"Normal\">Ruotsi<\/p>\n<\/td>\n<td>\n<p class=\"Normal\">Broby<\/p>\n<\/td>\n<td>\n<p class=\"Normal\">Hihnavalmistus<\/p>\n<\/td>\n<\/tr>\n<tr>\n<td>\n<p class=\"Normal\">Ruotsi<\/p>\n<\/td>\n<td>\n<p class=\"Normal\">Sv\u00e4ngsta<\/p>\n<\/td>\n<td>\n<p class=\"Normal\">Vaihteet ja s\u00e4hk\u00f6moottorit<\/p>\n<\/td>\n<\/tr>\n<tr>\n<td>\n<p class=\"Normal\">Germany<\/p>\n<\/td>\n<td>\n<p class=\"Normal\">Hamburg<\/p>\n<\/td>\n<td>\n<p class=\"Normal\">Rullaketjut<\/p>\n<\/td>\n<\/tr>\n<tr>\n<td>\n<p class=\"Normal\">Poland<\/p>\n<\/td>\n<td>\n<p class=\"Normal\">Chojn\u00f3w<\/p>\n<\/td>\n<td>\n<p class=\"Normal\">Yksitt\u00e4istuotteet<\/p>\n<\/td>\n<\/tr>\n<\/tbody>\n<\/table>\n<p class=\"Normal\">Tuotteet, jotka valmistetaan omilla tehtaillamme, takaavat nopeat toimitukset ja korkean laadun.<\/p>\n<p class=\"Normal\">Avainsanat: Leveys ja syvyys<\/p>\n<p class=\"Normal\"><strong>3 b. Valmistajat Euroopassa ja Aasiassa<br \/>\n<\/strong><\/p>\n<p style=\"font-weight: 400;\">Asiakkaille, jotka hyv\u00e4ksyv\u00e4t pidemm\u00e4n toimitusajan ja ei-ruotsalaisten tai puolalaisten valmistamien tuotteiden, ulkoiset toimittajamme voivat olla paras vaihtoehto.<\/p>\n<p style=\"font-weight: 400;\">NTT Groupilla on tiiviit ja pitk\u00e4aikaiset sopimukset luotettavien valmistajien kanssa. Edellytys parhaiden ja edullisimpien tuotteiden tuomiseksi maahan.<\/p>\n<p class=\"Normal\">A<span class=\"mwai-text\">vainsana: Yhteisty\u00f6<\/span><\/p>\n<p class=\"Normal\"><strong>4. Toimitus<br \/>\n<\/strong>Laaduntarkistus suoritetaan aina meid\u00e4n toimestamme ennen tuotteiden pakkaamista ja l\u00e4hett\u00e4mist\u00e4 asiakkaalle.<\/p>\n<p class=\"Normal\">Avainsanat: Tarkkuus ja asiakasl\u00e4ht\u00f6isyys<\/p>\n<p class=\"Normal\"><strong>5. Laskutus<br \/>\n<\/strong>Lasku l\u00e4hetet\u00e4\u00e4n samana p\u00e4iv\u00e4n\u00e4 kuin l\u00e4hetykset. Maksuehto yleens\u00e4 30 p\u00e4iv\u00e4\u00e4.<\/p>\n<p class=\"Normal\">Avainsana: Selkeys<\/p>\n<\/div>\n<\/div>\n<\/div>\n<\/div>\n<p>[\/vc_column_text][\/vc_column][vc_column width=&#8221;1\/2&#8243;][vc_single_image image=&#8221;15630&#8243; img_size=&#8221;full&#8221; alignment=&#8221;center&#8221; css_animation=&#8221;bottom-to-top&#8221;][\/vc_column][\/vc_row]<\/p>\n<\/div>","protected":false},"excerpt":{"rendered":"<p>[vc_section full_width=&#8221;stretch_row&#8221; css=&#8221;.vc_custom_1542025240624{background-color: #f9f9f9 !important;}&#8221;][vc_row css=&#8221;.vc_custom_1542025031874{background-color: #f9f9f9 !important;}&#8221;][vc_column width=&#8221;1\/6&#8243;][\/vc_column][vc_column width=&#8221;2\/3&#8243;][vc_column_text] Toimintaprosessi [\/vc_column_text][vc_separator border_width=&#8221;2&#8243; css=&#8221;.vc_custom_1542025311822{margin-bottom: 20px !important;}&#8221;][\/vc_column][vc_column width=&#8221;1\/6&#8243;][\/vc_column][\/vc_row][vc_row css=&#8221;.vc_custom_1542025040822{background-color: #f9f9f9 !important;}&#8221;][vc_column<\/p>\n","protected":false},"author":3,"featured_media":0,"parent":0,"menu_order":0,"comment_status":"closed","ping_status":"closed","template":"","meta":{"footnotes":""},"class_list":["post-20770","page","type-page","status-publish","hentry"],"_links":{"self":[{"href":"https:\/\/nttgroup.com\/fi\/wp-json\/wp\/v2\/pages\/20770","targetHints":{"allow":["GET"]}}],"collection":[{"href":"https:\/\/nttgroup.com\/fi\/wp-json\/wp\/v2\/pages"}],"about":[{"href":"https:\/\/nttgroup.com\/fi\/wp-json\/wp\/v2\/types\/page"}],"author":[{"embeddable":true,"href":"https:\/\/nttgroup.com\/fi\/wp-json\/wp\/v2\/users\/3"}],"replies":[{"embeddable":true,"href":"https:\/\/nttgroup.com\/fi\/wp-json\/wp\/v2\/comments?post=20770"}],"version-history":[{"count":3,"href":"https:\/\/nttgroup.com\/fi\/wp-json\/wp\/v2\/pages\/20770\/revisions"}],"predecessor-version":[{"id":47319,"href":"https:\/\/nttgroup.com\/fi\/wp-json\/wp\/v2\/pages\/20770\/revisions\/47319"}],"wp:attachment":[{"href":"https:\/\/nttgroup.com\/fi\/wp-json\/wp\/v2\/media?parent=20770"}],"curies":[{"name":"wp","href":"https:\/\/api.w.org\/{rel}","templated":true}]}}