{"id":21531,"date":"2024-03-18T07:11:04","date_gmt":"2024-03-18T07:11:04","guid":{"rendered":"https:\/\/nttgroup.com\/ntt-asiakkaan-piirustuksen-mukaiset-tuotteet\/"},"modified":"2024-04-17T06:02:14","modified_gmt":"2024-04-17T06:02:14","slug":"ntt-asiakkaan-piirustuksen-mukaiset-tuotteet","status":"publish","type":"page","link":"https:\/\/nttgroup.com\/fi\/ntt-asiakkaan-piirustuksen-mukaiset-tuotteet\/","title":{"rendered":"NTT Asiakkaan piirustuksen mukaiset tuotteet"},"content":{"rendered":"<div class=\"wpb-content-wrapper\"><p>[vc_section full_width=&#8221;stretch_row&#8221; css=&#8221;.vc_custom_1542025240624{background-color: #f9f9f9 !important;}&#8221;][vc_row css=&#8221;.vc_custom_1542025031874{background-color: #f9f9f9 !important;}&#8221;][vc_column width=&#8221;1\/6&#8243;][\/vc_column][vc_column width=&#8221;2\/3&#8243;][vc_column_text]<\/p>\n<h4 style=\"font-size: 42px; text-align: center;\">Asiakkaan piirustuksen mukaiset tuotteet<\/h4>\n<p>[\/vc_column_text][vc_separator border_width=&#8221;2&#8243; css=&#8221;.vc_custom_1542025311822{margin-bottom: 20px !important;}&#8221;][\/vc_column][vc_column width=&#8221;1\/6&#8243;][\/vc_column][\/vc_row][vc_row css=&#8221;.vc_custom_1542025040822{background-color: #f9f9f9 !important;}&#8221;][vc_column width=&#8221;1\/3&#8243;]\t\t\t<div class=\" basel-info-box text-center icon-alignment-top box-style-base color-scheme-dark  with-animation \" onclick=\"\">\n\t\t\t\t\t\t\t\t<div class=\"info-box-content\">\n\t\t\t\t\t<div class=\"info-box-inner\">\n\t\t\t\t\t\t<\/p>\n<h2>Nopea Toimitus<\/h2>\n<p>Laaja valikoima voimansiirtotuotteita heti toimitukseen<\/p>\n\t\t\t\t\t<\/div>\n\t\t\t\t<\/div>\n\t\t\t<\/div>\n\t\t[\/vc_column][vc_column width=&#8221;1\/3&#8243;]\t\t\t<div class=\" basel-info-box text-center icon-alignment-top box-style-base color-scheme-dark  with-animation \" onclick=\"\">\n\t\t\t\t\t\t\t\t<div class=\"info-box-content\">\n\t\t\t\t\t<div class=\"info-box-inner\">\n\t\t\t\t\t\t<\/p>\n<h2>Valmiina asennukseen<\/h2>\n<p>Piirustuksen mukaiset tuotteet heti asennukseen<\/p>\n\t\t\t\t\t<\/div>\n\t\t\t\t<\/div>\n\t\t\t<\/div>\n\t\t[\/vc_column][vc_column width=&#8221;1\/3&#8243;]\t\t\t<div class=\" basel-info-box text-center icon-alignment-top box-style-base color-scheme-dark  with-animation \" onclick=\"\">\n\t\t\t\t\t\t\t\t<div class=\"info-box-content\">\n\t\t\t\t\t<div class=\"info-box-inner\">\n\t\t\t\t\t\t<\/p>\n<h2>Tekninen tuki<\/h2>\n<p>Olemme tukenasi, kun etsit tehokkainta ratkaisua tuotteellesi<\/p>\n\t\t\t\t\t<\/div>\n\t\t\t\t<\/div>\n\t\t\t<\/div>\n\t\t[\/vc_column][\/vc_row][\/vc_section][vc_row full_width=&#8221;stretch_row&#8221; css=&#8221;.vc_custom_1694062051816{margin-top: 40px !important;margin-bottom: 45px !important;}&#8221;][vc_column width=&#8221;1\/3&#8243; el_class=&#8221;text-right&#8221;][vc_column_text css=&#8221;.vc_custom_1694502228868{margin-bottom: 30px !important;}&#8221;]<\/p>\n<h5>PORAUKSET<\/h5>\n<h5 style=\"margin-bottom: 10px;\"><\/h5>\n<p>Bearing seating.<br \/>\nTaper bush ready.[\/vc_column_text][vc_column_text css=&#8221;.vc_custom_1694502273015{margin-bottom: 30px !important;}&#8221;]<\/p>\n<h5>KIILAURA<\/h5>\n<h5 style=\"margin-bottom: 10px;\"><\/h5>\n<p>Pystymme valmistamaan kiilaurat kahden millimetrin leveydest\u00e4 aina sataan millimetriin ( 2 mm-100 mm)[\/vc_column_text][vc_column_text css=&#8221;.vc_custom_1694502292197{margin-bottom: 30px !important;}&#8221;]<\/p>\n<h5>URA-AKSELIEN REI\u00c4T<\/h5>\n<h5 style=\"margin-bottom: 10px;\"><\/h5>\n<p>DIN- tai muiden standardien mukaisia ura-akseli reiki\u00e4 on mahdollista valmistaa[\/vc_column_text][\/vc_column][vc_column width=&#8221;1\/3&#8243;][vc_single_image image=&#8221;13807&#8243; img_size=&#8221;full&#8221; alignment=&#8221;center&#8221; css_animation=&#8221;bottom-to-top&#8221;][\/vc_column][vc_column width=&#8221;1\/3&#8243;][vc_column_text css=&#8221;.vc_custom_1694502315764{margin-bottom: 30px !important;}&#8221;]<\/p>\n<h5>PID\u00c4TINRUUVIT<\/h5>\n<h5 style=\"margin-bottom: 10px;\"><\/h5>\n<p>valmistamme pid\u00e4tinruuvit standardina py\u00f6r\u00e4n napaan[\/vc_column_text][vc_column_text css=&#8221;.vc_custom_1694502349763{margin-bottom: 30px !important;}&#8221;]<\/p>\n<h5>MUUT PORAUKSET<\/h5>\n<h5 style=\"margin-bottom: 10px;\"><\/h5>\n<p>Jos tarvitsee esim. v\u00e4hent\u00e4\u00e4 py\u00f6r\u00e4n painoa, teemme my\u00f6s kevennykset mielell\u00e4mme[\/vc_column_text][vc_column_text css=&#8221;.vc_custom_1694502373943{margin-bottom: 30px !important;}&#8221;]<\/p>\n<h5>HALKAISTUT PY\u00d6R\u00c4T<\/h5>\n<h5 style=\"margin-bottom: 10px;\"><\/h5>\n<p>Usein esim. kunnossapidossa on tarve halkaistuille py\u00f6rille, meilt\u00e4 saat my\u00f6s halkaistut py\u00f6r\u00e4t[\/vc_column_text][\/vc_column][\/vc_row][vc_row content_placement=&#8221;middle&#8221; css=&#8221;.vc_custom_1451577043146{margin-bottom: 0px !important;}&#8221;][vc_column width=&#8221;1\/2&#8243; css=&#8221;.vc_custom_1438784954834{margin-bottom: 40px !important;}&#8221;][vc_column_text]<\/p>\n<h2><strong>OUR STOCK LEVELS<\/strong><\/h2>\n<p data-sourcepos=\"3:1-3:150\">At NTT Group, we understand that downtime is costly. That&#8217;s why we <strong>stock a vast inventory<\/strong> of essential power transmission components, ready for <strong>immediate delivery<\/strong>. Gears, sprockets, pulleys, racks, you name it \u2013 we&#8217;ve got it.<\/p>\n<p>[\/vc_column_text][vc_progress_bar values=&#8221;%5B%7B%22label%22%3A%22Roller%20Chains%22%2C%22value%22%3A%2290%22%2C%22customcolor%22%3A%22%23196767%22%7D%2C%7B%22label%22%3A%22Sprockets%22%2C%22value%22%3A%2295%22%2C%22customcolor%22%3A%22%23196767%22%7D%2C%7B%22label%22%3A%22Gears%20%26%20Racks%22%2C%22value%22%3A%2280%22%2C%22customcolor%22%3A%22%23196767%22%7D%2C%7B%22label%22%3A%22Belt%20%26%20Pulleys%22%2C%22value%22%3A%2270%22%2C%22customcolor%22%3A%22%23196767%22%7D%2C%7B%22label%22%3A%22Conveyor%20Chains%22%2C%22value%22%3A%2290%22%2C%22customcolor%22%3A%22%23196767%22%7D%2C%7B%22label%22%3A%22Spline%20Shafts%20%26%20Hubs%22%2C%22value%22%3A%2270%22%7D%2C%7B%22label%22%3A%22Couplings%22%2C%22value%22%3A%2250%22%7D%5D&#8221; bgcolor=&#8221;custom&#8221; custombgcolor=&#8221;#1daaa3&#8243; customtxtcolor=&#8221;#ffffff&#8221;][\/vc_column][vc_column width=&#8221;1\/2&#8243; css=&#8221;.vc_custom_1438784968106{margin-bottom: 40px !important;}&#8221;][vc_single_image image=&#8221;20277&#8243; img_size=&#8221;614&#215;414&#8243; alignment=&#8221;center&#8221; css_animation=&#8221;right-to-left&#8221;][\/vc_column][\/vc_row]<\/p>\n<\/div>","protected":false},"excerpt":{"rendered":"<p>[vc_section full_width=&#8221;stretch_row&#8221; css=&#8221;.vc_custom_1542025240624{background-color: #f9f9f9 !important;}&#8221;][vc_row css=&#8221;.vc_custom_1542025031874{background-color: #f9f9f9 !important;}&#8221;][vc_column width=&#8221;1\/6&#8243;][\/vc_column][vc_column width=&#8221;2\/3&#8243;][vc_column_text] Asiakkaan piirustuksen mukaiset tuotteet [\/vc_column_text][vc_separator border_width=&#8221;2&#8243; css=&#8221;.vc_custom_1542025311822{margin-bottom: 20px !important;}&#8221;][\/vc_column][vc_column width=&#8221;1\/6&#8243;][\/vc_column][\/vc_row][vc_row<\/p>\n","protected":false},"author":3,"featured_media":0,"parent":0,"menu_order":0,"comment_status":"closed","ping_status":"open","template":"","meta":{"footnotes":""},"class_list":["post-21531","page","type-page","status-publish","hentry"],"_links":{"self":[{"href":"https:\/\/nttgroup.com\/fi\/wp-json\/wp\/v2\/pages\/21531","targetHints":{"allow":["GET"]}}],"collection":[{"href":"https:\/\/nttgroup.com\/fi\/wp-json\/wp\/v2\/pages"}],"about":[{"href":"https:\/\/nttgroup.com\/fi\/wp-json\/wp\/v2\/types\/page"}],"author":[{"embeddable":true,"href":"https:\/\/nttgroup.com\/fi\/wp-json\/wp\/v2\/users\/3"}],"replies":[{"embeddable":true,"href":"https:\/\/nttgroup.com\/fi\/wp-json\/wp\/v2\/comments?post=21531"}],"version-history":[{"count":2,"href":"https:\/\/nttgroup.com\/fi\/wp-json\/wp\/v2\/pages\/21531\/revisions"}],"predecessor-version":[{"id":21533,"href":"https:\/\/nttgroup.com\/fi\/wp-json\/wp\/v2\/pages\/21531\/revisions\/21533"}],"wp:attachment":[{"href":"https:\/\/nttgroup.com\/fi\/wp-json\/wp\/v2\/media?parent=21531"}],"curies":[{"name":"wp","href":"https:\/\/api.w.org\/{rel}","templated":true}]}}