{"id":14711,"date":"2018-01-05T12:25:54","date_gmt":"2018-01-05T12:25:54","guid":{"rendered":"http:\/\/nttwooc.bmbox.net\/o-firmie\/"},"modified":"2025-12-31T09:37:25","modified_gmt":"2025-12-31T09:37:25","slug":"o-firmie","status":"publish","type":"page","link":"https:\/\/nttgroup.com\/pl\/o-firmie\/","title":{"rendered":"NTT Poland &#8211; o firmie"},"content":{"rendered":"<div class=\"wpb-content-wrapper\"><p>[vc_row full_width=&#8221;stretch_row&#8221; css=&#8221;.vc_custom_1760356790575{margin-top: -40px !important;margin-bottom: 60px !important;padding-top: 15% !important;padding-bottom: 10% !important;background-image: url(https:\/\/nttgroup.com\/wp-content\/uploads\/2017\/05\/NTT-kola-zebate-produkcja.png?id=13827) !important;background-position: center !important;background-repeat: no-repeat !important;background-size: cover !important;}&#8221;][vc_column][vc_custom_heading text=&#8221;SZWEDZKIE DO\u015aWIADCZENIE&#8221; font_container=&#8221;tag:h1|font_size:68|text_align:center|color:%23ffffff|line_height:1&#8243; use_theme_fonts=&#8221;yes&#8221; css=&#8221;&#8221;][vc_custom_heading text=&#8221;OD 1969&#8243; font_container=&#8221;tag:h1|font_size:68|text_align:center|color:%23ffffff|line_height:1&#8243; use_theme_fonts=&#8221;yes&#8221; css=&#8221;&#8221;][vc_column_text css=&#8221;&#8221; basel_color_scheme=&#8221;light&#8221;]<\/p>\n<p style=\"font-size: 18px; margin-bottom: 25px; color: rgba(255,255,255,0.9); text-align: center;\">Najszersza oferta element\u00f3w przeniesienia nap\u0119du od NTT Group.<br \/>\nJeden z najwi\u0119kszych park\u00f3w maszynowych w Europie P\u00f3\u0142nocnej.<\/p>\n<p>[\/vc_column_text][\/vc_column][\/vc_row][vc_row css=&#8221;.vc_custom_1451575485367{margin-bottom: 65px !important;}&#8221;][vc_column width=&#8221;1\/2&#8243; css=&#8221;.vc_custom_1451389567526{padding-right: 40px !important;}&#8221;][vc_single_image image=&#8221;13815&#8243; img_size=&#8221;full&#8221; alignment=&#8221;center&#8221; css_animation=&#8221;left-to-right&#8221;][\/vc_column][vc_column width=&#8221;1\/2&#8243;][vc_column_text css_animation=&#8221;fadeInRight&#8221; css=&#8221;.vc_custom_1760607436296{margin-bottom: 30px !important;}&#8221; basel_color_scheme=&#8221;dark&#8221;]<\/p>\n<h2>Jeste\u015bmy cz\u0119\u015bci\u0105 <span class=\"color-primary\">NTT Group<\/span><\/h2>\n<p>NTT Poland jest cz\u0119\u015bci\u0105 rodzinnej firmy z ponad 50-letnim do\u015bwiadczeniem w produkcji cz\u0119\u015bci do nap\u0119d\u00f3w mechanicznych. Produkujemy lokalnie w naszych w\u0142asnych zak\u0142adach w Szwecji i Polsce, co pozwala nam zagwarantowa\u0107 powtarzaln\u0105 i wysok\u0105 jako\u015b\u0107.<\/p>\n<ul>\n<li><strong>od 1969<\/strong>: produkujemy ko\u0142a z\u0119bate, \u0142a\u0144cuchowe i pasowe,<\/li>\n<li><strong>w Szwecji, Finlandii, Niemczech i Polsce<\/strong>: posiadamy nasze oddzia\u0142y i zak\u0142ady,<\/li>\n<li><strong>globalnie:&nbsp;<\/strong>dostarczamy nasze produkty<\/li>\n<\/ul>\n<p>Nasza si\u0142a to zesp\u00f3\u0142 ponad 200 wykwalifikowanych pracownik\u00f3w, kt\u00f3rzy stanowi\u0105 serce naszej dzia\u0142alno\u015bci.[\/vc_column_text][\/vc_column][\/vc_row][vc_row css=&#8221;.vc_custom_1451575485367{margin-bottom: 65px !important;}&#8221;][vc_column width=&#8221;1\/2&#8243; css=&#8221;.vc_custom_1451389567526{padding-right: 40px !important;}&#8221;][vc_column_text css_animation=&#8221;fadeInLeft&#8221; css=&#8221;.vc_custom_1760607446233{margin-bottom: 30px !important;}&#8221; basel_color_scheme=&#8221;dark&#8221;]<\/p>\n<h2>Nasza produkcja = <span class=\"color-primary\">kompleksowe rozwi\u0105zania<\/span><\/h2>\n<p>W NTT Poland specjalizujemy si\u0119 w produkcji wszystkich element\u00f3w i cz\u0119\u015bci niezb\u0119dnych do budowy, modernizacji i konserwacji system\u00f3w nap\u0119dowych.<\/p>\n<p>Nasza oferta obejmuje ca\u0142y asortyment komponent\u00f3w do:<\/p>\n<ul>\n<li><strong>nap\u0119d\u00f3w z\u0119batych<\/strong>: wytwarzamy precyzyjne ko\u0142a z\u0119bate, listwy z\u0119bate oraz przek\u0142adnie, zapewniaj\u0105ce optymaln\u0105 transmisj\u0119 mocy,<\/li>\n<li><strong>nap\u0119d\u00f3w pasowych<\/strong>: produkujemy ko\u0142a pasowe z\u0119bate, klinowe, wielorowkowe oraz inne akcesoria zapewniaj\u0105ce cich\u0105 i efektywn\u0105 prac\u0119,<\/li>\n<li><strong>nap\u0119d\u00f3w \u0142a\u0144cuchowych<\/strong>: dostarczamy wytrzyma\u0142e ko\u0142a \u0142a\u0144cuchowe oraz \u0142a\u0144cuchy rolkowe\/transportowe, prowadnice, napinacze.<\/li>\n<\/ul>\n<p>Dzi\u0119ki temu, mo\u017cemy dostarczy\u0107 kompletne rozwi\u0105zania dla ka\u017cdego rodzaju mechanizmu, gwarantuj\u0105c wysok\u0105 jako\u015b\u0107 oraz&nbsp;d\u0142ug\u0105 \u017cywotno\u015b\u0107 ka\u017cdego nap\u0119du.[\/vc_column_text][\/vc_column][vc_column width=&#8221;1\/2&#8243;][vc_single_image image=&#8221;47152&#8243; img_size=&#8221;full&#8221; alignment=&#8221;center&#8221; css_animation=&#8221;left-to-right&#8221; css=&#8221;&#8221;][\/vc_column][\/vc_row][vc_row full_width=&#8221;stretch_row&#8221; css=&#8221;.vc_custom_1691438077588{margin-bottom: 45px !important;padding-top: 50px !important;padding-bottom: 70px !important;background-image: url(https:\/\/nttgroup.com\/wp-content\/uploads\/2017\/05\/NTT-listwy-zebate-produkcja-polska.png?id=13832) !important;background-position: center !important;background-repeat: no-repeat !important;background-size: cover !important;}&#8221;][vc_column basel_color_scheme=&#8221;light&#8221;][vc_row_inner content_placement=&#8221;middle&#8221; css=&#8221;.vc_custom_1760349135705{margin-bottom: 0px !important;}&#8221;][vc_column_inner width=&#8221;1\/4&#8243; css=&#8221;.vc_custom_1438783347292{margin-bottom: 40px !important;}&#8221;][vc_icon type=&#8221;linecons&#8221; icon_linecons=&#8221;vc_li vc_li-world&#8221; color=&#8221;custom&#8221; background_style=&#8221;rounded-outline&#8221; background_color=&#8221;white&#8221; size=&#8221;lg&#8221; align=&#8221;center&#8221; css=&#8221;.vc_custom_1494268059583{margin-bottom: 20px !important;}&#8221; custom_color=&#8221;#ffffff&#8221;]\t\t\t<div class=\"basel-counter  counter-default\">\n\t\t\t\t<span class=\"counter-value\" data-state=\"new\" data-final=\"9\">9<\/span>\n\t\t\t\t\t\t\t\t\t<span class=\"counter-label\">ZAK\u0141AD\u00d3W PRODUKCYJNYCH<\/span>\n\t\t\t\t\t\t\t<\/div>\n\n\t\t[\/vc_column_inner][vc_column_inner width=&#8221;1\/4&#8243; css=&#8221;.vc_custom_1438783353284{margin-bottom: 40px !important;}&#8221;][vc_icon type=&#8221;linecons&#8221; icon_linecons=&#8221;vc_li vc_li-tag&#8221; color=&#8221;custom&#8221; background_style=&#8221;rounded-outline&#8221; background_color=&#8221;white&#8221; size=&#8221;lg&#8221; align=&#8221;center&#8221; css=&#8221;.vc_custom_1494268094805{margin-bottom: 20px !important;}&#8221; custom_color=&#8221;#ffffff&#8221;]\t\t\t<div class=\"basel-counter  counter-default\">\n\t\t\t\t<span class=\"counter-value\" data-state=\"new\" data-final=\"45000\">45000<\/span>\n\t\t\t\t\t\t\t\t\t<span class=\"counter-label\">PRODUKT\u00d3W W MAGAZYNIE<\/span>\n\t\t\t\t\t\t\t<\/div>\n\n\t\t[\/vc_column_inner][vc_column_inner width=&#8221;1\/4&#8243; css=&#8221;.vc_custom_1438783357796{margin-bottom: 40px !important;}&#8221;][vc_icon type=&#8221;linecons&#8221; icon_linecons=&#8221;vc_li vc_li-settings&#8221; color=&#8221;custom&#8221; background_style=&#8221;rounded-outline&#8221; background_color=&#8221;white&#8221; size=&#8221;lg&#8221; align=&#8221;center&#8221; css=&#8221;.vc_custom_1450023589607{margin-bottom: 20px !important;}&#8221; custom_color=&#8221;#ffffff&#8221;]\t\t\t<div class=\"basel-counter  counter-default\">\n\t\t\t\t<span class=\"counter-value\" data-state=\"new\" data-final=\"100\">100<\/span>\n\t\t\t\t\t\t\t\t\t<span class=\"counter-label\">MASZYN CNC<\/span>\n\t\t\t\t\t\t\t<\/div>\n\n\t\t[\/vc_column_inner][vc_column_inner width=&#8221;1\/4&#8243; css=&#8221;.vc_custom_1438783362371{margin-bottom: 40px !important;}&#8221;][vc_icon type=&#8221;linecons&#8221; icon_linecons=&#8221;vc_li vc_li-user&#8221; color=&#8221;custom&#8221; background_style=&#8221;rounded-outline&#8221; background_color=&#8221;white&#8221; size=&#8221;lg&#8221; align=&#8221;center&#8221; css=&#8221;.vc_custom_1494268124889{margin-bottom: 20px !important;}&#8221; custom_color=&#8221;#ffffff&#8221;]\t\t\t<div class=\"basel-counter  counter-default\">\n\t\t\t\t<span class=\"counter-value\" data-state=\"new\" data-final=\"200\">200<\/span>\n\t\t\t\t\t\t\t\t\t<span class=\"counter-label\">PRACOWNIK\u00d3W<\/span>\n\t\t\t\t\t\t\t<\/div>\n\n\t\t[\/vc_column_inner][\/vc_row_inner][\/vc_column][\/vc_row][vc_row css=&#8221;.vc_custom_1451575485367{margin-bottom: 65px !important;}&#8221;][vc_column css=&#8221;.vc_custom_1451389567526{padding-right: 40px !important;}&#8221;][vc_single_image image=&#8221;47137&#8243; img_size=&#8221;full&#8221; alignment=&#8221;center&#8221; css_animation=&#8221;left-to-right&#8221; css=&#8221;&#8221;][\/vc_column][\/vc_row][vc_row css=&#8221;.vc_custom_1451575485367{margin-bottom: 65px !important;}&#8221;][vc_column width=&#8221;1\/2&#8243; css=&#8221;.vc_custom_1451389567526{padding-right: 40px !important;}&#8221;][vc_column_text css_animation=&#8221;fadeInLeft&#8221; css=&#8221;.vc_custom_1760607456282{margin-bottom: 30px !important;}&#8221; basel_color_scheme=&#8221;dark&#8221;]<\/p>\n<h2>Szwecja<span class=\"color-primary\">&nbsp;produkcja seryjna i precyzyjna<\/span><\/h2>\n<p>Nasz zak\u0142ad w <b>Szwecji<\/b> jest g\u0142\u00f3wnym centrum <b>produkcji wielkoseryjnej<\/b> (partie powy\u017cej 100 sztuk). Specjalizujemy si\u0119 tu w komponentach wymagaj\u0105cych absolutnej precyzji, wykorzystuj\u0105c do tego <b>zaawansowane, zrobotyzowane centra obr\u00f3bcze<\/b>.<\/p>\n<p>G\u0142\u00f3wne produkty wytwarzane w Szwecji to:<\/p>\n<ul>\n<li>Precyzyjne, <b>szlifowane ko\u0142a z\u0119bate<\/b> i <b>listwy z\u0119bate<\/b>.<\/li>\n<li><b>Wa\u0142ki wielowypustowe<\/b>.<\/li>\n<li><b>Ko\u0142a pasowe z\u0119bate<\/b>.<\/li>\n<li><b>Kompletne przek\u0142adnie<\/b>.<\/li>\n<\/ul>\n<p>[\/vc_column_text][\/vc_column][vc_column width=&#8221;1\/2&#8243;][vc_column_text css_animation=&#8221;fadeInRight&#8221; css=&#8221;.vc_custom_1760607465101{margin-bottom: 30px !important;}&#8221; basel_color_scheme=&#8221;dark&#8221;]<\/p>\n<h2>Polska<span class=\"color-primary\"> elastyczno\u015b\u0107 i du\u017ce gabaryty<\/span><\/h2>\n<p>Zak\u0142ad NTT Poland w <b>Polsce<\/b> to miejsce dla <b>produkcji jednostkowej<\/b> oraz <b>ma\u0142ych serii<\/b>, dzi\u0119ki zastosowaniu zar\u00f3wno <b>uniwersalnych maszyn<\/b>, jak i <b>zrobotyzowanych stanowisk<\/b>. Pozwala nam to szybko reagowa\u0107 na niestandardowe zam\u00f3wienia, pojedyncze realizacje i prototypow\u0105 produkcje.<\/p>\n<p>W Polsce produkujemy:<\/p>\n<ul>\n<li>ko\u0142a <b>\u0142a\u0144cuchowe, z\u0119bate i pasowe do \u00d82000 mm,<\/b><\/li>\n<li>elementy o du\u017cych gabarytach: <b>cz\u0119\u015bci toczone i frezowane<\/b> do d\u0142ugo\u015bci <b>3 metr\u00f3w,<\/b><\/li>\n<li><b>\u0142a\u0144cuchy transportowe<\/b> oraz inne cz\u0119\u015bci maszyn.<\/li>\n<\/ul>\n<p>Taki podzia\u0142 zapewnia nam zar\u00f3wno efektywno\u015b\u0107 kosztow\u0105 w produkcji masowej, jak i elastyczno\u015b\u0107 niezb\u0119dn\u0105 do realizacji najbardziej z\u0142o\u017conych, niestandardowych projekt\u00f3w.[\/vc_column_text][\/vc_column][\/vc_row][vc_row css=&#8221;.vc_custom_1451575485367{margin-bottom: 65px !important;}&#8221;][vc_column width=&#8221;1\/2&#8243; css=&#8221;.vc_custom_1451389567526{padding-right: 40px !important;}&#8221;][vc_column_text css_animation=&#8221;fadeInLeft&#8221; css=&#8221;.vc_custom_1760607473364{margin-bottom: 30px !important;}&#8221; basel_color_scheme=&#8221;dark&#8221;]<\/p>\n<h2>Nasi<span class=\"color-primary\">&nbsp;klienci<\/span><\/h2>\n<p>Komponenty nap\u0119dowe produkowane przez NTT Poland s\u0105 fundamentem niezawodno\u015bci w szerokim spektrum sektor\u00f3w przemys\u0142owych. Obs\u0142ugujemy dwie g\u0142\u00f3wne grupy klient\u00f3w, staj\u0105c si\u0119 ich zaufanym partnerem w budowie i utrzymaniu maszyn.<\/p>\n<h3>Producenci maszyn (OEM)<\/h3>\n<p>Jeste\u015bmy kluczowym dostawc\u0105 dla <b>\u015bwiatowych i lokalnych producent\u00f3w maszyn<\/b> (Original Equipment Manufacturers). Nasze cz\u0119\u015bci trafiaj\u0105 bezpo\u015brednio do nowych urz\u0105dze\u0144 i zaawansowanych system\u00f3w. Wspieramy m.in. sektory:<\/p>\n<ul>\n<li><b>maszyn pakuj\u0105cych,&nbsp;<\/b><\/li>\n<li><b>intralogistyki i transporter\u00f3w, linii technologicznych<\/b><\/li>\n<li><b>laser\u00f3w, ploter\u00f3w, centr\u00f3w CNC,<\/b><\/li>\n<li><b>przemys\u0142u spo\u017cywczego, drzewnego, kopalni, elektrowni,<\/b><\/li>\n<li><b>maszyn medycznych<\/b> i innych specjalistycznych zastosowa\u0144.<\/li>\n<\/ul>\n<p>&nbsp;<\/p>\n<h3>U\u017cytkownicy ko\u0144cowi (utrzymanie ruchu)<\/h3>\n<p>Dostarczamy r\u00f3wnie\u017c niezb\u0119dne <b>cz\u0119\u015bci zamienne i komponenty<\/b> dla u\u017cytkownik\u00f3w ko\u0144cowych, wspieraj\u0105c ich dzia\u0142y <strong>u<\/strong><b>trzymania ruchu (UR)<\/b>. Zapewniamy szybki dost\u0119p do wysokiej jako\u015bci element\u00f3w, gwarantuj\u0105c ci\u0105g\u0142o\u015b\u0107 i minimalizuj\u0105c przestoje w pracy zak\u0142ad\u00f3w.<\/p>\n<p>Dzi\u0119ki temu, \u017ce dostarczamy zar\u00f3wno do masowej produkcji, jak i dla potrzeb serwisowych, nasze do\u015bwiadczenie i jako\u015b\u0107 komponent\u00f3w s\u0105 stale weryfikowane przez najbardziej wymagaj\u0105cych partner\u00f3w w bran\u017cy.[\/vc_column_text][\/vc_column][vc_column width=&#8221;1\/2&#8243;][vc_single_image image=&#8221;47167&#8243; img_size=&#8221;full&#8221; alignment=&#8221;center&#8221; css_animation=&#8221;left-to-right&#8221; css=&#8221;&#8221;][\/vc_column][\/vc_row]<\/p>\n<\/div>","protected":false},"excerpt":{"rendered":"<p>[vc_row full_width=&#8221;stretch_row&#8221; css=&#8221;.vc_custom_1760356790575{margin-top: -40px !important;margin-bottom: 60px !important;padding-top: 15% !important;padding-bottom: 10% !important;background-image: url(https:\/\/nttgroup.com\/wp-content\/uploads\/2017\/05\/NTT-kola-zebate-produkcja.png?id=13827) !important;background-position: center !important;background-repeat: no-repeat !important;background-size: cover !important;}&#8221;][vc_column][vc_custom_heading text=&#8221;SZWEDZKIE<\/p>\n","protected":false},"author":3,"featured_media":0,"parent":0,"menu_order":0,"comment_status":"closed","ping_status":"closed","template":"","meta":{"footnotes":""},"class_list":["post-14711","page","type-page","status-publish","hentry"],"_links":{"self":[{"href":"https:\/\/nttgroup.com\/pl\/wp-json\/wp\/v2\/pages\/14711","targetHints":{"allow":["GET"]}}],"collection":[{"href":"https:\/\/nttgroup.com\/pl\/wp-json\/wp\/v2\/pages"}],"about":[{"href":"https:\/\/nttgroup.com\/pl\/wp-json\/wp\/v2\/types\/page"}],"author":[{"embeddable":true,"href":"https:\/\/nttgroup.com\/pl\/wp-json\/wp\/v2\/users\/3"}],"replies":[{"embeddable":true,"href":"https:\/\/nttgroup.com\/pl\/wp-json\/wp\/v2\/comments?post=14711"}],"version-history":[{"count":5,"href":"https:\/\/nttgroup.com\/pl\/wp-json\/wp\/v2\/pages\/14711\/revisions"}],"predecessor-version":[{"id":47892,"href":"https:\/\/nttgroup.com\/pl\/wp-json\/wp\/v2\/pages\/14711\/revisions\/47892"}],"wp:attachment":[{"href":"https:\/\/nttgroup.com\/pl\/wp-json\/wp\/v2\/media?parent=14711"}],"curies":[{"name":"wp","href":"https:\/\/api.w.org\/{rel}","templated":true}]}}