{"id":20084,"date":"2024-01-30T05:46:47","date_gmt":"2024-01-30T05:46:47","guid":{"rendered":"https:\/\/nttgroup.com\/szlifowanie-kol-zebatych-cnc\/"},"modified":"2025-10-16T09:57:19","modified_gmt":"2025-10-16T09:57:19","slug":"szlifowanie-kol-zebatych-cnc","status":"publish","type":"page","link":"https:\/\/nttgroup.com\/pl\/szlifowanie-kol-zebatych-cnc\/","title":{"rendered":"Szlifowanie k\u00f3\u0142 z\u0119batych CNC"},"content":{"rendered":"<div class=\"wpb-content-wrapper\"><p>[vc_section full_width=&#8221;stretch_row&#8221; css=&#8221;.vc_custom_1542025240624{background-color: #f9f9f9 !important;}&#8221;][vc_row css=&#8221;.vc_custom_1542025031874{background-color: #f9f9f9 !important;}&#8221;][vc_column width=&#8221;1\/6&#8243;][\/vc_column][vc_column width=&#8221;2\/3&#8243;][vc_column_text]<\/p>\n<h4 style=\"font-size: 42px; text-align: center;\">Szlifowanie k\u00f3\u0142 z\u0119batych <span class=\"color-primary\">CNC<\/span><\/h4>\n<p>[\/vc_column_text][vc_separator border_width=&#8221;2&#8243; css=&#8221;.vc_custom_1542025311822{margin-bottom: 20px !important;}&#8221;][\/vc_column][vc_column width=&#8221;1\/6&#8243;][\/vc_column][\/vc_row][vc_row css=&#8221;.vc_custom_1542025040822{background-color: #f9f9f9 !important;}&#8221;][vc_column width=&#8221;1\/3&#8243;]\t\t\t<div class=\" basel-info-box text-center icon-alignment-top box-style-base color-scheme-dark  with-animation \" onclick=\"\">\n\t\t\t\t\t\t\t\t<div class=\"info-box-content\">\n\t\t\t\t\t<div class=\"info-box-inner\">\n\t\t\t\t\t\t<\/p>\n<h2>Wysoka jako\u015b\u0107<\/h2>\n<p>Szlifujemy ko\u0142a z\u0119bate w klasie DIN5 lub wy\u017cszej<\/p>\n\t\t\t\t\t<\/div>\n\t\t\t\t<\/div>\n\t\t\t<\/div>\n\t\t[\/vc_column][vc_column width=&#8221;1\/3&#8243;]\t\t\t<div class=\" basel-info-box text-center icon-alignment-top box-style-base color-scheme-dark  with-animation \" onclick=\"\">\n\t\t\t\t\t\t\t\t<div class=\"info-box-content\">\n\t\t\t\t\t<div class=\"info-box-inner\">\n\t\t\t\t\t\t<\/p>\n<h2>Kr\u00f3tkie czasy obr\u00f3bcze<\/h2>\n<p>Efektywna produkcja pozwala na optymalizacj\u0119 koszt\u00f3w szlifowania<\/p>\n\t\t\t\t\t<\/div>\n\t\t\t\t<\/div>\n\t\t\t<\/div>\n\t\t[\/vc_column][vc_column width=&#8221;1\/3&#8243;]\t\t\t<div class=\" basel-info-box text-center icon-alignment-top box-style-base color-scheme-dark  with-animation \" onclick=\"\">\n\t\t\t\t\t\t\t\t<div class=\"info-box-content\">\n\t\t\t\t\t<div class=\"info-box-inner\">\n\t\t\t\t\t\t<\/p>\n<h2>Modu\u0142y<\/h2>\n<p>od modu\u0142u 0.5 do 7<\/p>\n\t\t\t\t\t<\/div>\n\t\t\t\t<\/div>\n\t\t\t<\/div>\n\t\t[\/vc_column][\/vc_row][\/vc_section][vc_row full_width=&#8221;stretch_row_content_no_spaces&#8221; content_placement=&#8221;top&#8221; css=&#8221;.vc_custom_1706592699168{margin-top: 40px !important;margin-bottom: 40px !important;}&#8221;][vc_column width=&#8221;1\/2&#8243; offset=&#8221;vc_col-md-6&#8243;][vc_single_image image=&#8221;14863&#8243; img_size=&#8221;500x&#8221; alignment=&#8221;center&#8221;][\/vc_column][vc_column width=&#8221;1\/2&#8243; css=&#8221;.vc_custom_1485009354843{margin-top: 25px !important;margin-bottom: 40px !important;padding-right: 10% !important;padding-left: 10% !important;}&#8221; offset=&#8221;vc_col-md-6&#8243;][vc_column_text css=&#8221;.vc_custom_1694515511227{margin-bottom: 30px !important;}&#8221;]<\/p>\n<h1 class=\"font-title\" style=\"text-align: center; font-size: 42px; text-transform: capitalize;\"><span style=\"border-bottom: 1px solid #BDBDBD; padding-bottom: 4px;\">Szlifowanie k\u00f3\u0142 z\u0119batych CNC<\/span><\/h1>\n<h3 class=\"LC20lb\" style=\"text-align: center;\">\u00d8 370 mm x 400 mm | Modu\u0142 7<\/h3>\n<p>[\/vc_column_text][vc_column_text css=&#8221;.vc_custom_1694515519652{padding-right: 30px !important;padding-left: 30px !important;}&#8221;]<\/p>\n<table border=\"0\" width=\"320\" cellspacing=\"0\" cellpadding=\"0\">\n<colgroup>\n<col width=\"97\" \/>\n<col width=\"136\" \/>\n<col width=\"87\" \/><\/colgroup>\n<tbody>\n<tr>\n<td class=\"xl65\" width=\"97\" height=\"28\"><strong>Maszyna<\/strong><\/td>\n<td class=\"xl65\" width=\"136\"><strong>\u00d8 max [mm]<\/strong><\/td>\n<td class=\"xl65\" width=\"87\"><strong>Modu\u0142<\/strong><\/td>\n<\/tr>\n<tr>\n<td height=\"20\">Burri BZ370<\/td>\n<td align=\"right\">360<\/td>\n<td align=\"right\">7<\/td>\n<\/tr>\n<\/tbody>\n<\/table>\n<p>[\/vc_column_text][\/vc_column][\/vc_row][vc_row full_width=&#8221;stretch_row&#8221; css=&#8221;.vc_custom_1706509912284{background-color: #f9f9f9 !important;}&#8221;][vc_column width=&#8221;1\/6&#8243;][\/vc_column][vc_column width=&#8221;2\/3&#8243;][vc_column_text]<\/p>\n<h1 style=\"font-size: 42px; text-align: center;\"><span class=\"color-primary\">Szlifowanie k\u00f3\u0142 z\u0119batych<\/span><\/h1>\n<p>[\/vc_column_text][vc_separator border_width=&#8221;2&#8243; css=&#8221;.vc_custom_1542025311822{margin-bottom: 20px !important;}&#8221;][\/vc_column][vc_column width=&#8221;1\/6&#8243;][\/vc_column][\/vc_row][vc_row full_width=&#8221;stretch_row&#8221; css=&#8221;.vc_custom_1706509934356{background-color: #f9f9f9 !important;}&#8221;][vc_column][vc_column_text css=&#8221;&#8221; basel_color_scheme=&#8221;dark&#8221;]Oferujemy wysokiej jako\u015bci us\u0142ugi szlifowania z\u0119b\u00f3w. Nasze szlifowane ko\u0142a z\u0119bate charakteryzuj\u0105 si\u0119 precyzj\u0105 i doskona\u0142ym wyko\u0144czeniem. Dzi\u0119ki precyzyjnemu szlifowaniu zapewniamy idealne dopasowanie z\u0119b\u00f3w oraz minimalny poziom chropowato\u015bci. Je\u015bli potrzebujesz ko\u0142a z\u0119batego szlifowanego na najwy\u017cszym poziomie jako\u015bci, skorzystaj z naszych us\u0142ug szlifowania z\u0119b\u00f3w.[\/vc_column_text][\/vc_column][\/vc_row]<\/p>\n<\/div>","protected":false},"excerpt":{"rendered":"<p>[vc_section full_width=&#8221;stretch_row&#8221; css=&#8221;.vc_custom_1542025240624{background-color: #f9f9f9 !important;}&#8221;][vc_row css=&#8221;.vc_custom_1542025031874{background-color: #f9f9f9 !important;}&#8221;][vc_column width=&#8221;1\/6&#8243;][\/vc_column][vc_column width=&#8221;2\/3&#8243;][vc_column_text] Szlifowanie k\u00f3\u0142 z\u0119batych CNC [\/vc_column_text][vc_separator border_width=&#8221;2&#8243; css=&#8221;.vc_custom_1542025311822{margin-bottom: 20px !important;}&#8221;][\/vc_column][vc_column width=&#8221;1\/6&#8243;][\/vc_column][\/vc_row][vc_row<\/p>\n","protected":false},"author":3,"featured_media":0,"parent":0,"menu_order":0,"comment_status":"closed","ping_status":"closed","template":"","meta":{"footnotes":""},"class_list":["post-20084","page","type-page","status-publish","hentry"],"_links":{"self":[{"href":"https:\/\/nttgroup.com\/pl\/wp-json\/wp\/v2\/pages\/20084","targetHints":{"allow":["GET"]}}],"collection":[{"href":"https:\/\/nttgroup.com\/pl\/wp-json\/wp\/v2\/pages"}],"about":[{"href":"https:\/\/nttgroup.com\/pl\/wp-json\/wp\/v2\/types\/page"}],"author":[{"embeddable":true,"href":"https:\/\/nttgroup.com\/pl\/wp-json\/wp\/v2\/users\/3"}],"replies":[{"embeddable":true,"href":"https:\/\/nttgroup.com\/pl\/wp-json\/wp\/v2\/comments?post=20084"}],"version-history":[{"count":3,"href":"https:\/\/nttgroup.com\/pl\/wp-json\/wp\/v2\/pages\/20084\/revisions"}],"predecessor-version":[{"id":47289,"href":"https:\/\/nttgroup.com\/pl\/wp-json\/wp\/v2\/pages\/20084\/revisions\/47289"}],"wp:attachment":[{"href":"https:\/\/nttgroup.com\/pl\/wp-json\/wp\/v2\/media?parent=20084"}],"curies":[{"name":"wp","href":"https:\/\/api.w.org\/{rel}","templated":true}]}}