{"id":20097,"date":"2024-01-30T07:15:27","date_gmt":"2024-01-30T07:15:27","guid":{"rendered":"https:\/\/nttgroup.com\/frezowanie-obwiedniowe-kol-zebatych\/"},"modified":"2025-10-16T09:56:45","modified_gmt":"2025-10-16T09:56:45","slug":"frezowanie-obwiedniowe-kol-zebatych","status":"publish","type":"page","link":"https:\/\/nttgroup.com\/pl\/frezowanie-obwiedniowe-kol-zebatych\/","title":{"rendered":"Frezowanie obwiedniowe k\u00f3\u0142 z\u0119batych"},"content":{"rendered":"<div class=\"wpb-content-wrapper\"><p>[vc_section full_width=&#8221;stretch_row&#8221; css=&#8221;.vc_custom_1542025240624{background-color: #f9f9f9 !important;}&#8221;][vc_row css=&#8221;.vc_custom_1542025031874{background-color: #f9f9f9 !important;}&#8221;][vc_column width=&#8221;1\/6&#8243;][\/vc_column][vc_column width=&#8221;2\/3&#8243;][vc_column_text]<\/p>\n<h4 style=\"font-size: 42px; text-align: center;\">Frezowanie obwiedniowe k\u00f3\u0142 z\u0119batych <span class=\"color-primary\">CNC &amp; manualne<\/span><\/h4>\n<p>[\/vc_column_text][vc_separator border_width=&#8221;2&#8243; css=&#8221;.vc_custom_1542025311822{margin-bottom: 20px !important;}&#8221;][\/vc_column][vc_column width=&#8221;1\/6&#8243;][\/vc_column][\/vc_row][vc_row css=&#8221;.vc_custom_1542025040822{background-color: #f9f9f9 !important;}&#8221;][vc_column width=&#8221;1\/3&#8243;]\t\t\t<div class=\" basel-info-box text-center icon-alignment-top box-style-base color-scheme-dark  with-animation \" onclick=\"\">\n\t\t\t\t\t\t\t\t<div class=\"info-box-content\">\n\t\t\t\t\t<div class=\"info-box-inner\">\n\t\t\t\t\t\t<\/p>\n<h2>Automatyczny za\u0142adunek<\/h2>\n<p>Zrobotyzowane za\u0142adunek detali do modu\u0142u 5 przy\u015bpiesza frezowanie<\/p>\n\t\t\t\t\t<\/div>\n\t\t\t\t<\/div>\n\t\t\t<\/div>\n\t\t[\/vc_column][vc_column width=&#8221;1\/3&#8243;]\t\t\t<div class=\" basel-info-box text-center icon-alignment-top box-style-base color-scheme-dark  with-animation \" onclick=\"\">\n\t\t\t\t\t\t\t\t<div class=\"info-box-content\">\n\t\t\t\t\t<div class=\"info-box-inner\">\n\t\t\t\t\t\t<\/p>\n<h2>Jako\u015b\u0107 Q6<\/h2>\n<p>Wykorzystuj\u0105c skiving mo\u017cemy frezowa\u0107 ko\u0142a w 6 klasie dok\u0142adno\u015bci<\/p>\n\t\t\t\t\t<\/div>\n\t\t\t\t<\/div>\n\t\t\t<\/div>\n\t\t[\/vc_column][vc_column width=&#8221;1\/3&#8243;]\t\t\t<div class=\" basel-info-box text-center icon-alignment-top box-style-base color-scheme-dark  with-animation \" onclick=\"\">\n\t\t\t\t\t\t\t\t<div class=\"info-box-content\">\n\t\t\t\t\t<div class=\"info-box-inner\">\n\t\t\t\t\t\t<\/p>\n<h2>Ka\u017cdy modu\u0142<\/h2>\n<p>od modu\u0142u 0.3 do 50<\/p>\n\t\t\t\t\t<\/div>\n\t\t\t\t<\/div>\n\t\t\t<\/div>\n\t\t[\/vc_column][\/vc_row][\/vc_section][vc_row full_width=&#8221;stretch_row_content_no_spaces&#8221; content_placement=&#8221;top&#8221; css=&#8221;.vc_custom_1542028241205{margin-top: 40px !important;margin-bottom: -40px !important;}&#8221;][vc_column width=&#8221;1\/2&#8243; offset=&#8221;vc_col-md-6&#8243;][vc_single_image image=&#8221;14863&#8243; img_size=&#8221;500x&#8221; alignment=&#8221;center&#8221;][\/vc_column][vc_column width=&#8221;1\/2&#8243; css=&#8221;.vc_custom_1485009354843{margin-top: 25px !important;margin-bottom: 40px !important;padding-right: 10% !important;padding-left: 10% !important;}&#8221; offset=&#8221;vc_col-md-6&#8243;][vc_column_text css=&#8221;.vc_custom_1694195889774{margin-bottom: 30px !important;}&#8221;]<\/p>\n<h1 class=\"font-title\" style=\"text-align: center; font-size: 42px; text-transform: capitalize;\"><span style=\"border-bottom: 1px solid #BDBDBD; padding-bottom: 4px;\">Frezowanie k\u00f3\u0142 z\u0119batych CNC<\/span><\/h1>\n<h3 class=\"LC20lb\" style=\"text-align: center;\">\u00d8 1000 mm x 800 mm | modu\u0142 12<\/h3>\n<p>[\/vc_column_text][vc_column_text css=&#8221;.vc_custom_1760608574368{padding-right: 30px !important;padding-left: 30px !important;}&#8221; basel_color_scheme=&#8221;dark&#8221;]<a href=\"http:\/\/www.emag.com\" target=\"_blank\" rel=\"noopener\">EMAG CNC<\/a> to profesjonalny producent maszyn do frezowania obwiedniowego k\u00f3\u0142 z\u0119batych. Frezarki obwiedniowe CNC wyposa\u017cone w automatyczny za\u0142adunek s\u0105 idealne do produkcji k\u00f3\u0142 z\u0119batych, \u0142a\u0144cuchowych i pasowych. Nasze frezarki posiadaj\u0105 nawet 9 kontrolowanych osi.<\/p>\n<table border=\"0\" width=\"572\" cellspacing=\"0\" cellpadding=\"0\">\n<colgroup>\n<col width=\"189\">\n<col width=\"113\">\n<col width=\"87\">\n<col width=\"96\">\n<col width=\"87\"><\/colgroup>\n<tbody>\n<tr>\n<td class=\"xl66\" width=\"189\" height=\"28\"><strong>Maszyna<\/strong><\/td>\n<td class=\"xl66\" width=\"113\"><strong>\u00d8 max [mm]<\/strong><\/td>\n<td class=\"xl66\" width=\"87\"><strong>Modu\u0142<\/strong><\/td>\n<td class=\"xl66\" width=\"96\"><strong>Za\u0142aduek<\/strong><\/td>\n<td class=\"xl66\" width=\"87\"><strong>Ilo\u015b\u0107<\/strong><\/td>\n<\/tr>\n<tr>\n<td class=\"xl65\" height=\"20\">EMAG Koepfer K160<\/td>\n<td align=\"right\">150<\/td>\n<td align=\"right\">3<\/td>\n<td>robot<\/td>\n<td align=\"right\">2<\/td>\n<\/tr>\n<tr>\n<td class=\"xl65\" height=\"20\">EMAG Koepfer K200<\/td>\n<td align=\"right\">200<\/td>\n<td align=\"right\">4<\/td>\n<td>robot<\/td>\n<td align=\"right\">3<\/td>\n<\/tr>\n<tr>\n<td class=\"xl65\" height=\"20\">EMAG Koepfer K300<\/td>\n<td align=\"right\">200<\/td>\n<td align=\"right\">6<\/td>\n<td>robot<\/td>\n<td align=\"right\">6<\/td>\n<\/tr>\n<tr>\n<td class=\"xl65\" height=\"20\">EMAG Koepfer K300<\/td>\n<td align=\"right\">200<\/td>\n<td align=\"right\">6<\/td>\n<td><\/td>\n<td align=\"right\">1<\/td>\n<\/tr>\n<tr>\n<td class=\"xl65\" height=\"20\">EMAG Richardon R200<\/td>\n<td align=\"right\">600<\/td>\n<td align=\"right\">10<\/td>\n<td><\/td>\n<td align=\"right\">1<\/td>\n<\/tr>\n<tr>\n<td class=\"xl65\" height=\"20\">EMAG Richardon R300<\/td>\n<td align=\"right\">800<\/td>\n<td align=\"right\">12<\/td>\n<td><\/td>\n<td align=\"right\">1<\/td>\n<\/tr>\n<tr>\n<td class=\"xl65\" height=\"20\">EMAG Richardon R500<\/td>\n<td align=\"right\">1000<\/td>\n<td align=\"right\">12<\/td>\n<td><\/td>\n<td align=\"right\">2<\/td>\n<\/tr>\n<\/tbody>\n<\/table>\n<p>[\/vc_column_text][\/vc_column][\/vc_row][vc_row full_width=&#8221;stretch_row_content_no_spaces&#8221; content_placement=&#8221;middle&#8221; css=&#8221;.vc_custom_1706594200932{margin-top: -40px !important;margin-bottom: 40px !important;background-color: #f9f9f9 !important;}&#8221;][vc_column width=&#8221;1\/2&#8243; css=&#8221;.vc_custom_1485009354843{margin-top: 25px !important;margin-bottom: 40px !important;padding-right: 10% !important;padding-left: 10% !important;}&#8221; offset=&#8221;vc_col-md-6&#8243;][vc_column_text css=&#8221;.vc_custom_1542047837349{margin-bottom: 30px !important;}&#8221;]<\/p>\n<h1 class=\"font-title\" style=\"text-align: center; font-size: 42px; text-transform: capitalize;\"><span style=\"border-bottom: 1px solid #BDBDBD; padding-bottom: 4px;\">Frezowanie obwiedniowe &#8211; Pionowe maszyny<\/span><\/h1>\n<h3 class=\"LC20lb\" style=\"text-align: center;\">\u00d8 3000 mm \u00a0| Modu\u0142 30<\/h3>\n<p>[\/vc_column_text][vc_column_text css=&#8221;.vc_custom_1760608588960{padding-right: 30px !important;padding-left: 30px !important;}&#8221; basel_color_scheme=&#8221;dark&#8221;]Nasz park maszynowy frezarek obwiedniowych pionowych do k\u00f3\u0142 z\u0119batych sk\u0142ada si\u0119 z nast\u0119pujacych maszyn:<\/p>\n<table border=\"0\" width=\"572\" cellspacing=\"0\" cellpadding=\"0\">\n<colgroup>\n<col width=\"189\">\n<col width=\"113\">\n<col width=\"87\">\n<col width=\"96\">\n<col width=\"87\"><\/colgroup>\n<tbody>\n<tr>\n<td class=\"xl66\" width=\"189\" height=\"28\"><strong>Maszyna<\/strong><\/td>\n<td class=\"xl66\" width=\"113\"><strong>\u00d8 max [mm]<\/strong><\/td>\n<td class=\"xl66\" width=\"87\"><strong>Modu\u0142<\/strong><\/td>\n<td class=\"xl66\" width=\"96\"><strong>Za\u0142adunek<\/strong><\/td>\n<td class=\"xl66\" width=\"87\"><strong>Ilo\u015b\u0107<\/strong><\/td>\n<\/tr>\n<tr>\n<td class=\"xl65\" height=\"20\">Module ZFWZ 250<\/td>\n<td align=\"right\">250<\/td>\n<td align=\"right\">8<\/td>\n<td><\/td>\n<td align=\"right\">1<\/td>\n<\/tr>\n<tr>\n<td class=\"xl65\" height=\"20\">Module ZFWZ 400<\/td>\n<td align=\"right\">400<\/td>\n<td align=\"right\">10<\/td>\n<td><\/td>\n<td align=\"right\">2<\/td>\n<\/tr>\n<tr>\n<td class=\"xl65\" height=\"20\">Module ZFWZ 800<\/td>\n<td align=\"right\">800<\/td>\n<td align=\"right\">16<\/td>\n<td><\/td>\n<td align=\"right\">1<\/td>\n<\/tr>\n<tr>\n<td class=\"xl67\" height=\"20\">Tos Fo16<\/td>\n<td align=\"right\">2000<\/td>\n<td align=\"right\">24<\/td>\n<td><\/td>\n<td align=\"right\">1<\/td>\n<\/tr>\n<tr>\n<td class=\"xl67\" height=\"20\">Tos Fo25<\/td>\n<td align=\"right\">3000<\/td>\n<td align=\"right\">30<\/td>\n<td><\/td>\n<td align=\"right\">1<\/td>\n<\/tr>\n<\/tbody>\n<\/table>\n<p>[\/vc_column_text][\/vc_column][vc_column width=&#8221;1\/2&#8243; offset=&#8221;vc_col-md-6&#8243;][vc_single_image image=&#8221;15595&#8243; img_size=&#8221;full&#8221; alignment=&#8221;center&#8221; css=&#8221;.vc_custom_1706595488865{margin-bottom: 0px !important;}&#8221;][\/vc_column][\/vc_row][vc_row full_width=&#8221;stretch_row&#8221;][vc_column width=&#8221;1\/6&#8243;][\/vc_column][vc_column width=&#8221;2\/3&#8243;][vc_column_text]<\/p>\n<h1 style=\"font-size: 42px; text-align: center;\"><span class=\"color-primary\">Ko\u0142a z\u0119bate &#8211; frezowanie obwiedniowe<\/span><\/h1>\n<p>[\/vc_column_text][vc_separator border_width=&#8221;2&#8243; css=&#8221;.vc_custom_1542025311822{margin-bottom: 20px !important;}&#8221;][\/vc_column][vc_column width=&#8221;1\/6&#8243;][\/vc_column][\/vc_row][vc_row full_width=&#8221;stretch_row&#8221;][vc_column][vc_column_text css=&#8221;&#8221; basel_color_scheme=&#8221;dark&#8221;]Precyzyjne i wydajne frezowanie obwiedniowe k\u00f3\u0142 z\u0119batych.<\/p>\n<p>Nasze maszyny do frezowania k\u00f3\u0142 z\u0119batych to idealne narz\u0119dzie dla wszystkich, kt\u00f3rzy poszukuj\u0105 wysokiej jako\u015bci i precyzji w procesie produkcji.<\/p>\n<p>Dzi\u0119ki naszej technologii frezowania k\u00f3\u0142 z\u0119batych mo\u017cemy zapewni\u0107 niezwyk\u0142\u0105 precyzj\u0119 i dok\u0142adno\u015b\u0107, co przek\u0142ada si\u0119 na doskona\u0142e dopasowanie z\u0119b\u00f3w, minimalizuj\u0105c tym samym zu\u017cycie i ha\u0142as. Nasza us\u0142uga jest nie tylko precyzyjna, ale tak\u017ce wydajna, umo\u017cliwiaj\u0105c skr\u00f3cenie czasu produkcji i zwi\u0119kszenie produktywno\u015bci.<\/p>\n<p>Nasza oferta obejmuje tak\u017ce kompleksow\u0105 obs\u0142ug\u0119, aby zapewni\u0107 Ci pe\u0142ne wsparcie i profesjonalne doradztwo na ka\u017cdym etapie. Nasi eksperci s\u0105 gotowi sprosta\u0107 Twoim indywidualnym potrzebom i zapewni\u0107 najwy\u017csz\u0105 jako\u015b\u0107 us\u0142ug.<\/p>\n<p>Nie tra\u0107 czasu na inne us\u0142ugi frezowania k\u00f3\u0142 z\u0119batych, kt\u00f3re nie zapewniaj\u0105 dok\u0142adno\u015bci, wydajno\u015bci i profesjonalizmu.[\/vc_column_text][\/vc_column][\/vc_row]<\/p>\n<\/div>","protected":false},"excerpt":{"rendered":"<p>[vc_section full_width=&#8221;stretch_row&#8221; css=&#8221;.vc_custom_1542025240624{background-color: #f9f9f9 !important;}&#8221;][vc_row css=&#8221;.vc_custom_1542025031874{background-color: #f9f9f9 !important;}&#8221;][vc_column width=&#8221;1\/6&#8243;][\/vc_column][vc_column width=&#8221;2\/3&#8243;][vc_column_text] Frezowanie obwiedniowe k\u00f3\u0142 z\u0119batych CNC &amp; manualne [\/vc_column_text][vc_separator border_width=&#8221;2&#8243; css=&#8221;.vc_custom_1542025311822{margin-bottom:<\/p>\n","protected":false},"author":3,"featured_media":0,"parent":0,"menu_order":0,"comment_status":"closed","ping_status":"closed","template":"","meta":{"footnotes":""},"class_list":["post-20097","page","type-page","status-publish","hentry"],"_links":{"self":[{"href":"https:\/\/nttgroup.com\/pl\/wp-json\/wp\/v2\/pages\/20097","targetHints":{"allow":["GET"]}}],"collection":[{"href":"https:\/\/nttgroup.com\/pl\/wp-json\/wp\/v2\/pages"}],"about":[{"href":"https:\/\/nttgroup.com\/pl\/wp-json\/wp\/v2\/types\/page"}],"author":[{"embeddable":true,"href":"https:\/\/nttgroup.com\/pl\/wp-json\/wp\/v2\/users\/3"}],"replies":[{"embeddable":true,"href":"https:\/\/nttgroup.com\/pl\/wp-json\/wp\/v2\/comments?post=20097"}],"version-history":[{"count":3,"href":"https:\/\/nttgroup.com\/pl\/wp-json\/wp\/v2\/pages\/20097\/revisions"}],"predecessor-version":[{"id":47286,"href":"https:\/\/nttgroup.com\/pl\/wp-json\/wp\/v2\/pages\/20097\/revisions\/47286"}],"wp:attachment":[{"href":"https:\/\/nttgroup.com\/pl\/wp-json\/wp\/v2\/media?parent=20097"}],"curies":[{"name":"wp","href":"https:\/\/api.w.org\/{rel}","templated":true}]}}